{"id":1510,"date":"2026-02-24T07:22:35","date_gmt":"2026-02-24T07:22:35","guid":{"rendered":"https:\/\/shatranj.art\/?page_id=1510"},"modified":"2026-02-24T07:36:00","modified_gmt":"2026-02-24T07:36:00","slug":"cartaz-39","status":"publish","type":"page","link":"https:\/\/shatranj.art\/gl\/exhibit\/cartaz-39\/","title":{"rendered":"cartel-39"},"content":{"rendered":"<div data-elementor-type=\"wp-page\" data-elementor-id=\"1510\" class=\"elementor elementor-1510\" data-elementor-post-type=\"page\">\n\t\t\t\t<div class=\"elementor-element elementor-element-1426eb0 e-flex e-con-boxed e-con e-parent\" data-id=\"1426eb0\" data-element_type=\"container\" data-e-type=\"container\" data-settings=\"{&quot;background_background&quot;:&quot;classic&quot;}\">\n\t\t\t\t\t<div class=\"e-con-inner\">\n\t\t<div class=\"elementor-element elementor-element-d76d2b5 e-con-full e-flex e-con e-child\" data-id=\"d76d2b5\" data-element_type=\"container\" data-e-type=\"container\">\n\t\t\t\t<div class=\"elementor-element elementor-element-e675f73 elementor-widget elementor-widget-image\" data-id=\"e675f73\" data-element_type=\"widget\" data-e-type=\"widget\" data-widget_type=\"image.default\">\n\t\t\t\t<div class=\"elementor-widget-container\">\n\t\t\t\t\t\t\t\t\t\t\t\t\t\t\t<img fetchpriority=\"high\" decoding=\"async\" width=\"1200\" height=\"942\" src=\"https:\/\/shatranj.art\/wp-content\/uploads\/2026\/02\/Ben-Franklin-Chess-scaled-1200x942-1.jpeg\" class=\"attachment-full size-full wp-image-1513\" alt=\"\" srcset=\"https:\/\/shatranj.art\/wp-content\/uploads\/2026\/02\/Ben-Franklin-Chess-scaled-1200x942-1.jpeg 1200w, https:\/\/shatranj.art\/wp-content\/uploads\/2026\/02\/Ben-Franklin-Chess-scaled-1200x942-1-300x236.jpeg 300w, https:\/\/shatranj.art\/wp-content\/uploads\/2026\/02\/Ben-Franklin-Chess-scaled-1200x942-1-1024x804.jpeg 1024w, https:\/\/shatranj.art\/wp-content\/uploads\/2026\/02\/Ben-Franklin-Chess-scaled-1200x942-1-768x603.jpeg 768w, https:\/\/shatranj.art\/wp-content\/uploads\/2026\/02\/Ben-Franklin-Chess-scaled-1200x942-1-15x12.jpeg 15w\" sizes=\"(max-width: 1200px) 100vw, 1200px\" \/>\t\t\t\t\t\t\t\t\t\t\t\t\t\t\t<\/div>\n\t\t\t\t<\/div>\n\t\t\t\t<div class=\"elementor-element elementor-element-225c171 elementor-widget elementor-widget-text-editor\" data-id=\"225c171\" data-element_type=\"widget\" data-e-type=\"widget\" data-widget_type=\"text-editor.default\">\n\t\t\t\t<div class=\"elementor-widget-container\">\n\t\t\t\t\t\t\t\t\t<h3 data-path-to-node=\"0\"><span class=\"citation-214 citation-end-214\">\u201cAs Morales do Xadrez\u201d de Benjamin Franklin<\/span><\/h3><p data-path-to-node=\"0\"><span class=\"citation-214 citation-end-214\"><br \/><br \/>O ensaio de 1786 de Benjamin Franklin, \u201cAs Morales do Xadrez\u201d, redefin\u00edu o xogo como unha ferramenta vital para o desenvolvemento persoal e a virtude intelectual.<\/span> <span class=\"citation-213 citation-end-213\">Franklin cr\u00eda que os xogos de xadrez eran m\u00e1is que un pasatempo; eran un exercicio de previsi\u00f3n, circunspecci\u00f3n e cautela\u2014cualidades que consideraba esenciais para o \u00e9xito tanto na vida privada como na diplomacia p\u00fablica.<\/span> <span class=\"citation-212 citation-end-212\">Durante a Idade da Ilustraci\u00f3n, Franklin frecuentou celebrados caf\u00e9s de xadrez como o Caf\u00e9 de la R\u00e9gence en Par\u00eds.<\/span> Estes espazos serviron como as redes sociais orixinais da \u00e9poca, onde o xogo facilitaba debates rigorosos e o intercambio de ideas revolucionarias, ponteando os mundos da ciencia, da pol\u00edtica e da filosof\u00eda.<\/p><p data-path-to-node=\"0\">\u00a0<\/p><p data-path-to-node=\"0\">A fascinaci\u00f3n de Franklin polos l\u00edmites intelectuais do xogo levouno a un encontro hist\u00f3rico co Turco Mec\u00e1nico, o aut\u00f3mata xogador de xadrez m\u00e1is famoso do mundo. Durante unha partida en Par\u00eds en 1783, Franklin puxo \u00e1 proba as s\u00faas habilidades fronte \u00e1 m\u00e1quina, que exemplificaba a obsesi\u00f3n da Ilustraci\u00f3n coa raz\u00f3n mec\u00e1nica. O Turco viaxou finalmente aos Estados Unidos e atopou o seu fogar definitivo no Museo Peale (e m\u00e1is tarde no Museo Chin\u00e9s) en Filadelfia. Permaneceu como un elemento central da cultura cient\u00edfica de Pensilvania durante d\u00e9cadas antes de perderse nun incendio en 1854. Este legado de inxenio humano e intelixencia mec\u00e1nica segue a ser unha historia fundamental para as exposici\u00f3ns que exploran a intersecci\u00f3n da historia, dos xogos e da evoluci\u00f3n da intelixencia.<br \/><br \/><br \/><\/p><p data-path-to-node=\"0\">A foto representa a Benjamin Franklin xogando ao xadrez. Obra de Edward Harrison May, 1867.<\/p>\t\t\t\t\t\t\t\t<\/div>\n\t\t\t\t<\/div>\n\t\t\t\t<\/div>\n\t\t\t\t\t<\/div>\n\t\t\t\t<\/div>\n\t\t\t\t<\/div>","protected":false},"excerpt":{"rendered":"<p>&#8220;The Morals of Chess&#8221; by Benjamin Franklin Benjamin Franklin\u2019s 1786 essay, &#8220;The Morals of Chess,&#8221; redefined the game as a vital tool for personal development and intellectual virtue. Franklin believed that chess was more than a pastime; it was an exercise in foresight, circumspection, and caution\u2014qualities he deemed essential for success in both private life [&hellip;]<\/p>\n","protected":false},"author":1,"featured_media":0,"parent":743,"menu_order":0,"comment_status":"closed","ping_status":"closed","template":"","meta":{"footnotes":""},"class_list":["post-1510","page","type-page","status-publish","hentry"],"_links":{"self":[{"href":"https:\/\/shatranj.art\/gl\/wp-json\/wp\/v2\/pages\/1510","targetHints":{"allow":["GET"]}}],"collection":[{"href":"https:\/\/shatranj.art\/gl\/wp-json\/wp\/v2\/pages"}],"about":[{"href":"https:\/\/shatranj.art\/gl\/wp-json\/wp\/v2\/types\/page"}],"author":[{"embeddable":true,"href":"https:\/\/shatranj.art\/gl\/wp-json\/wp\/v2\/users\/1"}],"replies":[{"embeddable":true,"href":"https:\/\/shatranj.art\/gl\/wp-json\/wp\/v2\/comments?post=1510"}],"version-history":[{"count":4,"href":"https:\/\/shatranj.art\/gl\/wp-json\/wp\/v2\/pages\/1510\/revisions"}],"predecessor-version":[{"id":1516,"href":"https:\/\/shatranj.art\/gl\/wp-json\/wp\/v2\/pages\/1510\/revisions\/1516"}],"up":[{"embeddable":true,"href":"https:\/\/shatranj.art\/gl\/wp-json\/wp\/v2\/pages\/743"}],"wp:attachment":[{"href":"https:\/\/shatranj.art\/gl\/wp-json\/wp\/v2\/media?parent=1510"}],"curies":[{"name":"wp","href":"https:\/\/api.w.org\/{rel}","templated":true}]}}