{"id":1543,"date":"2026-02-24T08:36:27","date_gmt":"2026-02-24T08:36:27","guid":{"rendered":"https:\/\/shatranj.art\/?page_id=1543"},"modified":"2026-02-24T08:53:53","modified_gmt":"2026-02-24T08:53:53","slug":"cartaz-41","status":"publish","type":"page","link":"https:\/\/shatranj.art\/gl\/exhibit\/cartaz-41\/","title":{"rendered":"cartaz-41"},"content":{"rendered":"<div data-elementor-type=\"wp-page\" data-elementor-id=\"1543\" class=\"elementor elementor-1543\" data-elementor-post-type=\"page\">\n\t\t\t\t<div class=\"elementor-element elementor-element-7a8daa7 e-flex e-con-boxed e-con e-parent\" data-id=\"7a8daa7\" data-element_type=\"container\" data-e-type=\"container\" data-settings=\"{&quot;background_background&quot;:&quot;classic&quot;}\">\n\t\t\t\t\t<div class=\"e-con-inner\">\n\t\t<div class=\"elementor-element elementor-element-26be55b e-con-full e-flex e-con e-child\" data-id=\"26be55b\" data-element_type=\"container\" data-e-type=\"container\">\n\t\t\t\t<div class=\"elementor-element elementor-element-3278af1 elementor-widget elementor-widget-image\" data-id=\"3278af1\" data-element_type=\"widget\" data-e-type=\"widget\" data-widget_type=\"image.default\">\n\t\t\t\t<div class=\"elementor-widget-container\">\n\t\t\t\t\t\t\t\t\t\t\t\t\t\t\t<img fetchpriority=\"high\" decoding=\"async\" width=\"1280\" height=\"960\" src=\"https:\/\/shatranj.art\/wp-content\/uploads\/2026\/02\/Sahi_Cannon_at_Fort_Nelson_UK.jpg\" class=\"attachment-full size-full wp-image-1545\" alt=\"\" srcset=\"https:\/\/shatranj.art\/wp-content\/uploads\/2026\/02\/Sahi_Cannon_at_Fort_Nelson_UK.jpg 1280w, https:\/\/shatranj.art\/wp-content\/uploads\/2026\/02\/Sahi_Cannon_at_Fort_Nelson_UK-300x225.jpg 300w, https:\/\/shatranj.art\/wp-content\/uploads\/2026\/02\/Sahi_Cannon_at_Fort_Nelson_UK-1024x768.jpg 1024w, https:\/\/shatranj.art\/wp-content\/uploads\/2026\/02\/Sahi_Cannon_at_Fort_Nelson_UK-768x576.jpg 768w, https:\/\/shatranj.art\/wp-content\/uploads\/2026\/02\/Sahi_Cannon_at_Fort_Nelson_UK-16x12.jpg 16w\" sizes=\"(max-width: 1280px) 100vw, 1280px\" \/>\t\t\t\t\t\t\t\t\t\t\t\t\t\t\t<\/div>\n\t\t\t\t<\/div>\n\t\t\t\t<div class=\"elementor-element elementor-element-6723efb elementor-widget elementor-widget-text-editor\" data-id=\"6723efb\" data-element_type=\"widget\" data-e-type=\"widget\" data-widget_type=\"text-editor.default\">\n\t\t\t\t<div class=\"elementor-widget-container\">\n\t\t\t\t\t\t\t\t\t<h3><b>As orixes da palabra \u015eAH\u00ce e a s\u00faa conexi\u00f3n coa evoluci\u00f3n dos xadrez\u00a0<\/b><\/h3><p>SHAH (\u015eAH) \u00e9 un termo empregado en moitas linguas eslavas para o xadrez. As palabras alem\u00e1 \u201cschach\u201d, francesa \u201c\u00e9checs\u201d e inglesa \u201cchess\u201d derivan foneticamente da palabra \u201cshah\u201d. O termo \u201c\u015eAH\u00ce\u201d, como adxectivo, significa real ou espec\u00edfico do shah. Tam\u00e9n se emprega en textos literarios para significar forte e magn\u00edfico.<\/p><p>\u00a0<\/p><p>O can\u00f3n \u015eAH\u00ce, dese\u00f1ado polo enxe\u00f1eiro h\u00fangaro Orban, xogou un papel fundamental na breca das enormes murallas e torres de Constantinopla durante o cerco de 1453 liderado por Fatih Sultan Mehmed, simbolizando un cambio revolucionario na guerra de cerco.<\/p><p>\u00a0<\/p><p>Tres s\u00e9culos despois da conquista de Estambul, durante a operaci\u00f3n dos Dardanelos en 1807, disparouse outro can\u00f3n \u015eAH\u00ce de s\u00e9culos de antig\u00fcidade contra buques brit\u00e1nicos, provocando baixas significativas. O sult\u00e1n otom\u00e1n Abd\u00fclaziz regalou este can\u00f3n \u00e1 ra\u00ed\u00f1a Victoria en 1866. A foto do can\u00f3n \u015eAH\u00ce anterior \u00e9 do Forte de Nelson no Reino Unido.<\/p><p>\u00a0<\/p><p>O nome \u015eAH\u00ce simboliza a evoluci\u00f3n da peza de torre en diferentes linguas, do carro de guerra \u00e1 torre, do can\u00f3n ao barco, reflectindo a evoluci\u00f3n dos xadrez.<\/p><p>\u00a0<\/p><p>O xogo de ajedrez \u015eAH\u00ce foi dese\u00f1ado por Tamer Karatekin, antigo xogador da primeira mesa do equipo de ajedrez do Massachusetts Institute of Technology e educador de ajedrez con experiencia. Representa con elegancia a historia e a evoluci\u00f3n do ajedrez e est\u00e1 fabricado tanto para uso educativo como para torneos. Est\u00e1 dese\u00f1ado para ser cultural e espiritualmente inclusivo. A produci\u00f3n foi apoiada por subvenci\u00f3ns do Massachusetts Cultural Council e do programa Erasmus+ Youth da Uni\u00f3n Europea.<\/p><p>\u00a0<\/p><p>Descubra m\u00e1is sobre a historia do dese\u00f1o de \u015eAH\u00ce en:\u00a0 \u00a0<a href=\"http:\/\/www.shahimasterset.com\/\">www.shahimasterset.com<\/a><\/p><p>Tam\u00e9n, bota unha ollada aos nosos proxectos relacionados:<br \/>Curr\u00edculo de IA baseado no xadrez: <a href=\"http:\/\/www.shatranj.ai\/\">shatranj.ai<\/a><\/p><p>Exposici\u00f3n de xogos mentais hist\u00f3ricos: <a href=\"https:\/\/shatranj.art\/gl\/\">shatranj.art<\/a><\/p>\t\t\t\t\t\t\t\t<\/div>\n\t\t\t\t<\/div>\n\t\t\t\t<div class=\"elementor-element elementor-element-7946825 elementor-widget elementor-widget-image\" data-id=\"7946825\" data-element_type=\"widget\" data-e-type=\"widget\" data-widget_type=\"image.default\">\n\t\t\t\t<div class=\"elementor-widget-container\">\n\t\t\t\t\t\t\t\t\t\t\t\t\t\t\t<img decoding=\"async\" width=\"559\" height=\"397\" src=\"https:\/\/shatranj.art\/wp-content\/uploads\/2026\/02\/shahi-engish-brochure-A6-page1.png\" class=\"attachment-full size-full wp-image-1548\" alt=\"\" srcset=\"https:\/\/shatranj.art\/wp-content\/uploads\/2026\/02\/shahi-engish-brochure-A6-page1.png 559w, https:\/\/shatranj.art\/wp-content\/uploads\/2026\/02\/shahi-engish-brochure-A6-page1-300x213.png 300w, https:\/\/shatranj.art\/wp-content\/uploads\/2026\/02\/shahi-engish-brochure-A6-page1-18x12.png 18w\" sizes=\"(max-width: 559px) 100vw, 559px\" \/>\t\t\t\t\t\t\t\t\t\t\t\t\t\t\t<\/div>\n\t\t\t\t<\/div>\n\t\t\t\t<\/div>\n\t\t\t\t\t<\/div>\n\t\t\t\t<\/div>\n\t\t\t\t<\/div>","protected":false},"excerpt":{"rendered":"<p>The origins of the \u015eAH\u00ce\u00a0 word and its connection to the evolution of chess\u00a0 SHAH (\u015eAH) is a term used in many Slavic languages for chess. The German word &#8220;schach,&#8221; French &#8220;\u00e9checs,&#8221; and English &#8220;chess&#8221; are all phonetically derived from the word &#8220;shah.&#8221; The term &#8220;\u015eAH\u00ce&#8221; as an adjective means royal or specific to the [&hellip;]<\/p>\n","protected":false},"author":1,"featured_media":0,"parent":743,"menu_order":0,"comment_status":"closed","ping_status":"closed","template":"","meta":{"footnotes":""},"class_list":["post-1543","page","type-page","status-publish","hentry"],"_links":{"self":[{"href":"https:\/\/shatranj.art\/gl\/wp-json\/wp\/v2\/pages\/1543","targetHints":{"allow":["GET"]}}],"collection":[{"href":"https:\/\/shatranj.art\/gl\/wp-json\/wp\/v2\/pages"}],"about":[{"href":"https:\/\/shatranj.art\/gl\/wp-json\/wp\/v2\/types\/page"}],"author":[{"embeddable":true,"href":"https:\/\/shatranj.art\/gl\/wp-json\/wp\/v2\/users\/1"}],"replies":[{"embeddable":true,"href":"https:\/\/shatranj.art\/gl\/wp-json\/wp\/v2\/comments?post=1543"}],"version-history":[{"count":10,"href":"https:\/\/shatranj.art\/gl\/wp-json\/wp\/v2\/pages\/1543\/revisions"}],"predecessor-version":[{"id":1557,"href":"https:\/\/shatranj.art\/gl\/wp-json\/wp\/v2\/pages\/1543\/revisions\/1557"}],"up":[{"embeddable":true,"href":"https:\/\/shatranj.art\/gl\/wp-json\/wp\/v2\/pages\/743"}],"wp:attachment":[{"href":"https:\/\/shatranj.art\/gl\/wp-json\/wp\/v2\/media?parent=1543"}],"curies":[{"name":"wp","href":"https:\/\/api.w.org\/{rel}","templated":true}]}}