{"id":746,"date":"2026-02-21T08:56:19","date_gmt":"2026-02-21T08:56:19","guid":{"rendered":"https:\/\/shatranj.art\/?page_id=746"},"modified":"2026-02-24T09:40:48","modified_gmt":"2026-02-24T09:40:48","slug":"poster-2","status":"publish","type":"page","link":"https:\/\/shatranj.art\/gl\/exhibit\/poster-2\/","title":{"rendered":"cartaz 2"},"content":{"rendered":"<div data-elementor-type=\"wp-page\" data-elementor-id=\"746\" class=\"elementor elementor-746\" data-elementor-post-type=\"page\">\n\t\t\t\t<div class=\"elementor-element elementor-element-ce34391 e-flex e-con-boxed e-con e-parent\" data-id=\"ce34391\" data-element_type=\"container\" data-e-type=\"container\" data-settings=\"{&quot;background_background&quot;:&quot;classic&quot;}\">\n\t\t\t\t\t<div class=\"e-con-inner\">\n\t\t<div class=\"elementor-element elementor-element-0ae7be7 e-grid e-con-full e-con e-child\" data-id=\"0ae7be7\" data-element_type=\"container\" data-e-type=\"container\">\n\t\t<div class=\"elementor-element elementor-element-1ce30ac e-con-full e-flex e-con e-child\" data-id=\"1ce30ac\" data-element_type=\"container\" data-e-type=\"container\">\n\t\t\t\t<div class=\"elementor-element elementor-element-19e97fe elementor-widget elementor-widget-image\" data-id=\"19e97fe\" data-element_type=\"widget\" data-e-type=\"widget\" data-widget_type=\"image.default\">\n\t\t\t\t<div class=\"elementor-widget-container\">\n\t\t\t\t\t\t\t\t\t\t\t\t\t\t\t<img fetchpriority=\"high\" decoding=\"async\" width=\"1635\" height=\"2180\" src=\"https:\/\/shatranj.art\/wp-content\/uploads\/2026\/02\/3.jpg\" class=\"attachment-full size-full wp-image-765\" alt=\"\" srcset=\"https:\/\/shatranj.art\/wp-content\/uploads\/2026\/02\/3.jpg 1635w, https:\/\/shatranj.art\/wp-content\/uploads\/2026\/02\/3-225x300.jpg 225w, https:\/\/shatranj.art\/wp-content\/uploads\/2026\/02\/3-768x1024.jpg 768w, https:\/\/shatranj.art\/wp-content\/uploads\/2026\/02\/3-1152x1536.jpg 1152w, https:\/\/shatranj.art\/wp-content\/uploads\/2026\/02\/3-1536x2048.jpg 1536w\" sizes=\"(max-width: 1635px) 100vw, 1635px\" \/>\t\t\t\t\t\t\t\t\t\t\t\t\t\t\t<\/div>\n\t\t\t\t<\/div>\n\t\t\t\t<div class=\"elementor-element elementor-element-d10d922 elementor-widget elementor-widget-text-editor\" data-id=\"d10d922\" data-element_type=\"widget\" data-e-type=\"widget\" data-widget_type=\"text-editor.default\">\n\t\t\t\t<div class=\"elementor-widget-container\">\n\t\t\t\t\t\t\t\t\t<p><strong>O ritmo da colleita: Mancala e sabedor\u00eda colectiva<\/strong><span style=\"font-weight: 400;\"> <br \/>Estend\u00e9ndose desde o coraz\u00f3n de \u00c1frica ata Asia e o Oriente Medio, Mancala \u00e9 o xogo de \u201ccontar e capturar\u201d m\u00e1is antigo da humanidade. At\u00f3pase en formas que van desde buratos escavados na terra ata magn\u00edficos taboleiros de madeira tallados para a realeza, e simboliza non s\u00f3 a habilidade matem\u00e1tica, sen\u00f3n tam\u00e9n os ciclos de abundancia e compartici\u00f3n. A\u00ednda que ao longo dos milenios se co\u00f1ecera por moitos nomes, a s\u00faa l\u00f3xica constante e profunda serve como testemu\u00f1o de como a intelixencia humana se encontra nun terreo universal, independentemente da xeograf\u00eda.<br \/><\/span><\/p>\t\t\t\t\t\t\t\t<\/div>\n\t\t\t\t<\/div>\n\t\t\t\t<\/div>\n\t\t<div class=\"elementor-element elementor-element-729250c e-con-full e-flex e-con e-child\" data-id=\"729250c\" data-element_type=\"container\" data-e-type=\"container\">\n\t\t\t\t<div class=\"elementor-element elementor-element-acf6f3e elementor-widget elementor-widget-image\" data-id=\"acf6f3e\" data-element_type=\"widget\" data-e-type=\"widget\" data-widget_type=\"image.default\">\n\t\t\t\t<div class=\"elementor-widget-container\">\n\t\t\t\t\t\t\t\t\t\t\t\t\t\t\t<img decoding=\"async\" width=\"2433\" height=\"1622\" src=\"https:\/\/shatranj.art\/wp-content\/uploads\/2026\/02\/3-2.jpg\" class=\"attachment-full size-full wp-image-766\" alt=\"\" srcset=\"https:\/\/shatranj.art\/wp-content\/uploads\/2026\/02\/3-2.jpg 2433w, https:\/\/shatranj.art\/wp-content\/uploads\/2026\/02\/3-2-300x200.jpg 300w, https:\/\/shatranj.art\/wp-content\/uploads\/2026\/02\/3-2-1024x683.jpg 1024w, https:\/\/shatranj.art\/wp-content\/uploads\/2026\/02\/3-2-768x512.jpg 768w, https:\/\/shatranj.art\/wp-content\/uploads\/2026\/02\/3-2-1536x1024.jpg 1536w, https:\/\/shatranj.art\/wp-content\/uploads\/2026\/02\/3-2-2048x1365.jpg 2048w\" sizes=\"(max-width: 2433px) 100vw, 2433px\" \/>\t\t\t\t\t\t\t\t\t\t\t\t\t\t\t<\/div>\n\t\t\t\t<\/div>\n\t\t\t\t<div class=\"elementor-element elementor-element-d9c2fd4 elementor-widget elementor-widget-text-editor\" data-id=\"d9c2fd4\" data-element_type=\"widget\" data-e-type=\"widget\" data-widget_type=\"text-editor.default\">\n\t\t\t\t<div class=\"elementor-widget-container\">\n\t\t\t\t\t\t\t\t\t<p><b>Vida gravada no m\u00e1rmore: de Afrodisias ao backgammon<br \/><\/b>Frequentemente atopados nas escaleiras do estadio e nos espazos p\u00fablicos de Afrodisias, estes taboleiros de xogo de m\u00e1rmore son vestixios v\u00edvidos da vida social coti\u00e1 de Roma. O Ludus Duodecim Scriptorum \u00e9 un legado que evolucionou desde a cultura de r\u00faa romana ata os marcos estrat\u00e9xicos do mundo bizantino e isl\u00e1mico, transform\u00e1ndose finalmente no backgammon moderno (Tabula). Estas li\u00f1as sussurran que no mundo antigo a xente non s\u00f3 xogaba; estaban a constru\u00edr pontes culturais.<\/p>\t\t\t\t\t\t\t\t<\/div>\n\t\t\t\t<\/div>\n\t\t\t\t<\/div>\n\t\t\t\t<\/div>\n\t\t<div class=\"elementor-element elementor-element-236ef5e e-grid e-con-full e-con e-child\" data-id=\"236ef5e\" data-element_type=\"container\" data-e-type=\"container\">\n\t\t<div class=\"elementor-element elementor-element-02db768 e-con-full e-flex e-con e-child\" data-id=\"02db768\" data-element_type=\"container\" data-e-type=\"container\">\n\t\t\t\t<div class=\"elementor-element elementor-element-51f7531 elementor-widget elementor-widget-image\" data-id=\"51f7531\" data-element_type=\"widget\" data-e-type=\"widget\" data-widget_type=\"image.default\">\n\t\t\t\t<div class=\"elementor-widget-container\">\n\t\t\t\t\t\t\t\t\t\t\t\t\t\t\t<img decoding=\"async\" width=\"2129\" height=\"1875\" src=\"https:\/\/shatranj.art\/wp-content\/uploads\/2026\/02\/3-3.jpg\" class=\"attachment-full size-full wp-image-767\" alt=\"\" srcset=\"https:\/\/shatranj.art\/wp-content\/uploads\/2026\/02\/3-3.jpg 2129w, https:\/\/shatranj.art\/wp-content\/uploads\/2026\/02\/3-3-300x264.jpg 300w, https:\/\/shatranj.art\/wp-content\/uploads\/2026\/02\/3-3-1024x902.jpg 1024w, https:\/\/shatranj.art\/wp-content\/uploads\/2026\/02\/3-3-768x676.jpg 768w, https:\/\/shatranj.art\/wp-content\/uploads\/2026\/02\/3-3-1536x1353.jpg 1536w, https:\/\/shatranj.art\/wp-content\/uploads\/2026\/02\/3-3-2048x1804.jpg 2048w\" sizes=\"(max-width: 2129px) 100vw, 2129px\" \/>\t\t\t\t\t\t\t\t\t\t\t\t\t\t\t<\/div>\n\t\t\t\t<\/div>\n\t\t\t\t<div class=\"elementor-element elementor-element-4ca9fa0 elementor-widget elementor-widget-text-editor\" data-id=\"4ca9fa0\" data-element_type=\"widget\" data-e-type=\"widget\" data-widget_type=\"text-editor.default\">\n\t\t\t\t<div class=\"elementor-widget-container\">\n\t\t\t\t\t\t\t\t\t<p><b>Primeiros movementos do tempo: O Xogo Real de Ur<\/b><span style=\"font-weight: 400;\"> <br \/>Surgindo do coraz\u00f3n da Mesopotamia arredor do 2600 a.C., este xogo \u00e9 unha das paix\u00f3ns estrat\u00e9xicas m\u00e1is antigas documentadas da humanidade. O seu taboleiro, intrincadamente incrustado con lapis lazuli e conchas, amosa a sofisticada arte e a mestr\u00eda artesanal da \u00e9poca. A redescubrimento das s\u00faas regras nunha tableta de arxila milenios despois permite que este antigo legado intelectual se reconecte co mundo moderno.<br \/><\/span><\/p>\t\t\t\t\t\t\t\t<\/div>\n\t\t\t\t<\/div>\n\t\t\t\t<\/div>\n\t\t<div class=\"elementor-element elementor-element-0a06631 e-con-full e-flex e-con e-child\" data-id=\"0a06631\" data-element_type=\"container\" data-e-type=\"container\">\n\t\t\t\t<div class=\"elementor-element elementor-element-361ce2f elementor-widget elementor-widget-image\" data-id=\"361ce2f\" data-element_type=\"widget\" data-e-type=\"widget\" data-widget_type=\"image.default\">\n\t\t\t\t<div class=\"elementor-widget-container\">\n\t\t\t\t\t\t\t\t\t\t\t\t\t\t\t<img loading=\"lazy\" decoding=\"async\" width=\"2353\" height=\"1875\" src=\"https:\/\/shatranj.art\/wp-content\/uploads\/2026\/02\/3-4.jpg\" class=\"attachment-full size-full wp-image-768\" alt=\"\" srcset=\"https:\/\/shatranj.art\/wp-content\/uploads\/2026\/02\/3-4.jpg 2353w, https:\/\/shatranj.art\/wp-content\/uploads\/2026\/02\/3-4-300x239.jpg 300w, https:\/\/shatranj.art\/wp-content\/uploads\/2026\/02\/3-4-1024x816.jpg 1024w, https:\/\/shatranj.art\/wp-content\/uploads\/2026\/02\/3-4-768x612.jpg 768w, https:\/\/shatranj.art\/wp-content\/uploads\/2026\/02\/3-4-1536x1224.jpg 1536w, https:\/\/shatranj.art\/wp-content\/uploads\/2026\/02\/3-4-2048x1632.jpg 2048w\" sizes=\"(max-width: 2353px) 100vw, 2353px\" \/>\t\t\t\t\t\t\t\t\t\t\t\t\t\t\t<\/div>\n\t\t\t\t<\/div>\n\t\t\t\t<div class=\"elementor-element elementor-element-c5f325b elementor-widget elementor-widget-text-editor\" data-id=\"c5f325b\" data-element_type=\"widget\" data-e-type=\"widget\" data-widget_type=\"text-editor.default\">\n\t\t\t\t<div class=\"elementor-widget-container\">\n\t\t\t\t\t\t\t\t\t<p><b>Xeometr\u00eda Universal: O Morris dos Tres Homes Sen Fins<\/b><span style=\"font-weight: 400;\"> <br \/>Traxendo as s\u00faas ra\u00edces desde os templos do Antigo Exipto ata os foros romanos, o Morris de Tres Homes \u00e9 un s\u00edmbolo de profunda estratexia na sinxeleza. Polo menos tan antigo como o xadrez, \u00e9 o xogo mental \u201cm\u00e1is democr\u00e1tico\u201d, mantido vivo por cada civilizaci\u00f3n empregando materiais e tallas locais. A s\u00faa supervivencia durante miles de anos sen necesidade de regras complexas demostra o seu lugar inmutable na psique humana.<br \/><\/span><\/p>\t\t\t\t\t\t\t\t<\/div>\n\t\t\t\t<\/div>\n\t\t\t\t<\/div>\n\t\t\t\t<\/div>\n\t\t\t\t\t<\/div>\n\t\t\t\t<\/div>\n\t\t\t\t<\/div>","protected":false},"excerpt":{"rendered":"<p>The Rhythm of Harvest: Mancala and Collective Wisdom Spanning from the heart of Africa to Asia and the Middle East, Mancala is humanity\u2019s oldest &#8220;count-and-capture&#8221; game. Found in forms ranging from holes dug into the earth to magnificent wooden boards carved for royalty, it symbolizes not just mathematical skill, but the cycles of abundance and [&hellip;]<\/p>\n","protected":false},"author":1,"featured_media":0,"parent":743,"menu_order":0,"comment_status":"closed","ping_status":"closed","template":"elementor_header_footer","meta":{"footnotes":""},"class_list":["post-746","page","type-page","status-publish","hentry"],"_links":{"self":[{"href":"https:\/\/shatranj.art\/gl\/wp-json\/wp\/v2\/pages\/746","targetHints":{"allow":["GET"]}}],"collection":[{"href":"https:\/\/shatranj.art\/gl\/wp-json\/wp\/v2\/pages"}],"about":[{"href":"https:\/\/shatranj.art\/gl\/wp-json\/wp\/v2\/types\/page"}],"author":[{"embeddable":true,"href":"https:\/\/shatranj.art\/gl\/wp-json\/wp\/v2\/users\/1"}],"replies":[{"embeddable":true,"href":"https:\/\/shatranj.art\/gl\/wp-json\/wp\/v2\/comments?post=746"}],"version-history":[{"count":11,"href":"https:\/\/shatranj.art\/gl\/wp-json\/wp\/v2\/pages\/746\/revisions"}],"predecessor-version":[{"id":1595,"href":"https:\/\/shatranj.art\/gl\/wp-json\/wp\/v2\/pages\/746\/revisions\/1595"}],"up":[{"embeddable":true,"href":"https:\/\/shatranj.art\/gl\/wp-json\/wp\/v2\/pages\/743"}],"wp:attachment":[{"href":"https:\/\/shatranj.art\/gl\/wp-json\/wp\/v2\/media?parent=746"}],"curies":[{"name":"wp","href":"https:\/\/api.w.org\/{rel}","templated":true}]}}