{"id":799,"date":"2026-02-21T19:35:38","date_gmt":"2026-02-21T19:35:38","guid":{"rendered":"https:\/\/shatranj.art\/?page_id=799"},"modified":"2026-02-23T04:34:49","modified_gmt":"2026-02-23T04:34:49","slug":"poster-6","status":"publish","type":"page","link":"https:\/\/shatranj.art\/gl\/exhibit\/poster-6\/","title":{"rendered":"cartaz 6"},"content":{"rendered":"<div data-elementor-type=\"wp-page\" data-elementor-id=\"799\" class=\"elementor elementor-799\" data-elementor-post-type=\"page\">\n\t\t\t\t<div class=\"elementor-element elementor-element-4cae77b e-flex e-con-boxed e-con e-parent\" data-id=\"4cae77b\" data-element_type=\"container\" data-e-type=\"container\" data-settings=\"{&quot;background_background&quot;:&quot;classic&quot;}\">\n\t\t\t\t\t<div class=\"e-con-inner\">\n\t\t\t\t<div class=\"elementor-element elementor-element-4273e1e elementor-widget elementor-widget-image\" data-id=\"4273e1e\" data-element_type=\"widget\" data-e-type=\"widget\" data-widget_type=\"image.default\">\n\t\t\t\t<div class=\"elementor-widget-container\">\n\t\t\t\t\t\t\t\t\t\t\t\t\t\t\t<img fetchpriority=\"high\" decoding=\"async\" width=\"1826\" height=\"1162\" src=\"https:\/\/shatranj.art\/wp-content\/uploads\/2026\/02\/6.jpg\" class=\"attachment-full size-full wp-image-801\" alt=\"\" srcset=\"https:\/\/shatranj.art\/wp-content\/uploads\/2026\/02\/6.jpg 1826w, https:\/\/shatranj.art\/wp-content\/uploads\/2026\/02\/6-300x191.jpg 300w, https:\/\/shatranj.art\/wp-content\/uploads\/2026\/02\/6-1024x652.jpg 1024w, https:\/\/shatranj.art\/wp-content\/uploads\/2026\/02\/6-768x489.jpg 768w, https:\/\/shatranj.art\/wp-content\/uploads\/2026\/02\/6-1536x977.jpg 1536w\" sizes=\"(max-width: 1826px) 100vw, 1826px\" \/>\t\t\t\t\t\t\t\t\t\t\t\t\t\t\t<\/div>\n\t\t\t\t<\/div>\n\t\t\t\t<div class=\"elementor-element elementor-element-a901a4c elementor-widget elementor-widget-text-editor\" data-id=\"a901a4c\" data-element_type=\"widget\" data-e-type=\"widget\" data-widget_type=\"text-editor.default\">\n\t\t\t\t<div class=\"elementor-widget-container\">\n\t\t\t\t\t\t\t\t\t<p><b>Elegancia na Cimeira: O Legado de Lasker e Schlechter<\/b><\/p><p>\u00a0<\/p><p><span style=\"font-weight: 400;\">A tensi\u00f3n do Campionato Mundial de Xadrez de 1910 cobra vida nas li\u00f1as sinxelas pero dignas deste conxunto. Testemu\u00f1a da lendaria loita entre Emanuel Lasker e Carl Schlechter, este dese\u00f1o \u00e9 unha expresi\u00f3n est\u00e9tica da artesan\u00eda europea de principios do s\u00e9culo XX. Xa non son s\u00f3 ferramentas de xogo, estas pezas transform\u00e1ronse en instrumentos onde a disciplina deportiva moderna se une \u00e1 arte cl\u00e1sica, simbolizando a evoluci\u00f3n do xadrez nun escenario global para a rivalidade intelectual.<\/span><\/p>\t\t\t\t\t\t\t\t<\/div>\n\t\t\t\t<\/div>\n\t\t<div class=\"elementor-element elementor-element-bf9c282 e-con-full e-flex e-con e-child\" data-id=\"bf9c282\" data-element_type=\"container\" data-e-type=\"container\">\n\t\t\t\t<div class=\"elementor-element elementor-element-771f573 elementor-widget elementor-widget-image\" data-id=\"771f573\" data-element_type=\"widget\" data-e-type=\"widget\" data-widget_type=\"image.default\">\n\t\t\t\t<div class=\"elementor-widget-container\">\n\t\t\t\t\t\t\t\t\t\t\t\t\t\t\t<img decoding=\"async\" width=\"1047\" height=\"441\" src=\"https:\/\/shatranj.art\/wp-content\/uploads\/2026\/02\/6.png\" class=\"attachment-full size-full wp-image-805\" alt=\"\" srcset=\"https:\/\/shatranj.art\/wp-content\/uploads\/2026\/02\/6.png 1047w, https:\/\/shatranj.art\/wp-content\/uploads\/2026\/02\/6-300x126.png 300w, https:\/\/shatranj.art\/wp-content\/uploads\/2026\/02\/6-1024x431.png 1024w, https:\/\/shatranj.art\/wp-content\/uploads\/2026\/02\/6-768x323.png 768w\" sizes=\"(max-width: 1047px) 100vw, 1047px\" \/>\t\t\t\t\t\t\t\t\t\t\t\t\t\t\t<\/div>\n\t\t\t\t<\/div>\n\t\t\t\t<div class=\"elementor-element elementor-element-c3cde6f elementor-widget elementor-widget-image\" data-id=\"c3cde6f\" data-element_type=\"widget\" data-e-type=\"widget\" data-widget_type=\"image.default\">\n\t\t\t\t<div class=\"elementor-widget-container\">\n\t\t\t\t\t\t\t\t\t\t\t\t\t\t\t<img decoding=\"async\" width=\"995\" height=\"427\" src=\"https:\/\/shatranj.art\/wp-content\/uploads\/2026\/02\/6-1.png\" class=\"attachment-full size-full wp-image-802\" alt=\"\" srcset=\"https:\/\/shatranj.art\/wp-content\/uploads\/2026\/02\/6-1.png 995w, https:\/\/shatranj.art\/wp-content\/uploads\/2026\/02\/6-1-300x129.png 300w, https:\/\/shatranj.art\/wp-content\/uploads\/2026\/02\/6-1-768x330.png 768w\" sizes=\"(max-width: 995px) 100vw, 995px\" \/>\t\t\t\t\t\t\t\t\t\t\t\t\t\t\t<\/div>\n\t\t\t\t<\/div>\n\t\t\t\t<\/div>\n\t\t\t\t<div class=\"elementor-element elementor-element-bf16949 elementor-widget elementor-widget-text-editor\" data-id=\"bf16949\" data-element_type=\"widget\" data-e-type=\"widget\" data-widget_type=\"text-editor.default\">\n\t\t\t\t<div class=\"elementor-widget-container\">\n\t\t\t\t\t\t\t\t\t<p><b>Est\u00e9tica democr\u00e1tica: Xadrez nos caf\u00e9s vieneses<\/b><\/p><p>Na Europa da d\u00e9cada de 1880, o xadrez migrou dos corredores reais \u00e1 atmosfera fumegante e intelectual dos caf\u00e9s p\u00fablicos grazas a conxuntos como este. Esculpido en madeira de froita, este conxunto en particular \u00e9 un exemplo destacado do estilo \u201cCaf\u00e9 Vien\u00e9s\u201d (Kaffeehaus), reco\u00f1ecido polas s\u00faas pezas de cabalos e bispos caracteristicamente estilizadas. Estas pezas contan a historia de como o xogo uniu clases sociais, convert\u00e9ndose nunha marabilla democr\u00e1tica da artesan\u00eda accesible a todos.<\/p>\t\t\t\t\t\t\t\t<\/div>\n\t\t\t\t<\/div>\n\t\t\t\t<div class=\"elementor-element elementor-element-40b8a07 elementor-widget elementor-widget-image\" data-id=\"40b8a07\" data-element_type=\"widget\" data-e-type=\"widget\" data-widget_type=\"image.default\">\n\t\t\t\t<div class=\"elementor-widget-container\">\n\t\t\t\t\t\t\t\t\t\t\t\t\t\t\t<img loading=\"lazy\" decoding=\"async\" width=\"724\" height=\"450\" src=\"https:\/\/shatranj.art\/wp-content\/uploads\/2026\/02\/6-3.png\" class=\"attachment-large size-large wp-image-803\" alt=\"\" srcset=\"https:\/\/shatranj.art\/wp-content\/uploads\/2026\/02\/6-3.png 724w, https:\/\/shatranj.art\/wp-content\/uploads\/2026\/02\/6-3-300x186.png 300w\" sizes=\"(max-width: 724px) 100vw, 724px\" \/>\t\t\t\t\t\t\t\t\t\t\t\t\t\t\t<\/div>\n\t\t\t\t<\/div>\n\t\t\t\t\t<\/div>\n\t\t\t\t<\/div>\n\t\t\t\t<\/div>","protected":false},"excerpt":{"rendered":"<p>Elegance at the Summit: The Legacy of Lasker and Schlechter \u00a0 The tension of the 1910 World Chess Championship comes to life in the simple yet dignified lines of this set. Witness to the legendary struggle between Emanuel Lasker and Carl Schlechter, this design is an aesthetic expression of early 20th-century European craftsmanship. No longer [&hellip;]<\/p>\n","protected":false},"author":1,"featured_media":0,"parent":743,"menu_order":0,"comment_status":"closed","ping_status":"closed","template":"","meta":{"footnotes":""},"class_list":["post-799","page","type-page","status-publish","hentry"],"_links":{"self":[{"href":"https:\/\/shatranj.art\/gl\/wp-json\/wp\/v2\/pages\/799","targetHints":{"allow":["GET"]}}],"collection":[{"href":"https:\/\/shatranj.art\/gl\/wp-json\/wp\/v2\/pages"}],"about":[{"href":"https:\/\/shatranj.art\/gl\/wp-json\/wp\/v2\/types\/page"}],"author":[{"embeddable":true,"href":"https:\/\/shatranj.art\/gl\/wp-json\/wp\/v2\/users\/1"}],"replies":[{"embeddable":true,"href":"https:\/\/shatranj.art\/gl\/wp-json\/wp\/v2\/comments?post=799"}],"version-history":[{"count":10,"href":"https:\/\/shatranj.art\/gl\/wp-json\/wp\/v2\/pages\/799\/revisions"}],"predecessor-version":[{"id":1186,"href":"https:\/\/shatranj.art\/gl\/wp-json\/wp\/v2\/pages\/799\/revisions\/1186"}],"up":[{"embeddable":true,"href":"https:\/\/shatranj.art\/gl\/wp-json\/wp\/v2\/pages\/743"}],"wp:attachment":[{"href":"https:\/\/shatranj.art\/gl\/wp-json\/wp\/v2\/media?parent=799"}],"curies":[{"name":"wp","href":"https:\/\/api.w.org\/{rel}","templated":true}]}}