{"id":936,"date":"2026-02-22T10:03:32","date_gmt":"2026-02-22T10:03:32","guid":{"rendered":"https:\/\/shatranj.art\/?page_id=936"},"modified":"2026-02-23T08:46:38","modified_gmt":"2026-02-23T08:46:38","slug":"poster-14","status":"publish","type":"page","link":"https:\/\/shatranj.art\/gl\/exhibit\/poster-14\/","title":{"rendered":"cartaz 14"},"content":{"rendered":"<div data-elementor-type=\"wp-page\" data-elementor-id=\"936\" class=\"elementor elementor-936\" data-elementor-post-type=\"page\">\n\t\t\t\t<div class=\"elementor-element elementor-element-c355192 e-flex e-con-boxed e-con e-parent\" data-id=\"c355192\" data-element_type=\"container\" data-e-type=\"container\" data-settings=\"{&quot;background_background&quot;:&quot;classic&quot;}\">\n\t\t\t\t\t<div class=\"e-con-inner\">\n\t\t<div class=\"elementor-element elementor-element-5bf7f96 e-con-full e-flex e-con e-child\" data-id=\"5bf7f96\" data-element_type=\"container\" data-e-type=\"container\">\n\t\t\t\t<div class=\"elementor-element elementor-element-82eab3c elementor-widget__width-initial elementor-widget-mobile__width-inherit elementor-widget elementor-widget-image\" data-id=\"82eab3c\" data-element_type=\"widget\" data-e-type=\"widget\" data-widget_type=\"image.default\">\n\t\t\t\t<div class=\"elementor-widget-container\">\n\t\t\t\t\t\t\t\t\t\t\t\t\t\t\t<img fetchpriority=\"high\" decoding=\"async\" width=\"768\" height=\"1024\" src=\"https:\/\/shatranj.art\/wp-content\/uploads\/2026\/02\/14-768x1024.jpg\" class=\"attachment-large size-large wp-image-939\" alt=\"\" srcset=\"https:\/\/shatranj.art\/wp-content\/uploads\/2026\/02\/14-768x1024.jpg 768w, https:\/\/shatranj.art\/wp-content\/uploads\/2026\/02\/14-225x300.jpg 225w, https:\/\/shatranj.art\/wp-content\/uploads\/2026\/02\/14-1152x1536.jpg 1152w, https:\/\/shatranj.art\/wp-content\/uploads\/2026\/02\/14-1536x2048.jpg 1536w, https:\/\/shatranj.art\/wp-content\/uploads\/2026\/02\/14-scaled.jpg 1920w\" sizes=\"(max-width: 768px) 100vw, 768px\" \/>\t\t\t\t\t\t\t\t\t\t\t\t\t\t\t<\/div>\n\t\t\t\t<\/div>\n\t\t\t\t<div class=\"elementor-element elementor-element-f30dc26 elementor-widget__width-initial elementor-widget elementor-widget-text-editor\" data-id=\"f30dc26\" data-element_type=\"widget\" data-e-type=\"widget\" data-widget_type=\"text-editor.default\">\n\t\t\t\t<div class=\"elementor-widget-container\">\n\t\t\t\t\t\t\t\t\t<p><strong>O legado intelectual dun arist\u00f3crata gorganita<\/strong><\/p><p>\u00a0<\/p><p>Al-Suli non foi meramente o mestre de xadrez m\u00e1is eminente da s\u00faa \u00e9poca; foi un \u201cnadim\u201d (compa\u00f1eiro de corte) dos califas abasidas, historiador de palacio e poeta de aguda intelixencia. Nado en Gorgan arredor do ano 870 d.C., a s\u00faa estirpe rem\u00f3ntase \u00e1 fortificada Fortaleza de Sul nas estepas de Dehistan, onde o seu av\u00f3, o pr\u00edncipe turco Sul tekin, gobernou noutro tempo. Esta nobre herdanza comm\u00e9morase hoxe cunha estatua no Monumento \u00e1 Independencia en Ashgabat, Turkmenist\u00e1n.<\/p><p>\u00a0<\/p><p>Ostentando o rango de \u201cAliya\u201d, o t\u00edtulo m\u00e1is alto alcanzable no xadrez, Al-Suli transformou o xogo nunha arquitectura cient\u00edfica estruturada. Na s\u00faa obra seminal Kitab al-Shatranj, foi o primeiro en documentar de xeito sistem\u00e1tico as formaci\u00f3ns de apertura (tabiyas) e as estratexias de final de partida (mansubas). O marco te\u00f3rico que estableceu permaneceu como o referente definitivo para o dominio e a principal fonte de consulta durante s\u00e9culos, mant\u00e9ndose ata o xurdimento das regras do xadrez moderno.<\/p>\t\t\t\t\t\t\t\t<\/div>\n\t\t\t\t<\/div>\n\t\t<div class=\"elementor-element elementor-element-8f27e89 e-con-full e-flex e-con e-child\" data-id=\"8f27e89\" data-element_type=\"container\" data-e-type=\"container\">\n\t\t\t\t<div class=\"elementor-element elementor-element-374a727 elementor-widget-mobile__width-inherit elementor-widget elementor-widget-image\" data-id=\"374a727\" data-element_type=\"widget\" data-e-type=\"widget\" data-widget_type=\"image.default\">\n\t\t\t\t<div class=\"elementor-widget-container\">\n\t\t\t\t\t\t\t\t\t\t\t\t\t\t\t<img decoding=\"async\" width=\"800\" height=\"457\" src=\"https:\/\/shatranj.art\/wp-content\/uploads\/2026\/02\/14-1-1024x585.jpg\" class=\"attachment-large size-large wp-image-940\" alt=\"\" srcset=\"https:\/\/shatranj.art\/wp-content\/uploads\/2026\/02\/14-1-1024x585.jpg 1024w, https:\/\/shatranj.art\/wp-content\/uploads\/2026\/02\/14-1-300x171.jpg 300w, https:\/\/shatranj.art\/wp-content\/uploads\/2026\/02\/14-1-768x439.jpg 768w, https:\/\/shatranj.art\/wp-content\/uploads\/2026\/02\/14-1-1536x877.jpg 1536w, https:\/\/shatranj.art\/wp-content\/uploads\/2026\/02\/14-1-2048x1170.jpg 2048w\" sizes=\"(max-width: 800px) 100vw, 800px\" \/>\t\t\t\t\t\t\t\t\t\t\t\t\t\t\t<\/div>\n\t\t\t\t<\/div>\n\t\t\t\t<div class=\"elementor-element elementor-element-118c953 elementor-widget-mobile__width-inherit elementor-widget elementor-widget-image\" data-id=\"118c953\" data-element_type=\"widget\" data-e-type=\"widget\" data-widget_type=\"image.default\">\n\t\t\t\t<div class=\"elementor-widget-container\">\n\t\t\t\t\t\t\t\t\t\t\t\t\t\t\t<img decoding=\"async\" width=\"800\" height=\"488\" src=\"https:\/\/shatranj.art\/wp-content\/uploads\/2026\/02\/14-2-1024x624.jpg\" class=\"attachment-large size-large wp-image-941\" alt=\"\" srcset=\"https:\/\/shatranj.art\/wp-content\/uploads\/2026\/02\/14-2-1024x624.jpg 1024w, https:\/\/shatranj.art\/wp-content\/uploads\/2026\/02\/14-2-300x183.jpg 300w, https:\/\/shatranj.art\/wp-content\/uploads\/2026\/02\/14-2-768x468.jpg 768w, https:\/\/shatranj.art\/wp-content\/uploads\/2026\/02\/14-2-1536x936.jpg 1536w, https:\/\/shatranj.art\/wp-content\/uploads\/2026\/02\/14-2-2048x1249.jpg 2048w\" sizes=\"(max-width: 800px) 100vw, 800px\" \/>\t\t\t\t\t\t\t\t\t\t\t\t\t\t\t<\/div>\n\t\t\t\t<\/div>\n\t\t\t\t<\/div>\n\t\t\t\t<div class=\"elementor-element elementor-element-bbcc28f elementor-widget__width-initial elementor-widget elementor-widget-text-editor\" data-id=\"bbcc28f\" data-element_type=\"widget\" data-e-type=\"widget\" data-widget_type=\"text-editor.default\">\n\t\t\t\t<div class=\"elementor-widget-container\">\n\t\t\t\t\t\t\t\t\t<p><b>O Diamante de Suli: O cume estrat\u00e9xico \u201cinsoluble\u201d de mil anos<\/b><\/p><p>\u00a0<\/p><p>Composta no s\u00e9culo X polo mestre gorganita Abu Bakr bin Yahya al-Suli, o \u201cDiamante\u201d \u00e9 o enigma m\u00e1is lendario e discutido na historia dos xadrez. A pesar da s\u00faa absoluta sinxeleza aparente, un final de partida con s\u00f3 un rei e un ferz (o predecesor hist\u00f3rico da ra\u00ed\u00f1a) por cada bando, esta composici\u00f3n permaneceu durante mil anos como o Everest \u201cinsoluble\u201d do mundo dos xadrez. Esta brillante creaci\u00f3n de Al-Suli \u00e9 unha arte suprema de manobra que empurra os propios l\u00edmites do xadrez hist\u00f3rico.<\/p><p>\u00a0<\/p><p><strong>O segredo no manuscrito S\u00fcleymaniye<\/strong><\/p><p>\u00a0<\/p><p>O rexistro m\u00e1is vital deste enigma at\u00f3pase na copia de Kitab Ash-Shatranj conservada na Biblioteca S\u00fcleymaniye de Estambul. A\u00ednda que as p\u00e1xinas deste manuscrito en particular est\u00e1n intactas, \u00e9 evidente que certas posici\u00f3ns e xogadas foron transcritas incorrectamente ou incompletamente desde a fonte orixinal. Con todo, mesmo con estes erros de copia hist\u00f3ricos, a soluci\u00f3n parcial proporcionada no texto al\u00ed\u00f1ase perfectamente co profundo traballo anal\u00edtico levado a cabo polo Gran Mestre Yuri Averbakh no s\u00e9culo XX. Al-Suli inmortalizou a exclusividade da s\u00faa mestr\u00eda con esta afirmaci\u00f3n desafiante:<\/p><p>\u201cNingu\u00e9n o resolver\u00e1, ag\u00e1s aqueles aos que eu instru\u00edn.\u201d<\/p><p>\u00a0<\/p><p><strong>O triunfo dos algoritmos:<\/strong> <strong>shatranj.ai<\/strong><\/p><p>\u00a0<\/p><p>O \u201cDiamante\u201d, que deixou as mentes humanas abraiadas durante un milenio, foi agora completamente iluminado polo poder da era dixital. No marco do proxecto shatranj.ai, empregando m\u00e9todos de programaci\u00f3n din\u00e1mica e algoritmos modernos con funci\u00f3ns de \u201chash\u201d (t\u00e1boa de transposici\u00f3n) habilitadas, cada variaci\u00f3n desta composici\u00f3n xenial foi resolta matematicamente. Esta viaxe, que se estende desde as li\u00f1as dos manuscritos de S\u00fcleymaniye ata o c\u00f3digo moderno, \u00e9 a verificaci\u00f3n definitiva do xenio estrat\u00e9xico atemporal de Al-Suli, demostrando que aquilo que antes estaba reservado aos alumnos escollidos polo mestre agora pode entenderse a trav\u00e9s da linguaxe da pura l\u00f3xica.<\/p>\t\t\t\t\t\t\t\t<\/div>\n\t\t\t\t<\/div>\n\t\t\t\t<\/div>\n\t\t\t\t\t<\/div>\n\t\t\t\t<\/div>\n\t\t\t\t<\/div>","protected":false},"excerpt":{"rendered":"<p>The Intellectual Legacy of a Gorganite Aristocrat \u00a0 Al-Suli was not merely the preeminent chess master of his age; he was a &#8220;nadim&#8221; (court companion) to Abbasid Caliphs, a palace historian, and a sharp-witted poet. Born in Gorgan around 870 AD, his lineage traces back to the fortified Fortress of Sul in the Dehistan steppes, [&hellip;]<\/p>\n","protected":false},"author":1,"featured_media":0,"parent":743,"menu_order":0,"comment_status":"closed","ping_status":"closed","template":"","meta":{"footnotes":""},"class_list":["post-936","page","type-page","status-publish","hentry"],"_links":{"self":[{"href":"https:\/\/shatranj.art\/gl\/wp-json\/wp\/v2\/pages\/936","targetHints":{"allow":["GET"]}}],"collection":[{"href":"https:\/\/shatranj.art\/gl\/wp-json\/wp\/v2\/pages"}],"about":[{"href":"https:\/\/shatranj.art\/gl\/wp-json\/wp\/v2\/types\/page"}],"author":[{"embeddable":true,"href":"https:\/\/shatranj.art\/gl\/wp-json\/wp\/v2\/users\/1"}],"replies":[{"embeddable":true,"href":"https:\/\/shatranj.art\/gl\/wp-json\/wp\/v2\/comments?post=936"}],"version-history":[{"count":31,"href":"https:\/\/shatranj.art\/gl\/wp-json\/wp\/v2\/pages\/936\/revisions"}],"predecessor-version":[{"id":1351,"href":"https:\/\/shatranj.art\/gl\/wp-json\/wp\/v2\/pages\/936\/revisions\/1351"}],"up":[{"embeddable":true,"href":"https:\/\/shatranj.art\/gl\/wp-json\/wp\/v2\/pages\/743"}],"wp:attachment":[{"href":"https:\/\/shatranj.art\/gl\/wp-json\/wp\/v2\/media?parent=936"}],"curies":[{"name":"wp","href":"https:\/\/api.w.org\/{rel}","templated":true}]}}