{"id":954,"date":"2026-02-22T15:10:21","date_gmt":"2026-02-22T15:10:21","guid":{"rendered":"https:\/\/shatranj.art\/?page_id=954"},"modified":"2026-02-24T09:18:28","modified_gmt":"2026-02-24T09:18:28","slug":"poster-16","status":"publish","type":"page","link":"https:\/\/shatranj.art\/gl\/exhibit\/poster-16\/","title":{"rendered":"cartaz 16"},"content":{"rendered":"<div data-elementor-type=\"wp-page\" data-elementor-id=\"954\" class=\"elementor elementor-954\" data-elementor-post-type=\"page\">\n\t\t\t\t<div class=\"elementor-element elementor-element-05751de e-flex e-con-boxed e-con e-parent\" data-id=\"05751de\" data-element_type=\"container\" data-e-type=\"container\" data-settings=\"{&quot;background_background&quot;:&quot;classic&quot;}\">\n\t\t\t\t\t<div class=\"e-con-inner\">\n\t\t<div class=\"elementor-element elementor-element-415f3f4 e-con-full e-flex e-con e-child\" data-id=\"415f3f4\" data-element_type=\"container\" data-e-type=\"container\">\n\t\t\t\t<div class=\"elementor-element elementor-element-ee52ef0 elementor-widget__width-initial elementor-widget elementor-widget-image\" data-id=\"ee52ef0\" data-element_type=\"widget\" data-e-type=\"widget\" data-widget_type=\"image.default\">\n\t\t\t\t<div class=\"elementor-widget-container\">\n\t\t\t\t\t\t\t\t\t\t\t\t\t\t\t<img fetchpriority=\"high\" decoding=\"async\" width=\"723\" height=\"1024\" src=\"https:\/\/shatranj.art\/wp-content\/uploads\/2026\/02\/16-723x1024.jpg\" class=\"attachment-large size-large wp-image-959\" alt=\"\" srcset=\"https:\/\/shatranj.art\/wp-content\/uploads\/2026\/02\/16-723x1024.jpg 723w, https:\/\/shatranj.art\/wp-content\/uploads\/2026\/02\/16-212x300.jpg 212w, https:\/\/shatranj.art\/wp-content\/uploads\/2026\/02\/16-768x1087.jpg 768w, https:\/\/shatranj.art\/wp-content\/uploads\/2026\/02\/16-1085x1536.jpg 1085w, https:\/\/shatranj.art\/wp-content\/uploads\/2026\/02\/16-1447x2048.jpg 1447w, https:\/\/shatranj.art\/wp-content\/uploads\/2026\/02\/16.jpg 1557w\" sizes=\"(max-width: 723px) 100vw, 723px\" \/>\t\t\t\t\t\t\t\t\t\t\t\t\t\t\t<\/div>\n\t\t\t\t<\/div>\n\t\t\t\t<div class=\"elementor-element elementor-element-bc51b4f elementor-widget__width-initial elementor-widget elementor-widget-text-editor\" data-id=\"bc51b4f\" data-element_type=\"widget\" data-e-type=\"widget\" data-widget_type=\"text-editor.default\">\n\t\t\t\t<div class=\"elementor-widget-container\">\n\t\t\t\t\t\t\t\t\t<h3><b>Bucephalus: O esp\u00edrito lendario das estepas e das conquistas<\/b><\/h3><p>Significando \u201cde cabeza de boi\u201d (Boukephalos) en grego antigo, probablemente debido \u00e1 s\u00faa ampla fronte ou a unha marca na s\u00faa ombreira, Buc\u00e9falo \u00e9 o cabalo de guerra m\u00e1is ic\u00f3nico da historia. A lenda conta que foi ofrecido ao rei Filipe II por Filonico de Tesalia pola astron\u00f3mica suma de 13 talentos, pero ningu\u00e9n puido domar o seu esp\u00edrito salvaxe. Un xove Alexandre, ao observar que o cabalo se asustaba s\u00f3 coa s\u00faa propia sombra, xirouno cara ao sol para calmalo. Ao ver isto, o rei Filipe declarou famosamente: \u201cOh, meu fillo, busca un reino \u00e1 t\u00faa altura e digno de ti, pois Macedonia \u00e9 demasiado pequena para ti!\u201d<\/p><p>\u00a0<\/p><p>Dos campos de batalla \u00e1 inmortalidade<\/p><p>\u00a0<\/p><p>Buc\u00e9falo acompa\u00f1ou a Alexandre durante toda a s\u00faa campa\u00f1a dende Grecia ata o coraz\u00f3n da India. Levou ao seu amo polos enfrontamentos m\u00e1is sangrentos, dende Granico e Issus ata Gaugamela e a Batalla do Hidaspes. No 326 a.C., durante a campa\u00f1a india, morreu ou ben por feridas de batalla ou por vellez (con case 30 anos). En honra del, Alexandre fundou a cidade de Alexandr\u00eda Bucefala nas beiras do r\u00edo Jhelum, na actual Pakist\u00e1n.<\/p><p>\u00a0<\/p><p>Legado cultural<\/p><p>\u00a0<\/p><p>Na historia da arte e da literatura, Buc\u00e9falo erguese como s\u00edmbolo de poder, lealdade e instinto agudo. Nas tradici\u00f3ns orientais, onde Alexandre adoita ser identificado como \u201cIskandar\u201d, Buc\u00e9falo \u00e9 representado como un compa\u00f1eiro leal dotado de cualidades sobrenaturais. El permanece como o verdadeiro \u201cesp\u00edrito\u201d detr\u00e1s do maior conquistador da historia, representando un v\u00ednculo que transcendiu o campo de batalla.<\/p>\t\t\t\t\t\t\t\t<\/div>\n\t\t\t\t<\/div>\n\t\t\t\t<\/div>\n\t\t\t\t\t<\/div>\n\t\t\t\t<\/div>\n\t\t\t\t<\/div>","protected":false},"excerpt":{"rendered":"<p>Bucephalus: The Legendary Spirit of the Steppes and Conquests Meaning &#8220;Ox-headed&#8221; (Boukephalos) in Ancient Greek likely due to his broad brow or a branding on his shoulder Bucephalus is the most iconic warhorse in history. Legend tells that he was offered to King Philip II by Philonicus the Thessalian for the staggering sum of 13 [&hellip;]<\/p>\n","protected":false},"author":1,"featured_media":0,"parent":743,"menu_order":0,"comment_status":"closed","ping_status":"closed","template":"","meta":{"footnotes":""},"class_list":["post-954","page","type-page","status-publish","hentry"],"_links":{"self":[{"href":"https:\/\/shatranj.art\/gl\/wp-json\/wp\/v2\/pages\/954","targetHints":{"allow":["GET"]}}],"collection":[{"href":"https:\/\/shatranj.art\/gl\/wp-json\/wp\/v2\/pages"}],"about":[{"href":"https:\/\/shatranj.art\/gl\/wp-json\/wp\/v2\/types\/page"}],"author":[{"embeddable":true,"href":"https:\/\/shatranj.art\/gl\/wp-json\/wp\/v2\/users\/1"}],"replies":[{"embeddable":true,"href":"https:\/\/shatranj.art\/gl\/wp-json\/wp\/v2\/comments?post=954"}],"version-history":[{"count":13,"href":"https:\/\/shatranj.art\/gl\/wp-json\/wp\/v2\/pages\/954\/revisions"}],"predecessor-version":[{"id":1579,"href":"https:\/\/shatranj.art\/gl\/wp-json\/wp\/v2\/pages\/954\/revisions\/1579"}],"up":[{"embeddable":true,"href":"https:\/\/shatranj.art\/gl\/wp-json\/wp\/v2\/pages\/743"}],"wp:attachment":[{"href":"https:\/\/shatranj.art\/gl\/wp-json\/wp\/v2\/media?parent=954"}],"curies":[{"name":"wp","href":"https:\/\/api.w.org\/{rel}","templated":true}]}}