{"id":969,"date":"2026-02-22T15:22:14","date_gmt":"2026-02-22T15:22:14","guid":{"rendered":"https:\/\/shatranj.art\/?page_id=969"},"modified":"2026-02-23T04:55:45","modified_gmt":"2026-02-23T04:55:45","slug":"poster-18","status":"publish","type":"page","link":"https:\/\/shatranj.art\/gl\/exhibit\/poster-18\/","title":{"rendered":"cartaz 18"},"content":{"rendered":"<div data-elementor-type=\"wp-page\" data-elementor-id=\"969\" class=\"elementor elementor-969\" data-elementor-post-type=\"page\">\n\t\t\t\t<div class=\"elementor-element elementor-element-e18ac67 e-flex e-con-boxed e-con e-parent\" data-id=\"e18ac67\" data-element_type=\"container\" data-e-type=\"container\" data-settings=\"{&quot;background_background&quot;:&quot;classic&quot;}\">\n\t\t\t\t\t<div class=\"e-con-inner\">\n\t\t<div class=\"elementor-element elementor-element-36bf2c2 e-con-full e-flex e-con e-child\" data-id=\"36bf2c2\" data-element_type=\"container\" data-e-type=\"container\">\n\t\t\t\t<div class=\"elementor-element elementor-element-1244f27 elementor-widget__width-initial elementor-widget elementor-widget-image\" data-id=\"1244f27\" data-element_type=\"widget\" data-e-type=\"widget\" data-widget_type=\"image.default\">\n\t\t\t\t<div class=\"elementor-widget-container\">\n\t\t\t\t\t\t\t\t\t\t\t\t\t\t\t<img fetchpriority=\"high\" decoding=\"async\" width=\"800\" height=\"729\" src=\"https:\/\/shatranj.art\/wp-content\/uploads\/2026\/02\/18-1024x933.jpg\" class=\"attachment-large size-large wp-image-971\" alt=\"\" srcset=\"https:\/\/shatranj.art\/wp-content\/uploads\/2026\/02\/18-1024x933.jpg 1024w, https:\/\/shatranj.art\/wp-content\/uploads\/2026\/02\/18-300x273.jpg 300w, https:\/\/shatranj.art\/wp-content\/uploads\/2026\/02\/18-768x700.jpg 768w, https:\/\/shatranj.art\/wp-content\/uploads\/2026\/02\/18.jpg 1279w\" sizes=\"(max-width: 800px) 100vw, 800px\" \/>\t\t\t\t\t\t\t\t\t\t\t\t\t\t\t<\/div>\n\t\t\t\t<\/div>\n\t\t\t\t<div class=\"elementor-element elementor-element-917c746 elementor-widget__width-initial elementor-widget-mobile__width-inherit elementor-widget elementor-widget-image\" data-id=\"917c746\" data-element_type=\"widget\" data-e-type=\"widget\" data-widget_type=\"image.default\">\n\t\t\t\t<div class=\"elementor-widget-container\">\n\t\t\t\t\t\t\t\t\t\t\t\t\t\t\t<img decoding=\"async\" width=\"800\" height=\"790\" src=\"https:\/\/shatranj.art\/wp-content\/uploads\/2026\/02\/18-1-1024x1011.jpg\" class=\"attachment-large size-large wp-image-972\" alt=\"\" srcset=\"https:\/\/shatranj.art\/wp-content\/uploads\/2026\/02\/18-1-1024x1011.jpg 1024w, https:\/\/shatranj.art\/wp-content\/uploads\/2026\/02\/18-1-300x296.jpg 300w, https:\/\/shatranj.art\/wp-content\/uploads\/2026\/02\/18-1-768x758.jpg 768w, https:\/\/shatranj.art\/wp-content\/uploads\/2026\/02\/18-1-1536x1517.jpg 1536w, https:\/\/shatranj.art\/wp-content\/uploads\/2026\/02\/18-1.jpg 1769w\" sizes=\"(max-width: 800px) 100vw, 800px\" \/>\t\t\t\t\t\t\t\t\t\t\t\t\t\t\t<\/div>\n\t\t\t\t<\/div>\n\t\t\t\t<div class=\"elementor-element elementor-element-5c72f2f elementor-widget__width-initial elementor-widget elementor-widget-text-editor\" data-id=\"5c72f2f\" data-element_type=\"widget\" data-e-type=\"widget\" data-widget_type=\"text-editor.default\">\n\t\t\t\t<div class=\"elementor-widget-container\">\n\t\t\t\t\t\t\t\t\t<h3><b>O Turco Mec\u00e1nico: A Primeira Ilusi\u00f3n da Intelixencia Artificial<\/b><\/h3><p><b>Unha ilusi\u00f3n que encantou imperios<\/b> <span style=\"font-weight: 400;\"><br \/><\/span>Dese\u00f1ado en 1770 por Wolfgang von Kempelen para impresionar \u00e1 emperatriz Mar\u00eda Teresa, o \u201cTurco Mec\u00e1nico\u201d parec\u00eda ser un aut\u00f3mata que funcionaba por si s\u00f3 grazas a un complexo sistema de engrenaxes. Sentado nun gran armario e vestido con t\u00fanicas e turbante tradicionais otom\u00e1ns, a figura desafiou e derrotou algunhas das mentes m\u00e1is poderosas da historia, inclu\u00edndo Napole\u00f3n Bonaparte e Benjamin Franklin.<\/p><p>\u00a0<\/p><p><b>O Humano entre os Engranaxes<\/b> <span style=\"font-weight: 400;\"><br \/><\/span>Durante d\u00e9cadas, o mundo cr\u00eda que estaba a presenciar unha aut\u00e9ntica \u201cm\u00e1quina pensante\u201d. Na realidade, o dispositivo era unha obra mestra da ilusi\u00f3n. O interior do armario foi dese\u00f1ado astutamente para agochar un mestre xadrecista profesional, que cambiaba de posici\u00f3n a medida que se abr\u00edan ao p\u00fablico diferentes portas. Mediante un mecanismo de pant\u00f3grafo e indicadores magn\u00e9ticos debaixo do taboleiro, o xogador agochado vixiaba os movementos do opo\u00f1ente e executaba os seus propios a trav\u00e9s do brazo mec\u00e1nico do Turco.<\/p><p>\u00a0<\/p><p><b>Un legado moderno<\/b> <span style=\"font-weight: 400;\"><br \/><\/span>O Turco Mec\u00e1nico \u00e9 m\u00e1is que un conto de engano; \u00e9 un s\u00edmbolo da fascinaci\u00f3n eterna da humanidade pola intelixencia das m\u00e1quinas e do medo que esta suscita. Non \u00e9 casualidade que Amazon denominase hoxe a s\u00faa plataforma de microtarefas \u201cMechanical Turk\u201d. O nome segue sendo unha homenaxe \u00e1s tarefas que os ordenadores a\u00ednda non poden realizar, pero que os humanos resolven en silencio \u201centre bastidores\u201d.\u201d<\/p>\t\t\t\t\t\t\t\t<\/div>\n\t\t\t\t<\/div>\n\t\t\t\t<\/div>\n\t\t\t\t\t<\/div>\n\t\t\t\t<\/div>\n\t\t\t\t<\/div>","protected":false},"excerpt":{"rendered":"<p>The Mechanical Turk: The First Illusion of Artificial Intelligence An Illusion That Enchanted Empires Designed in 1770 by Wolfgang von Kempelen to impress Empress Maria Theresa, the &#8220;Mechanical Turk&#8221; appeared to be a self-operating automaton powered by a complex system of gears. Seated at a large cabinet and dressed in traditional Ottoman robes and a [&hellip;]<\/p>\n","protected":false},"author":1,"featured_media":0,"parent":743,"menu_order":0,"comment_status":"closed","ping_status":"closed","template":"","meta":{"footnotes":""},"class_list":["post-969","page","type-page","status-publish","hentry"],"_links":{"self":[{"href":"https:\/\/shatranj.art\/gl\/wp-json\/wp\/v2\/pages\/969","targetHints":{"allow":["GET"]}}],"collection":[{"href":"https:\/\/shatranj.art\/gl\/wp-json\/wp\/v2\/pages"}],"about":[{"href":"https:\/\/shatranj.art\/gl\/wp-json\/wp\/v2\/types\/page"}],"author":[{"embeddable":true,"href":"https:\/\/shatranj.art\/gl\/wp-json\/wp\/v2\/users\/1"}],"replies":[{"embeddable":true,"href":"https:\/\/shatranj.art\/gl\/wp-json\/wp\/v2\/comments?post=969"}],"version-history":[{"count":7,"href":"https:\/\/shatranj.art\/gl\/wp-json\/wp\/v2\/pages\/969\/revisions"}],"predecessor-version":[{"id":1225,"href":"https:\/\/shatranj.art\/gl\/wp-json\/wp\/v2\/pages\/969\/revisions\/1225"}],"up":[{"embeddable":true,"href":"https:\/\/shatranj.art\/gl\/wp-json\/wp\/v2\/pages\/743"}],"wp:attachment":[{"href":"https:\/\/shatranj.art\/gl\/wp-json\/wp\/v2\/media?parent=969"}],"curies":[{"name":"wp","href":"https:\/\/api.w.org\/{rel}","templated":true}]}}