{"id":976,"date":"2026-02-22T15:26:41","date_gmt":"2026-02-22T15:26:41","guid":{"rendered":"https:\/\/shatranj.art\/?page_id=976"},"modified":"2026-02-23T04:57:59","modified_gmt":"2026-02-23T04:57:59","slug":"poster-19","status":"publish","type":"page","link":"https:\/\/shatranj.art\/gl\/exhibit\/poster-19\/","title":{"rendered":"cartaz 19"},"content":{"rendered":"<div data-elementor-type=\"wp-page\" data-elementor-id=\"976\" class=\"elementor elementor-976\" data-elementor-post-type=\"page\">\n\t\t\t\t<div class=\"elementor-element elementor-element-bd53a03 e-flex e-con-boxed e-con e-parent\" data-id=\"bd53a03\" data-element_type=\"container\" data-e-type=\"container\" data-settings=\"{&quot;background_background&quot;:&quot;classic&quot;}\">\n\t\t\t\t\t<div class=\"e-con-inner\">\n\t\t<div class=\"elementor-element elementor-element-258a2d8 e-con-full e-flex e-con e-child\" data-id=\"258a2d8\" data-element_type=\"container\" data-e-type=\"container\">\n\t\t\t\t<div class=\"elementor-element elementor-element-54379e5 elementor-widget__width-initial elementor-widget elementor-widget-image\" data-id=\"54379e5\" data-element_type=\"widget\" data-e-type=\"widget\" data-widget_type=\"image.default\">\n\t\t\t\t<div class=\"elementor-widget-container\">\n\t\t\t\t\t\t\t\t\t\t\t\t\t\t\t<img fetchpriority=\"high\" decoding=\"async\" width=\"800\" height=\"842\" src=\"https:\/\/shatranj.art\/wp-content\/uploads\/2026\/02\/19-973x1024.jpg\" class=\"attachment-large size-large wp-image-979\" alt=\"\" srcset=\"https:\/\/shatranj.art\/wp-content\/uploads\/2026\/02\/19-973x1024.jpg 973w, https:\/\/shatranj.art\/wp-content\/uploads\/2026\/02\/19-285x300.jpg 285w, https:\/\/shatranj.art\/wp-content\/uploads\/2026\/02\/19-768x808.jpg 768w, https:\/\/shatranj.art\/wp-content\/uploads\/2026\/02\/19.jpg 1121w\" sizes=\"(max-width: 800px) 100vw, 800px\" \/>\t\t\t\t\t\t\t\t\t\t\t\t\t\t\t<\/div>\n\t\t\t\t<\/div>\n\t\t\t\t<div class=\"elementor-element elementor-element-38b79a5 elementor-widget__width-initial elementor-widget elementor-widget-text-editor\" data-id=\"38b79a5\" data-element_type=\"widget\" data-e-type=\"widget\" data-widget_type=\"text-editor.default\">\n\t\t\t\t<div class=\"elementor-widget-container\">\n\t\t\t\t\t\t\t\t\t<p><strong>Deep Blue vs. Kasparov: O amencer do dominio das m\u00e1quinas<\/strong><\/p><p>\u00a0<\/p><p><span style=\"font-weight: 400;\">En 1997, o mundo presenciou un punto de inflexi\u00f3n hist\u00f3rico na relaci\u00f3n entre o home e a m\u00e1quina. Desenvolto por IBM, o supercomputador <\/span>Azul profundo<span style=\"font-weight: 400;\"> derrotou ao campi\u00f3n mundial reinante, <\/span>Garry Kasparov<span style=\"font-weight: 400;\">, nunha serie de seis partidas. Foi a primeira vez que un ordenador derrotou a un campi\u00f3n mundial nunha partida de estilo torneo con controis de tempo est\u00e1ndar.<\/span><\/p><p>\u00a0<\/p><p><b>Forza bruta de poder:<\/b><span style=\"font-weight: 400;\"> Deep Blue foi unha obra mestra de hardware especializado, capaz de calcular 200 mill\u00f3ns de posici\u00f3ns por segundo.<\/span><\/p><p>\u00a0<\/p><p><b>Unha vitoria simb\u00f3lica:<\/b><span style=\"font-weight: 400;\"> Esta partida cambiou a percepci\u00f3n global da intelixencia artificial. Demostrou que, a\u00ednda que a intuici\u00f3n humana \u00e9 profunda, a pura velocidade de c\u00e1lculo dunha m\u00e1quina puido superar a maior mente estrat\u00e9xica da \u00e9poca.<\/span><\/p>\t\t\t\t\t\t\t\t<\/div>\n\t\t\t\t<\/div>\n\t\t\t\t<div class=\"elementor-element elementor-element-d1ad4e6 elementor-widget__width-initial elementor-widget elementor-widget-image\" data-id=\"d1ad4e6\" data-element_type=\"widget\" data-e-type=\"widget\" data-widget_type=\"image.default\">\n\t\t\t\t<div class=\"elementor-widget-container\">\n\t\t\t\t\t\t\t\t\t\t\t\t\t\t\t<img decoding=\"async\" width=\"800\" height=\"600\" src=\"https:\/\/shatranj.art\/wp-content\/uploads\/2026\/02\/19-1-1024x768.jpg\" class=\"attachment-large size-large wp-image-980\" alt=\"\" srcset=\"https:\/\/shatranj.art\/wp-content\/uploads\/2026\/02\/19-1-1024x768.jpg 1024w, https:\/\/shatranj.art\/wp-content\/uploads\/2026\/02\/19-1-300x225.jpg 300w, https:\/\/shatranj.art\/wp-content\/uploads\/2026\/02\/19-1-768x576.jpg 768w, https:\/\/shatranj.art\/wp-content\/uploads\/2026\/02\/19-1.jpg 1250w\" sizes=\"(max-width: 800px) 100vw, 800px\" \/>\t\t\t\t\t\t\t\t\t\t\t\t\t\t\t<\/div>\n\t\t\t\t<\/div>\n\t\t\t\t<div class=\"elementor-element elementor-element-e238e58 elementor-widget__width-initial elementor-widget elementor-widget-image\" data-id=\"e238e58\" data-element_type=\"widget\" data-e-type=\"widget\" data-widget_type=\"image.default\">\n\t\t\t\t<div class=\"elementor-widget-container\">\n\t\t\t\t\t\t\t\t\t\t\t\t\t\t\t<img decoding=\"async\" width=\"682\" height=\"1024\" src=\"https:\/\/shatranj.art\/wp-content\/uploads\/2026\/02\/19-2-682x1024.jpg\" class=\"attachment-large size-large wp-image-981\" alt=\"\" srcset=\"https:\/\/shatranj.art\/wp-content\/uploads\/2026\/02\/19-2-682x1024.jpg 682w, https:\/\/shatranj.art\/wp-content\/uploads\/2026\/02\/19-2-200x300.jpg 200w, https:\/\/shatranj.art\/wp-content\/uploads\/2026\/02\/19-2-768x1154.jpg 768w, https:\/\/shatranj.art\/wp-content\/uploads\/2026\/02\/19-2-1023x1536.jpg 1023w, https:\/\/shatranj.art\/wp-content\/uploads\/2026\/02\/19-2-1363x2048.jpg 1363w, https:\/\/shatranj.art\/wp-content\/uploads\/2026\/02\/19-2.jpg 1667w\" sizes=\"(max-width: 682px) 100vw, 682px\" \/>\t\t\t\t\t\t\t\t\t\t\t\t\t\t\t<\/div>\n\t\t\t\t<\/div>\n\t\t\t\t<div class=\"elementor-element elementor-element-a12f1b5 elementor-widget__width-inherit elementor-widget elementor-widget-text-editor\" data-id=\"a12f1b5\" data-element_type=\"widget\" data-e-type=\"widget\" data-widget_type=\"text-editor.default\">\n\t\t\t\t<div class=\"elementor-widget-container\">\n\t\t\t\t\t\t\t\t\t<h3><b>Stockfish: A democratizaci\u00f3n da an\u00e1lise de grandes mestres<\/b><\/h3><p>Peixe de stock<span style=\"font-weight: 400;\"> \u00e9 o motor de xadrez de c\u00f3digo aberto m\u00e1is potente do mundo. Ao contrario dos supercomputadores exclusivos do pasado, Stockfish \u00e9 gratu\u00edto e accesible para todos, desde afeccionados ata grandes mestres de clase mundial.<\/span><\/p><ul><li style=\"font-weight: 400;\" aria-level=\"1\"><b>O est\u00e1ndar global:<\/b><span style=\"font-weight: 400;\"> Situ\u00e1ndose de xeito constante na parte m\u00e1is alta das t\u00e1boas de clasificaci\u00f3n dos motores, Stockfish serve como a ferramenta definitiva para a an\u00e1lise de xogos e o desenvolvemento de estratexias.<\/span><\/li><li style=\"font-weight: 400;\" aria-level=\"1\"><b>Evoluci\u00f3n neural:<\/b><span style=\"font-weight: 400;\"> Inicialmente baseadas en algoritmos cl\u00e1sicos de \u201cb\u00fasqueda e avaliaci\u00f3n\u201d, as versi\u00f3ns modernas de Stockfish agora utilizan <\/span>NNUE (Redes Neurais Actualizables de Forma Eficiente)<span style=\"font-weight: 400;\">. Esta fusi\u00f3n perm\u00edtelle combinar velocidades de c\u00e1lculo masivas cunha comprensi\u00f3n m\u00e1is profunda, case humana, das posici\u00f3ns complexas, alcanzando unha valoraci\u00f3n ELO moi por riba <\/span>3500<span style=\"font-weight: 400;\">.<\/span><\/li><\/ul>\t\t\t\t\t\t\t\t<\/div>\n\t\t\t\t<\/div>\n\t\t\t\t<div class=\"elementor-element elementor-element-5ec8752 elementor-widget__width-initial elementor-widget elementor-widget-image\" data-id=\"5ec8752\" data-element_type=\"widget\" data-e-type=\"widget\" data-widget_type=\"image.default\">\n\t\t\t\t<div class=\"elementor-widget-container\">\n\t\t\t\t\t\t\t\t\t\t\t\t\t\t\t<img loading=\"lazy\" decoding=\"async\" width=\"800\" height=\"800\" src=\"https:\/\/shatranj.art\/wp-content\/uploads\/2026\/02\/19-1024x1024.png\" class=\"attachment-large size-large wp-image-982\" alt=\"\" srcset=\"https:\/\/shatranj.art\/wp-content\/uploads\/2026\/02\/19-1024x1024.png 1024w, https:\/\/shatranj.art\/wp-content\/uploads\/2026\/02\/19-300x300.png 300w, https:\/\/shatranj.art\/wp-content\/uploads\/2026\/02\/19-150x150.png 150w, https:\/\/shatranj.art\/wp-content\/uploads\/2026\/02\/19-768x768.png 768w, https:\/\/shatranj.art\/wp-content\/uploads\/2026\/02\/19.png 1056w\" sizes=\"(max-width: 800px) 100vw, 800px\" \/>\t\t\t\t\t\t\t\t\t\t\t\t\t\t\t<\/div>\n\t\t\t\t<\/div>\n\t\t\t\t<div class=\"elementor-element elementor-element-f657508 elementor-widget__width-initial elementor-widget-tablet__width-inherit elementor-widget elementor-widget-text-editor\" data-id=\"f657508\" data-element_type=\"widget\" data-e-type=\"widget\" data-widget_type=\"text-editor.default\">\n\t\t\t\t<div class=\"elementor-widget-container\">\n\t\t\t\t\t\t\t\t\t<h3><b>AlphaZero: A era da intuici\u00f3n e creatividade das m\u00e1quinas<\/b><\/h3><p>Desenvolvido por DeepMind de Google, AlphaZero revolucionou a forma en que pensamos sobre a intelixencia artificial. Mentres que os motores anteriores eran \u201censinados\u201d polos humanos mediante regras programadas, AlphaZero era un sistema de autoaprendizaxe.<\/p><ul><li style=\"font-weight: 400;\" aria-level=\"1\"><b>Tabula Rasa (Desde cero):<\/b><span style=\"font-weight: 400;\"> AlphaZero recibiu s\u00f3 as regras b\u00e1sicas do xadrez. Xogando mill\u00f3ns de partidas contra si mesmo mediante aprendizaxe reforzada, acadou un nivel de mestr\u00eda sobrenatural en s\u00f3 catro horas.<\/span><\/li><li style=\"font-weight: 400;\" aria-level=\"1\"><b>Unha Revoluci\u00f3n Creativa:<\/b><span style=\"font-weight: 400;\"> AlphaZero non xogou como unha t\u00edpica \u201ccalculadora\u201d. Introduciu un estilo moi agresivo, creativo e intuitivo, sacrificando a mi\u00fado material por presi\u00f3n posicional a longo prazo. Demostrou que as m\u00e1quinas non s\u00f3 pod\u00edan calcular m\u00e1is r\u00e1pido que os humanos, sen\u00f3n que tam\u00e9n pod\u00edan \u201creinventar\u201d a arte e a creatividade do propio xogo.<\/span><\/li><\/ul>\t\t\t\t\t\t\t\t<\/div>\n\t\t\t\t<\/div>\n\t\t\t\t<\/div>\n\t\t\t\t\t<\/div>\n\t\t\t\t<\/div>\n\t\t\t\t<\/div>","protected":false},"excerpt":{"rendered":"<p>Deep Blue vs. Kasparov: The Dawn of Machine Dominance \u00a0 In 1997, the world witnessed a historic turning point in the relationship between man and machine. Developed by IBM, the supercomputer Deep Blue defeated the reigning World Champion, Garry Kasparov, in a six-match series. This was the first time a computer had beaten a world [&hellip;]<\/p>\n","protected":false},"author":1,"featured_media":0,"parent":743,"menu_order":0,"comment_status":"closed","ping_status":"closed","template":"","meta":{"footnotes":""},"class_list":["post-976","page","type-page","status-publish","hentry"],"_links":{"self":[{"href":"https:\/\/shatranj.art\/gl\/wp-json\/wp\/v2\/pages\/976","targetHints":{"allow":["GET"]}}],"collection":[{"href":"https:\/\/shatranj.art\/gl\/wp-json\/wp\/v2\/pages"}],"about":[{"href":"https:\/\/shatranj.art\/gl\/wp-json\/wp\/v2\/types\/page"}],"author":[{"embeddable":true,"href":"https:\/\/shatranj.art\/gl\/wp-json\/wp\/v2\/users\/1"}],"replies":[{"embeddable":true,"href":"https:\/\/shatranj.art\/gl\/wp-json\/wp\/v2\/comments?post=976"}],"version-history":[{"count":7,"href":"https:\/\/shatranj.art\/gl\/wp-json\/wp\/v2\/pages\/976\/revisions"}],"predecessor-version":[{"id":1228,"href":"https:\/\/shatranj.art\/gl\/wp-json\/wp\/v2\/pages\/976\/revisions\/1228"}],"up":[{"embeddable":true,"href":"https:\/\/shatranj.art\/gl\/wp-json\/wp\/v2\/pages\/743"}],"wp:attachment":[{"href":"https:\/\/shatranj.art\/gl\/wp-json\/wp\/v2\/media?parent=976"}],"curies":[{"name":"wp","href":"https:\/\/api.w.org\/{rel}","templated":true}]}}