{"id":986,"date":"2026-02-22T15:44:16","date_gmt":"2026-02-22T15:44:16","guid":{"rendered":"https:\/\/shatranj.art\/?page_id=986"},"modified":"2026-02-23T04:58:50","modified_gmt":"2026-02-23T04:58:50","slug":"poster-20","status":"publish","type":"page","link":"https:\/\/shatranj.art\/gl\/exhibit\/poster-20\/","title":{"rendered":"cartaz 20"},"content":{"rendered":"<div data-elementor-type=\"wp-page\" data-elementor-id=\"986\" class=\"elementor elementor-986\" data-elementor-post-type=\"page\">\n\t\t\t\t<div class=\"elementor-element elementor-element-12aafbd e-flex e-con-boxed e-con e-parent\" data-id=\"12aafbd\" data-element_type=\"container\" data-e-type=\"container\" data-settings=\"{&quot;background_background&quot;:&quot;classic&quot;}\">\n\t\t\t\t\t<div class=\"e-con-inner\">\n\t\t<div class=\"elementor-element elementor-element-63eb695 e-con-full e-flex e-con e-child\" data-id=\"63eb695\" data-element_type=\"container\" data-e-type=\"container\">\n\t\t\t\t<div class=\"elementor-element elementor-element-c65f0f2 elementor-widget elementor-widget-image\" data-id=\"c65f0f2\" data-element_type=\"widget\" data-e-type=\"widget\" data-widget_type=\"image.default\">\n\t\t\t\t<div class=\"elementor-widget-container\">\n\t\t\t\t\t\t\t\t\t\t\t\t\t\t\t<img fetchpriority=\"high\" decoding=\"async\" width=\"800\" height=\"563\" src=\"https:\/\/shatranj.art\/wp-content\/uploads\/2026\/02\/20-1024x720.jpg\" class=\"attachment-large size-large wp-image-989\" alt=\"\" srcset=\"https:\/\/shatranj.art\/wp-content\/uploads\/2026\/02\/20-1024x720.jpg 1024w, https:\/\/shatranj.art\/wp-content\/uploads\/2026\/02\/20-300x211.jpg 300w, https:\/\/shatranj.art\/wp-content\/uploads\/2026\/02\/20-768x540.jpg 768w, https:\/\/shatranj.art\/wp-content\/uploads\/2026\/02\/20-1536x1080.jpg 1536w, https:\/\/shatranj.art\/wp-content\/uploads\/2026\/02\/20-2048x1440.jpg 2048w\" sizes=\"(max-width: 800px) 100vw, 800px\" \/>\t\t\t\t\t\t\t\t\t\t\t\t\t\t\t<\/div>\n\t\t\t\t<\/div>\n\t\t\t\t<div class=\"elementor-element elementor-element-c898b64 elementor-widget elementor-widget-text-editor\" data-id=\"c898b64\" data-element_type=\"widget\" data-e-type=\"widget\" data-widget_type=\"text-editor.default\">\n\t\t\t\t<div class=\"elementor-widget-container\">\n\t\t\t\t\t\t\t\t\t<h3><b>Alquerque: o antigo antepasado do xadrez de retirada e o legado de Alfonso<\/b><\/h3><p><b>Unha estratexia que se estende desde Castela ata o presente<\/b> <span style=\"font-weight: 400;\"><br \/><\/span>Encargado en 1283 polo rei Afonso X de Castela (Afonso X o Sabio), o Libro de los Juegos (O Libro dos Xogos) segue sendo o rexistro m\u00e1is completo da cultura dos xogos na Europa medieval. O alquerque, detallado nas s\u00faas p\u00e1xinas, \u00e9 a evoluci\u00f3n europea dun antigo xogo de estratexia co\u00f1ecido no mundo \u00e1rabe como \u201cEl-Qirkat\u201d, con ra\u00edces que se remontan ao antigo Exipto. No s\u00e9culo XIII en Espa\u00f1a, o Alquerque foi un testemu\u00f1o de como os eruditos cristi\u00e1ns, musulm\u00e1ns e xudeus colaboraron para conectar o co\u00f1ecemento do Oriente co do Occidente.<\/p><p><b>O cami\u00f1o aos dami\u00f1os<\/b> <span style=\"font-weight: 400;\"><br \/><\/span>Xogado con 12 pezas cada un nun taboleiro de 5\u00d75, o Alquerque \u00e9 o berce da mec\u00e1nica de captura saltada, que \u00e9 a regra central do Dames moderno. A finais do s\u00e9culo XV, cando estas regras din\u00e1micas se trasladaron ao taboleiro de xadrez de 8\u00d78, naceu o xogo de \u201cDraughts\u201d (damas) tal como o co\u00f1ecemos hoxe. Esta representaci\u00f3n serve como proba de que os xogos non son meramente pasatempos, sen\u00f3n unha lingua universal que conecta xeograf\u00edas, linguas e crenzas.<\/p>\t\t\t\t\t\t\t\t<\/div>\n\t\t\t\t<\/div>\n\t\t\t\t<\/div>\n\t\t\t\t\t<\/div>\n\t\t\t\t<\/div>\n\t\t\t\t<\/div>","protected":false},"excerpt":{"rendered":"<p>Alquerque: The Ancient Ancestor of Draughts and the Legacy of Alfonso A Strategy Stretching from Castile to the Present Commissioned in 1283 by King Alfonso X of Castile (Alfonso the Wise), the Libro de los Juegos (The Book of Games) remains the most comprehensive record of gaming culture in Medieval Europe. Alquerque, detailed within its [&hellip;]<\/p>\n","protected":false},"author":1,"featured_media":0,"parent":743,"menu_order":0,"comment_status":"closed","ping_status":"closed","template":"","meta":{"footnotes":""},"class_list":["post-986","page","type-page","status-publish","hentry"],"_links":{"self":[{"href":"https:\/\/shatranj.art\/gl\/wp-json\/wp\/v2\/pages\/986","targetHints":{"allow":["GET"]}}],"collection":[{"href":"https:\/\/shatranj.art\/gl\/wp-json\/wp\/v2\/pages"}],"about":[{"href":"https:\/\/shatranj.art\/gl\/wp-json\/wp\/v2\/types\/page"}],"author":[{"embeddable":true,"href":"https:\/\/shatranj.art\/gl\/wp-json\/wp\/v2\/users\/1"}],"replies":[{"embeddable":true,"href":"https:\/\/shatranj.art\/gl\/wp-json\/wp\/v2\/comments?post=986"}],"version-history":[{"count":7,"href":"https:\/\/shatranj.art\/gl\/wp-json\/wp\/v2\/pages\/986\/revisions"}],"predecessor-version":[{"id":1231,"href":"https:\/\/shatranj.art\/gl\/wp-json\/wp\/v2\/pages\/986\/revisions\/1231"}],"up":[{"embeddable":true,"href":"https:\/\/shatranj.art\/gl\/wp-json\/wp\/v2\/pages\/743"}],"wp:attachment":[{"href":"https:\/\/shatranj.art\/gl\/wp-json\/wp\/v2\/media?parent=986"}],"curies":[{"name":"wp","href":"https:\/\/api.w.org\/{rel}","templated":true}]}}