{"id":1053,"date":"2026-02-22T18:09:29","date_gmt":"2026-02-22T18:09:29","guid":{"rendered":"https:\/\/shatranj.art\/?page_id=1053"},"modified":"2026-02-23T05:20:05","modified_gmt":"2026-02-23T05:20:05","slug":"poster-28","status":"publish","type":"page","link":"https:\/\/shatranj.art\/gu\/exhibit\/poster-28\/","title":{"rendered":"\u0aaa\u0acb\u0ab8\u0acd\u0a9f\u0ab0 28"},"content":{"rendered":"<div data-elementor-type=\"wp-page\" data-elementor-id=\"1053\" class=\"elementor elementor-1053\" data-elementor-post-type=\"page\">\n\t\t\t\t<div class=\"elementor-element elementor-element-0bbd3b8 e-flex e-con-boxed e-con e-parent\" data-id=\"0bbd3b8\" data-element_type=\"container\" data-e-type=\"container\" data-settings=\"{&quot;background_background&quot;:&quot;classic&quot;}\">\n\t\t\t\t\t<div class=\"e-con-inner\">\n\t\t<div class=\"elementor-element elementor-element-c1f4b02 e-con-full e-flex e-con e-child\" data-id=\"c1f4b02\" data-element_type=\"container\" data-e-type=\"container\">\n\t\t\t\t<div class=\"elementor-element elementor-element-be9a805 elementor-widget__width-initial elementor-widget elementor-widget-image\" data-id=\"be9a805\" data-element_type=\"widget\" data-e-type=\"widget\" data-widget_type=\"image.default\">\n\t\t\t\t<div class=\"elementor-widget-container\">\n\t\t\t\t\t\t\t\t\t\t\t\t\t\t\t<img fetchpriority=\"high\" decoding=\"async\" width=\"683\" height=\"1024\" src=\"https:\/\/shatranj.art\/wp-content\/uploads\/2026\/02\/28-683x1024.jpg\" class=\"attachment-large size-large wp-image-1059\" alt=\"\" srcset=\"https:\/\/shatranj.art\/wp-content\/uploads\/2026\/02\/28-683x1024.jpg 683w, https:\/\/shatranj.art\/wp-content\/uploads\/2026\/02\/28-200x300.jpg 200w, https:\/\/shatranj.art\/wp-content\/uploads\/2026\/02\/28-768x1152.jpg 768w, https:\/\/shatranj.art\/wp-content\/uploads\/2026\/02\/28-1024x1536.jpg 1024w, https:\/\/shatranj.art\/wp-content\/uploads\/2026\/02\/28.jpg 1249w\" sizes=\"(max-width: 683px) 100vw, 683px\" \/>\t\t\t\t\t\t\t\t\t\t\t\t\t\t\t<\/div>\n\t\t\t\t<\/div>\n\t\t\t\t<div class=\"elementor-element elementor-element-b42301a elementor-widget__width-initial elementor-widget-tablet__width-inherit elementor-widget elementor-widget-text-editor\" data-id=\"b42301a\" data-element_type=\"widget\" data-e-type=\"widget\" data-widget_type=\"text-editor.default\">\n\t\t\t\t<div class=\"elementor-widget-container\">\n\t\t\t\t\t\t\t\t\t<p><b>\u015eah\u00ee \u0ab8\u0ac7\u0a9f: \u0ab0\u0ac7\u0a9c\u0aa8\u0acd\u0ab8\u0ac0 \u0aab\u0abf\u0ab2\u0abf\u0aa1\u0acb\u0ab0 \u0aaa\u0abe\u0a89\u0aa8<\/b><\/p><p>\u00a0<\/p><p>\u0a95\u0acb\u0aab\u0ac0 \u0a85\u0aa8\u0ac7 \u0a95\u0ac7\u0aab\u0ac7\u0aa8\u0ac0 \u0ab5\u0acd\u0aaf\u0abe\u0aaa\u0a95\u0aa4\u0abe \u0ab6\u0aa4\u0ab0\u0a82\u0a9c\u0aa8\u0abe \u0ab5\u0abf\u0a95\u0abe\u0ab8 \u0ab8\u0abe\u0aa5\u0ac7 \u0a97\u0abe\u0aa2 \u0ab0\u0ac0\u0aa4\u0ac7 \u0a9c\u0acb\u0aa1\u0abe\u0aaf\u0ac7\u0ab2\u0ac0 \u0a9b\u0ac7.   \u0ab0\u0ac7\u0a9c\u0ac7\u0aa8\u0acd\u0ab8 \u0aab\u0abf\u0ab2\u0abf\u0aa1\u0acb\u0ab0 \u0aaa\u0abe\u0a89\u0aa8 \u0aaa\u0acd\u0ab0\u0aac\u0acb\u0aa7\u0aa8 \u0aaf\u0ac1\u0a97 \u0aa6\u0ab0\u0aae\u0abf\u0aaf\u0abe\u0aa8 \u0aaa\u0ac7\u0ab0\u0abf\u0ab8-\u0ab0\u0ac7\u0a9c\u0ac7\u0aa8\u0acd\u0ab8 \u0a95\u0ac7\u0aab\u0ac7\u0aae\u0abe\u0a82 \u0a89\u0aaa\u0aaf\u0acb\u0a97\u0aae\u0abe\u0a82 \u0ab2\u0ac7\u0ab5\u0abe\u0aa4\u0ac0 \u0aaa\u0acd\u0ab0\u0abe\u0aae\u0abe\u0aa3\u0abf\u0a95 \u0ab6\u0aa4\u0ab0\u0a82\u0a9c \u0ab8\u0ac7\u0a9f \u0a85\u0aa8\u0ac7 \u0aa4\u0ac7 \u0ab8\u0aae\u0aaf\u0aa8\u0abe \u0ab8\u0acc\u0aa5\u0ac0 \u0ab6\u0a95\u0acd\u0aa4\u0abf\u0ab6\u0abe\u0ab3\u0ac0 \u0a96\u0ac7\u0ab2\u0abe\u0aa1\u0ac0 \u0aab\u0abf\u0ab2\u0abf\u0aa1\u0acb\u0ab0\u0aa8\u0ac0 \u0aaa\u0acd\u0ab0\u0ab8\u0abf\u0aa6\u0acd\u0aa7 \u0ab5\u0abe\u0a95\u0acd\u0aaf \u201c\u0aaa\u0abe\u0a89\u0aa8\u0acd\u0ab8 \u0ab6\u0aa4\u0ab0\u0a82\u0a9c\u0aa8\u0ac0 \u0a86\u0aa4\u0acd\u0aae\u0abe \u0a9b\u0ac7\" \u0aaa\u0ab0\u0aa5\u0ac0 \u0aaa\u0acd\u0ab0\u0ac7\u0ab0\u0abf\u0aa4 \u0a9b\u0ac7.<\/p><p>\u00a0<\/p><p>\u0aaa\u0abe\u0a89\u0aa8\u0aa8\u0ac0 \u0ab0\u0a9a\u0aa8\u0abe \u0ab6\u0aa4\u0ab0\u0a82\u0a9c\u0aa8\u0ac0 \u0ab0\u0aae\u0aa4\u0aa8\u0abe \u0aaa\u0acd\u0ab0\u0ab5\u0abe\u0ab9\u0aa8\u0ac7 \u0aa8\u0abf\u0ab0\u0acd\u0aa7\u0abe\u0ab0\u0abf\u0aa4 \u0a95\u0ab0\u0aa4\u0ac0 \u0ab8\u0acc\u0aa5\u0ac0 \u0aae\u0ab9\u0aa4\u0acd\u0ab5\u0aaa\u0ac2\u0ab0\u0acd\u0aa3 \u0aae\u0abe\u0aaa\u0aa6\u0a82\u0aa1\u0acb\u0aae\u0abe\u0a82\u0aa8\u0ac0 \u0a8f\u0a95 \u0a9b\u0ac7, \u0a85\u0aa8\u0ac7 \u0a98\u0aa3\u0ac0 \u0ab8\u0acd\u0aa5\u0abf\u0aa4\u0abf\u0a93 \u0aaa\u0abe\u0a89\u0aa8\u0aa8\u0ac0 \u0ab0\u0a9a\u0aa8\u0abe\u0aa8\u0abe \u0a86\u0aa7\u0abe\u0ab0\u0ac7 \u0ab5\u0ab0\u0acd\u0a97\u0ac0\u0a95\u0ac3\u0aa4 \u0a95\u0ab0\u0ab5\u0abe\u0aae\u0abe\u0a82 \u0a86\u0ab5\u0ac7 \u0a9b\u0ac7. \u0aab\u0abf\u0ab2\u0abf\u0aa1\u0acb\u0ab0, \u0a8f\u0a95 \u0a93\u0aaa\u0ac7\u0ab0\u0abe \u0ab0\u0a9a\u0aa8\u0abe\u0a95\u0abe\u0ab0 \u0a85\u0aa8\u0ac7 '\u0a9f\u0ab0\u0acd\u0a95' \u0aa8\u0abe\u0aae\u0aa8\u0ac0 \u0aaa\u0acd\u0ab0\u0ab8\u0abf\u0aa6\u0acd\u0aa7 \u0ab6\u0aa4\u0ab0\u0a82\u0a9c\u0aa8\u0ac0 \u0aaf\u0abe\u0a82\u0aa4\u0acd\u0ab0\u0abf\u0a95 \u0ab0\u0aae\u0a95\u0aa1\u0ac1\u0a82 \u0ab9\u0ab0\u0abe\u0ab5\u0aa8\u0abe\u0ab0\u0abe \u0aa5\u0acb\u0aa1\u0abe \u0a96\u0ac7\u0ab2\u0abe\u0aa1\u0ac0\u0a93\u0aae\u0abe\u0a82\u0aa8\u0abe \u0a8f\u0a95, \u0ab8\u0abe\u0aae\u0abe\u0aa8\u0acd\u0aaf \u0aa8\u0abe\u0a97\u0ab0\u0abf\u0a95\u0acb\u0aa8\u0ac7 \u0ab8\u0aae\u0abe\u0a9c\u0aa8\u0ac0 \u0aaa\u0abe\u0aaf\u0abe\u0aa8\u0ac0 \u0ab6\u0abf\u0ab2\u0abe \u0a85\u0aa8\u0ac7 \u0a86\u0aa4\u0acd\u0aae\u0abe \u0aa4\u0ab0\u0ac0\u0a95\u0ac7 \u0aae\u0ab9\u0aa4\u0acd\u0ab5 \u0a86\u0aaa\u0aa4\u0acb.<\/p>\t\t\t\t\t\t\t\t<\/div>\n\t\t\t\t<\/div>\n\t\t\t\t<div class=\"elementor-element elementor-element-080136b elementor-widget__width-initial elementor-widget elementor-widget-image\" data-id=\"080136b\" data-element_type=\"widget\" data-e-type=\"widget\" data-widget_type=\"image.default\">\n\t\t\t\t<div class=\"elementor-widget-container\">\n\t\t\t\t\t\t\t\t\t\t\t\t\t\t\t<img decoding=\"async\" width=\"683\" height=\"1024\" src=\"https:\/\/shatranj.art\/wp-content\/uploads\/2026\/02\/28-1-683x1024.jpg\" class=\"attachment-large size-large wp-image-1060\" alt=\"\" srcset=\"https:\/\/shatranj.art\/wp-content\/uploads\/2026\/02\/28-1-683x1024.jpg 683w, https:\/\/shatranj.art\/wp-content\/uploads\/2026\/02\/28-1-200x300.jpg 200w, https:\/\/shatranj.art\/wp-content\/uploads\/2026\/02\/28-1-768x1152.jpg 768w, https:\/\/shatranj.art\/wp-content\/uploads\/2026\/02\/28-1-1024x1536.jpg 1024w, https:\/\/shatranj.art\/wp-content\/uploads\/2026\/02\/28-1.jpg 1262w\" sizes=\"(max-width: 683px) 100vw, 683px\" \/>\t\t\t\t\t\t\t\t\t\t\t\t\t\t\t<\/div>\n\t\t\t\t<\/div>\n\t\t\t\t<\/div>\n\t\t<div class=\"elementor-element elementor-element-94f3877 e-con-full e-flex e-con e-child\" data-id=\"94f3877\" data-element_type=\"container\" data-e-type=\"container\">\n\t\t<div class=\"elementor-element elementor-element-da14b56 e-con-full e-flex e-con e-child\" data-id=\"da14b56\" data-element_type=\"container\" data-e-type=\"container\">\n\t\t\t\t<div class=\"elementor-element elementor-element-3478291 elementor-widget elementor-widget-image\" data-id=\"3478291\" data-element_type=\"widget\" data-e-type=\"widget\" data-widget_type=\"image.default\">\n\t\t\t\t<div class=\"elementor-widget-container\">\n\t\t\t\t\t\t\t\t\t\t\t\t\t\t\t<img decoding=\"async\" width=\"800\" height=\"648\" src=\"https:\/\/shatranj.art\/wp-content\/uploads\/2026\/02\/28-2-1024x829.jpg\" class=\"attachment-large size-large wp-image-1064\" alt=\"\" srcset=\"https:\/\/shatranj.art\/wp-content\/uploads\/2026\/02\/28-2-1024x829.jpg 1024w, https:\/\/shatranj.art\/wp-content\/uploads\/2026\/02\/28-2-300x243.jpg 300w, https:\/\/shatranj.art\/wp-content\/uploads\/2026\/02\/28-2-768x622.jpg 768w, https:\/\/shatranj.art\/wp-content\/uploads\/2026\/02\/28-2-1536x1244.jpg 1536w, https:\/\/shatranj.art\/wp-content\/uploads\/2026\/02\/28-2.jpg 1973w\" sizes=\"(max-width: 800px) 100vw, 800px\" \/>\t\t\t\t\t\t\t\t\t\t\t\t\t\t\t<\/div>\n\t\t\t\t<\/div>\n\t\t\t\t<div class=\"elementor-element elementor-element-3621f13 elementor-widget-tablet__width-inherit elementor-widget elementor-widget-text-editor\" data-id=\"3621f13\" data-element_type=\"widget\" data-e-type=\"widget\" data-widget_type=\"text-editor.default\">\n\t\t\t\t<div class=\"elementor-widget-container\">\n\t\t\t\t\t\t\t\t\t<p><span style=\"font-weight: 400;\">\u0aac\u0a97\u0aa6\u0abe\u0aa6\u0aa8\u0ac0 \u0a85\u0aac\u0acd\u0aac\u0abe\u0ab8\u0abf\u0aa6 \u0aaf\u0ac1\u0a97\u0aa8\u0ac0 \u0a8f\u0a95 \u0ab6\u0aa4\u0ab0\u0a82\u0a9c\u0aa8\u0ac0 \u0aaa\u0abe\u0a89\u0aa8, \u0a9c\u0ac7\u0aae\u0abe\u0a82 \u0ab5\u0abf\u0ab6\u0abf\u0ab7\u0acd\u0a9f \u0a9c\u0acd\u0aaf\u0acb\u0aae\u0ac7\u0a9f\u0acd\u0ab0\u0abf\u0a95 \u0a86\u0a95\u0abe\u0ab0 \u0a85\u0aa8\u0ac7 \u0ab8\u0ac1\u0a82\u0aa6\u0ab0 \u0ab8\u0aaa\u0abe\u0a9f\u0ac0 \u0aaa\u0ab0\u0aa8\u0ac0 \u0a96\u0acb\u0aa6\u0a95\u0abe\u0aae\u0acb \u0a9b\u0ac7. \u0a86 \u0a9f\u0ac1\u0a95\u0aa1\u0acb \u0aaf\u0ac1\u0a97\u0aa8\u0ac0 \u0ab8\u0ac1\u0a95\u0acd\u0ab7\u0acd\u0aae \u0a95\u0abe\u0ab0\u0ac0\u0a97\u0ab0\u0ac0\u0aa8\u0ac7 \u0aaa\u0acd\u0ab0\u0aa4\u0abf\u0aac\u0abf\u0a82\u0aac\u0abf\u0aa4 \u0a95\u0ab0\u0ac7 \u0a9b\u0ac7 \u0a85\u0aa8\u0ac7 \u0aa4\u0ac7\u0aa8\u0abe \u0a85\u0aa8\u0aa8\u0acd\u0aaf, \u0ab5\u0abf\u0a97\u0aa4\u0ab5\u0abe\u0ab0 \u0aa1\u0abf\u0a9d\u0abe\u0a87\u0aa8 \u0aa6\u0acd\u0ab5\u0abe\u0ab0\u0abe \u0aaa\u0abe\u0a89\u0aa8\u0aa8\u0ac0 \u0ab5\u0acd\u0aaf\u0ac2\u0ab9\u0abe\u0aa4\u0acd\u0aae\u0a95 \u0aae\u0ab9\u0aa4\u0acd\u0ab5\u0aa4\u0abe\u0aa8\u0ac7 \u0a89\u0a9c\u0abe\u0a97\u0ab0 \u0a95\u0ab0\u0ac7 \u0a9b\u0ac7.<\/span><\/p>\t\t\t\t\t\t\t\t<\/div>\n\t\t\t\t<\/div>\n\t\t\t\t<\/div>\n\t\t<div class=\"elementor-element elementor-element-3a10b69 e-con-full e-flex e-con e-child\" data-id=\"3a10b69\" data-element_type=\"container\" data-e-type=\"container\">\n\t\t\t\t<div class=\"elementor-element elementor-element-9fad6d9 elementor-widget elementor-widget-image\" data-id=\"9fad6d9\" data-element_type=\"widget\" data-e-type=\"widget\" data-widget_type=\"image.default\">\n\t\t\t\t<div class=\"elementor-widget-container\">\n\t\t\t\t\t\t\t\t\t\t\t\t\t\t\t<img loading=\"lazy\" decoding=\"async\" width=\"768\" height=\"1024\" src=\"https:\/\/shatranj.art\/wp-content\/uploads\/2026\/02\/28-3-768x1024.jpg\" class=\"attachment-large size-large wp-image-1061\" alt=\"\" srcset=\"https:\/\/shatranj.art\/wp-content\/uploads\/2026\/02\/28-3-768x1024.jpg 768w, https:\/\/shatranj.art\/wp-content\/uploads\/2026\/02\/28-3-225x300.jpg 225w, https:\/\/shatranj.art\/wp-content\/uploads\/2026\/02\/28-3-1152x1536.jpg 1152w, https:\/\/shatranj.art\/wp-content\/uploads\/2026\/02\/28-3.jpg 1195w\" sizes=\"(max-width: 768px) 100vw, 768px\" \/>\t\t\t\t\t\t\t\t\t\t\t\t\t\t\t<\/div>\n\t\t\t\t<\/div>\n\t\t\t\t<div class=\"elementor-element elementor-element-7ad603d elementor-widget-tablet__width-inherit elementor-widget elementor-widget-text-editor\" data-id=\"7ad603d\" data-element_type=\"widget\" data-e-type=\"widget\" data-widget_type=\"text-editor.default\">\n\t\t\t\t<div class=\"elementor-widget-container\">\n\t\t\t\t\t\t\t\t\t<p><b>1820 \u0aad\u0abe\u0ab0\u0aa4 \u0aaa\u0abe\u0aaf\u0acb\u0aa8 \u0aaa\u0aa5\u0acd\u0aa5\u0ab0<\/b> <span style=\"font-weight: 400;\"><br \/><\/span><span style=\"font-weight: 400;\"><br \/><\/span><span style=\"font-weight: 400;\">\u0aaa\u0abe\u0ab0\u0a82\u0aaa\u0ab0\u0abf\u0a95 \u0ab9\u0abf\u0a82\u0aa6\u0ac1\u0ab8\u0acd\u0aa4\u0abe\u0aa8\u0ac0 \u0ab5\u0ab8\u0acd\u0aa4\u0acd\u0ab0\u0acb \u0a85\u0aa8\u0ac7 \u0a8d\u0a95\u0acd\u0ab8\u0ac7\u0ab8\u0ab0\u0ac0\u0a9d\u0aae\u0abe\u0a82 \u0ab8\u0a9c\u0abe\u0ab5\u0ac7\u0ab2\u0ac0 1820\u0aa8\u0ac0 \u0ab5\u0ab0\u0acd\u0ab7\u0aa8\u0ac0 \u0a86\u0a95\u0ac3\u0aa4\u0abf\u0aae\u0aaf \u0ab6\u0aa4\u0ab0\u0a82\u0a9c\u0aa8\u0ac0 \u0aaa\u0abe\u0a88\u0a93. \u0a86 \u0a9f\u0ac1\u0a95\u0aa1\u0acb 19\u0aae\u0ac0 \u0ab8\u0aa6\u0ac0\u0aa8\u0abe \u0aad\u0abe\u0ab0\u0aa4\u0aae\u0abe\u0a82\u0aa8\u0abe \u0ab8\u0abe\u0a82\u0ab8\u0acd\u0a95\u0ac3\u0aa4\u0abf\u0a95 \u0aa4\u0aa4\u0acd\u0ab5\u0acb \u0a85\u0aa8\u0ac7 \u0aa4\u0ac7 \u0ab8\u0aae\u0aaf\u0ac7 \u0ab6\u0aa4\u0ab0\u0a82\u0a9c \u0ab8\u0ac7\u0a9f\u0acb\u0aae\u0abe\u0a82 \u0ab5\u0acd\u0aaf\u0abe\u0aaa\u0a95 \u0ab0\u0ab9\u0ac7\u0ab2\u0abe \u0ab5\u0abe\u0ab8\u0acd\u0aa4\u0ab5\u0abf\u0a95 \u0aa1\u0abf\u0a9d\u0abe\u0a87\u0aa8 \u0aa6\u0ac3\u0ab7\u0acd\u0a9f\u0abf\u0a95\u0acb\u0aa3\u0aa8\u0ac7 \u0aaa\u0acd\u0ab0\u0aa4\u0abf\u0aac\u0abf\u0a82\u0aac\u0abf\u0aa4 \u0a95\u0ab0\u0ac7 \u0a9b\u0ac7.<\/span><\/p>\t\t\t\t\t\t\t\t<\/div>\n\t\t\t\t<\/div>\n\t\t\t\t<\/div>\n\t\t<div class=\"elementor-element elementor-element-926e3bd e-con-full e-flex e-con e-child\" data-id=\"926e3bd\" data-element_type=\"container\" data-e-type=\"container\">\n\t\t\t\t<div class=\"elementor-element elementor-element-8fc6637 elementor-widget elementor-widget-image\" data-id=\"8fc6637\" data-element_type=\"widget\" data-e-type=\"widget\" data-widget_type=\"image.default\">\n\t\t\t\t<div class=\"elementor-widget-container\">\n\t\t\t\t\t\t\t\t\t\t\t\t\t\t\t<img loading=\"lazy\" decoding=\"async\" width=\"800\" height=\"498\" src=\"https:\/\/shatranj.art\/wp-content\/uploads\/2026\/02\/28-5-1024x637.jpg\" class=\"attachment-large size-large wp-image-1062\" alt=\"\" srcset=\"https:\/\/shatranj.art\/wp-content\/uploads\/2026\/02\/28-5-1024x637.jpg 1024w, https:\/\/shatranj.art\/wp-content\/uploads\/2026\/02\/28-5-300x187.jpg 300w, https:\/\/shatranj.art\/wp-content\/uploads\/2026\/02\/28-5-768x478.jpg 768w, https:\/\/shatranj.art\/wp-content\/uploads\/2026\/02\/28-5-1536x955.jpg 1536w, https:\/\/shatranj.art\/wp-content\/uploads\/2026\/02\/28-5.jpg 1835w\" sizes=\"(max-width: 800px) 100vw, 800px\" \/>\t\t\t\t\t\t\t\t\t\t\t\t\t\t\t<\/div>\n\t\t\t\t<\/div>\n\t\t\t\t<div class=\"elementor-element elementor-element-ea860c4 elementor-widget-tablet__width-inherit elementor-widget elementor-widget-text-editor\" data-id=\"ea860c4\" data-element_type=\"widget\" data-e-type=\"widget\" data-widget_type=\"text-editor.default\">\n\t\t\t\t<div class=\"elementor-widget-container\">\n\t\t\t\t\t\t\t\t\t<p><b>\u0aab\u0acd\u0ab0\u0ac7\u0aa8\u0acd\u0a9a \u0ab0\u0ac7\u0a9c\u0aa8\u0acd\u0ab8\u0ac0 \u0aaa\u0abe\u0aa8<\/b> <span style=\"font-weight: 400;\"><br \/><\/span><span style=\"font-weight: 400;\"><br \/><\/span><span style=\"font-weight: 400;\">18\u0aae\u0ac0 \u0ab8\u0aa6\u0ac0\u0aa8\u0ac0 \u0aad\u0ab5\u0acd\u0aaf \u0ab8\u0acc\u0a82\u0aa6\u0ab0\u0acd\u0aaf\u0aa6\u0ac3\u0ab7\u0acd\u0a9f\u0abf\u0aa8\u0ac7 \u0aaa\u0acd\u0ab0\u0aa4\u0abf\u0aac\u0abf\u0a82\u0aac\u0abf\u0aa4 \u0a95\u0ab0\u0aa4\u0ac0 \u0aab\u0acd\u0ab0\u0ac7\u0aa8\u0acd\u0a9a \u0ab0\u0ac0\u0a9c\u0aa8\u0acd\u0ab8\u0ac0 \u0aaa\u0abe\u0aa8 \u0aab\u0abf\u0ab2\u0abf\u0aa1\u0acb\u0ab0\u0aa8\u0ac0 \u0aaa\u0acd\u0ab0\u0ab8\u0abf\u0aa6\u0acd\u0aa7 \u0ab8\u0abf\u0aa6\u0acd\u0aa7\u0abe\u0a82\u0aa4 \u201c\u0aaa\u0abe\u0aa8 \u0a8f \u0ab6\u0637\u0631\u0a82\u0a9c\u0aa8\u0ac0 \u0a86\u0aa4\u0acd\u0aae\u0abe \u0a9b\u0ac7\u201d \u0aa8\u0ac7 \u0aae\u0ac2\u0ab0\u0acd\u0aa4\u0abf\u0aae\u0a82\u0aa4 \u0a95\u0ab0\u0ac7 \u0a9b\u0ac7. \u0a86 \u0ab6\u0ac8\u0ab2\u0ac0\u0aa8\u0ac7 \u0ab2\u0acb\u0a95\u0aaa\u0acd\u0ab0\u0abf\u0aaf \u0aac\u0aa8\u0abe\u0ab5\u0ab5\u0abe\u0aae\u0abe\u0a82 \u0aab\u0abf\u0ab2\u0abf\u0aa1\u0acb\u0ab0\u0aa8\u0acb \u0aae\u0acb\u0a9f\u0acb \u0aaf\u0acb\u0a97\u0aa6\u0abe\u0aa8 \u0ab0\u0ab9\u0acd\u0aaf\u0acb, \u0a85\u0aa8\u0ac7 \u201c\u0aae\u0ac7\u0a95\u0ac7\u0aa8\u0abf\u0a95\u0ab2 \u0a9f\u0ab0\u0acd\u0a95\u201d \u0aa8\u0abe\u0aae\u0aa8\u0ac0 \u0a9a\u0ac7\u0ab8 \u0a93\u0a9f\u0acb\u0aae\u0ac7\u0a9f\u0aa8\u0aa8\u0ac7 \u0ab9\u0ab0\u0abe\u0ab5\u0ac0\u0aa8\u0ac7 \u0aa4\u0ac7\u0aae\u0aa3\u0ac7 \u0ab0\u0aae\u0aa4 \u0a85\u0aa8\u0ac7 \u0aa4\u0ac7 \u0ab8\u0aae\u0aaf\u0aa8\u0ac0 \u0aaa\u0acd\u0ab0\u0ab8\u0abf\u0aa6\u0acd\u0aa7 \u0aad\u0acd\u0ab0\u0abe\u0aae\u0a95 \u0ab0\u0a9a\u0aa8\u0abe\u0a93 \u0aac\u0a82\u0aa8\u0ac7\u0aae\u0abe\u0a82 \u0aaa\u0acb\u0aa4\u0abe\u0aa8\u0ac0 \u0a95\u0ac1\u0ab6\u0ab3\u0aa4\u0abe \u0ab8\u0abe\u0aac\u0abf\u0aa4 \u0a95\u0ab0\u0ac0.<\/span><\/p>\t\t\t\t\t\t\t\t<\/div>\n\t\t\t\t<\/div>\n\t\t\t\t<\/div>\n\t\t\t\t<\/div>\n\t\t\t\t\t<\/div>\n\t\t\t\t<\/div>\n\t\t\t\t<\/div>","protected":false},"excerpt":{"rendered":"<p>The \u015eah\u00ee Set: Regency Philidor Pawn \u00a0 The spread of coffee and caf\u00e9s intertwines with the evolution of chess. The R\u00e9gence Philidor pawn is inspired by the authentic chess set from Paris-R\u00e9gence caf\u00e9 during the Age of Enlightenment and the famous phrase by the era&#8217;s strongest player, Philidor: &#8220;Pawns are the soul of chess. \u00a0 [&hellip;]<\/p>\n","protected":false},"author":1,"featured_media":0,"parent":743,"menu_order":0,"comment_status":"closed","ping_status":"closed","template":"","meta":{"footnotes":""},"class_list":["post-1053","page","type-page","status-publish","hentry"],"_links":{"self":[{"href":"https:\/\/shatranj.art\/gu\/wp-json\/wp\/v2\/pages\/1053","targetHints":{"allow":["GET"]}}],"collection":[{"href":"https:\/\/shatranj.art\/gu\/wp-json\/wp\/v2\/pages"}],"about":[{"href":"https:\/\/shatranj.art\/gu\/wp-json\/wp\/v2\/types\/page"}],"author":[{"embeddable":true,"href":"https:\/\/shatranj.art\/gu\/wp-json\/wp\/v2\/users\/1"}],"replies":[{"embeddable":true,"href":"https:\/\/shatranj.art\/gu\/wp-json\/wp\/v2\/comments?post=1053"}],"version-history":[{"count":10,"href":"https:\/\/shatranj.art\/gu\/wp-json\/wp\/v2\/pages\/1053\/revisions"}],"predecessor-version":[{"id":1252,"href":"https:\/\/shatranj.art\/gu\/wp-json\/wp\/v2\/pages\/1053\/revisions\/1252"}],"up":[{"embeddable":true,"href":"https:\/\/shatranj.art\/gu\/wp-json\/wp\/v2\/pages\/743"}],"wp:attachment":[{"href":"https:\/\/shatranj.art\/gu\/wp-json\/wp\/v2\/media?parent=1053"}],"curies":[{"name":"wp","href":"https:\/\/api.w.org\/{rel}","templated":true}]}}