{"id":809,"date":"2026-02-21T19:53:54","date_gmt":"2026-02-21T19:53:54","guid":{"rendered":"https:\/\/shatranj.art\/?page_id=809"},"modified":"2026-03-18T00:05:44","modified_gmt":"2026-03-18T00:05:44","slug":"poster-7","status":"publish","type":"page","link":"https:\/\/shatranj.art\/gu\/exhibit\/poster-7\/","title":{"rendered":"\u0aaa\u0acb\u0ab8\u0acd\u0a9f\u0ab0 7"},"content":{"rendered":"<div data-elementor-type=\"wp-page\" data-elementor-id=\"809\" class=\"elementor elementor-809\" data-elementor-post-type=\"page\">\n\t\t\t\t<div class=\"elementor-element elementor-element-fa6cd04 e-flex e-con-boxed e-con e-parent\" data-id=\"fa6cd04\" data-element_type=\"container\" data-e-type=\"container\" data-settings=\"{&quot;background_background&quot;:&quot;classic&quot;}\">\n\t\t\t\t\t<div class=\"e-con-inner\">\n\t\t\t\t<div class=\"elementor-element elementor-element-5c7bc28 elementor-widget elementor-widget-image\" data-id=\"5c7bc28\" data-element_type=\"widget\" data-e-type=\"widget\" data-widget_type=\"image.default\">\n\t\t\t\t<div class=\"elementor-widget-container\">\n\t\t\t\t\t\t\t\t\t\t\t\t\t\t\t<img fetchpriority=\"high\" decoding=\"async\" width=\"1968\" height=\"1288\" src=\"https:\/\/shatranj.art\/wp-content\/uploads\/2026\/02\/7.jpg\" class=\"attachment-full size-full wp-image-812\" alt=\"\" srcset=\"https:\/\/shatranj.art\/wp-content\/uploads\/2026\/02\/7.jpg 1968w, https:\/\/shatranj.art\/wp-content\/uploads\/2026\/02\/7-300x196.jpg 300w, https:\/\/shatranj.art\/wp-content\/uploads\/2026\/02\/7-1024x670.jpg 1024w, https:\/\/shatranj.art\/wp-content\/uploads\/2026\/02\/7-768x503.jpg 768w, https:\/\/shatranj.art\/wp-content\/uploads\/2026\/02\/7-1536x1005.jpg 1536w\" sizes=\"(max-width: 1968px) 100vw, 1968px\" \/>\t\t\t\t\t\t\t\t\t\t\t\t\t\t\t<\/div>\n\t\t\t\t<\/div>\n\t\t\t\t<div class=\"elementor-element elementor-element-a06796b elementor-widget elementor-widget-text-editor\" data-id=\"a06796b\" data-element_type=\"widget\" data-e-type=\"widget\" data-widget_type=\"text-editor.default\">\n\t\t\t\t<div class=\"elementor-widget-container\">\n\t\t\t\t\t\t\t\t\t<h3><b>\u0aaa\u0acd\u0ab0\u0aac\u0acb\u0aa7\u0aa8\u0a95\u0abe\u0ab3\u0aa8\u0ac0 \u0ab8\u0acc\u0a82\u0aa6\u0ab0\u0acd\u0aaf\u0ab6\u0abe\u0ab8\u0acd\u0aa4\u0acd\u0ab0: \u0aab\u0abf\u0ab2\u0abf\u0aa1\u0acb\u0ab0 \u0a85\u0aa8\u0ac7 \u0aa8\u0ac7\u0aaa\u0acb\u0ab2\u0abf\u0aaf\u0aa8\u0aa8\u0ac0 \u0ab0\u0ac7\u0a9c\u0aa8\u0acd\u0ab8 \u0ab5\u0abe\u0ab0\u0ab8\u0acb<\/b><\/h3><p>\u0a9a\u0ac7\u0ab8\u0aa8\u0abe \u0a87\u0aa4\u0abf\u0ab9\u0abe\u0ab8\u0aae\u0abe\u0a82 \u0ab8\u0acc\u0aa5\u0ac0 \u0aaa\u0acd\u0ab0\u0aa4\u0abf\u0ab7\u0acd\u0aa0\u0abf\u0aa4 \u0a85\u0aa8\u0ac7 \u0aaa\u0acd\u0ab0\u0aa4\u0ac0\u0a95\u0abe\u0aa4\u0acd\u0aae\u0a95 \u0aa1\u0abf\u0a9d\u0abe\u0a87\u0aa8\u0acb\u0aae\u0abe\u0a82\u0aa8\u0ac0 \u0a8f\u0a95 \u0aa4\u0ab0\u0ac0\u0a95\u0ac7, \u0ab0\u0ac7\u0a9c\u0ac7\u0aa8\u0acd\u0ab8 \u0ab6\u0ac8\u0ab2\u0ac0\u0aa8\u0ac1\u0a82 \u0aa8\u0abe\u0aae \u0aaa\u0ac7\u0ab0\u0abf\u0ab8\u0aa8\u0ac0 \u0aa6\u0a82\u0aa4\u0a95\u0aa5\u0abe\u0aa4\u0acd\u0aae\u0a95 \u0a95\u0ac7\u0aab\u0ac7 \u0aa6\u0ac7 \u0ab2\u0abe \u0ab0\u0ac7\u0a9c\u0ac7\u0aa8\u0acd\u0ab8 \u0aaa\u0ab0\u0aa5\u0ac0 \u0ab2\u0ac7\u0ab5\u0abe\u0aae\u0abe\u0a82 \u0a86\u0ab5\u0acd\u0aaf\u0ac1\u0a82 \u0a9b\u0ac7. \u0a86 \u0ab8\u0ac7\u0a9f\u0acd\u0ab8 \u0aa4\u0ac7 \u0aaf\u0ac1\u0a97\u0aa8\u0ac1\u0a82 \u0aaa\u0acd\u0ab0\u0aa4\u0abf\u0aa8\u0abf\u0aa7\u0abf\u0aa4\u0acd\u0ab5 \u0a95\u0ab0\u0ac7 \u0a9b\u0ac7 \u0a9c\u0acd\u0aaf\u0abe\u0ab0\u0ac7 \u0a9a\u0ac7\u0ab8 \u0ab6\u0abe\u0ab9\u0ac0 \u0aa6\u0ab0\u0aac\u0abe\u0ab0\u0acb\u0aae\u0abe\u0a82\u0aa5\u0ac0 \u0aaf\u0ac1\u0ab0\u0acb\u0aaa\u0aa8\u0abe \u0aac\u0ac1\u0aa6\u0acd\u0aa7\u0abf\u0ab6\u0a95\u0acd\u0aa4\u0abf\u0aa8\u0abe \u0a95\u0ac7\u0aa8\u0acd\u0aa6\u0acd\u0ab0\u0aae\u0abe\u0a82 \u0aaa\u0ab9\u0acb\u0a82\u0a9a\u0ac0, \u0aa6\u0abe\u0ab0\u0acd\u0ab6\u0aa8\u0abf\u0a95\u0acb, \u0ab5\u0ac8\u0a9c\u0acd\u0a9e\u0abe\u0aa8\u0abf\u0a95\u0acb \u0a85\u0aa8\u0ac7 \u0a95\u0acd\u0ab0\u0abe\u0a82\u0aa4\u0abf\u0a95\u0abe\u0ab0\u0ac0\u0a93\u0aa8\u0ac0 \u0aae\u0ac7\u0a9c \u0aaa\u0ab0 \u0ab6\u0acb\u0aad\u0abe\u0aaf\u0aae\u0abe\u0aa8 \u0aac\u0aa8\u0acd\u0aaf\u0ac1\u0a82. 18\u0aae\u0ac0 \u0ab8\u0aa6\u0ac0 \u0a85\u0aa8\u0ac7 19\u0aae\u0ac0 \u0ab8\u0aa6\u0ac0\u0aa8\u0abe \u0aae\u0acb\u0a9f\u0abe\u0aad\u0abe\u0a97 \u0aa6\u0ab0\u0aae\u0abf\u0aaf\u0abe\u0aa8, \u0a86 \u0aa1\u0abf\u0a9d\u0abe\u0a87\u0aa8 \u0ab0\u0aae\u0aa4\u0aa8\u0ac0 \u0ab8\u0ab0\u0acd\u0ab5\u0ab5\u0acd\u0aaf\u0abe\u0aaa\u0ac0 \u0aad\u0abe\u0ab7\u0abe \u0aa4\u0ab0\u0ac0\u0a95\u0ac7 \u0ab8\u0ac7\u0ab5\u0abe \u0a86\u0aaa\u0aa4\u0ac0 \u0ab0\u0ab9\u0ac0, \u0a85\u0aa8\u0ac7 \u0aa4\u0ac7\u0aa3\u0ac7 \u0a87\u0aa4\u0abf\u0ab9\u0abe\u0ab8\u0aa8\u0acb \u0aae\u0abe\u0ab0\u0acd\u0a97 \u0aac\u0aa6\u0ab2\u0aa8\u0abe\u0ab0\u0abe \u0aae\u0aa8\u0aa8\u0ac0 \u0ab5\u0acd\u0aaf\u0ac2\u0ab9\u0abe\u0aa4\u0acd\u0aae\u0a95 \u0a9a\u0abe\u0ab2\u0acb\u0aa8\u0ac7 \u0ab8\u0abe\u0a95\u0acd\u0ab7\u0ac0 \u0a86\u0aaa\u0ac0, \u0a9c\u0ac7\u0aae \u0a95\u0ac7 \u0aa8\u0ac7\u0aaa\u0acb\u0ab2\u0abf\u0aaf\u0aa8 \u0aac\u0acb\u0aa8\u0abe\u0aaa\u0abe\u0ab0\u0acd\u0a9f, \u0aac\u0ac7\u0aa8\u0acd\u0a9c\u0abe\u0aae\u0abf\u0aa8 \u0aab\u0acd\u0ab0\u0ac7\u0aa8\u0acd\u0a95\u0ab2\u0abf\u0aa8 \u0a85\u0aa8\u0ac7 \u0ab5\u0acb\u0ab2\u0acd\u0a9f\u0ac7\u092f\u0930.<\/p><p><span style=\"font-weight: 400;\">\u0a86 \u0aaf\u0ac1\u0a97\u0aae\u0abe\u0a82, \u0a9c\u0acd\u0aaf\u0abe\u0ab0\u0ac7 \u0aae\u0ab9\u0abe\u0aa8 \u0aae\u0abe\u0ab8\u0acd\u0a9f\u0ab0 \u0aab\u0acd\u0ab0\u0abe\u0a82\u0ab8\u0acb\u0a86-\u0a86\u0aa8\u0acd\u0aa6\u0acd\u0ab0\u0ac7 \u0aa1\u0ac7\u0aa8\u0abf\u0a95\u0abe\u0aa8 \u0aab\u0abf\u0ab2\u0abf\u0aa1\u0acb\u0ab0\u0ac7 \u0ab0\u0aae\u0aa4\u0aa8\u0ac7 \u0a86\u0aa7\u0ac1\u0aa8\u0abf\u0a95 \u0ab8\u0abf\u0aa6\u0acd\u0aa7\u0abe\u0a82\u0aa4\u0abe\u0aa4\u0acd\u0aae\u0a95 \u0a86\u0aa7\u0abe\u0ab0 \u0aaa\u0ac2\u0ab0\u0acb \u0aaa\u0abe\u0aa1\u0acd\u0aaf\u0acb \u0a85\u0aa8\u0ac7 \u0a9c\u0abe\u0ab9\u0ac7\u0ab0 \u0a95\u0ab0\u0acd\u0aaf\u0ac1\u0a82 \u0a95\u0ac7 <\/span><b>\u201c\u0aaa\u0abe\u0aaf \u0a9a\u0ac7\u0ab8\u0aa8\u0ac0 \u0a86\u0aa4\u0acd\u0aae\u0abe \u0a9b\u0ac7\u201d<\/b> \u0ab0\u0ac7\u0a9c\u0ac7\u0aa8\u0acd\u0ab8\u0aa8\u0abe \u0aaa\u0abe\u0aa4\u0ab3\u0abe, \u0ab8\u0acd\u0aa4\u0ab0\u0ac0\u0aaf \u0a85\u0aa8\u0ac7 \u0ab5\u0abe\u0ab8\u0acd\u0aa4\u0ac1\u0ab6\u0ac8\u0ab2\u0ac0\u0aaf\u0ac1\u0a95\u0acd\u0aa4 \u0ab0\u0ac7\u0a96\u0abe\u0a93 \u0a86 \u0aac\u0acc\u0aa6\u0acd\u0aa7\u0abf\u0a95 \u0a95\u0acd\u0ab0\u0abe\u0a82\u0aa4\u0abf\u0aa8\u0ac1\u0a82 \u0aa6\u0ac3\u0ab6\u0acd\u0aaf\u0ab2\u0a95\u0acd\u0ab7\u0aa3 \u0aac\u0aa8\u0ac0. \u0a86 \u0ab8\u0aae\u0ac2\u0ab9 \u0a9c\u0ac0\u0ab5\u0a82\u0aa4 \u0ab8\u0acd\u0aae\u0ac3\u0aa4\u0abf\u0ab0\u0ac2\u0aaa\u0ac7 \u0a8a\u0aad\u0acb \u0a9b\u0ac7, \u0a9c\u0ac7 \u0aae\u0ac1\u0a95\u0acd\u0aa4, \u0ab8\u0acc\u0aae\u0acd\u0aaf \u0a85\u0aa8\u0ac7 \u0ab5\u0acd\u0aaf\u0ac2\u0ab9\u0abe\u0aa4\u0acd\u0aae\u0a95 \u0aaa\u0acd\u0ab0\u0aac\u0acb\u0aa7\u0aa8\u0a95\u0abe\u0ab3\u0aa8\u0ac0 \u0ab5\u0abe\u0ab0\u0ab8\u0abe\u0aa8\u0ac7 \u0a86\u0a9c \u0ab8\u0ac1\u0aa7\u0ac0 \u0ab5\u0ab9\u0aa8 \u0a95\u0ab0\u0ac7 \u0a9b\u0ac7.<\/p>\t\t\t\t\t\t\t\t<\/div>\n\t\t\t\t<\/div>\n\t\t\t\t<div class=\"elementor-element elementor-element-9452bb3 elementor-widget elementor-widget-image\" data-id=\"9452bb3\" data-element_type=\"widget\" data-e-type=\"widget\" data-widget_type=\"image.default\">\n\t\t\t\t<div class=\"elementor-widget-container\">\n\t\t\t\t\t\t\t\t\t\t\t\t\t\t\t<img decoding=\"async\" width=\"1873\" height=\"1232\" src=\"https:\/\/shatranj.art\/wp-content\/uploads\/2026\/02\/7-1.jpg\" class=\"attachment-full size-full wp-image-813\" alt=\"\" srcset=\"https:\/\/shatranj.art\/wp-content\/uploads\/2026\/02\/7-1.jpg 1873w, https:\/\/shatranj.art\/wp-content\/uploads\/2026\/02\/7-1-300x197.jpg 300w, https:\/\/shatranj.art\/wp-content\/uploads\/2026\/02\/7-1-1024x674.jpg 1024w, https:\/\/shatranj.art\/wp-content\/uploads\/2026\/02\/7-1-768x505.jpg 768w, https:\/\/shatranj.art\/wp-content\/uploads\/2026\/02\/7-1-1536x1010.jpg 1536w\" sizes=\"(max-width: 1873px) 100vw, 1873px\" \/>\t\t\t\t\t\t\t\t\t\t\t\t\t\t\t<\/div>\n\t\t\t\t<\/div>\n\t\t\t\t<div class=\"elementor-element elementor-element-cae2144 elementor-widget elementor-widget-text-editor\" data-id=\"cae2144\" data-element_type=\"widget\" data-e-type=\"widget\" data-widget_type=\"text-editor.default\">\n\t\t\t\t<div class=\"elementor-widget-container\">\n\t\t\t\t\t\t\t\t\t<h3><b>\u0a87\u0ab8\u0acd\u0aa4\u0abe\u0a82\u0aac\u0ac1\u0ab2 \u0a9a\u0ac7\u0ab8 \u0a8f\u0ab8\u0acb\u0ab8\u0abf\u0a8f\u0ab6\u0aa8\u0aa8\u0abe \u0ab8\u0acd\u0aa5\u0abe\u0aaa\u0a95 \u0ab8\u0aad\u0acd\u0aaf \u0aaa\u0acd\u0ab0\u0acb. \u0aa1\u0ac9. \u0a85\u0ab9\u0aae\u0aa4 \u0aa4\u0ac7\u0ab5\u0aab\u0abf\u0a95 \u0aaf\u0ac1\u0ab8\u0ac7\u0ab8\u0acb\u0aaf\u0aa8\u0ac1\u0a82 \u0ab0\u0ac7\u0a9c\u0ac7\u0aa8\u0acd\u0ab8 \u0aae\u0acb\u0aa1\u0ac7\u0ab2 \u0a9a\u0ac7\u0ab8 \u0ab8\u0ac7\u0a9f (\u0aac\u0acb\u0a95\u0acd\u0ab8\u0ab5\u0ac1\u0aa1\u0aae\u0abe\u0a82\u0aa5\u0ac0 \u0aac\u0aa8\u0ac7\u0ab2\u0ac1\u0a82)<\/b><\/h3><p>\u0aa4\u0aae\u0ac7 \u0aa8\u0ac0\u0a9a\u0ac7 A. Do\u011fan G\u00fcnsav \u0aa6\u0acd\u0ab5\u0abe\u0ab0\u0abe Serta\u00e7 Dalk\u0131ran \u0aa8\u0ac7 \u0ab2\u0a96\u0abe\u0aaf\u0ac7\u0ab2 \u0a9a\u0abf\u0aa0\u0acd\u0aa0\u0ac0 \u0ab8\u0abe\u0aa5\u0ac7 \u0a9a\u0ac7\u0ab8 \u0ab8\u0ac7\u0a9f\u0aa8\u0ac0 \u0aa4\u0ab8\u0ab5\u0ac0\u0ab0 \u0a9c\u0acb\u0a88 \u0ab6\u0a95\u0acb \u0a9b\u0acb. G\u00fcnsav \u0a9c\u0aa3\u0abe\u0ab5\u0ac7 \u0a9b\u0ac7 \u0a95\u0ac7 \u0aaa\u0acd\u0ab0\u0acb\u0aab\u0ac7\u0ab8\u0ab0 Yucesoy\u0aa8\u0abe \u0a85\u0ab5\u0ab8\u0abe\u0aa8 \u0aac\u0abe\u0aa6 Yucesoy\u0aa8\u0abe \u0aaa\u0ab0\u0abf\u0ab5\u0abe\u0ab0\u0ac7 \u0aa4\u0ac7\u0aae\u0aa8\u0ac7 \u0a86 \u0a9a\u0ac7\u0ab8 \u0ab8\u0ac7\u0a9f \u0aad\u0ac7\u0a9f\u0aae\u0abe\u0a82 \u0a86\u0aaa\u0acd\u0aaf\u0acb \u0ab9\u0aa4\u0acb.<\/p>\t\t\t\t\t\t\t\t<\/div>\n\t\t\t\t<\/div>\n\t\t\t\t<div class=\"elementor-element elementor-element-60a889e elementor-widget elementor-widget-image\" data-id=\"60a889e\" data-element_type=\"widget\" data-e-type=\"widget\" data-widget_type=\"image.default\">\n\t\t\t\t<div class=\"elementor-widget-container\">\n\t\t\t\t\t\t\t\t\t\t\t\t\t\t\t<img decoding=\"async\" width=\"2560\" height=\"1920\" src=\"https:\/\/shatranj.art\/wp-content\/uploads\/2026\/03\/ISD-Kurucu-uyesi-Prof.-Dr.-Ahmet-Tevfik-Yucesoyun-asirlik-simsir-agacindan-yapilmis-Rejans-Modeli-satranc-takimi-scaled.jpg\" class=\"attachment-full size-full wp-image-1885\" alt=\"\" srcset=\"https:\/\/shatranj.art\/wp-content\/uploads\/2026\/03\/ISD-Kurucu-uyesi-Prof.-Dr.-Ahmet-Tevfik-Yucesoyun-asirlik-simsir-agacindan-yapilmis-Rejans-Modeli-satranc-takimi-scaled.jpg 2560w, https:\/\/shatranj.art\/wp-content\/uploads\/2026\/03\/ISD-Kurucu-uyesi-Prof.-Dr.-Ahmet-Tevfik-Yucesoyun-asirlik-simsir-agacindan-yapilmis-Rejans-Modeli-satranc-takimi-300x225.jpg 300w, https:\/\/shatranj.art\/wp-content\/uploads\/2026\/03\/ISD-Kurucu-uyesi-Prof.-Dr.-Ahmet-Tevfik-Yucesoyun-asirlik-simsir-agacindan-yapilmis-Rejans-Modeli-satranc-takimi-1024x768.jpg 1024w, https:\/\/shatranj.art\/wp-content\/uploads\/2026\/03\/ISD-Kurucu-uyesi-Prof.-Dr.-Ahmet-Tevfik-Yucesoyun-asirlik-simsir-agacindan-yapilmis-Rejans-Modeli-satranc-takimi-768x576.jpg 768w, https:\/\/shatranj.art\/wp-content\/uploads\/2026\/03\/ISD-Kurucu-uyesi-Prof.-Dr.-Ahmet-Tevfik-Yucesoyun-asirlik-simsir-agacindan-yapilmis-Rejans-Modeli-satranc-takimi-1536x1152.jpg 1536w, https:\/\/shatranj.art\/wp-content\/uploads\/2026\/03\/ISD-Kurucu-uyesi-Prof.-Dr.-Ahmet-Tevfik-Yucesoyun-asirlik-simsir-agacindan-yapilmis-Rejans-Modeli-satranc-takimi-2048x1536.jpg 2048w, https:\/\/shatranj.art\/wp-content\/uploads\/2026\/03\/ISD-Kurucu-uyesi-Prof.-Dr.-Ahmet-Tevfik-Yucesoyun-asirlik-simsir-agacindan-yapilmis-Rejans-Modeli-satranc-takimi-16x12.jpg 16w\" sizes=\"(max-width: 2560px) 100vw, 2560px\" \/>\t\t\t\t\t\t\t\t\t\t\t\t\t\t\t<\/div>\n\t\t\t\t<\/div>\n\t\t\t\t<div class=\"elementor-element elementor-element-0b39a21 elementor-widget elementor-widget-image\" data-id=\"0b39a21\" data-element_type=\"widget\" data-e-type=\"widget\" data-widget_type=\"image.default\">\n\t\t\t\t<div class=\"elementor-widget-container\">\n\t\t\t\t\t\t\t\t\t\t\t\t\t\t\t<img loading=\"lazy\" decoding=\"async\" width=\"1700\" height=\"2338\" src=\"https:\/\/shatranj.art\/wp-content\/uploads\/2026\/03\/dogan-gunsav-in-ahmet-tevfik-yucesoy-takimi-hk-001.jpg\" class=\"attachment-full size-full wp-image-1886\" alt=\"\" srcset=\"https:\/\/shatranj.art\/wp-content\/uploads\/2026\/03\/dogan-gunsav-in-ahmet-tevfik-yucesoy-takimi-hk-001.jpg 1700w, https:\/\/shatranj.art\/wp-content\/uploads\/2026\/03\/dogan-gunsav-in-ahmet-tevfik-yucesoy-takimi-hk-001-218x300.jpg 218w, https:\/\/shatranj.art\/wp-content\/uploads\/2026\/03\/dogan-gunsav-in-ahmet-tevfik-yucesoy-takimi-hk-001-745x1024.jpg 745w, https:\/\/shatranj.art\/wp-content\/uploads\/2026\/03\/dogan-gunsav-in-ahmet-tevfik-yucesoy-takimi-hk-001-768x1056.jpg 768w, https:\/\/shatranj.art\/wp-content\/uploads\/2026\/03\/dogan-gunsav-in-ahmet-tevfik-yucesoy-takimi-hk-001-1117x1536.jpg 1117w, https:\/\/shatranj.art\/wp-content\/uploads\/2026\/03\/dogan-gunsav-in-ahmet-tevfik-yucesoy-takimi-hk-001-1489x2048.jpg 1489w, https:\/\/shatranj.art\/wp-content\/uploads\/2026\/03\/dogan-gunsav-in-ahmet-tevfik-yucesoy-takimi-hk-001-9x12.jpg 9w\" sizes=\"(max-width: 1700px) 100vw, 1700px\" \/>\t\t\t\t\t\t\t\t\t\t\t\t\t\t\t<\/div>\n\t\t\t\t<\/div>\n\t\t\t\t\t<\/div>\n\t\t\t\t<\/div>\n\t\t\t\t<\/div>","protected":false},"excerpt":{"rendered":"<p>Aesthetics of the Enlightenment: The R\u00e9gence Legacy of Philidor and Napoleon As one of the most prestigious and iconic designs in chess history, the R\u00e9gence style takes its name from the legendary Caf\u00e9 de la R\u00e9gence in Paris. These sets embody the era when chess migrated from royal courts to the intellectual heart of Europe, [&hellip;]<\/p>\n","protected":false},"author":1,"featured_media":0,"parent":743,"menu_order":0,"comment_status":"closed","ping_status":"closed","template":"","meta":{"footnotes":""},"class_list":["post-809","page","type-page","status-publish","hentry"],"_links":{"self":[{"href":"https:\/\/shatranj.art\/gu\/wp-json\/wp\/v2\/pages\/809","targetHints":{"allow":["GET"]}}],"collection":[{"href":"https:\/\/shatranj.art\/gu\/wp-json\/wp\/v2\/pages"}],"about":[{"href":"https:\/\/shatranj.art\/gu\/wp-json\/wp\/v2\/types\/page"}],"author":[{"embeddable":true,"href":"https:\/\/shatranj.art\/gu\/wp-json\/wp\/v2\/users\/1"}],"replies":[{"embeddable":true,"href":"https:\/\/shatranj.art\/gu\/wp-json\/wp\/v2\/comments?post=809"}],"version-history":[{"count":16,"href":"https:\/\/shatranj.art\/gu\/wp-json\/wp\/v2\/pages\/809\/revisions"}],"predecessor-version":[{"id":1895,"href":"https:\/\/shatranj.art\/gu\/wp-json\/wp\/v2\/pages\/809\/revisions\/1895"}],"up":[{"embeddable":true,"href":"https:\/\/shatranj.art\/gu\/wp-json\/wp\/v2\/pages\/743"}],"wp:attachment":[{"href":"https:\/\/shatranj.art\/gu\/wp-json\/wp\/v2\/media?parent=809"}],"curies":[{"name":"wp","href":"https:\/\/api.w.org\/{rel}","templated":true}]}}