{"id":809,"date":"2026-02-21T19:53:54","date_gmt":"2026-02-21T19:53:54","guid":{"rendered":"https:\/\/shatranj.art\/?page_id=809"},"modified":"2026-03-18T00:05:44","modified_gmt":"2026-03-18T00:05:44","slug":"poster-7","status":"publish","type":"page","link":"https:\/\/shatranj.art\/ha\/exhibit\/poster-7\/","title":{"rendered":"fosta 7"},"content":{"rendered":"<div data-elementor-type=\"wp-page\" data-elementor-id=\"809\" class=\"elementor elementor-809\" data-elementor-post-type=\"page\">\n\t\t\t\t<div class=\"elementor-element elementor-element-fa6cd04 e-flex e-con-boxed e-con e-parent\" data-id=\"fa6cd04\" data-element_type=\"container\" data-e-type=\"container\" data-settings=\"{&quot;background_background&quot;:&quot;classic&quot;}\">\n\t\t\t\t\t<div class=\"e-con-inner\">\n\t\t\t\t<div class=\"elementor-element elementor-element-5c7bc28 elementor-widget elementor-widget-image\" data-id=\"5c7bc28\" data-element_type=\"widget\" data-e-type=\"widget\" data-widget_type=\"image.default\">\n\t\t\t\t<div class=\"elementor-widget-container\">\n\t\t\t\t\t\t\t\t\t\t\t\t\t\t\t<img fetchpriority=\"high\" decoding=\"async\" width=\"1968\" height=\"1288\" src=\"https:\/\/shatranj.art\/wp-content\/uploads\/2026\/02\/7.jpg\" class=\"attachment-full size-full wp-image-812\" alt=\"\" srcset=\"https:\/\/shatranj.art\/wp-content\/uploads\/2026\/02\/7.jpg 1968w, https:\/\/shatranj.art\/wp-content\/uploads\/2026\/02\/7-300x196.jpg 300w, https:\/\/shatranj.art\/wp-content\/uploads\/2026\/02\/7-1024x670.jpg 1024w, https:\/\/shatranj.art\/wp-content\/uploads\/2026\/02\/7-768x503.jpg 768w, https:\/\/shatranj.art\/wp-content\/uploads\/2026\/02\/7-1536x1005.jpg 1536w\" sizes=\"(max-width: 1968px) 100vw, 1968px\" \/>\t\t\t\t\t\t\t\t\t\t\t\t\t\t\t<\/div>\n\t\t\t\t<\/div>\n\t\t\t\t<div class=\"elementor-element elementor-element-a06796b elementor-widget elementor-widget-text-editor\" data-id=\"a06796b\" data-element_type=\"widget\" data-e-type=\"widget\" data-widget_type=\"text-editor.default\">\n\t\t\t\t<div class=\"elementor-widget-container\">\n\t\t\t\t\t\t\t\t\t<h3><b>Kyawun Hasken Ilimi: Gado na R\u00e9gence na Philidor da Napoleon<\/b><\/h3><p>A matsayin \u0257aya daga cikin \u0199ira mafi daraja da shahara a tarihin catur, salon R\u00e9gence ya samo sunansa ne daga shahararren Caf\u00e9 de la R\u00e9gence a Paris. Wa\u0257annan saitunan suna wakiltar zamanin da catur ya koma daga kotunan sarauta zuwa zuciyar ilimi ta Turai, yana kawata teburorin masu falsafa, masana kimiyya, da masu juyin juya hali. A tsawon \u0199arni na 18 da mafi yawan \u0199arni na 19, wannan \u0199ira ta kasance harshe na duniya baki \u0257aya na wasan, tana shaida motsin dabaru na tunani wa\u0257anda suka canza tafarkin tarihi, kamar Napoleon Bonaparte, Benjamin Franklin, da Voltaire.<\/p><p><span style=\"font-weight: 400;\">A wannan zamanin, lokacin da babban malami Fran\u00e7ois-Andr\u00e9 Danican Philidor ya ba wasan ginshi\u0199i na zamani na ilmi ta hanyar bayyana cewa <\/span><b>\u201c\u0198ananan firiyuna su ne rai na catur.\u201d<\/b> Layukan siriri, masu matakai, da na gine-gine na kayan R\u00e9gence sun zama alamar gani ta wannan juyin ilimi. Wannan tarin yana tsaye a matsayin tunawa mai rai, yana \u0257auke da gadon 'yanci, na kyan gani, da na dabaru na Enlightenment har zuwa yau.<\/p>\t\t\t\t\t\t\t\t<\/div>\n\t\t\t\t<\/div>\n\t\t\t\t<div class=\"elementor-element elementor-element-9452bb3 elementor-widget elementor-widget-image\" data-id=\"9452bb3\" data-element_type=\"widget\" data-e-type=\"widget\" data-widget_type=\"image.default\">\n\t\t\t\t<div class=\"elementor-widget-container\">\n\t\t\t\t\t\t\t\t\t\t\t\t\t\t\t<img decoding=\"async\" width=\"1873\" height=\"1232\" src=\"https:\/\/shatranj.art\/wp-content\/uploads\/2026\/02\/7-1.jpg\" class=\"attachment-full size-full wp-image-813\" alt=\"\" srcset=\"https:\/\/shatranj.art\/wp-content\/uploads\/2026\/02\/7-1.jpg 1873w, https:\/\/shatranj.art\/wp-content\/uploads\/2026\/02\/7-1-300x197.jpg 300w, https:\/\/shatranj.art\/wp-content\/uploads\/2026\/02\/7-1-1024x674.jpg 1024w, https:\/\/shatranj.art\/wp-content\/uploads\/2026\/02\/7-1-768x505.jpg 768w, https:\/\/shatranj.art\/wp-content\/uploads\/2026\/02\/7-1-1536x1010.jpg 1536w\" sizes=\"(max-width: 1873px) 100vw, 1873px\" \/>\t\t\t\t\t\t\t\t\t\t\t\t\t\t\t<\/div>\n\t\t\t\t<\/div>\n\t\t\t\t<div class=\"elementor-element elementor-element-cae2144 elementor-widget elementor-widget-text-editor\" data-id=\"cae2144\" data-element_type=\"widget\" data-e-type=\"widget\" data-widget_type=\"text-editor.default\">\n\t\t\t\t<div class=\"elementor-widget-container\">\n\t\t\t\t\t\t\t\t\t<h3><b>Saitin catur na samfurin Regence na Prof. Dr. Ahmet Tevfik Y\u00fccesoy, memba mai kafa na \u0198ungiyar Catur ta Istanbul (an yi shi da itacen boxwood)<\/b><\/h3><p>Za ka iya ganin hoton saitin catur da wasi\u0199ar da ke tare da shi a \u0199asa, daga A. Do\u011fan G\u00fcnsav zuwa Serta\u00e7 Dalk\u0131ran. G\u00fcnsav ya bayyana cewa iyalan Farfesa Yucesoy sun ba shi wannan saitin catur a matsayin kyauta bayan rasuwar Yucesoy.<\/p>\t\t\t\t\t\t\t\t<\/div>\n\t\t\t\t<\/div>\n\t\t\t\t<div class=\"elementor-element elementor-element-60a889e elementor-widget elementor-widget-image\" data-id=\"60a889e\" data-element_type=\"widget\" data-e-type=\"widget\" data-widget_type=\"image.default\">\n\t\t\t\t<div class=\"elementor-widget-container\">\n\t\t\t\t\t\t\t\t\t\t\t\t\t\t\t<img decoding=\"async\" width=\"2560\" height=\"1920\" src=\"https:\/\/shatranj.art\/wp-content\/uploads\/2026\/03\/ISD-Kurucu-uyesi-Prof.-Dr.-Ahmet-Tevfik-Yucesoyun-asirlik-simsir-agacindan-yapilmis-Rejans-Modeli-satranc-takimi-scaled.jpg\" class=\"attachment-full size-full wp-image-1885\" alt=\"\" srcset=\"https:\/\/shatranj.art\/wp-content\/uploads\/2026\/03\/ISD-Kurucu-uyesi-Prof.-Dr.-Ahmet-Tevfik-Yucesoyun-asirlik-simsir-agacindan-yapilmis-Rejans-Modeli-satranc-takimi-scaled.jpg 2560w, https:\/\/shatranj.art\/wp-content\/uploads\/2026\/03\/ISD-Kurucu-uyesi-Prof.-Dr.-Ahmet-Tevfik-Yucesoyun-asirlik-simsir-agacindan-yapilmis-Rejans-Modeli-satranc-takimi-300x225.jpg 300w, https:\/\/shatranj.art\/wp-content\/uploads\/2026\/03\/ISD-Kurucu-uyesi-Prof.-Dr.-Ahmet-Tevfik-Yucesoyun-asirlik-simsir-agacindan-yapilmis-Rejans-Modeli-satranc-takimi-1024x768.jpg 1024w, https:\/\/shatranj.art\/wp-content\/uploads\/2026\/03\/ISD-Kurucu-uyesi-Prof.-Dr.-Ahmet-Tevfik-Yucesoyun-asirlik-simsir-agacindan-yapilmis-Rejans-Modeli-satranc-takimi-768x576.jpg 768w, https:\/\/shatranj.art\/wp-content\/uploads\/2026\/03\/ISD-Kurucu-uyesi-Prof.-Dr.-Ahmet-Tevfik-Yucesoyun-asirlik-simsir-agacindan-yapilmis-Rejans-Modeli-satranc-takimi-1536x1152.jpg 1536w, https:\/\/shatranj.art\/wp-content\/uploads\/2026\/03\/ISD-Kurucu-uyesi-Prof.-Dr.-Ahmet-Tevfik-Yucesoyun-asirlik-simsir-agacindan-yapilmis-Rejans-Modeli-satranc-takimi-2048x1536.jpg 2048w, https:\/\/shatranj.art\/wp-content\/uploads\/2026\/03\/ISD-Kurucu-uyesi-Prof.-Dr.-Ahmet-Tevfik-Yucesoyun-asirlik-simsir-agacindan-yapilmis-Rejans-Modeli-satranc-takimi-16x12.jpg 16w\" sizes=\"(max-width: 2560px) 100vw, 2560px\" \/>\t\t\t\t\t\t\t\t\t\t\t\t\t\t\t<\/div>\n\t\t\t\t<\/div>\n\t\t\t\t<div class=\"elementor-element elementor-element-0b39a21 elementor-widget elementor-widget-image\" data-id=\"0b39a21\" data-element_type=\"widget\" data-e-type=\"widget\" data-widget_type=\"image.default\">\n\t\t\t\t<div class=\"elementor-widget-container\">\n\t\t\t\t\t\t\t\t\t\t\t\t\t\t\t<img loading=\"lazy\" decoding=\"async\" width=\"1700\" height=\"2338\" src=\"https:\/\/shatranj.art\/wp-content\/uploads\/2026\/03\/dogan-gunsav-in-ahmet-tevfik-yucesoy-takimi-hk-001.jpg\" class=\"attachment-full size-full wp-image-1886\" alt=\"\" srcset=\"https:\/\/shatranj.art\/wp-content\/uploads\/2026\/03\/dogan-gunsav-in-ahmet-tevfik-yucesoy-takimi-hk-001.jpg 1700w, https:\/\/shatranj.art\/wp-content\/uploads\/2026\/03\/dogan-gunsav-in-ahmet-tevfik-yucesoy-takimi-hk-001-218x300.jpg 218w, https:\/\/shatranj.art\/wp-content\/uploads\/2026\/03\/dogan-gunsav-in-ahmet-tevfik-yucesoy-takimi-hk-001-745x1024.jpg 745w, https:\/\/shatranj.art\/wp-content\/uploads\/2026\/03\/dogan-gunsav-in-ahmet-tevfik-yucesoy-takimi-hk-001-768x1056.jpg 768w, https:\/\/shatranj.art\/wp-content\/uploads\/2026\/03\/dogan-gunsav-in-ahmet-tevfik-yucesoy-takimi-hk-001-1117x1536.jpg 1117w, https:\/\/shatranj.art\/wp-content\/uploads\/2026\/03\/dogan-gunsav-in-ahmet-tevfik-yucesoy-takimi-hk-001-1489x2048.jpg 1489w, https:\/\/shatranj.art\/wp-content\/uploads\/2026\/03\/dogan-gunsav-in-ahmet-tevfik-yucesoy-takimi-hk-001-9x12.jpg 9w\" sizes=\"(max-width: 1700px) 100vw, 1700px\" \/>\t\t\t\t\t\t\t\t\t\t\t\t\t\t\t<\/div>\n\t\t\t\t<\/div>\n\t\t\t\t\t<\/div>\n\t\t\t\t<\/div>\n\t\t\t\t<\/div>","protected":false},"excerpt":{"rendered":"<p>Aesthetics of the Enlightenment: The R\u00e9gence Legacy of Philidor and Napoleon As one of the most prestigious and iconic designs in chess history, the R\u00e9gence style takes its name from the legendary Caf\u00e9 de la R\u00e9gence in Paris. These sets embody the era when chess migrated from royal courts to the intellectual heart of Europe, [&hellip;]<\/p>\n","protected":false},"author":1,"featured_media":0,"parent":743,"menu_order":0,"comment_status":"closed","ping_status":"closed","template":"","meta":{"footnotes":""},"class_list":["post-809","page","type-page","status-publish","hentry"],"_links":{"self":[{"href":"https:\/\/shatranj.art\/ha\/wp-json\/wp\/v2\/pages\/809","targetHints":{"allow":["GET"]}}],"collection":[{"href":"https:\/\/shatranj.art\/ha\/wp-json\/wp\/v2\/pages"}],"about":[{"href":"https:\/\/shatranj.art\/ha\/wp-json\/wp\/v2\/types\/page"}],"author":[{"embeddable":true,"href":"https:\/\/shatranj.art\/ha\/wp-json\/wp\/v2\/users\/1"}],"replies":[{"embeddable":true,"href":"https:\/\/shatranj.art\/ha\/wp-json\/wp\/v2\/comments?post=809"}],"version-history":[{"count":16,"href":"https:\/\/shatranj.art\/ha\/wp-json\/wp\/v2\/pages\/809\/revisions"}],"predecessor-version":[{"id":1895,"href":"https:\/\/shatranj.art\/ha\/wp-json\/wp\/v2\/pages\/809\/revisions\/1895"}],"up":[{"embeddable":true,"href":"https:\/\/shatranj.art\/ha\/wp-json\/wp\/v2\/pages\/743"}],"wp:attachment":[{"href":"https:\/\/shatranj.art\/ha\/wp-json\/wp\/v2\/media?parent=809"}],"curies":[{"name":"wp","href":"https:\/\/api.w.org\/{rel}","templated":true}]}}