{"id":1068,"date":"2026-02-22T18:39:42","date_gmt":"2026-02-22T18:39:42","guid":{"rendered":"https:\/\/shatranj.art\/?page_id=1068"},"modified":"2026-02-24T09:00:42","modified_gmt":"2026-02-24T09:00:42","slug":"poster-29","status":"publish","type":"page","link":"https:\/\/shatranj.art\/he\/exhibit\/poster-29\/","title":{"rendered":"\u05e4\u05d5\u05e1\u05d8\u05e8 29"},"content":{"rendered":"<div data-elementor-type=\"wp-page\" data-elementor-id=\"1068\" class=\"elementor elementor-1068\" data-elementor-post-type=\"page\">\n\t\t\t\t<div class=\"elementor-element elementor-element-cfd54a0 e-flex e-con-boxed e-con e-parent\" data-id=\"cfd54a0\" data-element_type=\"container\" data-e-type=\"container\" data-settings=\"{&quot;background_background&quot;:&quot;classic&quot;}\">\n\t\t\t\t\t<div class=\"e-con-inner\">\n\t\t<div class=\"elementor-element elementor-element-00cae2a e-con-full e-flex e-con e-child\" data-id=\"00cae2a\" data-element_type=\"container\" data-e-type=\"container\">\n\t\t<div class=\"elementor-element elementor-element-edcf7ea e-con-full e-flex e-con e-child\" data-id=\"edcf7ea\" data-element_type=\"container\" data-e-type=\"container\">\n\t\t\t\t<div class=\"elementor-element elementor-element-411efec elementor-widget elementor-widget-image\" data-id=\"411efec\" data-element_type=\"widget\" data-e-type=\"widget\" data-widget_type=\"image.default\">\n\t\t\t\t<div class=\"elementor-widget-container\">\n\t\t\t\t\t\t\t\t\t\t\t\t\t\t\t<img fetchpriority=\"high\" decoding=\"async\" width=\"800\" height=\"384\" src=\"https:\/\/shatranj.art\/wp-content\/uploads\/2026\/02\/regence-cafe-chess-set-1780-1820-1-1024x491.png\" class=\"attachment-large size-large wp-image-1073\" alt=\"\" srcset=\"https:\/\/shatranj.art\/wp-content\/uploads\/2026\/02\/regence-cafe-chess-set-1780-1820-1-1024x491.png 1024w, https:\/\/shatranj.art\/wp-content\/uploads\/2026\/02\/regence-cafe-chess-set-1780-1820-1-300x144.png 300w, https:\/\/shatranj.art\/wp-content\/uploads\/2026\/02\/regence-cafe-chess-set-1780-1820-1-768x369.png 768w, https:\/\/shatranj.art\/wp-content\/uploads\/2026\/02\/regence-cafe-chess-set-1780-1820-1-1536x737.png 1536w, https:\/\/shatranj.art\/wp-content\/uploads\/2026\/02\/regence-cafe-chess-set-1780-1820-1.png 1886w\" sizes=\"(max-width: 800px) 100vw, 800px\" \/>\t\t\t\t\t\t\t\t\t\t\t\t\t\t\t<\/div>\n\t\t\t\t<\/div>\n\t\t\t\t<div class=\"elementor-element elementor-element-6e231da elementor-widget-tablet__width-inherit elementor-widget elementor-widget-text-editor\" data-id=\"6e231da\" data-element_type=\"widget\" data-e-type=\"widget\" data-widget_type=\"text-editor.default\">\n\t\t\t\t<div class=\"elementor-widget-container\">\n\t\t\t\t\t\t\t\t\t<p><strong>\u015eAH\u00ce \u05e1\u05d8 \u05de\u05dc\u05da\/\u05de\u05dc\u05da\/\u05e9\u05d0\u05d4: \u05d2\u05d5\u05dc\u05e9\u05d0<\/strong><\/p><p>\u05d2\u05d5\u05dc\u05e9\u05d0 \u05de\u05d9\u05d9\u05e6\u05d2\u05ea \u05d0\u05ea \u05d7\u05d5\u05db\u05de\u05ea \u05db\u05d9\u05e1\u05d5\u05d9 \u05d4\u05e8\u05d0\u05e9, \u05d0\u05ea \u05e7\u05d3\u05d5\u05e9\u05ea \u05d4\u05db\u05d9\u05e4\u05d4 \u05d5\u05e1\u05de\u05db\u05d5\u05ea\u05d4, \u05d5\u05d0\u05ea \u05d4\u05d5\u05d5\u05e8\u05d3 \u05db\u05e1\u05de\u05dc \u05dc\u05d7\u05d9\u05d9\u05dd \u05d5\u05dc\u05d9\u05d5\u05e4\u05d9, \u05e9\u05d9\u05e9 \u05dc\u05d4\u05d2\u05df \u05e2\u05dc\u05d9\u05d4\u05dd \u05de\u05e4\u05e0\u05d9 \u05de\u05d8. \u05d4\u05db\u05d9\u05e4\u05d4 \u05e9\u05d5\u05d0\u05d1\u05ea \u05d4\u05e9\u05e8\u05d0\u05d4 \u05de\u05de\u05d1\u05e0\u05d9\u05dd \u05d0\u05d9\u05e7\u05d5\u05e0\u05d9\u05d9\u05dd \u05db\u05de\u05d5 \u05d0\u05d9\u05d4 \u05e1\u05d5\u05e4\u05d9\u05d4, \u05d4\u05e4\u05e0\u05ea\u05d0\u05d5\u05df \u05d5\u05d4-MIT. \u05db\u05d9\u05e1\u05d5\u05d9 \u05d4\u05e8\u05d0\u05e9 \u05de\u05e9\u05e7\u05e3 \u05d0\u05ea \u05d4\u05de\u05d5\u05e8\u05e9\u05ea \u05d4\u05d0\u05d9\u05e0\u05d8\u05dc\u05e7\u05d8\u05d5\u05d0\u05dc\u05d9\u05ea \u05e9\u05dc \u05e1\u05d5\u05e4\u05e8\u05d9 \u05d4\u05e9\u05d7\u05de\u05d8 \u05d4\u05de\u05d5\u05e7\u05d3\u05de\u05d9\u05dd, \u05db\u05de\u05d5 \u05d0\u05e1-\u05e1\u05d5\u05dc\u05d9 \u05d5\u05e1\u05d8\u05d0\u05de\u05d4, \u05d5\u05d0\u05d9\u05dc\u05d5 \u05d4\u05db\u05ea\u05e8 \u05d3\u05d5\u05de\u05d4 \u05dc\u05d6\u05e8 \u05d4\u05d6\u05d9\u05ea\u05d9\u05dd \u05e9\u05dc \u05d4\u05d0\u05d5\u05dc\u05d9\u05de\u05e4\u05d9\u05d0\u05d3\u05d4 \u05d4\u05e2\u05ea\u05d9\u05e7\u05d4. \u05de\u05d1\u05d7\u05d9\u05e0\u05d4 \u05d4\u05d9\u05e1\u05d8\u05d5\u05e8\u05d9\u05ea, \u05db\u05dc\u05d9 \u05d6\u05d4 \u05e0\u05e7\u05e8\u05d0 \u05e8\u05d0\u05d2'\u05d4, \u05e9\u05d0\u05d4, \u05de\u05dc\u05da \u05d0\u05d5 \u05de\u05e4\u05e7\u05d3. \u201c\u05d2\u05d5\u05dc\u201d \u05e4\u05d9\u05e8\u05d5\u05e9\u05d5 \u05d5\u05e8\u05d3 \u05d1\u05e9\u05e4\u05d5\u05ea \u05de\u05e8\u05db\u05d6 \u05d0\u05e1\u05d9\u05d4. \u201c\u05e9\u05d0\u05d7\u201d, \u05d4\u05de\u05db\u05d5\u05e0\u05d4 \u2018\u05e9\u05d0\u05d4\u2019, \u05d4\u05d5\u05d0 \u05d4\u05e9\u05dd \u05e9\u05dc \u05d4\u05e9\u05d7\u05de\u05d8 \u05d1\u05e9\u05e4\u05d5\u05ea \u05e8\u05d1\u05d5\u05ea. \u05d1\u05e2\u05d5\u05d3 \u05e9\"\u05e9\u05d0\u05d4\" \u05d4\u05ea\u05d9\u05d9\u05d7\u05e1 \u05d1\u05de\u05e7\u05d5\u05e8 \u05dc\u05e9\u05dc\u05d9\u05d8\u05d9\u05dd \u05d2\u05d1\u05e8\u05d9\u05dd, \u05d4\u05e9\u05d9\u05de\u05d5\u05e9 \u05d4\u05de\u05d8\u05d0\u05e4\u05d5\u05e8\u05d9 \u05d0\u05d5 \u05d4\u05de\u05d5\u05d3\u05e8\u05e0\u05d9 \u05e9\u05dc\u05d5 \u05d4\u05e4\u05da \u05dc\u05e0\u05d9\u05d9\u05d8\u05e8\u05dc\u05d9 \u05de\u05d1\u05d7\u05d9\u05e0\u05d4 \u05de\u05d2\u05d3\u05e8\u05d9\u05ea.<\/p>\t\t\t\t\t\t\t\t<\/div>\n\t\t\t\t<\/div>\n\t\t\t\t<div class=\"elementor-element elementor-element-10b021d elementor-widget elementor-widget-image\" data-id=\"10b021d\" data-element_type=\"widget\" data-e-type=\"widget\" data-widget_type=\"image.default\">\n\t\t\t\t<div class=\"elementor-widget-container\">\n\t\t\t\t\t\t\t\t\t\t\t\t\t\t\t<img decoding=\"async\" width=\"188\" height=\"237\" src=\"https:\/\/shatranj.art\/wp-content\/uploads\/2026\/02\/Philipp-Stamma-Public-Domain.jpg\" class=\"attachment-large size-large wp-image-1071\" alt=\"\" \/>\t\t\t\t\t\t\t\t\t\t\t\t\t\t\t<\/div>\n\t\t\t\t<\/div>\n\t\t\t\t<\/div>\n\t\t<div class=\"elementor-element elementor-element-538608d e-con-full e-flex e-con e-child\" data-id=\"538608d\" data-element_type=\"container\" data-e-type=\"container\">\n\t\t\t\t<div class=\"elementor-element elementor-element-60ca9fa elementor-widget elementor-widget-image\" data-id=\"60ca9fa\" data-element_type=\"widget\" data-e-type=\"widget\" data-widget_type=\"image.default\">\n\t\t\t\t<div class=\"elementor-widget-container\">\n\t\t\t\t\t\t\t\t\t\t\t\t\t\t\t<img decoding=\"async\" width=\"800\" height=\"800\" src=\"https:\/\/shatranj.art\/wp-content\/uploads\/2026\/02\/shahi-gulsah-king-piece-1-1024x1024.png\" class=\"attachment-large size-large wp-image-1074\" alt=\"\" srcset=\"https:\/\/shatranj.art\/wp-content\/uploads\/2026\/02\/shahi-gulsah-king-piece-1-1024x1024.png 1024w, https:\/\/shatranj.art\/wp-content\/uploads\/2026\/02\/shahi-gulsah-king-piece-1-300x300.png 300w, https:\/\/shatranj.art\/wp-content\/uploads\/2026\/02\/shahi-gulsah-king-piece-1-150x150.png 150w, https:\/\/shatranj.art\/wp-content\/uploads\/2026\/02\/shahi-gulsah-king-piece-1-768x768.png 768w, https:\/\/shatranj.art\/wp-content\/uploads\/2026\/02\/shahi-gulsah-king-piece-1-1536x1536.png 1536w, https:\/\/shatranj.art\/wp-content\/uploads\/2026\/02\/shahi-gulsah-king-piece-1-2048x2048.png 2048w\" sizes=\"(max-width: 800px) 100vw, 800px\" \/>\t\t\t\t\t\t\t\t\t\t\t\t\t\t\t<\/div>\n\t\t\t\t<\/div>\n\t\t\t\t<div class=\"elementor-element elementor-element-aa06c95 elementor-widget-tablet__width-inherit elementor-widget elementor-widget-text-editor\" data-id=\"aa06c95\" data-element_type=\"widget\" data-e-type=\"widget\" data-widget_type=\"text-editor.default\">\n\t\t\t\t<div class=\"elementor-widget-container\">\n\t\t\t\t\t\t\t\t\t<p><strong>\u05ea\u05d9\u05d0\u05d5\u05e8 \u05d5\u05de\u05d5\u05e8\u05e9\u05ea<\/strong><\/p><p>\u05d4\u05d9\u05e6\u05d9\u05e8\u05d4 \u05e9\u05dc \u05d2\u05d5\u05dc\u05e9\u05d0 \u05de\u05ea\u05d0\u05e4\u05d9\u05d9\u05e0\u05ea \u05d1\u05e2\u05d9\u05e6\u05d5\u05d1 \u05d9\u05d9\u05d7\u05d5\u05d3\u05d9 \u05e9\u05dc \u05db\u05d9\u05e1\u05d5\u05d9 \u05e8\u05d0\u05e9 \u05d4\u05de\u05d5\u05e7\u05d9\u05e8 \u05d0\u05ea \u05e2\u05e0\u05e7\u05d9 \u05d4\u05d0\u05d9\u05e0\u05d8\u05dc\u05e7\u05d8\u05d5\u05d0\u05dc\u05d9\u05dd \u05d1\u05ea\u05d5\u05dc\u05d3\u05d5\u05ea \u05d4\u05e9\u05d7\u05de\u05d8. \u05db\u05d9\u05e1\u05d5\u05d9 \u05d4\u05e8\u05d0\u05e9 \u05de\u05e2\u05d5\u05e6\u05d1 \u05d1\u05d4\u05e9\u05e8\u05d0\u05ea \u05d4\u05d8\u05d5\u05e8\u05d1\u05e0\u05d9\u05dd \u05d4\u05de\u05e1\u05d5\u05e8\u05ea\u05d9\u05d9\u05dd \u05e9\u05e0\u05d7\u05d1\u05e9\u05d5 \u05e2\u05dc \u05d9\u05d3\u05d9 \u05d3\u05de\u05d5\u05d9\u05d5\u05ea \u05db\u05de\u05d5 \u05d4\u05de\u05d0\u05e1\u05d8\u05e8 \u05de\u05d9\u05de\u05d9 \u05d4\u05d1\u05d9\u05e0\u05d9\u05d9\u05dd \u05d0-\u05e1\u05d5\u05dc\u05d9 \u05d5\u05e4\u05d9\u05dc\u05d9\u05e4 \u05e1\u05d8\u05d0\u05de\u05d4, \u05d4\u05de\u05d0\u05e1\u05d8\u05e8 \u05d5\u05d4\u05de\u05ea\u05e8\u05d2\u05dd \u05d4\u05de\u05dc\u05db\u05d5\u05ea\u05d9 \u05de\u05d4\u05de\u05d0\u05d4 \u05d4-18. \u05e1\u05d8\u05d0\u05de\u05d4, \u05e9\u05e0\u05d5\u05dc\u05d3 \u05d1\u05d7\u05dc\u05d1 \u05d5\u05e4\u05e2\u05dc \u05d1\u05de\u05e8\u05db\u05d6\u05d9\u05dd \u05d4\u05d0\u05d9\u05e0\u05d8\u05dc\u05e7\u05d8\u05d5\u05d0\u05dc\u05d9\u05d9\u05dd \u05d4\u05d7\u05e9\u05d5\u05d1\u05d9\u05dd \u05d1\u05dc\u05d5\u05e0\u05d3\u05d5\u05df \u05d5\u05d1\u05e4\u05e8\u05d9\u05d6, \u05d4\u05d9\u05d4 \u05d3\u05de\u05d5\u05ea \u05e8\u05d1-\u05ea\u05e8\u05d1\u05d5\u05ea\u05d9\u05ea \u05d0\u05de\u05d9\u05ea\u05d9\u05ea, \u05e9\u05e2\u05d1\u05d5\u05d3\u05ea\u05d5 \u05db\u05de\u05ea\u05d5\u05e8\u05d2\u05de\u05df \u05e2\u05d1\u05d5\u05e8 \u05d4\u05de\u05de\u05dc\u05db\u05d4 \u05d4\u05d1\u05e8\u05d9\u05d8\u05d9\u05ea \u05d5\u05de\u05e2\u05e8\u05db\u05d5\u05ea \u05d4\u05e1\u05d9\u05de\u05d5\u05df \u05d4\u05d7\u05dc\u05d5\u05e6\u05d9\u05d5\u05ea \u05e9\u05dc\u05d5 \u05d1\u05e9\u05d7\u05de\u05d8 \u05d2\u05d9\u05e9\u05e8\u05d5 \u05d1\u05d9\u05df \u05d4\u05de\u05e1\u05d5\u05e8\u05d5\u05ea \u05d4\u05de\u05d6\u05e8\u05d7\u05d9\u05d5\u05ea \u05d5\u05d4\u05de\u05e2\u05e8\u05d1\u05d9\u05d5\u05ea. \u05e2\u05d9\u05e6\u05d5\u05d1 \u05d6\u05d4 \u05de\u05e2\u05e0\u05d9\u05e7 \u05dc\u05d9\u05e6\u05d9\u05e8\u05d4 \u05ea\u05d7\u05d5\u05e9\u05d4 \u05e9\u05dc \u05d7\u05d5\u05db\u05de\u05d4 \u05e2\u05de\u05d5\u05e7\u05d4 \u05d5\u05e1\u05de\u05db\u05d5\u05ea \u05d0\u05e7\u05d3\u05de\u05d9\u05ea.<\/p>\t\t\t\t\t\t\t\t<\/div>\n\t\t\t\t<\/div>\n\t\t\t\t<div class=\"elementor-element elementor-element-117e242 elementor-widget elementor-widget-image\" data-id=\"117e242\" data-element_type=\"widget\" data-e-type=\"widget\" data-widget_type=\"image.default\">\n\t\t\t\t<div class=\"elementor-widget-container\">\n\t\t\t\t\t\t\t\t\t\t\t\t\t\t\t<img loading=\"lazy\" decoding=\"async\" width=\"800\" height=\"592\" src=\"https:\/\/shatranj.art\/wp-content\/uploads\/2026\/02\/olive-crown-olympos-1024x758.jpg\" class=\"attachment-large size-large wp-image-1558\" alt=\"\" srcset=\"https:\/\/shatranj.art\/wp-content\/uploads\/2026\/02\/olive-crown-olympos-1024x758.jpg 1024w, https:\/\/shatranj.art\/wp-content\/uploads\/2026\/02\/olive-crown-olympos-300x222.jpg 300w, https:\/\/shatranj.art\/wp-content\/uploads\/2026\/02\/olive-crown-olympos-768x568.jpg 768w, https:\/\/shatranj.art\/wp-content\/uploads\/2026\/02\/olive-crown-olympos-16x12.jpg 16w, https:\/\/shatranj.art\/wp-content\/uploads\/2026\/02\/olive-crown-olympos.jpg 1280w\" sizes=\"(max-width: 800px) 100vw, 800px\" \/>\t\t\t\t\t\t\t\t\t\t\t\t\t\t\t<\/div>\n\t\t\t\t<\/div>\n\t\t\t\t<div class=\"elementor-element elementor-element-07417e4 elementor-widget-tablet__width-inherit elementor-widget elementor-widget-text-editor\" data-id=\"07417e4\" data-element_type=\"widget\" data-e-type=\"widget\" data-widget_type=\"text-editor.default\">\n\t\t\t\t<div class=\"elementor-widget-container\">\n\t\t\t\t\t\t\t\t\t<p><strong>\u05e2\u05dc\u05d9 \u05db\u05d5\u05ea\u05e8\u05ea \u05e9\u05dc \u05d5\u05e8\u05d3\u05d9\u05dd \u05d5\u05db\u05ea\u05e8 \u05d4\u05d6\u05d9\u05ea\u05d9\u05dd \u05e9\u05dc \u05d0\u05d5\u05dc\u05d9\u05de\u05e4\u05d5\u05e1<\/strong><\/p><p>\u05db\u05ea\u05e8 \u05d4\u05de\u05dc\u05da \u05d1-\u015eAH\u00ce \u05de\u05e2\u05d5\u05d8\u05e8 \u05e2\u05dc\u05d9 \u05db\u05d5\u05ea\u05e8\u05ea \u05e9\u05dc \u05d5\u05e8\u05d3\u05d9\u05dd \u05d4\u05de\u05e1\u05de\u05dc\u05d9\u05dd \u05d0\u05ea \u05d9\u05d5\u05e4\u05d9\u05d5 \u05d5\u05e9\u05d1\u05e8\u05d9\u05e8\u05d9\u05d5\u05ea\u05d5 \u05e9\u05dc \u05d4\u05d7\u05d9\u05d9\u05dd \u2013 \u05de\u05e6\u05d1 \u05d9\u05e7\u05e8 \u05e2\u05e8\u05da \u05e9\u05d9\u05e9 \u05dc\u05d4\u05d2\u05df \u05e2\u05dc\u05d9\u05d5 \u05d1\u05db\u05dc \u05db\u05d5\u05d7, \u05d1\u05d3\u05d9\u05d5\u05e7 \u05db\u05e4\u05d9 \u05e9\u05d4\u05de\u05dc\u05da \u05de\u05d5\u05d2\u05df \u05e2\u05dc \u05dc\u05d5\u05d7 \u05d4\u05e9\u05d7\u05de\u05d8 \u05db\u05d3\u05d9 \u05dc\u05de\u05e0\u05d5\u05e2 \u05de\u05d8. \u05e2\u05d9\u05e6\u05d5\u05d1 \u05d6\u05d4 \u05e0\u05d5\u05e6\u05e8 \u05d1\u05d4\u05e9\u05e8\u05d0\u05ea \u05db\u05ea\u05e8 \u05d4\u05d6\u05d9\u05ea \u05e9\u05dc \u05d0\u05d5\u05dc\u05d9\u05de\u05e4\u05d5\u05e1, \u05d4\u05de\u05d2\u05e9\u05e8 \u05d1\u05d9\u05df \u05d4\u05e9\u05d0\u05d9\u05e4\u05d4 \u05d4\u05d4\u05d9\u05e1\u05d8\u05d5\u05e8\u05d9\u05ea \u05dc\u05e0\u05d9\u05e6\u05d7\u05d5\u05df \u05dc\u05d1\u05d9\u05df \u05e9\u05d9\u05de\u05d5\u05e8 \u05d8\u05d1\u05e2\u05dd \u05d4\u05e2\u05d3\u05d9\u05df \u05e9\u05dc \u05d4\u05d7\u05d9\u05d9\u05dd.<\/p>\t\t\t\t\t\t\t\t<\/div>\n\t\t\t\t<\/div>\n\t\t\t\t<\/div>\n\t\t<div class=\"elementor-element elementor-element-2d81034 e-con-full e-flex e-con e-child\" data-id=\"2d81034\" data-element_type=\"container\" data-e-type=\"container\">\n\t\t\t\t<div class=\"elementor-element elementor-element-71345be elementor-widget elementor-widget-image\" data-id=\"71345be\" data-element_type=\"widget\" data-e-type=\"widget\" data-widget_type=\"image.default\">\n\t\t\t\t<div class=\"elementor-widget-container\">\n\t\t\t\t\t\t\t\t\t\t\t\t\t\t\t<img loading=\"lazy\" decoding=\"async\" width=\"600\" height=\"800\" src=\"https:\/\/shatranj.art\/wp-content\/uploads\/2026\/02\/suli-statue.jpg\" class=\"attachment-large size-large wp-image-1075\" alt=\"\" srcset=\"https:\/\/shatranj.art\/wp-content\/uploads\/2026\/02\/suli-statue.jpg 600w, https:\/\/shatranj.art\/wp-content\/uploads\/2026\/02\/suli-statue-225x300.jpg 225w\" sizes=\"(max-width: 600px) 100vw, 600px\" \/>\t\t\t\t\t\t\t\t\t\t\t\t\t\t\t<\/div>\n\t\t\t\t<\/div>\n\t\t\t\t<div class=\"elementor-element elementor-element-1f7e824 elementor-widget-tablet__width-inherit elementor-widget elementor-widget-text-editor\" data-id=\"1f7e824\" data-element_type=\"widget\" data-e-type=\"widget\" data-widget_type=\"text-editor.default\">\n\t\t\t\t<div class=\"elementor-widget-container\">\n\t\t\t\t\t\t\t\t\t<p><strong>\u05de\u05d5\u05e8\u05e9\u05ea \u05d4\u05e0\u05d0\u05d5\u05e8\u05d5\u05ea<\/strong><br \/><strong>\u05de\u05d5\u05e8\u05e9\u05ea \u05e8\u05d2\u05e0\u05e1 \u05d1\u05e1\u05d8 \u015eah\u00ee<\/strong><\/p><p>\u00a0<\/p><p>\u05e1\u05d8 \u05d4\u05e9\u05d7\u05de\u05d8 \u05d4\u05e6\u05e8\u05e4\u05ea\u05d9 R\u00e9gence \u05de\u05e1\u05de\u05dc \u05d0\u05ea \u05e2\u05d9\u05d3\u05df \u05d4\u05e0\u05d0\u05d5\u05e8\u05d5\u05ea, \u05ea\u05e7\u05d5\u05e4\u05d4 \u05e9\u05d4\u05d5\u05d2\u05d3\u05e8\u05d4 \u05e2\u05dc \u05d9\u05d3\u05d9 \u05d4\u05ea\u05d1\u05d5\u05e0\u05d4 \u05d5\u05d4\u05d7\u05ea\u05d9\u05e8\u05d4 \u05dc\u05d9\u05d3\u05e2. \u05e1\u05d8 \u05d6\u05d4, \u05e9\u05e9\u05d9\u05d7\u05e7\u05d5 \u05d1\u05d5 \u05e2\u05e0\u05e7\u05d9 \u05d4\u05d9\u05e1\u05d8\u05d5\u05e8\u05d9\u05d4 \u05db\u05d2\u05d5\u05df \u05d1\u05e0\u05d2'\u05de\u05d9\u05df \u05e4\u05e8\u05e0\u05e7\u05dc\u05d9\u05df, \u05e0\u05e4\u05d5\u05dc\u05d9\u05d0\u05d5\u05df \u05d1\u05d5\u05e0\u05e4\u05e8\u05d8\u05d4 \u05d5\u05d4\u05de\u05d0\u05e1\u05d8\u05e8 \u05e4\u05d9\u05dc\u05d9\u05d3\u05d5\u05e8 \u05d1\u05d1\u05d9\u05ea \u05d4\u05e7\u05e4\u05d4 \u05d4\u05de\u05e4\u05d5\u05e8\u05e1\u05dd Caf\u00e9 de la R\u00e9gence, \u05d4\u05e4\u05da \u05dc\u05e1\u05d8\u05e0\u05d3\u05e8\u05d8 \u05d1\u05ea\u05d7\u05e8\u05d5\u05ea \u05d0\u05d9\u05e0\u05d8\u05dc\u05e7\u05d8\u05d5\u05d0\u05dc\u05d9\u05ea. \u05e1\u05d8 \u05d4\u05e9\u05d7\u05de\u05d8 \u015eah\u00ee \u05de\u05e9\u05de\u05e8 \u05d1\u05de\u05db\u05d5\u05d5\u05df \u05d0\u05ea \u05d4\u05de\u05d5\u05e8\u05e9\u05ea \u05d4\u05d6\u05d5. \u05d1\u05d4\u05e9\u05e8\u05d0\u05ea \u05d4\u05de\u05d5\u05d8\u05d9\u05d1\u05d9\u05dd \u05d4\u05e4\u05e8\u05d7\u05d5\u05e0\u05d9\u05d9\u05dd \u05e9\u05dc \u05de\u05dc\u05da \u05e8\u05d2\u05e0\u05e1 \u05e2\u05d1\u05d5\u05e8 \u05db\u05dc\u05d9 \u05d4\u05d2\u05d5\u05dc\u05e9\u05d4, \u05e1\u05d8 \u015eah\u00ee \u05de\u05d2\u05e9\u05e8 \u05d1\u05d9\u05df \u05d4\u05d0\u05dc\u05d2\u05e0\u05d8\u05d9\u05d5\u05ea \u05d4\u05d0\u05d9\u05e8\u05d5\u05e4\u05d9\u05ea \u05e9\u05dc \u05d4\u05de\u05d0\u05d4 \u05d4-18 \u05dc\u05d1\u05d9\u05df \u05d4\u05de\u05e1\u05d5\u05e8\u05d5\u05ea \u05d4\u05d0\u05e7\u05d3\u05de\u05d9\u05d5\u05ea \u05d4\u05e2\u05de\u05d5\u05e7\u05d5\u05ea \u05e9\u05dc \u05d4\u05de\u05d6\u05e8\u05d7, \u05d5\u05de\u05db\u05d1\u05d3 \u05d0\u05ea \u05d4\u05de\u05d0\u05e1\u05d8\u05e8\u05d9\u05dd \u05e9\u05d4\u05d2\u05d3\u05d9\u05e8\u05d5 \u05d0\u05ea \u05ea\u05d5\u05e8 \u05d4\u05d6\u05d4\u05d1 \u05e9\u05dc \u05d4\u05de\u05e9\u05d7\u05e7.<\/p>\t\t\t\t\t\t\t\t<\/div>\n\t\t\t\t<\/div>\n\t\t\t\t<\/div>\n\t\t\t\t<\/div>\n\t\t\t\t\t<\/div>\n\t\t\t\t<\/div>\n\t\t\t\t<\/div>","protected":false},"excerpt":{"rendered":"<p>\u015eAH\u00ce set monarch\/king\/shah piece: G\u00fcl\u015fah G\u00fcl\u015fah represents the wisdom of the headwrap, the sanctity and authority of the dome, and rose as a symbol of life and beauty, which must be protected from checkmate. The dome draws inspiration from iconic structures like the Hagia Sophia, the Pantheon, and MIT. The headwrap reflects the intellectual legacy [&hellip;]<\/p>\n","protected":false},"author":1,"featured_media":0,"parent":743,"menu_order":0,"comment_status":"closed","ping_status":"closed","template":"","meta":{"footnotes":""},"class_list":["post-1068","page","type-page","status-publish","hentry"],"_links":{"self":[{"href":"https:\/\/shatranj.art\/he\/wp-json\/wp\/v2\/pages\/1068","targetHints":{"allow":["GET"]}}],"collection":[{"href":"https:\/\/shatranj.art\/he\/wp-json\/wp\/v2\/pages"}],"about":[{"href":"https:\/\/shatranj.art\/he\/wp-json\/wp\/v2\/types\/page"}],"author":[{"embeddable":true,"href":"https:\/\/shatranj.art\/he\/wp-json\/wp\/v2\/users\/1"}],"replies":[{"embeddable":true,"href":"https:\/\/shatranj.art\/he\/wp-json\/wp\/v2\/comments?post=1068"}],"version-history":[{"count":10,"href":"https:\/\/shatranj.art\/he\/wp-json\/wp\/v2\/pages\/1068\/revisions"}],"predecessor-version":[{"id":1561,"href":"https:\/\/shatranj.art\/he\/wp-json\/wp\/v2\/pages\/1068\/revisions\/1561"}],"up":[{"embeddable":true,"href":"https:\/\/shatranj.art\/he\/wp-json\/wp\/v2\/pages\/743"}],"wp:attachment":[{"href":"https:\/\/shatranj.art\/he\/wp-json\/wp\/v2\/media?parent=1068"}],"curies":[{"name":"wp","href":"https:\/\/api.w.org\/{rel}","templated":true}]}}