{"id":1068,"date":"2026-02-22T18:39:42","date_gmt":"2026-02-22T18:39:42","guid":{"rendered":"https:\/\/shatranj.art\/?page_id=1068"},"modified":"2026-02-24T09:00:42","modified_gmt":"2026-02-24T09:00:42","slug":"poster-29","status":"publish","type":"page","link":"https:\/\/shatranj.art\/hi\/exhibit\/poster-29\/","title":{"rendered":"\u092a\u094b\u0938\u094d\u091f\u0930 29"},"content":{"rendered":"<div data-elementor-type=\"wp-page\" data-elementor-id=\"1068\" class=\"elementor elementor-1068\" data-elementor-post-type=\"page\">\n\t\t\t\t<div class=\"elementor-element elementor-element-cfd54a0 e-flex e-con-boxed e-con e-parent\" data-id=\"cfd54a0\" data-element_type=\"container\" data-e-type=\"container\" data-settings=\"{&quot;background_background&quot;:&quot;classic&quot;}\">\n\t\t\t\t\t<div class=\"e-con-inner\">\n\t\t<div class=\"elementor-element elementor-element-00cae2a e-con-full e-flex e-con e-child\" data-id=\"00cae2a\" data-element_type=\"container\" data-e-type=\"container\">\n\t\t<div class=\"elementor-element elementor-element-edcf7ea e-con-full e-flex e-con e-child\" data-id=\"edcf7ea\" data-element_type=\"container\" data-e-type=\"container\">\n\t\t\t\t<div class=\"elementor-element elementor-element-411efec elementor-widget elementor-widget-image\" data-id=\"411efec\" data-element_type=\"widget\" data-e-type=\"widget\" data-widget_type=\"image.default\">\n\t\t\t\t<div class=\"elementor-widget-container\">\n\t\t\t\t\t\t\t\t\t\t\t\t\t\t\t<img fetchpriority=\"high\" decoding=\"async\" width=\"800\" height=\"384\" src=\"https:\/\/shatranj.art\/wp-content\/uploads\/2026\/02\/regence-cafe-chess-set-1780-1820-1-1024x491.png\" class=\"attachment-large size-large wp-image-1073\" alt=\"\" srcset=\"https:\/\/shatranj.art\/wp-content\/uploads\/2026\/02\/regence-cafe-chess-set-1780-1820-1-1024x491.png 1024w, https:\/\/shatranj.art\/wp-content\/uploads\/2026\/02\/regence-cafe-chess-set-1780-1820-1-300x144.png 300w, https:\/\/shatranj.art\/wp-content\/uploads\/2026\/02\/regence-cafe-chess-set-1780-1820-1-768x369.png 768w, https:\/\/shatranj.art\/wp-content\/uploads\/2026\/02\/regence-cafe-chess-set-1780-1820-1-1536x737.png 1536w, https:\/\/shatranj.art\/wp-content\/uploads\/2026\/02\/regence-cafe-chess-set-1780-1820-1.png 1886w\" sizes=\"(max-width: 800px) 100vw, 800px\" \/>\t\t\t\t\t\t\t\t\t\t\t\t\t\t\t<\/div>\n\t\t\t\t<\/div>\n\t\t\t\t<div class=\"elementor-element elementor-element-6e231da elementor-widget-tablet__width-inherit elementor-widget elementor-widget-text-editor\" data-id=\"6e231da\" data-element_type=\"widget\" data-e-type=\"widget\" data-widget_type=\"text-editor.default\">\n\t\t\t\t<div class=\"elementor-widget-container\">\n\t\t\t\t\t\t\t\t\t<p><strong>\u015eAH\u00ce \u0928\u0947 \u092e\u094b\u0928\u093e\u0930\u094d\u0915\/\u0915\u093f\u0902\u0917\/\u0936\u093e\u0939 \u092a\u0940\u0938 \u0938\u0947\u091f \u0915\u093f\u092f\u093e: \u0917\u0941\u0932\u0936\u093e\u0939<\/strong><\/p><p>\u0917\u0941\u0932\u094d\u0936\u093e\u0939 \u0938\u093f\u0930 \u092a\u0930 \u092c\u093e\u0902\u0927\u0947 \u0915\u092a\u0921\u093c\u0947 (\u0939\u0947\u0921\u094d\u0930\u0948\u092a) \u0915\u0940 \u092c\u0941\u0926\u094d\u0927\u093f\u092e\u0924\u094d\u0924\u093e, \u0917\u0941\u0902\u092c\u0926 \u0915\u0940 \u092a\u0935\u093f\u0924\u094d\u0930\u0924\u093e \u0914\u0930 \u0905\u0927\u093f\u0915\u093e\u0930, \u0914\u0930 \u091c\u0940\u0935\u0928 \u0935 \u0938\u0941\u0902\u0926\u0930\u0924\u093e \u0915\u0947 \u092a\u094d\u0930\u0924\u0940\u0915 \u0917\u0941\u0932\u093e\u092c \u0915\u093e \u092a\u094d\u0930\u0924\u093f\u0928\u093f\u0927\u093f\u0924\u094d\u0935 \u0915\u0930\u0924\u0940 \u0939\u0948, \u091c\u093f\u0938\u0947 \u0936\u0924\u0930\u0902\u091c \u0915\u0940 \u091a\u093e\u0932 \u0938\u0947 \u092c\u091a\u093e\u092f\u093e \u091c\u093e\u0928\u093e \u091a\u093e\u0939\u093f\u090f\u0964 \u0917\u0941\u0902\u092c\u0926 \u0915\u094b \u0939\u093e\u0917\u093f\u092f\u093e \u0938\u094b\u092b\u093f\u092f\u093e, \u092a\u0948\u0902\u0925\u093f\u092f\u0928, \u0914\u0930 \u090f\u092e\u0906\u0908\u091f\u0940 \u091c\u0948\u0938\u0940 \u092a\u094d\u0930\u0924\u093f\u0937\u094d\u0920\u093f\u0924 \u0938\u0902\u0930\u091a\u0928\u093e\u0913\u0902 \u0938\u0947 \u092a\u094d\u0930\u0947\u0930\u0923\u093e \u092e\u093f\u0932\u0924\u0940 \u0939\u0948\u0964 \u0938\u093f\u0930 \u092a\u0930 \u092c\u093e\u0902\u0927\u093e \u0917\u092f\u093e \u0915\u092a\u0921\u093c\u093e (\u0939\u0947\u0921\u094d\u0930\u0948\u092a) \u0905\u0938-\u0938\u0941\u0932\u0940 \u0914\u0930 \u0938\u094d\u091f\u0948\u092e\u093e \u091c\u0948\u0938\u0947 \u0936\u0941\u0930\u0941\u0906\u0924\u0940 \u0936\u0924\u0930\u0902\u091c \u0932\u0947\u0916\u0915\u094b\u0902 \u0915\u0940 \u092c\u094c\u0926\u094d\u0927\u093f\u0915 \u0935\u093f\u0930\u093e\u0938\u0924 \u0915\u094b \u0926\u0930\u094d\u0936\u093e\u0924\u093e \u0939\u0948, \u091c\u092c\u0915\u093f \u0924\u093e\u091c \u092a\u094d\u0930\u093e\u091a\u0940\u0928 \u0913\u0932\u0902\u092a\u093f\u0915 \u0915\u0940 \u091c\u0948\u0924\u0942\u0928 \u0915\u0940 \u092e\u093e\u0932\u093e\u0913\u0902 \u091c\u0948\u0938\u093e \u0926\u093f\u0916\u0924\u093e \u0939\u0948\u0964 \u0910\u0924\u093f\u0939\u093e\u0938\u093f\u0915 \u0930\u0942\u092a \u0938\u0947, \u0907\u0938 \u092e\u094b\u0939\u0930\u0947 \u0915\u094b \u0930\u093e\u091c\u093e, \u0936\u093e\u0939, \u0915\u093f\u0902\u0917 \u092f\u093e \u0915\u092e\u093e\u0902\u0921\u0930 \u0915\u0939\u093e \u0917\u092f\u093e \u0939\u0948\u0964 \u092e\u0927\u094d\u092f \u090f\u0936\u093f\u092f\u093e\u0908 \u092d\u093e\u0937\u093e\u0913\u0902 \u092e\u0947\u0902 \u201c\u0917\u0941\u0932\u201d \u0915\u093e \u0905\u0930\u094d\u0925 \u0917\u0941\u0932\u093e\u092c \u0939\u0948\u0964 \u201c\u0936\u093e\u0939\u201d, \u091c\u093f\u0938\u0915\u093e \u0909\u091a\u094d\u091a\u093e\u0930\u0923 \u2018\u0936\u093e\u0939\u2019 \u0939\u0948, \u0915\u0908 \u092d\u093e\u0937\u093e\u0913\u0902 \u092e\u0947\u0902 \u0936\u0924\u0930\u0902\u091c \u0915\u093e \u0928\u093e\u092e \u0939\u0948\u0964 \u0939\u093e\u0932\u093e\u0902\u0915\u093f \u0936\u093e\u0939 \u0915\u093e \u092e\u0942\u0932 \u0930\u0942\u092a \u0938\u0947 \u092a\u0941\u0930\u0941\u0937 \u0936\u093e\u0938\u0915\u094b\u0902 \u0915\u0947 \u0932\u093f\u090f \u0907\u0938\u094d\u0924\u0947\u092e\u093e\u0932 \u0939\u094b\u0924\u093e \u0925\u093e, \u0932\u0947\u0915\u093f\u0928 \u0907\u0938\u0915\u093e \u0930\u0942\u092a\u0915 \u092f\u093e \u0906\u0927\u0941\u0928\u093f\u0915 \u0909\u092a\u092f\u094b\u0917 \u0932\u093f\u0902\u0917-\u0924\u091f\u0938\u094d\u0925 \u0939\u094b \u0917\u092f\u093e \u0939\u0948\u0964.<\/p>\t\t\t\t\t\t\t\t<\/div>\n\t\t\t\t<\/div>\n\t\t\t\t<div class=\"elementor-element elementor-element-10b021d elementor-widget elementor-widget-image\" data-id=\"10b021d\" data-element_type=\"widget\" data-e-type=\"widget\" data-widget_type=\"image.default\">\n\t\t\t\t<div class=\"elementor-widget-container\">\n\t\t\t\t\t\t\t\t\t\t\t\t\t\t\t<img decoding=\"async\" width=\"188\" height=\"237\" src=\"https:\/\/shatranj.art\/wp-content\/uploads\/2026\/02\/Philipp-Stamma-Public-Domain.jpg\" class=\"attachment-large size-large wp-image-1071\" alt=\"\" \/>\t\t\t\t\t\t\t\t\t\t\t\t\t\t\t<\/div>\n\t\t\t\t<\/div>\n\t\t\t\t<\/div>\n\t\t<div class=\"elementor-element elementor-element-538608d e-con-full e-flex e-con e-child\" data-id=\"538608d\" data-element_type=\"container\" data-e-type=\"container\">\n\t\t\t\t<div class=\"elementor-element elementor-element-60ca9fa elementor-widget elementor-widget-image\" data-id=\"60ca9fa\" data-element_type=\"widget\" data-e-type=\"widget\" data-widget_type=\"image.default\">\n\t\t\t\t<div class=\"elementor-widget-container\">\n\t\t\t\t\t\t\t\t\t\t\t\t\t\t\t<img decoding=\"async\" width=\"800\" height=\"800\" src=\"https:\/\/shatranj.art\/wp-content\/uploads\/2026\/02\/shahi-gulsah-king-piece-1-1024x1024.png\" class=\"attachment-large size-large wp-image-1074\" alt=\"\" srcset=\"https:\/\/shatranj.art\/wp-content\/uploads\/2026\/02\/shahi-gulsah-king-piece-1-1024x1024.png 1024w, https:\/\/shatranj.art\/wp-content\/uploads\/2026\/02\/shahi-gulsah-king-piece-1-300x300.png 300w, https:\/\/shatranj.art\/wp-content\/uploads\/2026\/02\/shahi-gulsah-king-piece-1-150x150.png 150w, https:\/\/shatranj.art\/wp-content\/uploads\/2026\/02\/shahi-gulsah-king-piece-1-768x768.png 768w, https:\/\/shatranj.art\/wp-content\/uploads\/2026\/02\/shahi-gulsah-king-piece-1-1536x1536.png 1536w, https:\/\/shatranj.art\/wp-content\/uploads\/2026\/02\/shahi-gulsah-king-piece-1-2048x2048.png 2048w\" sizes=\"(max-width: 800px) 100vw, 800px\" \/>\t\t\t\t\t\t\t\t\t\t\t\t\t\t\t<\/div>\n\t\t\t\t<\/div>\n\t\t\t\t<div class=\"elementor-element elementor-element-aa06c95 elementor-widget-tablet__width-inherit elementor-widget elementor-widget-text-editor\" data-id=\"aa06c95\" data-element_type=\"widget\" data-e-type=\"widget\" data-widget_type=\"text-editor.default\">\n\t\t\t\t<div class=\"elementor-widget-container\">\n\t\t\t\t\t\t\t\t\t<p><strong>\u0935\u093f\u0935\u0930\u0923 \u0914\u0930 \u0935\u093f\u0930\u093e\u0938\u0924<\/strong><\/p><p>\u0917\u0941\u0932\u094d\u0936\u093e\u0939 \u092a\u0940\u0938 \u092e\u0947\u0902 \u090f\u0915 \u0935\u093f\u0936\u093f\u0937\u094d\u091f \u0939\u0947\u0921 \u0930\u0948\u092a \u0921\u093f\u091c\u093c\u093e\u0907\u0928 \u0939\u0948 \u091c\u094b \u0936\u0924\u0930\u0902\u091c \u0915\u0947 \u0907\u0924\u093f\u0939\u093e\u0938 \u0915\u0947 \u092c\u094c\u0926\u094d\u0927\u093f\u0915 \u0926\u093f\u0917\u094d\u0917\u091c\u094b\u0902 \u0915\u093e \u0938\u092e\u094d\u092e\u093e\u0928 \u0915\u0930\u0924\u093e \u0939\u0948\u0964 \u092f\u0939 \u0939\u0947\u0921\u0935\u093f\u092f\u0930 \u092e\u0927\u094d\u092f\u092f\u0941\u0917\u0940\u0928 \u092e\u093e\u0938\u094d\u091f\u0930 \u0905\u0938\u094d-\u0938\u0941\u0932\u0940 \u0914\u0930 18\u0935\u0940\u0902 \u0938\u0926\u0940 \u0915\u0947 \u092e\u093e\u0938\u094d\u091f\u0930 \u090f\u0935\u0902 \u0936\u093e\u0939\u0940 \u0905\u0928\u0941\u0935\u093e\u0926\u0915 \u092b\u093f\u0932\u093f\u092a \u0938\u094d\u091f\u0948\u092e\u094d\u092e\u093e \u091c\u0948\u0938\u0947 \u0935\u094d\u092f\u0915\u094d\u0924\u093f\u092f\u094b\u0902 \u0926\u094d\u0935\u093e\u0930\u093e \u092a\u0939\u0928\u0947 \u091c\u093e\u0928\u0947 \u0935\u093e\u0932\u0947 \u092a\u093e\u0930\u0902\u092a\u0930\u093f\u0915 \u092a\u0917\u0921\u093c\u093f\u092f\u094b\u0902 \u0915\u0947 \u0905\u0928\u0941\u0930\u0942\u092a \u092c\u0928\u093e\u092f\u093e \u0917\u092f\u093e \u0939\u0948\u0964 \u0905\u0932\u0947\u092a\u094d\u092a\u094b \u092e\u0947\u0902 \u091c\u0928\u094d\u092e\u0947 \u0914\u0930 \u0932\u0902\u0926\u0928 \u0924\u0925\u093e \u092a\u0947\u0930\u093f\u0938 \u091c\u0948\u0938\u0947 \u092a\u094d\u0930\u092e\u0941\u0916 \u092c\u094c\u0926\u094d\u0927\u093f\u0915 \u0915\u0947\u0902\u0926\u094d\u0930\u094b\u0902 \u092e\u0947\u0902 \u0938\u0915\u094d\u0930\u093f\u092f, \u0938\u094d\u091f\u0948\u092e\u094d\u092e\u093e \u090f\u0915 \u0938\u091a\u094d\u091a\u0947 \u092c\u0939\u0941\u0938\u093e\u0902\u0938\u094d\u0915\u0943\u0924\u093f\u0915 \u0935\u094d\u092f\u0915\u094d\u0924\u093f\u0924\u094d\u0935 \u0925\u0947, \u091c\u093f\u0928\u0915\u093e \u092c\u094d\u0930\u093f\u091f\u093f\u0936 \u0930\u093e\u091c\u094d\u092f \u0915\u0947 \u0932\u093f\u090f \u0926\u0941\u092d\u093e\u0937\u093f\u092f\u093e \u0915\u0947 \u0930\u0942\u092a \u092e\u0947\u0902 \u0915\u093e\u0930\u094d\u092f \u0914\u0930 \u0909\u0928\u0915\u0940 \u0905\u0917\u094d\u0930\u0923\u0940 \u0936\u0924\u0930\u0902\u091c \u0938\u0902\u0915\u0947\u0924\u0928 \u092a\u094d\u0930\u0923\u093e\u0932\u093f\u092f\u093e\u0901 \u092a\u0942\u0930\u094d\u0935\u0940 \u0914\u0930 \u092a\u0936\u094d\u091a\u093f\u092e\u0940 \u092a\u0930\u0902\u092a\u0930\u093e\u0913\u0902 \u0915\u0947 \u092c\u0940\u091a \u0938\u0947\u0924\u0941 \u0915\u093e \u0915\u093e\u092e \u0915\u0930\u0924\u0940 \u0925\u0940\u0902\u0964 \u092f\u0939 \u0921\u093f\u091c\u093c\u093e\u0907\u0928 \u0907\u0938 \u092e\u094b\u0939\u0930\u0947 \u092e\u0947\u0902 \u0917\u0939\u0930\u0940 \u092c\u0941\u0926\u094d\u0927\u093f\u092e\u0924\u094d\u0924\u093e \u0914\u0930 \u0935\u093f\u0926\u094d\u0935\u0924\u093e\u092a\u0942\u0930\u094d\u0923 \u0905\u0927\u093f\u0915\u093e\u0930 \u0915\u0940 \u092d\u093e\u0935\u0928\u093e \u092d\u0930 \u0926\u0947\u0924\u093e \u0939\u0948\u0964.<\/p>\t\t\t\t\t\t\t\t<\/div>\n\t\t\t\t<\/div>\n\t\t\t\t<div class=\"elementor-element elementor-element-117e242 elementor-widget elementor-widget-image\" data-id=\"117e242\" data-element_type=\"widget\" data-e-type=\"widget\" data-widget_type=\"image.default\">\n\t\t\t\t<div class=\"elementor-widget-container\">\n\t\t\t\t\t\t\t\t\t\t\t\t\t\t\t<img loading=\"lazy\" decoding=\"async\" width=\"800\" height=\"592\" src=\"https:\/\/shatranj.art\/wp-content\/uploads\/2026\/02\/olive-crown-olympos-1024x758.jpg\" class=\"attachment-large size-large wp-image-1558\" alt=\"\" srcset=\"https:\/\/shatranj.art\/wp-content\/uploads\/2026\/02\/olive-crown-olympos-1024x758.jpg 1024w, https:\/\/shatranj.art\/wp-content\/uploads\/2026\/02\/olive-crown-olympos-300x222.jpg 300w, https:\/\/shatranj.art\/wp-content\/uploads\/2026\/02\/olive-crown-olympos-768x568.jpg 768w, https:\/\/shatranj.art\/wp-content\/uploads\/2026\/02\/olive-crown-olympos-16x12.jpg 16w, https:\/\/shatranj.art\/wp-content\/uploads\/2026\/02\/olive-crown-olympos.jpg 1280w\" sizes=\"(max-width: 800px) 100vw, 800px\" \/>\t\t\t\t\t\t\t\t\t\t\t\t\t\t\t<\/div>\n\t\t\t\t<\/div>\n\t\t\t\t<div class=\"elementor-element elementor-element-07417e4 elementor-widget-tablet__width-inherit elementor-widget elementor-widget-text-editor\" data-id=\"07417e4\" data-element_type=\"widget\" data-e-type=\"widget\" data-widget_type=\"text-editor.default\">\n\t\t\t\t<div class=\"elementor-widget-container\">\n\t\t\t\t\t\t\t\t\t<p><strong>\u0917\u0941\u0932\u093e\u092c \u0915\u0940 \u092a\u0902\u0916\u0941\u0921\u093c\u093f\u092f\u093e\u0901 \u0914\u0930 \u0913\u0932\u0902\u092a\u0938 \u0915\u093e \u091c\u0948\u0924\u0942\u0928 \u0915\u093e \u092e\u0941\u0915\u0941\u091f<\/strong><\/p><p>\u015eAH\u00ce \u092e\u094b\u0928\u093e\u0930\u094d\u0915 \u092a\u0940\u0938 \u0915\u093e \u0924\u093e\u091c \u0917\u0941\u0932\u093e\u092c \u0915\u0940 \u092a\u0902\u0916\u0941\u0921\u093c\u093f\u092f\u094b\u0902 \u0938\u0947 \u0938\u091c\u093c\u093e \u0939\u0948, \u091c\u094b \u091c\u0940\u0935\u0928 \u0915\u0940 \u0938\u0941\u0902\u0926\u0930\u0924\u093e \u0914\u0930 \u0928\u093e\u091c\u0941\u0915\u0924\u093e \u0915\u093e \u092a\u094d\u0930\u0924\u0940\u0915 \u0939\u0948\u0902\u2014\u090f\u0915 \u0905\u0928\u092e\u094b\u0932 \u0905\u0935\u0938\u094d\u0925\u093e \u091c\u093f\u0938\u0947 \u0909\u0924\u0928\u0940 \u0939\u0940 \u0926\u0943\u0922\u093c\u0924\u093e \u0938\u0947 \u0938\u0902\u0930\u0915\u094d\u0937\u093f\u0924 \u0915\u093f\u092f\u093e \u091c\u093e\u0928\u093e \u091a\u093e\u0939\u093f\u090f, \u091c\u093f\u0924\u0928\u0940 \u0926\u0943\u0922\u093c\u0924\u093e \u0938\u0947 \u0930\u093e\u091c\u093e \u0915\u094b \u0936\u0924\u0930\u0902\u091c \u0915\u0940 \u092c\u093f\u0938\u093e\u0924 \u092a\u0930 \u092c\u091a\u093e\u092f\u093e \u091c\u093e\u0924\u093e \u0939\u0948 \u0924\u093e\u0915\u093f \u0909\u0938\u0947 \u0936\u0939-\u092e\u093e\u0924 \u0928 \u0932\u0917\u0947\u0964 \u092f\u0939 \u0921\u093f\u091c\u093c\u093e\u0907\u0928 \u0913\u0932\u0902\u092a\u0938 \u0915\u0947 \u091c\u0948\u0924\u0942\u0928 \u0915\u0947 \u0924\u093e\u091c \u0938\u0947 \u092d\u0940 \u092a\u094d\u0930\u0947\u0930\u093f\u0924 \u0939\u0948, \u091c\u094b \u0935\u093f\u091c\u092f \u0915\u0940 \u0910\u0924\u093f\u0939\u093e\u0938\u093f\u0915 \u0916\u094b\u091c \u0915\u094b \u091c\u0940\u0935\u0928 \u0915\u0940 \u0928\u093e\u091c\u0941\u0915 \u092a\u094d\u0930\u0915\u0943\u0924\u093f \u0915\u0947 \u0938\u0902\u0930\u0915\u094d\u0937\u0923 \u0915\u0947 \u0938\u093e\u0925 \u091c\u094b\u0921\u093c\u0924\u093e \u0939\u0948\u0964.<\/p>\t\t\t\t\t\t\t\t<\/div>\n\t\t\t\t<\/div>\n\t\t\t\t<\/div>\n\t\t<div class=\"elementor-element elementor-element-2d81034 e-con-full e-flex e-con e-child\" data-id=\"2d81034\" data-element_type=\"container\" data-e-type=\"container\">\n\t\t\t\t<div class=\"elementor-element elementor-element-71345be elementor-widget elementor-widget-image\" data-id=\"71345be\" data-element_type=\"widget\" data-e-type=\"widget\" data-widget_type=\"image.default\">\n\t\t\t\t<div class=\"elementor-widget-container\">\n\t\t\t\t\t\t\t\t\t\t\t\t\t\t\t<img loading=\"lazy\" decoding=\"async\" width=\"600\" height=\"800\" src=\"https:\/\/shatranj.art\/wp-content\/uploads\/2026\/02\/suli-statue.jpg\" class=\"attachment-large size-large wp-image-1075\" alt=\"\" srcset=\"https:\/\/shatranj.art\/wp-content\/uploads\/2026\/02\/suli-statue.jpg 600w, https:\/\/shatranj.art\/wp-content\/uploads\/2026\/02\/suli-statue-225x300.jpg 225w\" sizes=\"(max-width: 600px) 100vw, 600px\" \/>\t\t\t\t\t\t\t\t\t\t\t\t\t\t\t<\/div>\n\t\t\t\t<\/div>\n\t\t\t\t<div class=\"elementor-element elementor-element-1f7e824 elementor-widget-tablet__width-inherit elementor-widget elementor-widget-text-editor\" data-id=\"1f7e824\" data-element_type=\"widget\" data-e-type=\"widget\" data-widget_type=\"text-editor.default\">\n\t\t\t\t<div class=\"elementor-widget-container\">\n\t\t\t\t\t\t\t\t\t<p><strong>\u092a\u094d\u0930\u092c\u094b\u0927\u0928 \u0935\u093f\u0930\u093e\u0938\u0924<\/strong><br \/><strong>\u015eah\u00ee \u0938\u0947\u091f \u092e\u0947\u0902 \u0930\u0947\u091c\u0947\u0902\u0938 \u0935\u093f\u0930\u093e\u0938\u0924<\/strong><\/p><p>\u00a0<\/p><p>\u092b\u094d\u0930\u093e\u0902\u0938\u0940\u0938\u0940 \u0930\u0947\u091c\u0947\u0902\u0938 \u0936\u0924\u0930\u0902\u091c \u0938\u0947\u091f \u092a\u094d\u0930\u092c\u094b\u0927\u0928 \u0915\u093e \u092a\u094d\u0930\u0924\u0940\u0915 \u0939\u0948, \u090f\u0915 \u092f\u0941\u0917 \u091c\u093f\u0938\u0947 \u0924\u0930\u094d\u0915 \u0914\u0930 \u091c\u094d\u091e\u093e\u0928 \u0915\u0940 \u0916\u094b\u091c \u0926\u094d\u0935\u093e\u0930\u093e \u092a\u0930\u093f\u092d\u093e\u0937\u093f\u0924 \u0915\u093f\u092f\u093e \u0917\u092f\u093e \u0939\u0948\u0964 \u092c\u0947\u0902\u091c\u093e\u092e\u093f\u0928 \u092b\u094d\u0930\u0948\u0902\u0915\u0932\u093f\u0928, \u0928\u0947\u092a\u094b\u0932\u093f\u092f\u0928 \u092c\u094b\u0928\u093e\u092a\u093e\u0930\u094d\u091f, \u0914\u0930 \u092e\u093e\u0938\u094d\u091f\u0930 \u092b\u093f\u0932\u093f\u0921\u094b\u0930 \u091c\u0948\u0938\u0947 \u0910\u0924\u093f\u0939\u093e\u0938\u093f\u0915 \u0926\u093f\u0917\u094d\u0917\u091c\u094b\u0902 \u0926\u094d\u0935\u093e\u0930\u093e \u092a\u094d\u0930\u0938\u093f\u0926\u094d\u0927 \u0915\u0948\u092b\u0947 \u0921\u0947 \u0932\u093e \u0930\u0947\u091c\u0947\u0902\u0938 \u092e\u0947\u0902 \u0916\u0947\u0932\u093e \u0917\u092f\u093e \u092f\u0939 \u0938\u0947\u091f \u092c\u094c\u0926\u094d\u0927\u093f\u0915 \u092a\u094d\u0930\u0924\u093f\u0938\u094d\u092a\u0930\u094d\u0927\u093e \u0915\u0947 \u0932\u093f\u090f \u092e\u093e\u0928\u0915 \u092c\u0928 \u0917\u092f\u093e\u0964 \u015eah\u00ee \u0936\u0924\u0930\u0902\u091c \u0938\u0947\u091f \u091c\u093e\u0928\u092c\u0942\u091d\u0915\u0930 \u0907\u0938 \u0935\u093f\u0930\u093e\u0938\u0924 \u0915\u094b \u0938\u0902\u0930\u0915\u094d\u0937\u093f\u0924 \u0915\u0930\u0924\u093e \u0939\u0948\u0964 \u0917\u0941\u0932\u0936\u093e\u0939 \u092e\u094b\u0939\u0930\u0947 \u0915\u0947 \u0932\u093f\u090f \u0930\u0947\u091c\u0947\u0902\u0938 \u0930\u093e\u091c\u093e \u0915\u0947 \u092a\u0941\u0937\u094d\u092a \u0930\u0942\u092a\u093e\u0902\u0915\u0928\u094b\u0902 \u0938\u0947 \u092a\u094d\u0930\u0947\u0930\u0923\u093e \u0932\u0947\u0915\u0930, \u015eah\u00ee \u0938\u0947\u091f 18\u0935\u0940\u0902 \u0938\u0926\u0940 \u0915\u0940 \u092f\u0942\u0930\u094b\u092a\u0940\u092f \u0936\u093e\u0932\u0940\u0928\u0924\u093e \u0915\u094b \u092a\u0942\u0930\u094d\u0935 \u0915\u0940 \u0917\u0939\u0930\u0940 \u0935\u093f\u0926\u094d\u0935\u0924\u093e \u092a\u0930\u0902\u092a\u0930\u093e\u0913\u0902 \u0938\u0947 \u091c\u094b\u0921\u093c\u0924\u093e \u0939\u0948, \u0914\u0930 \u0909\u0928 \u092e\u0939\u093e\u0930\u0925\u093f\u092f\u094b\u0902 \u0915\u094b \u0938\u092e\u094d\u092e\u093e\u0928\u093f\u0924 \u0915\u0930\u0924\u093e \u0939\u0948 \u091c\u093f\u0928\u094d\u0939\u094b\u0902\u0928\u0947 \u0916\u0947\u0932 \u0915\u0947 \u0938\u094d\u0935\u0930\u094d\u0923 \u092f\u0941\u0917 \u0915\u094b \u092a\u0930\u093f\u092d\u093e\u0937\u093f\u0924 \u0915\u093f\u092f\u093e\u0964.<\/p>\t\t\t\t\t\t\t\t<\/div>\n\t\t\t\t<\/div>\n\t\t\t\t<\/div>\n\t\t\t\t<\/div>\n\t\t\t\t\t<\/div>\n\t\t\t\t<\/div>\n\t\t\t\t<\/div>","protected":false},"excerpt":{"rendered":"<p>\u015eAH\u00ce set monarch\/king\/shah piece: G\u00fcl\u015fah G\u00fcl\u015fah represents the wisdom of the headwrap, the sanctity and authority of the dome, and rose as a symbol of life and beauty, which must be protected from checkmate. The dome draws inspiration from iconic structures like the Hagia Sophia, the Pantheon, and MIT. The headwrap reflects the intellectual legacy [&hellip;]<\/p>\n","protected":false},"author":1,"featured_media":0,"parent":743,"menu_order":0,"comment_status":"closed","ping_status":"closed","template":"","meta":{"footnotes":""},"class_list":["post-1068","page","type-page","status-publish","hentry"],"_links":{"self":[{"href":"https:\/\/shatranj.art\/hi\/wp-json\/wp\/v2\/pages\/1068","targetHints":{"allow":["GET"]}}],"collection":[{"href":"https:\/\/shatranj.art\/hi\/wp-json\/wp\/v2\/pages"}],"about":[{"href":"https:\/\/shatranj.art\/hi\/wp-json\/wp\/v2\/types\/page"}],"author":[{"embeddable":true,"href":"https:\/\/shatranj.art\/hi\/wp-json\/wp\/v2\/users\/1"}],"replies":[{"embeddable":true,"href":"https:\/\/shatranj.art\/hi\/wp-json\/wp\/v2\/comments?post=1068"}],"version-history":[{"count":10,"href":"https:\/\/shatranj.art\/hi\/wp-json\/wp\/v2\/pages\/1068\/revisions"}],"predecessor-version":[{"id":1561,"href":"https:\/\/shatranj.art\/hi\/wp-json\/wp\/v2\/pages\/1068\/revisions\/1561"}],"up":[{"embeddable":true,"href":"https:\/\/shatranj.art\/hi\/wp-json\/wp\/v2\/pages\/743"}],"wp:attachment":[{"href":"https:\/\/shatranj.art\/hi\/wp-json\/wp\/v2\/media?parent=1068"}],"curies":[{"name":"wp","href":"https:\/\/api.w.org\/{rel}","templated":true}]}}