{"id":1355,"date":"2026-02-23T08:47:26","date_gmt":"2026-02-23T08:47:26","guid":{"rendered":"https:\/\/shatranj.art\/?page_id=1355"},"modified":"2026-02-24T06:17:29","modified_gmt":"2026-02-24T06:17:29","slug":"poster-33","status":"publish","type":"page","link":"https:\/\/shatranj.art\/hi\/exhibit\/poster-33\/","title":{"rendered":"\u092a\u094b\u0938\u094d\u091f\u0930 33"},"content":{"rendered":"<div data-elementor-type=\"wp-page\" data-elementor-id=\"1355\" class=\"elementor elementor-1355\" data-elementor-post-type=\"page\">\n\t\t\t\t<div class=\"elementor-element elementor-element-2851794 e-flex e-con-boxed e-con e-parent\" data-id=\"2851794\" data-element_type=\"container\" data-e-type=\"container\" data-settings=\"{&quot;background_background&quot;:&quot;classic&quot;}\">\n\t\t\t\t\t<div class=\"e-con-inner\">\n\t\t<div class=\"elementor-element elementor-element-ed4d108 e-con-full e-flex e-con e-child\" data-id=\"ed4d108\" data-element_type=\"container\" data-e-type=\"container\">\n\t\t\t\t<div class=\"elementor-element elementor-element-2753e94 elementor-widget elementor-widget-image\" data-id=\"2753e94\" data-element_type=\"widget\" data-e-type=\"widget\" data-widget_type=\"image.default\">\n\t\t\t\t<div class=\"elementor-widget-container\">\n\t\t\t\t\t\t\t\t\t\t\t\t\t\t\t<img fetchpriority=\"high\" decoding=\"async\" width=\"800\" height=\"534\" src=\"https:\/\/shatranj.art\/wp-content\/uploads\/2026\/02\/ulku-ve-dalkiran-kultur-un-1024x683.jpeg\" class=\"attachment-large size-large wp-image-1359\" alt=\"\" srcset=\"https:\/\/shatranj.art\/wp-content\/uploads\/2026\/02\/ulku-ve-dalkiran-kultur-un-1024x683.jpeg 1024w, https:\/\/shatranj.art\/wp-content\/uploads\/2026\/02\/ulku-ve-dalkiran-kultur-un-300x200.jpeg 300w, https:\/\/shatranj.art\/wp-content\/uploads\/2026\/02\/ulku-ve-dalkiran-kultur-un-768x512.jpeg 768w, https:\/\/shatranj.art\/wp-content\/uploads\/2026\/02\/ulku-ve-dalkiran-kultur-un-1536x1024.jpeg 1536w, https:\/\/shatranj.art\/wp-content\/uploads\/2026\/02\/ulku-ve-dalkiran-kultur-un-2048x1365.jpeg 2048w, https:\/\/shatranj.art\/wp-content\/uploads\/2026\/02\/ulku-ve-dalkiran-kultur-un-18x12.jpeg 18w\" sizes=\"(max-width: 800px) 100vw, 800px\" \/>\t\t\t\t\t\t\t\t\t\t\t\t\t\t\t<\/div>\n\t\t\t\t<\/div>\n\t\t\t\t<div class=\"elementor-element elementor-element-1b1dadb elementor-widget-tablet__width-inherit elementor-widget elementor-widget-text-editor\" data-id=\"1b1dadb\" data-element_type=\"widget\" data-e-type=\"widget\" data-widget_type=\"text-editor.default\">\n\t\t\t\t<div class=\"elementor-widget-container\">\n\t\t\t\t\t\t\t\t\t<h3><strong>\u092e\u0941\u0938\u094d\u0924\u092b\u093c\u093e \u0915\u0947\u092e\u093e\u0932 \u0905\u0924\u093e\u0924\u0941\u0930\u094d\u0915 \u0915\u093e \u0936\u0924\u0930\u0902\u091c \u0938\u0947\u091f<\/strong><span style=\"font-weight: 400;\"><br \/><\/span><span style=\"font-weight: 400;\"><br \/><\/span><\/h3><p><span style=\"font-weight: 400;\">\u0907\u0938 \u092a\u094d\u0930\u0926\u0930\u094d\u0936\u0928\u0940 \u0915\u0947 \u0907\u0938 \u0916\u0902\u0921 \u092e\u0947\u0902 \u0924\u0941\u0930\u094d\u0915\u0940 \u0915\u0947 \u0907\u0924\u093f\u0939\u093e\u0938 \u0915\u093e \u090f\u0915 \u0905\u0928\u0942\u0920\u093e \u0905\u0902\u0936 \u092a\u094d\u0930\u0938\u094d\u0924\u0941\u0924 \u0915\u093f\u092f\u093e \u0917\u092f\u093e \u0939\u0948: \u0924\u0941\u0930\u094d\u0915\u0940 \u0917\u0923\u0930\u093e\u091c\u094d\u092f \u0915\u0947 \u0938\u0902\u0938\u094d\u0925\u093e\u092a\u0915 \u092e\u0941\u0938\u094d\u0924\u092b\u093c\u093e \u0915\u0947\u092e\u093e\u0932 \u0905\u0924\u093e\u0924\u0941\u0930\u094d\u0915 \u0915\u093e \u0935\u094d\u092f\u0915\u094d\u0924\u093f\u0917\u0924 \u0936\u0924\u0930\u0902\u091c \u0938\u0947\u091f\u0964 \u0917\u0948\u0932\u0930\u0940 \u0915\u0940 \u0924\u0938\u094d\u0935\u0940\u0930 \u092e\u0947\u0902 \u090f\u091a. \u0938\u0947\u0930\u0924\u093e\u091a \u0921\u093e\u0932\u0915\u093f\u0930\u093e\u0928 \u0905\u0924\u093e\u0924\u0941\u0930\u094d\u0915 \u0915\u0940 \u0926\u0924\u094d\u0924\u0915 \u092c\u0947\u091f\u0940 \u0909\u0932\u0915\u0941 \u0905\u0921\u093e\u0924\u0947\u092a\u0947 \u0915\u0947 \u0938\u093e\u0925 \u0917\u0930\u094d\u0935 \u0938\u0947 \u092f\u0939 \u0938\u0947\u091f \u092a\u094d\u0930\u0938\u094d\u0924\u0941\u0924 \u0915\u0930\u0924\u0947 \u0939\u0941\u090f \u0926\u093f\u0916\u093e\u0908 \u0926\u0947 \u0930\u0939\u0947 \u0939\u0948\u0902\u0964.<\/span><span style=\"font-weight: 400;\"><br \/><\/span><span style=\"font-weight: 400;\"><br \/><\/span><span style=\"font-weight: 400;\">\u092f\u0939 \u0936\u0924\u0930\u0902\u091c \u0915\u093e \u0938\u0947\u091f \u092c\u0949\u0915\u094d\u0938\u0935\u0941\u0921 \u0938\u0947 \u0905\u0928\u094b\u0916\u0947 \u0922\u0902\u0917 \u0938\u0947 \u0928\u0915\u094d\u0915\u093e\u0936\u0940 \u0915\u0930\u0915\u0947 \u092c\u0928\u093e\u092f\u093e \u0917\u092f\u093e \u0925\u093e, \u091c\u094b \u090f\u0915 \u0905\u0928\u0942\u0920\u093e \u0921\u093f\u091c\u093c\u093e\u0907\u0928 \u0925\u093e\u0964 \u092f\u0939 \u0917\u0948\u0932\u0940\u092a\u094b\u0932\u0940 \u0915\u0940 \u0932\u0921\u093c\u093e\u0908 \u0938\u0947 \u092a\u094d\u0930\u0947\u0930\u093f\u0924 \u0925\u093e \u0914\u0930 \u0907\u0938\u0947 \u0924\u093e\u0939\u0938\u093f\u0928 \u091a\u0941\u0915\u0941\u0930\u094d\u0932\u0941\u0913\u0917\u094d\u0932\u0942 \u0928\u0947 \u0924\u0948\u092f\u093e\u0930 \u0915\u093f\u092f\u093e \u0925\u093e, \u091c\u094b \u0905\u0924\u093e\u0924\u0941\u0930\u094d\u0915 \u092b\u0949\u0930\u0947\u0938\u094d\u091f \u092b\u093e\u0930\u094d\u092e \u0915\u0947 \u0938\u094d\u091f\u0947\u0936\u0928 \u092a\u094d\u0930\u092e\u0941\u0916, \u091c\u093c\u0941\u092c\u0947\u0926\u0947 \u0939\u093e\u0928\u093f\u092e \u0915\u0940 \u0917\u094b\u0926 \u0932\u0940 \u0917\u0908 \u092c\u0947\u091f\u0940 \u0935\u0938\u092b\u093f\u092f\u0947 \u0939\u093e\u0928\u093f\u092e \u0915\u0947 \u092a\u0924\u093f, \u0914\u0930 \u0905\u0924\u093e\u0924\u0941\u0930\u094d\u0915 \u0915\u0940 \u0917\u094b\u0926 \u0932\u0940 \u0917\u0908 \u092c\u0947\u091f\u0940 \u0909\u0932\u0915\u0941 \u0905\u0921\u093e\u0924\u0947\u092a\u0947 \u0915\u0947 \u092a\u093f\u0924\u093e \u0925\u0947\u0964 \u0907\u0938\u0947 \u0905\u0924\u093e\u0924\u0941\u0930\u094d\u0915 \u0915\u094b \u0909\u092a\u0939\u093e\u0930 \u0915\u0947 \u0930\u0942\u092a \u092e\u0947\u0902 \u092a\u094d\u0930\u0938\u094d\u0924\u0941\u0924 \u0915\u093f\u092f\u093e \u0917\u092f\u093e \u0925\u093e\u0964 \u0930\u0942\u0915 \u0915\u094b \u0924\u094b\u092a\u094b\u0902 \u0915\u0947 \u0930\u0942\u092a \u092e\u0947\u0902 \u0926\u0930\u094d\u0936\u093e\u092f\u093e \u0917\u092f\u093e \u0939\u0948, \u091c\u094b \u0915\u0908 \u0926\u0915\u094d\u0937\u093f\u0923-\u0938\u094d\u0932\u093e\u0935\u093f\u0915 \u0914\u0930 \u092c\u093e\u0932\u094d\u0915\u0928 \u092d\u093e\u0937\u093e\u0913\u0902 \u092e\u0947\u0902 \u0907\u0938 \u092e\u094b\u0939\u0930\u0947 \u0915\u094b \u0924\u094b\u092a, \u201c\u091f\u0949\u092a\u201d \u0915\u0939\u0928\u0947 \u0915\u0940 \u0936\u092c\u094d\u0926\u093e\u0935\u0932\u0940 \u0915\u0947 \u0905\u0928\u0941\u0930\u0942\u092a \u0939\u0948\u0964.\u00a0<\/span><\/p><p><span style=\"font-weight: 400;\">\u0905\u0924\u093e\u0924\u0941\u0930\u094d\u0915 \u0915\u0947 \u0928\u093f\u0927\u0928 \u0915\u0947 \u092c\u093e\u0926, \u0907\u0938 \u092a\u0930\u093f\u0935\u093e\u0930 \u0928\u0947 \u0907\u0938 \u0938\u0947\u091f \u0915\u094b \u0938\u0902\u0930\u0915\u094d\u0937\u093f\u0924 \u0930\u0916\u093e\u0964 \u0924\u0939\u0938\u0940\u0928 \u091a\u0941\u0915\u0941\u0930\u0932\u0941\u0913\u0917\u094d\u0932\u0942 \u0915\u0940 \u092e\u0943\u0924\u094d\u092f\u0941 \u0915\u0947 \u092c\u093e\u0926, \u092f\u0939 \u0938\u0947\u091f \u0909\u0928\u0915\u0947 \u0928\u093f\u0915\u091f\u0924\u092e \u092e\u093f\u0924\u094d\u0930 \u0938\u0947\u0932\u093e\u0939\u0924\u094d\u0924\u0928 \u0906\u0936\u0915\u0928 \u0915\u094b \u0938\u094d\u092e\u0943\u0924\u093f-\u091a\u093f\u0928\u094d\u0939 \u0915\u0947 \u0930\u0942\u092a \u092e\u0947\u0902 \u0926\u093f\u092f\u093e \u0917\u092f\u093e, \u091c\u094b \u0936\u0924\u0930\u0902\u091c \u0938\u092e\u0941\u0926\u093e\u092f \u092e\u0947\u0902 \u090f\u0915 \u0938\u092e\u094d\u092e\u093e\u0928\u093f\u0924 \u0935\u094d\u092f\u0915\u094d\u0924\u093f \u0925\u0947, \u0914\u0930 \u092f\u0939 \u0938\u0947\u091f \u0907\u0938\u094d\u0924\u093e\u0902\u092c\u0941\u0932 \u0915\u0947 \u091c\u0947\u0935\u093f\u091c\u093c\u0932\u0940 \u0938\u094d\u0925\u093f\u0924 \u0909\u0928\u0915\u0947 \u0918\u0930 \u092a\u0930 \u0930\u0916\u093e \u0917\u092f\u093e\u0964.<\/span><\/p><p><span style=\"font-weight: 400;\">\u092c\u093e\u0926 \u092e\u0947\u0902, \u092f\u0939 \u0938\u0947\u091f \u090f\u091a. \u0938\u0947\u0930\u0924\u093e\u091a \u0921\u093e\u0932\u0915\u093f\u0930\u093e\u0928 \u0915\u094b \u0909\u092a\u0939\u093e\u0930 \u0938\u094d\u0935\u0930\u0942\u092a \u0926\u093f\u092f\u093e \u0917\u092f\u093e, \u091c\u093f\u0928\u094d\u0939\u094b\u0902\u0928\u0947 \u0924\u0941\u0930\u094d\u0915\u0940 \u092e\u0947\u0902 \u0936\u0924\u0930\u0902\u091c \u0915\u0947 \u0915\u094d\u0937\u0947\u0924\u094d\u0930 \u092e\u0947\u0902 \u0909\u0928\u0915\u0940 \u0909\u0924\u094d\u0915\u0943\u0937\u094d\u091f \u0938\u0947\u0935\u093e\u0913\u0902 \u0915\u0947 \u0938\u092e\u094d\u092e\u093e\u0928 \u092e\u0947\u0902 \u0939\u092e\u093e\u0930\u0947 \u0926\u0947\u0936 \u0915\u093e \u092a\u0939\u0932\u093e \u0936\u0924\u0930\u0902\u091c \u0938\u094d\u0915\u0942\u0932 \u0914\u0930 \u0938\u0902\u0917\u094d\u0930\u0939\u093e\u0932\u092f \u0938\u094d\u0925\u093e\u092a\u093f\u0924 \u0915\u093f\u092f\u093e\u0964 \u091c\u094d\u091e\u093e\u0924 \u0939\u0948 \u0915\u093f \u0905\u0924\u093e\u0924\u0941\u0930\u094d\u0915 \u0928\u0947 \u0907\u0938\u0940 \u0938\u0947\u091f \u0938\u0947 \u0907\u0938\u094d\u092e\u0947\u091f \u0907\u0928\u094b\u0928\u0942, \u0938\u0947\u0932\u093e\u0939\u0924\u094d\u0924\u093f\u0928 \u0906\u0926\u093f\u0932 \u092a\u093e\u0936\u093e \u0914\u0930 \u0905\u0928\u094d\u092f \u0938\u093e\u0925\u0940 \u092f\u094b\u0926\u094d\u0927\u093e\u0913\u0902 \u0915\u0947 \u0916\u093f\u0932\u093e\u092b \u0936\u0924\u0930\u0902\u091c \u0916\u0947\u0932\u093e \u0925\u093e\u0964.<\/span><\/p>\t\t\t\t\t\t\t\t<\/div>\n\t\t\t\t<\/div>\n\t\t\t\t<div class=\"elementor-element elementor-element-8077669 elementor-widget elementor-widget-image\" data-id=\"8077669\" data-element_type=\"widget\" data-e-type=\"widget\" data-widget_type=\"image.default\">\n\t\t\t\t<div class=\"elementor-widget-container\">\n\t\t\t\t\t\t\t\t\t\t\t\t\t\t\t<img decoding=\"async\" width=\"800\" height=\"576\" src=\"https:\/\/shatranj.art\/wp-content\/uploads\/2026\/02\/ataturkun-takimi-afis-calismasi-1-1024x737.jpg\" class=\"attachment-large size-large wp-image-1358\" alt=\"\" srcset=\"https:\/\/shatranj.art\/wp-content\/uploads\/2026\/02\/ataturkun-takimi-afis-calismasi-1-1024x737.jpg 1024w, https:\/\/shatranj.art\/wp-content\/uploads\/2026\/02\/ataturkun-takimi-afis-calismasi-1-300x216.jpg 300w, https:\/\/shatranj.art\/wp-content\/uploads\/2026\/02\/ataturkun-takimi-afis-calismasi-1-768x553.jpg 768w, https:\/\/shatranj.art\/wp-content\/uploads\/2026\/02\/ataturkun-takimi-afis-calismasi-1-1536x1106.jpg 1536w, https:\/\/shatranj.art\/wp-content\/uploads\/2026\/02\/ataturkun-takimi-afis-calismasi-1-2048x1475.jpg 2048w, https:\/\/shatranj.art\/wp-content\/uploads\/2026\/02\/ataturkun-takimi-afis-calismasi-1-18x12.jpg 18w\" sizes=\"(max-width: 800px) 100vw, 800px\" \/>\t\t\t\t\t\t\t\t\t\t\t\t\t\t\t<\/div>\n\t\t\t\t<\/div>\n\t\t\t\t<div class=\"elementor-element elementor-element-887b309 elementor-widget elementor-widget-image\" data-id=\"887b309\" data-element_type=\"widget\" data-e-type=\"widget\" data-widget_type=\"image.default\">\n\t\t\t\t<div class=\"elementor-widget-container\">\n\t\t\t\t\t\t\t\t\t\t\t\t\t\t\t<img decoding=\"async\" width=\"800\" height=\"504\" src=\"https:\/\/shatranj.art\/wp-content\/uploads\/2026\/02\/mustafa-kemal-ataturk-chess-set-reduced-size-1024x645.jpg\" class=\"attachment-large size-large wp-image-1446\" alt=\"\" srcset=\"https:\/\/shatranj.art\/wp-content\/uploads\/2026\/02\/mustafa-kemal-ataturk-chess-set-reduced-size-1024x645.jpg 1024w, https:\/\/shatranj.art\/wp-content\/uploads\/2026\/02\/mustafa-kemal-ataturk-chess-set-reduced-size-300x189.jpg 300w, https:\/\/shatranj.art\/wp-content\/uploads\/2026\/02\/mustafa-kemal-ataturk-chess-set-reduced-size-768x484.jpg 768w, https:\/\/shatranj.art\/wp-content\/uploads\/2026\/02\/mustafa-kemal-ataturk-chess-set-reduced-size-1536x968.jpg 1536w, https:\/\/shatranj.art\/wp-content\/uploads\/2026\/02\/mustafa-kemal-ataturk-chess-set-reduced-size-2048x1291.jpg 2048w, https:\/\/shatranj.art\/wp-content\/uploads\/2026\/02\/mustafa-kemal-ataturk-chess-set-reduced-size-18x12.jpg 18w\" sizes=\"(max-width: 800px) 100vw, 800px\" \/>\t\t\t\t\t\t\t\t\t\t\t\t\t\t\t<\/div>\n\t\t\t\t<\/div>\n\t\t\t\t<div class=\"elementor-element elementor-element-67db2a3 elementor-widget elementor-widget-image\" data-id=\"67db2a3\" data-element_type=\"widget\" data-e-type=\"widget\" data-widget_type=\"image.default\">\n\t\t\t\t<div class=\"elementor-widget-container\">\n\t\t\t\t\t\t\t\t\t\t\t\t\t\t\t<img loading=\"lazy\" decoding=\"async\" width=\"768\" height=\"1024\" src=\"https:\/\/shatranj.art\/wp-content\/uploads\/2026\/02\/ulku-adatepe-my-childhood-with-ataturk-768x1024.jpg\" class=\"attachment-large size-large wp-image-1451\" alt=\"\" srcset=\"https:\/\/shatranj.art\/wp-content\/uploads\/2026\/02\/ulku-adatepe-my-childhood-with-ataturk-768x1024.jpg 768w, https:\/\/shatranj.art\/wp-content\/uploads\/2026\/02\/ulku-adatepe-my-childhood-with-ataturk-225x300.jpg 225w, https:\/\/shatranj.art\/wp-content\/uploads\/2026\/02\/ulku-adatepe-my-childhood-with-ataturk-1152x1536.jpg 1152w, https:\/\/shatranj.art\/wp-content\/uploads\/2026\/02\/ulku-adatepe-my-childhood-with-ataturk-1536x2048.jpg 1536w, https:\/\/shatranj.art\/wp-content\/uploads\/2026\/02\/ulku-adatepe-my-childhood-with-ataturk-9x12.jpg 9w, https:\/\/shatranj.art\/wp-content\/uploads\/2026\/02\/ulku-adatepe-my-childhood-with-ataturk-scaled.jpg 1920w\" sizes=\"(max-width: 768px) 100vw, 768px\" \/>\t\t\t\t\t\t\t\t\t\t\t\t\t\t\t<\/div>\n\t\t\t\t<\/div>\n\t\t\t\t<div class=\"elementor-element elementor-element-00467b4 elementor-widget elementor-widget-image\" data-id=\"00467b4\" data-element_type=\"widget\" data-e-type=\"widget\" data-widget_type=\"image.default\">\n\t\t\t\t<div class=\"elementor-widget-container\">\n\t\t\t\t\t\t\t\t\t\t\t\t\t\t\t<img loading=\"lazy\" decoding=\"async\" width=\"768\" height=\"1024\" src=\"https:\/\/shatranj.art\/wp-content\/uploads\/2026\/02\/ulku-adatepe-ataturk-memoirs-768x1024.jpg\" class=\"attachment-large size-large wp-image-1447\" alt=\"\" srcset=\"https:\/\/shatranj.art\/wp-content\/uploads\/2026\/02\/ulku-adatepe-ataturk-memoirs-768x1024.jpg 768w, https:\/\/shatranj.art\/wp-content\/uploads\/2026\/02\/ulku-adatepe-ataturk-memoirs-225x300.jpg 225w, https:\/\/shatranj.art\/wp-content\/uploads\/2026\/02\/ulku-adatepe-ataturk-memoirs-1152x1536.jpg 1152w, https:\/\/shatranj.art\/wp-content\/uploads\/2026\/02\/ulku-adatepe-ataturk-memoirs-1536x2048.jpg 1536w, https:\/\/shatranj.art\/wp-content\/uploads\/2026\/02\/ulku-adatepe-ataturk-memoirs-9x12.jpg 9w, https:\/\/shatranj.art\/wp-content\/uploads\/2026\/02\/ulku-adatepe-ataturk-memoirs-scaled.jpg 1920w\" sizes=\"(max-width: 768px) 100vw, 768px\" \/>\t\t\t\t\t\t\t\t\t\t\t\t\t\t\t<\/div>\n\t\t\t\t<\/div>\n\t\t\t\t<div class=\"elementor-element elementor-element-9bf6bee elementor-widget elementor-widget-image\" data-id=\"9bf6bee\" data-element_type=\"widget\" data-e-type=\"widget\" data-widget_type=\"image.default\">\n\t\t\t\t<div class=\"elementor-widget-container\">\n\t\t\t\t\t\t\t\t\t\t\t\t\t\t\t<img loading=\"lazy\" decoding=\"async\" width=\"530\" height=\"800\" src=\"https:\/\/shatranj.art\/wp-content\/uploads\/2026\/02\/mustafa-kemal-atatur-ulku-adatepe.jpg\" class=\"attachment-large size-large wp-image-1449\" alt=\"\" srcset=\"https:\/\/shatranj.art\/wp-content\/uploads\/2026\/02\/mustafa-kemal-atatur-ulku-adatepe.jpg 530w, https:\/\/shatranj.art\/wp-content\/uploads\/2026\/02\/mustafa-kemal-atatur-ulku-adatepe-199x300.jpg 199w, https:\/\/shatranj.art\/wp-content\/uploads\/2026\/02\/mustafa-kemal-atatur-ulku-adatepe-8x12.jpg 8w\" sizes=\"(max-width: 530px) 100vw, 530px\" \/>\t\t\t\t\t\t\t\t\t\t\t\t\t\t\t<\/div>\n\t\t\t\t<\/div>\n\t\t\t\t<div class=\"elementor-element elementor-element-c32a832 elementor-widget elementor-widget-image\" data-id=\"c32a832\" data-element_type=\"widget\" data-e-type=\"widget\" data-widget_type=\"image.default\">\n\t\t\t\t<div class=\"elementor-widget-container\">\n\t\t\t\t\t\t\t\t\t\t\t\t\t\t\t<img loading=\"lazy\" decoding=\"async\" width=\"640\" height=\"1024\" src=\"https:\/\/shatranj.art\/wp-content\/uploads\/2026\/02\/tahsin-cukurluoglu-ulku-adatepe-chesset-memory-640x1024.jpg\" class=\"attachment-large size-large wp-image-1450\" alt=\"\" srcset=\"https:\/\/shatranj.art\/wp-content\/uploads\/2026\/02\/tahsin-cukurluoglu-ulku-adatepe-chesset-memory-640x1024.jpg 640w, https:\/\/shatranj.art\/wp-content\/uploads\/2026\/02\/tahsin-cukurluoglu-ulku-adatepe-chesset-memory-187x300.jpg 187w, https:\/\/shatranj.art\/wp-content\/uploads\/2026\/02\/tahsin-cukurluoglu-ulku-adatepe-chesset-memory-7x12.jpg 7w, https:\/\/shatranj.art\/wp-content\/uploads\/2026\/02\/tahsin-cukurluoglu-ulku-adatepe-chesset-memory.jpg 652w\" sizes=\"(max-width: 640px) 100vw, 640px\" \/>\t\t\t\t\t\t\t\t\t\t\t\t\t\t\t<\/div>\n\t\t\t\t<\/div>\n\t\t\t\t<div class=\"elementor-element elementor-element-4fc3267 elementor-widget elementor-widget-image\" data-id=\"4fc3267\" data-element_type=\"widget\" data-e-type=\"widget\" data-widget_type=\"image.default\">\n\t\t\t\t<div class=\"elementor-widget-container\">\n\t\t\t\t\t\t\t\t\t\t\t\t\t\t\t<img loading=\"lazy\" decoding=\"async\" width=\"580\" height=\"984\" src=\"https:\/\/shatranj.art\/wp-content\/uploads\/2026\/02\/Tahsin-Cukurluoglu.jpg\" class=\"attachment-large size-large wp-image-1448\" alt=\"\" srcset=\"https:\/\/shatranj.art\/wp-content\/uploads\/2026\/02\/Tahsin-Cukurluoglu.jpg 580w, https:\/\/shatranj.art\/wp-content\/uploads\/2026\/02\/Tahsin-Cukurluoglu-177x300.jpg 177w, https:\/\/shatranj.art\/wp-content\/uploads\/2026\/02\/Tahsin-Cukurluoglu-7x12.jpg 7w\" sizes=\"(max-width: 580px) 100vw, 580px\" \/>\t\t\t\t\t\t\t\t\t\t\t\t\t\t\t<\/div>\n\t\t\t\t<\/div>\n\t\t\t\t<div class=\"elementor-element elementor-element-7c081ec elementor-widget-tablet__width-inherit elementor-widget elementor-widget-text-editor\" data-id=\"7c081ec\" data-element_type=\"widget\" data-e-type=\"widget\" data-widget_type=\"text-editor.default\">\n\t\t\t\t<div class=\"elementor-widget-container\">\n\t\t\t\t\t\t\t\t\t<h3><b>\u092b\u0947\u0928\u0947\u0930\u092c\u093e\u091a\u0947 \u0938\u094d\u091f\u0947\u0921\u093f\u092f\u092e \u092e\u0947\u0902 \u0932\u093e\u0907\u0935 \u0935\u093f\u0936\u093e\u0932 \u0936\u0924\u0930\u0902\u091c \u0936\u094b (1997)<\/b><\/h3><p><b>\u0938\u094d\u091f\u0947\u0921\u093f\u092f\u092e \u0915\u094b\u0932\u093e\u091c \u092a\u0930 \u0906\u0927\u093e\u0930\u093f\u0924\u0964.<\/b><\/p><p><span style=\"font-weight: 400;\">\u092f\u0939 \u092a\u094d\u0930\u092d\u093e\u0935\u0936\u093e\u0932\u0940 \u0926\u0943\u0936\u094d\u092f \u0924\u0941\u0930\u094d\u0915\u0940 \u0915\u0947 \u0938\u092c\u0938\u0947 \u092a\u094d\u0930\u0924\u093f\u0937\u094d\u0920\u093f\u0924 \u0916\u0947\u0932 \u0915\u094d\u0932\u092c\u094b\u0902 \u092e\u0947\u0902 \u0938\u0947 \u090f\u0915, \u092b\u0947\u0928\u0947\u0930\u092c\u093e\u0939\u091a\u0947 \u0915\u0947 \u0938\u094d\u091f\u0947\u0921\u093f\u092f\u092e \u092e\u0947\u0902 1997 \u092e\u0947\u0902 \u0906\u092f\u094b\u091c\u093f\u0924 \u090f\u0915 \u0935\u093f\u0936\u093e\u0932 \u201c\u0932\u093e\u0907\u0935 \u091a\u0947\u0938\u201d \u0915\u093e\u0930\u094d\u092f\u0915\u094d\u0930\u092e \u0915\u094b \u0926\u0930\u094d\u0936\u093e\u0924\u093e \u0939\u0948\u0964.<\/span><\/p><p><span style=\"font-weight: 400;\">\u0907\u0938 \u0906\u092f\u094b\u091c\u0928 \u092e\u0947\u0902, \u091c\u0939\u093e\u0901 \u092b\u0941\u091f\u092c\u0949\u0932 \u092a\u093f\u091a \u0915\u094b \u090f\u0915 \u0935\u093f\u0936\u093e\u0932 \u0936\u0924\u0930\u0902\u091c \u0915\u0940 \u092c\u093f\u0938\u093e\u0924 \u092e\u0947\u0902 \u092c\u0926\u0932 \u0926\u093f\u092f\u093e \u0917\u092f\u093e \u0925\u093e, \u0935\u093f\u0936\u0947\u0937 \u092a\u094b\u0936\u093e\u0915\u0927\u093e\u0930\u0940 \u0915\u0932\u093e\u0915\u093e\u0930\u094b\u0902 \u0928\u0947 \u0936\u0924\u0930\u0902\u091c \u0915\u0947 \u092e\u094b\u0939\u0930\u094b\u0902 \u0915\u0940 \u092d\u0942\u092e\u093f\u0915\u093e \u0928\u093f\u092d\u093e\u0915\u0930 \u0930\u0923\u0928\u0940\u0924\u093f\u0915 \u0916\u0947\u0932 \u0915\u094b \u0938\u094d\u091f\u0947\u0921\u093f\u092f\u092e \u092e\u0947\u0902 \u092e\u094c\u091c\u0942\u0926 \u0926\u0930\u094d\u0936\u0915\u094b\u0902 \u0915\u0947 \u0938\u093e\u092e\u0928\u0947 \u091c\u0940\u0935\u0902\u0924 \u0915\u0930 \u0926\u093f\u092f\u093e\u0964 \u092f\u0939 \u0926\u0943\u0936\u094d\u092f \u0936\u0924\u0930\u0902\u091c \u0915\u0940 \u092c\u094c\u0926\u094d\u0927\u093f\u0915 \u0917\u0939\u0930\u093e\u0908 \u0915\u094b \u0936\u093e\u0930\u0940\u0930\u093f\u0915 \u0926\u0943\u0936\u094d\u092f\u093e\u0924\u094d\u092e\u0915 \u092d\u0935\u094d\u092f\u0924\u093e \u0914\u0930 \u0916\u0947\u0932 \u0938\u0902\u0938\u094d\u0915\u0943\u0924\u093f \u0915\u0947 \u0938\u093e\u0925 \u0938\u0939\u091c\u0924\u093e \u0938\u0947 \u092e\u093f\u0932\u093e\u0924\u093e \u0939\u0948\u0964 \u0938\u094d\u091f\u0947\u0921\u093f\u092f\u092e \u092e\u0947\u0902 \u090f\u0915 \u091d\u0902\u0921\u0947 \u092a\u0930 \u0905\u0924\u093e\u0924\u0941\u0930\u094d\u0915 \u0915\u0940 \u0924\u0938\u094d\u0935\u0940\u0930 \u0926\u0947\u0916\u0940 \u091c\u093e \u0938\u0915\u0924\u0940 \u0939\u0948\u0964.<\/span><\/p><p><b>\u0938\u0902\u0917\u094d\u0930\u0939\u0923\u0940\u092f \u091f\u093f\u092a\u094d\u092a\u0923\u0940:<\/b><span style=\"font-weight: 400;\"> \u092e\u0942\u0932 \u092b\u093c\u094b\u091f\u094b\u0917\u094d\u0930\u093e\u092b\u093c \u092a\u0930 \u092c\u0924\u093e\u090f \u0905\u0928\u0941\u0938\u093e\u0930, \u0936\u0924\u0930\u0902\u091c \u0915\u0947 \u0907\u0924\u093f\u0939\u093e\u0938 \u0915\u0947 \u0907\u0938 \u0935\u093f\u0936\u0947\u0937 \u091f\u0941\u0915\u0921\u093c\u0947 \u0915\u094b \u092b\u093c\u093f\u0921\u0947 \u0905\u0902\u0924\u0930\u094d\u0930\u093e\u0937\u094d\u091f\u094d\u0930\u0940\u092f \u0936\u0924\u0930\u0902\u091c \u0930\u0947\u092b\u093c\u0930\u0940 \u0914\u0930 \u0932\u0947\u0916\u0915 \u0915\u0947 \u0928\u093f\u091c\u0940 \u0905\u092d\u093f\u0932\u0947\u0916\u093e\u0917\u093e\u0930 \u0914\u0930 \u0938\u0902\u0917\u094d\u0930\u0939 \u0938\u0947 \u092a\u094d\u0930\u0926\u0930\u094d\u0936\u093f\u0924 \u0915\u093f\u092f\u093e \u0917\u092f\u093e \u0939\u0948, <\/span><b>\u090f\u091a. \u0938\u0947\u0930\u0924\u093e\u091a \u0921\u093e\u0932\u0915\u093f\u0930\u093e\u0928<\/b><span style=\"font-weight: 400;\">.<\/span><\/p>\t\t\t\t\t\t\t\t<\/div>\n\t\t\t\t<\/div>\n\t\t\t\t<div class=\"elementor-element elementor-element-2284ad2 elementor-widget elementor-widget-image\" data-id=\"2284ad2\" data-element_type=\"widget\" data-e-type=\"widget\" data-widget_type=\"image.default\">\n\t\t\t\t<div class=\"elementor-widget-container\">\n\t\t\t\t\t\t\t\t\t\t\t\t\t\t\t<img loading=\"lazy\" decoding=\"async\" width=\"800\" height=\"557\" src=\"https:\/\/shatranj.art\/wp-content\/uploads\/2026\/02\/Fenerbahce-stadi-bale-1997-1024x713.jpg\" class=\"attachment-large size-large wp-image-1360\" alt=\"\" srcset=\"https:\/\/shatranj.art\/wp-content\/uploads\/2026\/02\/Fenerbahce-stadi-bale-1997-1024x713.jpg 1024w, https:\/\/shatranj.art\/wp-content\/uploads\/2026\/02\/Fenerbahce-stadi-bale-1997-300x209.jpg 300w, https:\/\/shatranj.art\/wp-content\/uploads\/2026\/02\/Fenerbahce-stadi-bale-1997-768x535.jpg 768w, https:\/\/shatranj.art\/wp-content\/uploads\/2026\/02\/Fenerbahce-stadi-bale-1997-1536x1070.jpg 1536w, https:\/\/shatranj.art\/wp-content\/uploads\/2026\/02\/Fenerbahce-stadi-bale-1997-2048x1426.jpg 2048w, https:\/\/shatranj.art\/wp-content\/uploads\/2026\/02\/Fenerbahce-stadi-bale-1997-18x12.jpg 18w\" sizes=\"(max-width: 800px) 100vw, 800px\" \/>\t\t\t\t\t\t\t\t\t\t\t\t\t\t\t<\/div>\n\t\t\t\t<\/div>\n\t\t\t\t<\/div>\n\t\t\t\t\t<\/div>\n\t\t\t\t<\/div>\n\t\t\t\t<\/div>","protected":false},"excerpt":{"rendered":"<p>The chess set of Mustafa Kemal Atat\u00fcrk This section of the exhibit highlights a unique piece of Turkish history: the personal chess set of Mustafa Kemal Atat\u00fcrk, the founder of the Republic of Turkey. The gallery photo shows H. Serta\u00e7 Dalk\u0131ran alongside Atat\u00fcrk&#8217;s adopted daughter, \u00dclk\u00fc Adatepe, proudly presenting the set. This chess set was [&hellip;]<\/p>\n","protected":false},"author":1,"featured_media":0,"parent":743,"menu_order":0,"comment_status":"closed","ping_status":"closed","template":"","meta":{"footnotes":""},"class_list":["post-1355","page","type-page","status-publish","hentry"],"_links":{"self":[{"href":"https:\/\/shatranj.art\/hi\/wp-json\/wp\/v2\/pages\/1355","targetHints":{"allow":["GET"]}}],"collection":[{"href":"https:\/\/shatranj.art\/hi\/wp-json\/wp\/v2\/pages"}],"about":[{"href":"https:\/\/shatranj.art\/hi\/wp-json\/wp\/v2\/types\/page"}],"author":[{"embeddable":true,"href":"https:\/\/shatranj.art\/hi\/wp-json\/wp\/v2\/users\/1"}],"replies":[{"embeddable":true,"href":"https:\/\/shatranj.art\/hi\/wp-json\/wp\/v2\/comments?post=1355"}],"version-history":[{"count":16,"href":"https:\/\/shatranj.art\/hi\/wp-json\/wp\/v2\/pages\/1355\/revisions"}],"predecessor-version":[{"id":1457,"href":"https:\/\/shatranj.art\/hi\/wp-json\/wp\/v2\/pages\/1355\/revisions\/1457"}],"up":[{"embeddable":true,"href":"https:\/\/shatranj.art\/hi\/wp-json\/wp\/v2\/pages\/743"}],"wp:attachment":[{"href":"https:\/\/shatranj.art\/hi\/wp-json\/wp\/v2\/media?parent=1355"}],"curies":[{"name":"wp","href":"https:\/\/api.w.org\/{rel}","templated":true}]}}