{"id":809,"date":"2026-02-21T19:53:54","date_gmt":"2026-02-21T19:53:54","guid":{"rendered":"https:\/\/shatranj.art\/?page_id=809"},"modified":"2026-03-18T00:05:44","modified_gmt":"2026-03-18T00:05:44","slug":"poster-7","status":"publish","type":"page","link":"https:\/\/shatranj.art\/hi\/exhibit\/poster-7\/","title":{"rendered":"\u092a\u094b\u0938\u094d\u091f\u0930 7"},"content":{"rendered":"<div data-elementor-type=\"wp-page\" data-elementor-id=\"809\" class=\"elementor elementor-809\" data-elementor-post-type=\"page\">\n\t\t\t\t<div class=\"elementor-element elementor-element-fa6cd04 e-flex e-con-boxed e-con e-parent\" data-id=\"fa6cd04\" data-element_type=\"container\" data-e-type=\"container\" data-settings=\"{&quot;background_background&quot;:&quot;classic&quot;}\">\n\t\t\t\t\t<div class=\"e-con-inner\">\n\t\t\t\t<div class=\"elementor-element elementor-element-5c7bc28 elementor-widget elementor-widget-image\" data-id=\"5c7bc28\" data-element_type=\"widget\" data-e-type=\"widget\" data-widget_type=\"image.default\">\n\t\t\t\t<div class=\"elementor-widget-container\">\n\t\t\t\t\t\t\t\t\t\t\t\t\t\t\t<img fetchpriority=\"high\" decoding=\"async\" width=\"1968\" height=\"1288\" src=\"https:\/\/shatranj.art\/wp-content\/uploads\/2026\/02\/7.jpg\" class=\"attachment-full size-full wp-image-812\" alt=\"\" srcset=\"https:\/\/shatranj.art\/wp-content\/uploads\/2026\/02\/7.jpg 1968w, https:\/\/shatranj.art\/wp-content\/uploads\/2026\/02\/7-300x196.jpg 300w, https:\/\/shatranj.art\/wp-content\/uploads\/2026\/02\/7-1024x670.jpg 1024w, https:\/\/shatranj.art\/wp-content\/uploads\/2026\/02\/7-768x503.jpg 768w, https:\/\/shatranj.art\/wp-content\/uploads\/2026\/02\/7-1536x1005.jpg 1536w\" sizes=\"(max-width: 1968px) 100vw, 1968px\" \/>\t\t\t\t\t\t\t\t\t\t\t\t\t\t\t<\/div>\n\t\t\t\t<\/div>\n\t\t\t\t<div class=\"elementor-element elementor-element-a06796b elementor-widget elementor-widget-text-editor\" data-id=\"a06796b\" data-element_type=\"widget\" data-e-type=\"widget\" data-widget_type=\"text-editor.default\">\n\t\t\t\t<div class=\"elementor-widget-container\">\n\t\t\t\t\t\t\t\t\t<h3><b>\u092a\u094d\u0930\u092c\u094b\u0927\u0928 \u0915\u0940 \u0938\u094c\u0902\u0926\u0930\u094d\u092f\u0936\u093e\u0938\u094d\u0924\u094d\u0930: \u092b\u093f\u0932\u093f\u0921\u094b\u0930 \u0914\u0930 \u0928\u0947\u092a\u094b\u0932\u093f\u092f\u0928 \u0915\u0940 \u0930\u0947\u091c\u0947\u0902\u0938 \u0935\u093f\u0930\u093e\u0938\u0924<\/b><\/h3><p>\u0936\u0924\u0930\u0902\u091c \u0915\u0947 \u0907\u0924\u093f\u0939\u093e\u0938 \u0915\u0947 \u0938\u092c\u0938\u0947 \u092a\u094d\u0930\u0924\u093f\u0937\u094d\u0920\u093f\u0924 \u0914\u0930 \u092a\u094d\u0930\u0924\u093f\u092e\u093e\u0924\u094d\u092e\u0915 \u0921\u093f\u091c\u093c\u093e\u0907\u0928\u094b\u0902 \u092e\u0947\u0902 \u0938\u0947 \u090f\u0915 \u0915\u0947 \u0930\u0942\u092a \u092e\u0947\u0902, \u0930\u0947\u0928\u094d\u091a\u0947\u0902\u0938 \u0936\u0948\u0932\u0940 \u0915\u093e \u0928\u093e\u092e \u092a\u0947\u0930\u093f\u0938 \u0915\u0947 \u092a\u094d\u0930\u0938\u093f\u0926\u094d\u0927 \u0915\u0948\u092b\u093c\u0947 \u0921\u0947 \u0932\u093e \u0930\u0947\u0928\u094d\u091a\u0947\u0902\u0938 \u0938\u0947 \u0932\u093f\u092f\u093e \u0917\u092f\u093e \u0939\u0948\u0964 \u092f\u0947 \u0938\u0947\u091f \u0909\u0938 \u092f\u0941\u0917 \u0915\u093e \u092a\u094d\u0930\u0924\u093f\u0928\u093f\u0927\u093f\u0924\u094d\u0935 \u0915\u0930\u0924\u0947 \u0939\u0948\u0902 \u091c\u092c \u0936\u0924\u0930\u0902\u091c \u0936\u093e\u0939\u0940 \u0926\u0930\u092c\u093e\u0930\u094b\u0902 \u0938\u0947 \u0928\u093f\u0915\u0932\u0915\u0930 \u092f\u0942\u0930\u094b\u092a \u0915\u0947 \u092c\u094c\u0926\u094d\u0927\u093f\u0915 \u0915\u0947\u0902\u0926\u094d\u0930 \u092e\u0947\u0902 \u092a\u0939\u0941\u0901\u091a\u093e, \u0914\u0930 \u0926\u093e\u0930\u094d\u0936\u0928\u093f\u0915\u094b\u0902, \u0935\u0948\u091c\u094d\u091e\u093e\u0928\u093f\u0915\u094b\u0902 \u0924\u0925\u093e \u0915\u094d\u0930\u093e\u0902\u0924\u093f\u0915\u093e\u0930\u093f\u092f\u094b\u0902 \u0915\u0940 \u092e\u0947\u091c\u093c\u094b\u0902 \u0915\u094b \u0938\u0941\u0936\u094b\u092d\u093f\u0924 \u0915\u093f\u092f\u093e\u0964 18\u0935\u0940\u0902 \u0938\u0926\u0940 \u0914\u0930 19\u0935\u0940\u0902 \u0938\u0926\u0940 \u0915\u0947 \u0905\u0927\u093f\u0915\u093e\u0902\u0936 \u0938\u092e\u092f \u0915\u0947 \u0926\u094c\u0930\u093e\u0928, \u0907\u0938 \u0921\u093f\u091c\u093c\u093e\u0907\u0928 \u0928\u0947 \u0916\u0947\u0932 \u0915\u0940 \u0938\u093e\u0930\u094d\u0935\u092d\u094c\u092e\u093f\u0915 \u092d\u093e\u0937\u093e \u0915\u0947 \u0930\u0942\u092a \u092e\u0947\u0902 \u0915\u093e\u092e \u0915\u093f\u092f\u093e, \u0914\u0930 \u0907\u0938\u0928\u0947 \u0928\u0947\u092a\u094b\u0932\u093f\u092f\u0928 \u092c\u094b\u0928\u093e\u092a\u093e\u0930\u094d\u091f, \u092c\u0947\u0902\u091c\u093e\u092e\u093f\u0928 \u092b\u094d\u0930\u0948\u0902\u0915\u0932\u093f\u0928 \u0914\u0930 \u0935\u094b\u0932\u094d\u091f\u0947\u092f\u0930 \u091c\u0948\u0938\u0947 \u0907\u0924\u093f\u0939\u093e\u0938 \u092c\u0926\u0932\u0928\u0947 \u0935\u093e\u0932\u0947 \u0926\u093f\u092e\u093e\u0917\u0940 \u091a\u093e\u0932\u094b\u0902 \u0915\u093e \u0938\u093e\u0915\u094d\u0937\u0940 \u092c\u0928\u0915\u0930 \u0907\u0924\u093f\u0939\u093e\u0938 \u0930\u091a\u093e\u0964.<\/p><p><span style=\"font-weight: 400;\">\u0907\u0938 \u092f\u0941\u0917 \u0915\u0947 \u0926\u094c\u0930\u093e\u0928, \u091c\u092c \u092e\u0939\u093e\u0928 \u0917\u0941\u0930\u0941 \u092b\u094d\u0930\u093e\u0902\u0938\u094d\u0935\u093e-\u0906\u0902\u0926\u094d\u0930\u0947 \u0921\u0948\u0928\u093f\u0915\u0928 \u092b\u093f\u0932\u093f\u0921\u094b\u0930 \u0928\u0947 \u092f\u0939 \u0918\u094b\u0937\u0923\u093e \u0915\u0930\u0924\u0947 \u0939\u0941\u090f \u0916\u0947\u0932 \u0915\u094b \u090f\u0915 \u0906\u0927\u0941\u0928\u093f\u0915 \u0938\u0948\u0926\u094d\u0927\u093e\u0902\u0924\u093f\u0915 \u0906\u0927\u093e\u0930 \u092a\u094d\u0930\u0926\u093e\u0928 \u0915\u093f\u092f\u093e \u0915\u093f <\/span><b>\u201c\u092e\u094b\u0939\u0930\u0947 \u0936\u0924\u0930\u0902\u091c \u0915\u0940 \u0906\u0924\u094d\u092e\u093e \u0939\u0948\u0902\u0964\u201d<\/b> \u0930\u0947\u091c\u0947\u0902\u0938 \u0915\u0947 \u092a\u0924\u0932\u0947, \u0938\u094d\u0924\u0930\u092c\u0926\u094d\u0927 \u0914\u0930 \u0935\u093e\u0938\u094d\u0924\u0941\u0936\u093f\u0932\u094d\u092a\u0940\u092f \u0930\u0947\u0916\u093e\u090f\u0901 \u0907\u0938 \u092c\u094c\u0926\u094d\u0927\u093f\u0915 \u0915\u094d\u0930\u093e\u0902\u0924\u093f \u0915\u0940 \u0926\u0943\u0936\u094d\u092f \u092a\u0939\u091a\u093e\u0928 \u092c\u0928 \u0917\u0908\u0902\u0964 \u092f\u0939 \u0938\u0902\u0917\u094d\u0930\u0939 \u090f\u0915 \u091c\u0940\u0935\u093f\u0924 \u0938\u094d\u092e\u0943\u0924\u093f \u0915\u0947 \u0930\u0942\u092a \u092e\u0947\u0902 \u0916\u0921\u093c\u093e \u0939\u0948, \u091c\u094b \u092a\u094d\u0930\u092c\u094b\u0927\u0928 \u0915\u0940 \u092e\u0941\u0915\u094d\u0924, \u0936\u093e\u0932\u0940\u0928 \u0914\u0930 \u0930\u0923\u0928\u0940\u0924\u093f\u0915 \u0935\u093f\u0930\u093e\u0938\u0924 \u0915\u094b \u0906\u091c \u0924\u0915 \u0938\u0902\u091c\u094b\u090f \u0939\u0941\u090f \u0939\u0948\u0964.<\/p>\t\t\t\t\t\t\t\t<\/div>\n\t\t\t\t<\/div>\n\t\t\t\t<div class=\"elementor-element elementor-element-9452bb3 elementor-widget elementor-widget-image\" data-id=\"9452bb3\" data-element_type=\"widget\" data-e-type=\"widget\" data-widget_type=\"image.default\">\n\t\t\t\t<div class=\"elementor-widget-container\">\n\t\t\t\t\t\t\t\t\t\t\t\t\t\t\t<img decoding=\"async\" width=\"1873\" height=\"1232\" src=\"https:\/\/shatranj.art\/wp-content\/uploads\/2026\/02\/7-1.jpg\" class=\"attachment-full size-full wp-image-813\" alt=\"\" srcset=\"https:\/\/shatranj.art\/wp-content\/uploads\/2026\/02\/7-1.jpg 1873w, https:\/\/shatranj.art\/wp-content\/uploads\/2026\/02\/7-1-300x197.jpg 300w, https:\/\/shatranj.art\/wp-content\/uploads\/2026\/02\/7-1-1024x674.jpg 1024w, https:\/\/shatranj.art\/wp-content\/uploads\/2026\/02\/7-1-768x505.jpg 768w, https:\/\/shatranj.art\/wp-content\/uploads\/2026\/02\/7-1-1536x1010.jpg 1536w\" sizes=\"(max-width: 1873px) 100vw, 1873px\" \/>\t\t\t\t\t\t\t\t\t\t\t\t\t\t\t<\/div>\n\t\t\t\t<\/div>\n\t\t\t\t<div class=\"elementor-element elementor-element-cae2144 elementor-widget elementor-widget-text-editor\" data-id=\"cae2144\" data-element_type=\"widget\" data-e-type=\"widget\" data-widget_type=\"text-editor.default\">\n\t\t\t\t<div class=\"elementor-widget-container\">\n\t\t\t\t\t\t\t\t\t<h3><b>\u0907\u0938\u094d\u0924\u093e\u0902\u092c\u0941\u0932 \u0936\u0924\u0930\u0902\u091c \u0938\u0902\u0918 \u0915\u0947 \u0938\u0902\u0938\u094d\u0925\u093e\u092a\u0915 \u0938\u0926\u0938\u094d\u092f \u092a\u094d\u0930\u094b. \u0921\u0949. \u0905\u0939\u092e\u0947\u091f \u0924\u0947\u0935\u092b\u093f\u0915 \u092f\u0941\u0938\u0947\u0938\u0949\u092f \u0915\u093e \u0930\u0947\u091c\u0947\u0928\u094d\u0938 \u092e\u0949\u0921\u0932 \u0936\u0924\u0930\u0902\u091c \u0938\u0947\u091f (\u092c\u0949\u0915\u094d\u0938\u0935\u0941\u0921 \u0938\u0947 \u092c\u0928\u093e)<\/b><\/h3><p>\u0906\u092a \u0928\u0940\u091a\u0947 A. Do\u011fan G\u00fcnsav \u0926\u094d\u0935\u093e\u0930\u093e Serta\u00e7 Dalk\u0131ran \u0915\u094b \u0932\u093f\u0916\u093e \u0917\u092f\u093e \u0936\u0924\u0930\u0902\u091c \u0938\u0947\u091f \u0915\u0940 \u0924\u0938\u094d\u0935\u0940\u0930 \u0914\u0930 \u0938\u0902\u0932\u0917\u094d\u0928 \u092a\u0924\u094d\u0930 \u092a\u093e \u0938\u0915\u0924\u0947 \u0939\u0948\u0902\u0964 G\u00fcnsav \u092c\u0924\u093e\u0924\u0947 \u0939\u0948\u0902 \u0915\u093f \u092f\u0939 \u0936\u0924\u0930\u0902\u091c \u0938\u0947\u091f \u092a\u094d\u0930\u094b\u092b\u0947\u0938\u0930 Yucesoy \u0915\u0947 \u092a\u0930\u093f\u0935\u093e\u0930 \u0926\u094d\u0935\u093e\u0930\u093e \u0909\u0928\u0915\u0940 \u092e\u0943\u0924\u094d\u092f\u0941 \u0915\u0947 \u092c\u093e\u0926 \u0909\u0928\u094d\u0939\u0947\u0902 \u0909\u092a\u0939\u093e\u0930 \u092e\u0947\u0902 \u0926\u093f\u092f\u093e \u0917\u092f\u093e \u0925\u093e\u0964.<\/p>\t\t\t\t\t\t\t\t<\/div>\n\t\t\t\t<\/div>\n\t\t\t\t<div class=\"elementor-element elementor-element-60a889e elementor-widget elementor-widget-image\" data-id=\"60a889e\" data-element_type=\"widget\" data-e-type=\"widget\" data-widget_type=\"image.default\">\n\t\t\t\t<div class=\"elementor-widget-container\">\n\t\t\t\t\t\t\t\t\t\t\t\t\t\t\t<img decoding=\"async\" width=\"2560\" height=\"1920\" src=\"https:\/\/shatranj.art\/wp-content\/uploads\/2026\/03\/ISD-Kurucu-uyesi-Prof.-Dr.-Ahmet-Tevfik-Yucesoyun-asirlik-simsir-agacindan-yapilmis-Rejans-Modeli-satranc-takimi-scaled.jpg\" class=\"attachment-full size-full wp-image-1885\" alt=\"\" srcset=\"https:\/\/shatranj.art\/wp-content\/uploads\/2026\/03\/ISD-Kurucu-uyesi-Prof.-Dr.-Ahmet-Tevfik-Yucesoyun-asirlik-simsir-agacindan-yapilmis-Rejans-Modeli-satranc-takimi-scaled.jpg 2560w, https:\/\/shatranj.art\/wp-content\/uploads\/2026\/03\/ISD-Kurucu-uyesi-Prof.-Dr.-Ahmet-Tevfik-Yucesoyun-asirlik-simsir-agacindan-yapilmis-Rejans-Modeli-satranc-takimi-300x225.jpg 300w, https:\/\/shatranj.art\/wp-content\/uploads\/2026\/03\/ISD-Kurucu-uyesi-Prof.-Dr.-Ahmet-Tevfik-Yucesoyun-asirlik-simsir-agacindan-yapilmis-Rejans-Modeli-satranc-takimi-1024x768.jpg 1024w, https:\/\/shatranj.art\/wp-content\/uploads\/2026\/03\/ISD-Kurucu-uyesi-Prof.-Dr.-Ahmet-Tevfik-Yucesoyun-asirlik-simsir-agacindan-yapilmis-Rejans-Modeli-satranc-takimi-768x576.jpg 768w, https:\/\/shatranj.art\/wp-content\/uploads\/2026\/03\/ISD-Kurucu-uyesi-Prof.-Dr.-Ahmet-Tevfik-Yucesoyun-asirlik-simsir-agacindan-yapilmis-Rejans-Modeli-satranc-takimi-1536x1152.jpg 1536w, https:\/\/shatranj.art\/wp-content\/uploads\/2026\/03\/ISD-Kurucu-uyesi-Prof.-Dr.-Ahmet-Tevfik-Yucesoyun-asirlik-simsir-agacindan-yapilmis-Rejans-Modeli-satranc-takimi-2048x1536.jpg 2048w, https:\/\/shatranj.art\/wp-content\/uploads\/2026\/03\/ISD-Kurucu-uyesi-Prof.-Dr.-Ahmet-Tevfik-Yucesoyun-asirlik-simsir-agacindan-yapilmis-Rejans-Modeli-satranc-takimi-16x12.jpg 16w\" sizes=\"(max-width: 2560px) 100vw, 2560px\" \/>\t\t\t\t\t\t\t\t\t\t\t\t\t\t\t<\/div>\n\t\t\t\t<\/div>\n\t\t\t\t<div class=\"elementor-element elementor-element-0b39a21 elementor-widget elementor-widget-image\" data-id=\"0b39a21\" data-element_type=\"widget\" data-e-type=\"widget\" data-widget_type=\"image.default\">\n\t\t\t\t<div class=\"elementor-widget-container\">\n\t\t\t\t\t\t\t\t\t\t\t\t\t\t\t<img loading=\"lazy\" decoding=\"async\" width=\"1700\" height=\"2338\" src=\"https:\/\/shatranj.art\/wp-content\/uploads\/2026\/03\/dogan-gunsav-in-ahmet-tevfik-yucesoy-takimi-hk-001.jpg\" class=\"attachment-full size-full wp-image-1886\" alt=\"\" srcset=\"https:\/\/shatranj.art\/wp-content\/uploads\/2026\/03\/dogan-gunsav-in-ahmet-tevfik-yucesoy-takimi-hk-001.jpg 1700w, https:\/\/shatranj.art\/wp-content\/uploads\/2026\/03\/dogan-gunsav-in-ahmet-tevfik-yucesoy-takimi-hk-001-218x300.jpg 218w, https:\/\/shatranj.art\/wp-content\/uploads\/2026\/03\/dogan-gunsav-in-ahmet-tevfik-yucesoy-takimi-hk-001-745x1024.jpg 745w, https:\/\/shatranj.art\/wp-content\/uploads\/2026\/03\/dogan-gunsav-in-ahmet-tevfik-yucesoy-takimi-hk-001-768x1056.jpg 768w, https:\/\/shatranj.art\/wp-content\/uploads\/2026\/03\/dogan-gunsav-in-ahmet-tevfik-yucesoy-takimi-hk-001-1117x1536.jpg 1117w, https:\/\/shatranj.art\/wp-content\/uploads\/2026\/03\/dogan-gunsav-in-ahmet-tevfik-yucesoy-takimi-hk-001-1489x2048.jpg 1489w, https:\/\/shatranj.art\/wp-content\/uploads\/2026\/03\/dogan-gunsav-in-ahmet-tevfik-yucesoy-takimi-hk-001-9x12.jpg 9w\" sizes=\"(max-width: 1700px) 100vw, 1700px\" \/>\t\t\t\t\t\t\t\t\t\t\t\t\t\t\t<\/div>\n\t\t\t\t<\/div>\n\t\t\t\t\t<\/div>\n\t\t\t\t<\/div>\n\t\t\t\t<\/div>","protected":false},"excerpt":{"rendered":"<p>Aesthetics of the Enlightenment: The R\u00e9gence Legacy of Philidor and Napoleon As one of the most prestigious and iconic designs in chess history, the R\u00e9gence style takes its name from the legendary Caf\u00e9 de la R\u00e9gence in Paris. These sets embody the era when chess migrated from royal courts to the intellectual heart of Europe, [&hellip;]<\/p>\n","protected":false},"author":1,"featured_media":0,"parent":743,"menu_order":0,"comment_status":"closed","ping_status":"closed","template":"","meta":{"footnotes":""},"class_list":["post-809","page","type-page","status-publish","hentry"],"_links":{"self":[{"href":"https:\/\/shatranj.art\/hi\/wp-json\/wp\/v2\/pages\/809","targetHints":{"allow":["GET"]}}],"collection":[{"href":"https:\/\/shatranj.art\/hi\/wp-json\/wp\/v2\/pages"}],"about":[{"href":"https:\/\/shatranj.art\/hi\/wp-json\/wp\/v2\/types\/page"}],"author":[{"embeddable":true,"href":"https:\/\/shatranj.art\/hi\/wp-json\/wp\/v2\/users\/1"}],"replies":[{"embeddable":true,"href":"https:\/\/shatranj.art\/hi\/wp-json\/wp\/v2\/comments?post=809"}],"version-history":[{"count":16,"href":"https:\/\/shatranj.art\/hi\/wp-json\/wp\/v2\/pages\/809\/revisions"}],"predecessor-version":[{"id":1895,"href":"https:\/\/shatranj.art\/hi\/wp-json\/wp\/v2\/pages\/809\/revisions\/1895"}],"up":[{"embeddable":true,"href":"https:\/\/shatranj.art\/hi\/wp-json\/wp\/v2\/pages\/743"}],"wp:attachment":[{"href":"https:\/\/shatranj.art\/hi\/wp-json\/wp\/v2\/media?parent=809"}],"curies":[{"name":"wp","href":"https:\/\/api.w.org\/{rel}","templated":true}]}}