{"id":1016,"date":"2026-02-22T16:17:45","date_gmt":"2026-02-22T16:17:45","guid":{"rendered":"https:\/\/shatranj.art\/?page_id=1016"},"modified":"2026-02-24T09:42:49","modified_gmt":"2026-02-24T09:42:49","slug":"poster-24","status":"publish","type":"page","link":"https:\/\/shatranj.art\/hr\/exhibit\/poster-24\/","title":{"rendered":"plakat 24"},"content":{"rendered":"<div data-elementor-type=\"wp-page\" data-elementor-id=\"1016\" class=\"elementor elementor-1016\" data-elementor-post-type=\"page\">\n\t\t\t\t<div class=\"elementor-element elementor-element-cbef851 e-flex e-con-boxed e-con e-parent\" data-id=\"cbef851\" data-element_type=\"container\" data-e-type=\"container\" data-settings=\"{&quot;background_background&quot;:&quot;classic&quot;}\">\n\t\t\t\t\t<div class=\"e-con-inner\">\n\t\t<div class=\"elementor-element elementor-element-919ca16 e-con-full e-flex e-con e-child\" data-id=\"919ca16\" data-element_type=\"container\" data-e-type=\"container\">\n\t\t\t\t<div class=\"elementor-element elementor-element-3a8b40d elementor-widget elementor-widget-image\" data-id=\"3a8b40d\" data-element_type=\"widget\" data-e-type=\"widget\" data-widget_type=\"image.default\">\n\t\t\t\t<div class=\"elementor-widget-container\">\n\t\t\t\t\t\t\t\t\t\t\t\t\t\t\t<img fetchpriority=\"high\" decoding=\"async\" width=\"800\" height=\"534\" src=\"https:\/\/shatranj.art\/wp-content\/uploads\/2026\/02\/21-1024x683.jpg\" class=\"attachment-large size-large wp-image-995\" alt=\"\" srcset=\"https:\/\/shatranj.art\/wp-content\/uploads\/2026\/02\/21-1024x683.jpg 1024w, https:\/\/shatranj.art\/wp-content\/uploads\/2026\/02\/21-300x200.jpg 300w, https:\/\/shatranj.art\/wp-content\/uploads\/2026\/02\/21-768x512.jpg 768w, https:\/\/shatranj.art\/wp-content\/uploads\/2026\/02\/21-1536x1024.jpg 1536w, https:\/\/shatranj.art\/wp-content\/uploads\/2026\/02\/21-2048x1366.jpg 2048w\" sizes=\"(max-width: 800px) 100vw, 800px\" \/>\t\t\t\t\t\t\t\t\t\t\t\t\t\t\t<\/div>\n\t\t\t\t<\/div>\n\t\t\t\t<div class=\"elementor-element elementor-element-07a7613 elementor-widget elementor-widget-text-editor\" data-id=\"07a7613\" data-element_type=\"widget\" data-e-type=\"widget\" data-widget_type=\"text-editor.default\">\n\t\t\t\t<div class=\"elementor-widget-container\">\n\t\t\t\t\t\t\t\t\t<p>\u0160ahovska garnitura \u015eAH\u00ce vi\u0161e je od same igre; ona je most izme\u0111u kultura, razdoblja i filozofija. Dizajnirana da priziva i imperijalne i kraljevske osje\u0107aje, garnitura svoje ime crpi iz izraza koji se \u0161iroko koristi na Balkanu i u mnogim slavenskim jezicima za ozna\u010davanje igre \u0161aha.<\/p><p>Rije\u010d \u201c\u015eAH\u00ce\u201d sama po sebi funkcionira kao kraljevski pridjev koji zna\u010di \u201cspecifi\u010dno za \u0160aha\u201d, nose\u0107i knji\u017eevnu te\u017einu koja ozna\u010dava snagu, veli\u010danstvenost i strate\u0161ku dubinu.<\/p><h3><b>Remek-djelo kulturne evolucije<\/b><\/h3><p>Ovaj set, dizajniran od iskusnog \u0161ahovskog edukatora i biv\u0161eg igra\u010da prvog stola na MIT-u, Tamera Karatekina, elegantno obuhva\u0107a povijest igre. Svaki je komad izra\u0111en tako da odra\u017eava jedinstvenu povijesnu pri\u010du:<\/p><ul><li style=\"font-weight: 400;\" aria-level=\"1\"><b>G\u00fcl\u015fah (Kralj):<\/b><span style=\"font-weight: 400;\"> Predstavlja svetost kupole nadahnute gra\u0111evinama poput Aja Sofije i Panteona te intelektualno naslije\u0111e pokrivala za glavu.<\/span><\/li><li style=\"font-weight: 400;\" aria-level=\"1\"><b>Sokol (Kraljica\/Vizir):<\/b><span style=\"font-weight: 400;\"> Nazvan po vojnom simbolu sokola i nadahnut zavr\u0161nim lukastim kupolama i dizajnom kacige austrijskog kafi\u0107kog \u0161ahovskog kompleta, simbolizira vojnu vlast i mudrost \u201cvezira\u201d. Sokolovi\u0107i su rodni grad najutjecajnijeg velikog vezira Osmanskog Carstva, Sokollu Mehmed-pa\u0161e.<\/span><\/li><li style=\"font-weight: 400;\" aria-level=\"1\"><b>Bukefal (Vitez):<\/b><span style=\"font-weight: 400;\"> Nazvan po legendarnom konju Aleksandra Velikog, simboliziraju\u0107i dvosmjernu razmjenu kulture izme\u0111u Istoka i Zapada.<\/span><\/li><li style=\"font-weight: 400;\" aria-level=\"1\"><b>Shahrukh (Ruk):<\/b><span style=\"font-weight: 400;\"> Veli\u010danstvena sinteza vojne evolucije, koja obuhva\u0107a elemente ratnog kola, kule, topa i broda. Majstor \u0161aha i zapovjednik Timur dao je svom sinu ime Shahrukh, jer je vijest o njegovom ro\u0111enju stigla tijekom partije \u0161aha.<\/span><\/li><li style=\"font-weight: 400;\" aria-level=\"1\"><b>Abul-Abbas (Biskup\/Slon):<\/b><span style=\"font-weight: 400;\"> Odra\u017eava kultno putovanje slona darovanog Karlu Velikom, prate\u0107i migraciju \u0161aha preko tri kontinenta.<\/span><\/li><li style=\"font-weight: 400;\" aria-level=\"1\"><b>R\u00e9gence-Philidor (Pion):<\/b><span style=\"font-weight: 400;\"> Inspirirano pari\u0161kim kafi\u0107ima iz doba prosvjetiteljstva i Philidorovom slavnom maksima: \u201cPijuni su du\u0161a \u0161aha\u201d.<\/span><\/li><\/ul>\t\t\t\t\t\t\t\t<\/div>\n\t\t\t\t<\/div>\n\t\t\t\t<div class=\"elementor-element elementor-element-52a94ef elementor-widget elementor-widget-text-editor\" data-id=\"52a94ef\" data-element_type=\"widget\" data-e-type=\"widget\" data-widget_type=\"text-editor.default\">\n\t\t\t\t<div class=\"elementor-widget-container\">\n\t\t\t\t\t\t\t\t\t<h3><b>Dizajn i svrha<\/b><\/h3><p>Set \u015eAH\u00ce je pomno pripremljen da slu\u017ei i kao umjetni\u010dki prikaz i kao funkcionalan alat za obrazovnu i turnirsku upotrebu. Filozofija njegovog dizajna utemeljena je na kulturolo\u0161koj i duhovnoj inkluzivnosti, osiguravaju\u0107i da odjekne kod igra\u010da diljem svijeta.<\/p><p><b>Naslje\u0111e podr\u0161ke:<\/b><\/p><p>Proizvodnja ovog seta omogu\u0107ena je uz podr\u0161ku Kulturnog vije\u0107a Massachusettsa i programa Europske unije za mlade.<\/p>\t\t\t\t\t\t\t\t<\/div>\n\t\t\t\t<\/div>\n\t\t\t\t<\/div>\n\t\t\t\t\t<\/div>\n\t\t\t\t<\/div>\n\t\t\t\t<\/div>","protected":false},"excerpt":{"rendered":"<p>The \u015eAH\u00ce Chess Set is more than just a game; it is a bridge between cultures, eras, and philosophies. Designed to evoke both imperial and royal sensations, the set draws its name from a term widely used in the Balkans and many Slavic languages to refer to the game of chess. The word &#8220;\u015eAH\u00ce&#8221; itself [&hellip;]<\/p>\n","protected":false},"author":1,"featured_media":0,"parent":743,"menu_order":0,"comment_status":"closed","ping_status":"closed","template":"","meta":{"footnotes":""},"class_list":["post-1016","page","type-page","status-publish","hentry"],"_links":{"self":[{"href":"https:\/\/shatranj.art\/hr\/wp-json\/wp\/v2\/pages\/1016","targetHints":{"allow":["GET"]}}],"collection":[{"href":"https:\/\/shatranj.art\/hr\/wp-json\/wp\/v2\/pages"}],"about":[{"href":"https:\/\/shatranj.art\/hr\/wp-json\/wp\/v2\/types\/page"}],"author":[{"embeddable":true,"href":"https:\/\/shatranj.art\/hr\/wp-json\/wp\/v2\/users\/1"}],"replies":[{"embeddable":true,"href":"https:\/\/shatranj.art\/hr\/wp-json\/wp\/v2\/comments?post=1016"}],"version-history":[{"count":19,"href":"https:\/\/shatranj.art\/hr\/wp-json\/wp\/v2\/pages\/1016\/revisions"}],"predecessor-version":[{"id":1601,"href":"https:\/\/shatranj.art\/hr\/wp-json\/wp\/v2\/pages\/1016\/revisions\/1601"}],"up":[{"embeddable":true,"href":"https:\/\/shatranj.art\/hr\/wp-json\/wp\/v2\/pages\/743"}],"wp:attachment":[{"href":"https:\/\/shatranj.art\/hr\/wp-json\/wp\/v2\/media?parent=1016"}],"curies":[{"name":"wp","href":"https:\/\/api.w.org\/{rel}","templated":true}]}}