{"id":1510,"date":"2026-02-24T07:22:35","date_gmt":"2026-02-24T07:22:35","guid":{"rendered":"https:\/\/shatranj.art\/?page_id=1510"},"modified":"2026-02-24T07:36:00","modified_gmt":"2026-02-24T07:36:00","slug":"plakat-39","status":"publish","type":"page","link":"https:\/\/shatranj.art\/hr\/exhibit\/plakat-39\/","title":{"rendered":"plakat-39"},"content":{"rendered":"<div data-elementor-type=\"wp-page\" data-elementor-id=\"1510\" class=\"elementor elementor-1510\" data-elementor-post-type=\"page\">\n\t\t\t\t<div class=\"elementor-element elementor-element-1426eb0 e-flex e-con-boxed e-con e-parent\" data-id=\"1426eb0\" data-element_type=\"container\" data-e-type=\"container\" data-settings=\"{&quot;background_background&quot;:&quot;classic&quot;}\">\n\t\t\t\t\t<div class=\"e-con-inner\">\n\t\t<div class=\"elementor-element elementor-element-d76d2b5 e-con-full e-flex e-con e-child\" data-id=\"d76d2b5\" data-element_type=\"container\" data-e-type=\"container\">\n\t\t\t\t<div class=\"elementor-element elementor-element-e675f73 elementor-widget elementor-widget-image\" data-id=\"e675f73\" data-element_type=\"widget\" data-e-type=\"widget\" data-widget_type=\"image.default\">\n\t\t\t\t<div class=\"elementor-widget-container\">\n\t\t\t\t\t\t\t\t\t\t\t\t\t\t\t<img fetchpriority=\"high\" decoding=\"async\" width=\"1200\" height=\"942\" src=\"https:\/\/shatranj.art\/wp-content\/uploads\/2026\/02\/Ben-Franklin-Chess-scaled-1200x942-1.jpeg\" class=\"attachment-full size-full wp-image-1513\" alt=\"\" srcset=\"https:\/\/shatranj.art\/wp-content\/uploads\/2026\/02\/Ben-Franklin-Chess-scaled-1200x942-1.jpeg 1200w, https:\/\/shatranj.art\/wp-content\/uploads\/2026\/02\/Ben-Franklin-Chess-scaled-1200x942-1-300x236.jpeg 300w, https:\/\/shatranj.art\/wp-content\/uploads\/2026\/02\/Ben-Franklin-Chess-scaled-1200x942-1-1024x804.jpeg 1024w, https:\/\/shatranj.art\/wp-content\/uploads\/2026\/02\/Ben-Franklin-Chess-scaled-1200x942-1-768x603.jpeg 768w, https:\/\/shatranj.art\/wp-content\/uploads\/2026\/02\/Ben-Franklin-Chess-scaled-1200x942-1-15x12.jpeg 15w\" sizes=\"(max-width: 1200px) 100vw, 1200px\" \/>\t\t\t\t\t\t\t\t\t\t\t\t\t\t\t<\/div>\n\t\t\t\t<\/div>\n\t\t\t\t<div class=\"elementor-element elementor-element-225c171 elementor-widget elementor-widget-text-editor\" data-id=\"225c171\" data-element_type=\"widget\" data-e-type=\"widget\" data-widget_type=\"text-editor.default\">\n\t\t\t\t<div class=\"elementor-widget-container\">\n\t\t\t\t\t\t\t\t\t<h3 data-path-to-node=\"0\"><span class=\"citation-214 citation-end-214\">\u201cMorali \u0161aha\u201d Benjamina Franklina<\/span><\/h3><p data-path-to-node=\"0\"><span class=\"citation-214 citation-end-214\"><br \/><br \/>Esej Benjamina Franklina iz 1786. godine, \u201cMorala \u0161aha\u201d, redefinirao je igru kao vitalan alat za osobni razvoj i intelektualnu vrlinu.<\/span> <span class=\"citation-213 citation-end-213\">Franklin je vjerovao da je \u0161ah vi\u0161e od razonode; bio je vje\u017eba predvi\u0111anja, razboritosti i opreza \u2014 osobina koje je smatrao klju\u010dnima za uspjeh i u privatnom \u017eivotu i u javnoj diplomaciji.<\/span> <span class=\"citation-212 citation-end-212\">Tijekom razdoblja prosvjetiteljstva Franklin je \u010desto posje\u0107ivao slavne \u0161ahovske kafi\u0107a poput Caf\u00e9 de la R\u00e9gence u Parizu.<\/span> Ti su prostori slu\u017eili kao izvorne dru\u0161tvene mre\u017ee tog doba, gdje je igra omogu\u0107avala \u017eestoke rasprave i razmjenu revolucionarnih ideja, povezuju\u0107i svjetove znanosti, politike i filozofije.<\/p><p data-path-to-node=\"0\">\u00a0<\/p><p data-path-to-node=\"0\">Franklinova fascinacija intelektualnim granicama igre dovela ga je do povijesnog susreta s Mehani\u010dkim Tur\u010dinom, najpoznatijim svjetskim \u0161ahovskim automatom. Tijekom me\u010da 1783. godine u Parizu Franklin je testirao svoje vje\u0161tine protiv stroja, koji je oli\u010davao opsesiju prosvjetiteljstva mehani\u010dkim razumom. Turski automat je naposljetku otputovao u Sjedinjene Dr\u017eave i prona\u0161ao svoj kona\u010dni dom u muzeju Peale (a kasnije i u Kineskom muzeju) u Philadelphiji. Tamo je desetlje\u0107ima bio sastavni dio znanstvene kulture Pennsylvanije prije nego \u0161to je izgorio u po\u017earu 1854. godine. Ovo naslije\u0111e ljudske domi\u0161ljatosti i strojske inteligencije ostaje temeljna pri\u010da za izlo\u017ebe koje istra\u017euju sjeci\u0161te povijesti, igara i evolucije inteligencije.<br \/><br \/><br \/><\/p><p data-path-to-node=\"0\">Fotografija prikazuje Benjamina Franklina kako igra \u0161ah. Umjetni\u010dko djelo Edwarda Harrisona Maya, 1867.<\/p>\t\t\t\t\t\t\t\t<\/div>\n\t\t\t\t<\/div>\n\t\t\t\t<\/div>\n\t\t\t\t\t<\/div>\n\t\t\t\t<\/div>\n\t\t\t\t<\/div>","protected":false},"excerpt":{"rendered":"<p>&#8220;The Morals of Chess&#8221; by Benjamin Franklin Benjamin Franklin\u2019s 1786 essay, &#8220;The Morals of Chess,&#8221; redefined the game as a vital tool for personal development and intellectual virtue. Franklin believed that chess was more than a pastime; it was an exercise in foresight, circumspection, and caution\u2014qualities he deemed essential for success in both private life [&hellip;]<\/p>\n","protected":false},"author":1,"featured_media":0,"parent":743,"menu_order":0,"comment_status":"closed","ping_status":"closed","template":"","meta":{"footnotes":""},"class_list":["post-1510","page","type-page","status-publish","hentry"],"_links":{"self":[{"href":"https:\/\/shatranj.art\/hr\/wp-json\/wp\/v2\/pages\/1510","targetHints":{"allow":["GET"]}}],"collection":[{"href":"https:\/\/shatranj.art\/hr\/wp-json\/wp\/v2\/pages"}],"about":[{"href":"https:\/\/shatranj.art\/hr\/wp-json\/wp\/v2\/types\/page"}],"author":[{"embeddable":true,"href":"https:\/\/shatranj.art\/hr\/wp-json\/wp\/v2\/users\/1"}],"replies":[{"embeddable":true,"href":"https:\/\/shatranj.art\/hr\/wp-json\/wp\/v2\/comments?post=1510"}],"version-history":[{"count":4,"href":"https:\/\/shatranj.art\/hr\/wp-json\/wp\/v2\/pages\/1510\/revisions"}],"predecessor-version":[{"id":1516,"href":"https:\/\/shatranj.art\/hr\/wp-json\/wp\/v2\/pages\/1510\/revisions\/1516"}],"up":[{"embeddable":true,"href":"https:\/\/shatranj.art\/hr\/wp-json\/wp\/v2\/pages\/743"}],"wp:attachment":[{"href":"https:\/\/shatranj.art\/hr\/wp-json\/wp\/v2\/media?parent=1510"}],"curies":[{"name":"wp","href":"https:\/\/api.w.org\/{rel}","templated":true}]}}