{"id":817,"date":"2026-02-21T20:02:15","date_gmt":"2026-02-21T20:02:15","guid":{"rendered":"https:\/\/shatranj.art\/?page_id=817"},"modified":"2026-02-24T06:26:33","modified_gmt":"2026-02-24T06:26:33","slug":"poster-8","status":"publish","type":"page","link":"https:\/\/shatranj.art\/hr\/exhibit\/poster-8\/","title":{"rendered":"plakat 8"},"content":{"rendered":"<div data-elementor-type=\"wp-page\" data-elementor-id=\"817\" class=\"elementor elementor-817\" data-elementor-post-type=\"page\">\n\t\t\t\t<div class=\"elementor-element elementor-element-3be2f38 e-flex e-con-boxed e-con e-parent\" data-id=\"3be2f38\" data-element_type=\"container\" data-e-type=\"container\" data-settings=\"{&quot;background_background&quot;:&quot;classic&quot;}\">\n\t\t\t\t\t<div class=\"e-con-inner\">\n\t\t\t\t<div class=\"elementor-element elementor-element-18ff8b2 elementor-widget elementor-widget-image\" data-id=\"18ff8b2\" data-element_type=\"widget\" data-e-type=\"widget\" data-widget_type=\"image.default\">\n\t\t\t\t<div class=\"elementor-widget-container\">\n\t\t\t\t\t\t\t\t\t\t\t\t\t\t\t<img fetchpriority=\"high\" decoding=\"async\" width=\"480\" height=\"321\" src=\"https:\/\/shatranj.art\/wp-content\/uploads\/2026\/02\/bobby-fischer-dubrovnik.jpg\" class=\"attachment-full size-full wp-image-1458\" alt=\"\" srcset=\"https:\/\/shatranj.art\/wp-content\/uploads\/2026\/02\/bobby-fischer-dubrovnik.jpg 480w, https:\/\/shatranj.art\/wp-content\/uploads\/2026\/02\/bobby-fischer-dubrovnik-300x201.jpg 300w, https:\/\/shatranj.art\/wp-content\/uploads\/2026\/02\/bobby-fischer-dubrovnik-18x12.jpg 18w\" sizes=\"(max-width: 480px) 100vw, 480px\" \/>\t\t\t\t\t\t\t\t\t\t\t\t\t\t\t<\/div>\n\t\t\t\t<\/div>\n\t\t\t\t<div class=\"elementor-element elementor-element-cec26d3 elementor-widget elementor-widget-image\" data-id=\"cec26d3\" data-element_type=\"widget\" data-e-type=\"widget\" data-widget_type=\"image.default\">\n\t\t\t\t<div class=\"elementor-widget-container\">\n\t\t\t\t\t\t\t\t\t\t\t\t\t\t\t<img decoding=\"async\" width=\"964\" height=\"582\" src=\"https:\/\/shatranj.art\/wp-content\/uploads\/2026\/02\/8.png\" class=\"attachment-full size-full wp-image-820\" alt=\"\" srcset=\"https:\/\/shatranj.art\/wp-content\/uploads\/2026\/02\/8.png 964w, https:\/\/shatranj.art\/wp-content\/uploads\/2026\/02\/8-300x181.png 300w, https:\/\/shatranj.art\/wp-content\/uploads\/2026\/02\/8-768x464.png 768w\" sizes=\"(max-width: 964px) 100vw, 964px\" \/>\t\t\t\t\t\t\t\t\t\t\t\t\t\t\t<\/div>\n\t\t\t\t<\/div>\n\t\t\t\t<div class=\"elementor-element elementor-element-411e3a4 elementor-widget__width-initial elementor-widget elementor-widget-text-editor\" data-id=\"411e3a4\" data-element_type=\"widget\" data-e-type=\"widget\" data-widget_type=\"text-editor.default\">\n\t\t\t\t<div class=\"elementor-widget-container\">\n\t\t\t\t\t\t\t\t\t<p><b>Iza ideologija: Dubrova\u010dki ansambl iz 1950.<\/b><\/p><p>Posebno stvoren za 9. \u0161ahovsku olimpijadu 1950. godine u Jugoslaviji, ovaj set predstavlja jednu od najradikalnijih dizajnerskih revolucija u povijesti \u0161aha. Dizajnirao ga je crnogorski slikar i kipar Petar Po\u010dek, a set je imao za cilj ponovno ujediniti svijet kroz objedinjuju\u0107u mo\u0107 igre nakon Drugog svjetskog rata. S tim ciljem na umu, svi su vjerski simboli namjerno uklonjeni: tradicionalni kri\u017e na vrhu kralja zamijenjen je jednostavnom kuglom, a urez na biskupu koji je simbolizirao mitru klerika uklonjen je.<\/p><p>Ovaj \u201csekularni\u201d i uklju\u010divi dizajn pretvorio je \u0161ah iz simbola odre\u0111enih vjera u univerzalno umjetni\u010dko djelo. Poznato je da ga je Bobby Fischer iznimno cijenio kao \u201cnajbolji komplet na kojem sam ikada igrao\u201d, toliko da je inzistirao na njegovoj upotrebi za svoju povijesnu revan\u0161 partiju 1992. protiv Spasskog. Ovaj dizajn predstavlja duboko estetsko obe\u0107anje majstorstva za mirnu i modernu budu\u0107nost.<\/p>\t\t\t\t\t\t\t\t<\/div>\n\t\t\t\t<\/div>\n\t\t<div class=\"elementor-element elementor-element-8bffdfb e-con-full e-flex e-con e-child\" data-id=\"8bffdfb\" data-element_type=\"container\" data-e-type=\"container\">\n\t\t\t\t<div class=\"elementor-element elementor-element-e67be09 elementor-widget__width-initial elementor-widget elementor-widget-image\" data-id=\"e67be09\" data-element_type=\"widget\" data-e-type=\"widget\" data-widget_type=\"image.default\">\n\t\t\t\t<div class=\"elementor-widget-container\">\n\t\t\t\t\t\t\t\t\t\t\t\t\t\t\t<img decoding=\"async\" width=\"1028\" height=\"817\" src=\"https:\/\/shatranj.art\/wp-content\/uploads\/2026\/02\/8.jpg\" class=\"attachment-full size-full wp-image-821\" alt=\"\" srcset=\"https:\/\/shatranj.art\/wp-content\/uploads\/2026\/02\/8.jpg 1028w, https:\/\/shatranj.art\/wp-content\/uploads\/2026\/02\/8-300x238.jpg 300w, https:\/\/shatranj.art\/wp-content\/uploads\/2026\/02\/8-1024x814.jpg 1024w, https:\/\/shatranj.art\/wp-content\/uploads\/2026\/02\/8-768x610.jpg 768w\" sizes=\"(max-width: 1028px) 100vw, 1028px\" \/>\t\t\t\t\t\t\t\t\t\t\t\t\t\t\t<\/div>\n\t\t\t\t<\/div>\n\t\t\t\t<div class=\"elementor-element elementor-element-f215331 elementor-widget__width-initial elementor-widget elementor-widget-text-editor\" data-id=\"f215331\" data-element_type=\"widget\" data-e-type=\"widget\" data-widget_type=\"text-editor.default\">\n\t\t\t\t<div class=\"elementor-widget-container\">\n\t\t\t\t\t\t\t\t\t<p><b>Strast izvan granica: \u0160ahovska ba\u0161tina Subotice<\/b><\/p><p>O\u017eivljen u pograni\u010dnom gradu Subotici i izra\u0111en u legendarnim radionicama Subozan, ovaj set predstavlja sna\u017ean simbol zlatnog doba Jugoslavije u svijetu \u0161aha. Ove figure predstavljaju eru kada se \u0161ah ukorijenio kao prava narodna kultura prisutna u svakom domu, \u0161koli i javnom parku. Nose\u0107i jednostavnu, izdr\u017eljivu i dostojanstvenu estetiku balkanskog rukotvorstva, oni pri\u010daju pri\u010du o tome kako se \u0161ah razvio iz elitnog hobija u zajedni\u010dki dru\u0161tveni jezik koji je ujedinio sve razine dru\u0161tva. Suboti\u010dki set ostaje bezvremenski kulturni most na kojem se umije\u0107e i strategija susre\u0107u.<\/p>\t\t\t\t\t\t\t\t<\/div>\n\t\t\t\t<\/div>\n\t\t\t\t<\/div>\n\t\t\t\t\t<\/div>\n\t\t\t\t<\/div>\n\t\t\t\t<\/div>","protected":false},"excerpt":{"rendered":"<p>Beyond Ideologies: The 1950 Dubrovnik Set Specially created for the 9th Chess Olympiad in 1950 in Yugoslavia, this set represents one of the most radical design revolutions in chess history. Designed by Montenegrin painter and sculptor Petar Po\u010dek, the set aimed to reunite the world through the unifying power of play following the Second World [&hellip;]<\/p>\n","protected":false},"author":1,"featured_media":0,"parent":743,"menu_order":0,"comment_status":"closed","ping_status":"closed","template":"","meta":{"footnotes":""},"class_list":["post-817","page","type-page","status-publish","hentry"],"_links":{"self":[{"href":"https:\/\/shatranj.art\/hr\/wp-json\/wp\/v2\/pages\/817","targetHints":{"allow":["GET"]}}],"collection":[{"href":"https:\/\/shatranj.art\/hr\/wp-json\/wp\/v2\/pages"}],"about":[{"href":"https:\/\/shatranj.art\/hr\/wp-json\/wp\/v2\/types\/page"}],"author":[{"embeddable":true,"href":"https:\/\/shatranj.art\/hr\/wp-json\/wp\/v2\/users\/1"}],"replies":[{"embeddable":true,"href":"https:\/\/shatranj.art\/hr\/wp-json\/wp\/v2\/comments?post=817"}],"version-history":[{"count":13,"href":"https:\/\/shatranj.art\/hr\/wp-json\/wp\/v2\/pages\/817\/revisions"}],"predecessor-version":[{"id":1461,"href":"https:\/\/shatranj.art\/hr\/wp-json\/wp\/v2\/pages\/817\/revisions\/1461"}],"up":[{"embeddable":true,"href":"https:\/\/shatranj.art\/hr\/wp-json\/wp\/v2\/pages\/743"}],"wp:attachment":[{"href":"https:\/\/shatranj.art\/hr\/wp-json\/wp\/v2\/media?parent=817"}],"curies":[{"name":"wp","href":"https:\/\/api.w.org\/{rel}","templated":true}]}}