{"id":826,"date":"2026-02-21T20:39:58","date_gmt":"2026-02-21T20:39:58","guid":{"rendered":"https:\/\/shatranj.art\/?page_id=826"},"modified":"2026-02-23T04:40:58","modified_gmt":"2026-02-23T04:40:58","slug":"poster-9","status":"publish","type":"page","link":"https:\/\/shatranj.art\/hr\/exhibit\/poster-9\/","title":{"rendered":"plakat 9"},"content":{"rendered":"<div data-elementor-type=\"wp-page\" data-elementor-id=\"826\" class=\"elementor elementor-826\" data-elementor-post-type=\"page\">\n\t\t\t\t<div class=\"elementor-element elementor-element-33b56aa e-flex e-con-boxed e-con e-parent\" data-id=\"33b56aa\" data-element_type=\"container\" data-e-type=\"container\" data-settings=\"{&quot;background_background&quot;:&quot;classic&quot;}\">\n\t\t\t\t\t<div class=\"e-con-inner\">\n\t\t<div class=\"elementor-element elementor-element-44a7504 e-con-full e-flex e-con e-child\" data-id=\"44a7504\" data-element_type=\"container\" data-e-type=\"container\">\n\t\t\t\t<div class=\"elementor-element elementor-element-53f2410 elementor-widget__width-initial elementor-widget elementor-widget-image\" data-id=\"53f2410\" data-element_type=\"widget\" data-e-type=\"widget\" data-widget_type=\"image.default\">\n\t\t\t\t<div class=\"elementor-widget-container\">\n\t\t\t\t\t\t\t\t\t\t\t\t\t\t\t<img fetchpriority=\"high\" decoding=\"async\" width=\"1356\" height=\"1803\" src=\"https:\/\/shatranj.art\/wp-content\/uploads\/2026\/02\/9.jpg\" class=\"attachment-full size-full wp-image-828\" alt=\"\" srcset=\"https:\/\/shatranj.art\/wp-content\/uploads\/2026\/02\/9.jpg 1356w, https:\/\/shatranj.art\/wp-content\/uploads\/2026\/02\/9-226x300.jpg 226w, https:\/\/shatranj.art\/wp-content\/uploads\/2026\/02\/9-770x1024.jpg 770w, https:\/\/shatranj.art\/wp-content\/uploads\/2026\/02\/9-768x1021.jpg 768w, https:\/\/shatranj.art\/wp-content\/uploads\/2026\/02\/9-1155x1536.jpg 1155w\" sizes=\"(max-width: 1356px) 100vw, 1356px\" \/>\t\t\t\t\t\t\t\t\t\t\t\t\t\t\t<\/div>\n\t\t\t\t<\/div>\n\t\t\t\t<div class=\"elementor-element elementor-element-efc76fe elementor-widget__width-initial elementor-widget elementor-widget-text-editor\" data-id=\"efc76fe\" data-element_type=\"widget\" data-e-type=\"widget\" data-widget_type=\"text-editor.default\">\n\t\t\t\t<div class=\"elementor-widget-container\">\n\t\t\t\t\t\t\t\t\t<p><strong>Strate\u0161ko naslije\u0111e: arhitektonske linije Averbakhova kompleta<\/strong><\/p><p>\u00a0<\/p><p>Nazvan po Juriju Averbakhu, jednom od najve\u0107ih teoreti\u010dara modernog \u0161aha i majstoru zavr\u0161nice, ovaj set predstavlja zlatno doba Sovjetske \u0161ahovske \u0161kole. \u010cesto kori\u0161ten na presti\u017enim turnirima 1950-ih i 60-ih godina, ovaj dizajn je poznat po svojim minimalisti\u010dkim, koncentraciju pobolj\u0161avaju\u0107im i arhitektonski uravnote\u017eenim linijama. Odra\u017eavaju\u0107i Averbakhov znanstveni pristup u kojem se \u0161ahovanjski stol tretirao kao laboratorij, ove figure svojim vitkim stabljikama i pojednostavljenim siluetama simboliziraju naj\u010di\u0161\u0107i oblik intelekta. Ovaj set je vi\u0161e od igra\u010dke; on je vizualni manifest ere sovjetske \u0161ahovske hegemonije i discipliniranog spoja majstorstva i strategije.<\/p>\t\t\t\t\t\t\t\t<\/div>\n\t\t\t\t<\/div>\n\t\t\t\t<\/div>\n\t\t<div class=\"elementor-element elementor-element-ae859ed e-con-full e-flex e-con e-child\" data-id=\"ae859ed\" data-element_type=\"container\" data-e-type=\"container\">\n\t\t\t\t<div class=\"elementor-element elementor-element-c38a481 elementor-widget elementor-widget-image\" data-id=\"c38a481\" data-element_type=\"widget\" data-e-type=\"widget\" data-widget_type=\"image.default\">\n\t\t\t\t<div class=\"elementor-widget-container\">\n\t\t\t\t\t\t\t\t\t\t\t\t\t\t\t<img decoding=\"async\" width=\"1972\" height=\"1308\" src=\"https:\/\/shatranj.art\/wp-content\/uploads\/2026\/02\/9-1.jpg\" class=\"attachment-full size-full wp-image-829\" alt=\"\" srcset=\"https:\/\/shatranj.art\/wp-content\/uploads\/2026\/02\/9-1.jpg 1972w, https:\/\/shatranj.art\/wp-content\/uploads\/2026\/02\/9-1-300x199.jpg 300w, https:\/\/shatranj.art\/wp-content\/uploads\/2026\/02\/9-1-1024x679.jpg 1024w, https:\/\/shatranj.art\/wp-content\/uploads\/2026\/02\/9-1-768x509.jpg 768w, https:\/\/shatranj.art\/wp-content\/uploads\/2026\/02\/9-1-1536x1019.jpg 1536w\" sizes=\"(max-width: 1972px) 100vw, 1972px\" \/>\t\t\t\t\t\t\t\t\t\t\t\t\t\t\t<\/div>\n\t\t\t\t<\/div>\n\t\t\t\t<div class=\"elementor-element elementor-element-f7be571 elementor-widget elementor-widget-image\" data-id=\"f7be571\" data-element_type=\"widget\" data-e-type=\"widget\" data-widget_type=\"image.default\">\n\t\t\t\t<div class=\"elementor-widget-container\">\n\t\t\t\t\t\t\t\t\t\t\t\t\t\t\t<img decoding=\"async\" width=\"2160\" height=\"1317\" src=\"https:\/\/shatranj.art\/wp-content\/uploads\/2026\/02\/9-2.jpg\" class=\"attachment-full size-full wp-image-830\" alt=\"\" srcset=\"https:\/\/shatranj.art\/wp-content\/uploads\/2026\/02\/9-2.jpg 2160w, https:\/\/shatranj.art\/wp-content\/uploads\/2026\/02\/9-2-300x183.jpg 300w, https:\/\/shatranj.art\/wp-content\/uploads\/2026\/02\/9-2-1024x624.jpg 1024w, https:\/\/shatranj.art\/wp-content\/uploads\/2026\/02\/9-2-768x468.jpg 768w, https:\/\/shatranj.art\/wp-content\/uploads\/2026\/02\/9-2-1536x937.jpg 1536w, https:\/\/shatranj.art\/wp-content\/uploads\/2026\/02\/9-2-2048x1249.jpg 2048w\" sizes=\"(max-width: 2160px) 100vw, 2160px\" \/>\t\t\t\t\t\t\t\t\t\t\t\t\t\t\t<\/div>\n\t\t\t\t<\/div>\n\t\t\t\t<\/div>\n\t\t\t\t<div class=\"elementor-element elementor-element-9d4fead elementor-widget elementor-widget-text-editor\" data-id=\"9d4fead\" data-element_type=\"widget\" data-e-type=\"widget\" data-widget_type=\"text-editor.default\">\n\t\t\t\t<div class=\"elementor-widget-container\">\n\t\t\t\t\t\t\t\t\t<p><b>Kulturni fenomen:\u00a0<\/b><b> Latvijsko naslije\u0111e Beth Harmon<\/b><\/p><p>Simbol revolucionarne trenutka kada se popularna kultura ponovno susrela sa \u0161ahom, ovaj set je reprodukcija legendarnog dizajna \u201cSovjetski Latvijski\u201d iz 1950-ih. Prikazane u zapanjuju\u0107oj zavr\u0161noj partiji izme\u0111u Beth Harmon i Vasilija Borgova, ove figure sa svojim vitkim, visokim i elegantnim siluetama bile su poznate kao omiljene svjetskog prvaka Mihaila Tala, \u201c\u010carobnjaka iz Rige\u201d. Izra\u0111en od ebanizirane breze i buksusa, ovaj dizajn sredi\u0161nja je ikona \u201cefekta dame iz Gambita\u201d, koji je potaknuo masovni globalni porast interesa za \u0161ah. Na mjestu gdje se obrtni\u0161tvo susre\u0107e sa filmskim pripovijedanjem, ovaj komplet stoji kao mo\u0107an dokaz univerzalne privla\u010dnosti \u0161aha u modernom dobu.<\/p>\t\t\t\t\t\t\t\t<\/div>\n\t\t\t\t<\/div>\n\t\t<div class=\"elementor-element elementor-element-dc9aff1 e-con-full e-flex e-con e-child\" data-id=\"dc9aff1\" data-element_type=\"container\" data-e-type=\"container\">\n\t\t\t\t<div class=\"elementor-element elementor-element-96cc3e0 elementor-widget elementor-widget-image\" data-id=\"96cc3e0\" data-element_type=\"widget\" data-e-type=\"widget\" data-widget_type=\"image.default\">\n\t\t\t\t<div class=\"elementor-widget-container\">\n\t\t\t\t\t\t\t\t\t\t\t\t\t\t\t<img loading=\"lazy\" decoding=\"async\" width=\"1513\" height=\"1360\" src=\"https:\/\/shatranj.art\/wp-content\/uploads\/2026\/02\/9-3.jpg\" class=\"attachment-full size-full wp-image-831\" alt=\"\" srcset=\"https:\/\/shatranj.art\/wp-content\/uploads\/2026\/02\/9-3.jpg 1513w, https:\/\/shatranj.art\/wp-content\/uploads\/2026\/02\/9-3-300x270.jpg 300w, https:\/\/shatranj.art\/wp-content\/uploads\/2026\/02\/9-3-1024x920.jpg 1024w, https:\/\/shatranj.art\/wp-content\/uploads\/2026\/02\/9-3-768x690.jpg 768w\" sizes=\"(max-width: 1513px) 100vw, 1513px\" \/>\t\t\t\t\t\t\t\t\t\t\t\t\t\t\t<\/div>\n\t\t\t\t<\/div>\n\t\t\t\t<div class=\"elementor-element elementor-element-59f8cf3 elementor-widget elementor-widget-image\" data-id=\"59f8cf3\" data-element_type=\"widget\" data-e-type=\"widget\" data-widget_type=\"image.default\">\n\t\t\t\t<div class=\"elementor-widget-container\">\n\t\t\t\t\t\t\t\t\t\t\t\t\t\t\t<img loading=\"lazy\" decoding=\"async\" width=\"1637\" height=\"990\" src=\"https:\/\/shatranj.art\/wp-content\/uploads\/2026\/02\/9-4.jpg\" class=\"attachment-full size-full wp-image-833\" alt=\"\" srcset=\"https:\/\/shatranj.art\/wp-content\/uploads\/2026\/02\/9-4.jpg 1637w, https:\/\/shatranj.art\/wp-content\/uploads\/2026\/02\/9-4-300x181.jpg 300w, https:\/\/shatranj.art\/wp-content\/uploads\/2026\/02\/9-4-1024x619.jpg 1024w, https:\/\/shatranj.art\/wp-content\/uploads\/2026\/02\/9-4-768x464.jpg 768w, https:\/\/shatranj.art\/wp-content\/uploads\/2026\/02\/9-4-1536x929.jpg 1536w\" sizes=\"(max-width: 1637px) 100vw, 1637px\" \/>\t\t\t\t\t\t\t\t\t\t\t\t\t\t\t<\/div>\n\t\t\t\t<\/div>\n\t\t\t\t<div class=\"elementor-element elementor-element-5ed6e7b elementor-widget elementor-widget-image\" data-id=\"5ed6e7b\" data-element_type=\"widget\" data-e-type=\"widget\" data-widget_type=\"image.default\">\n\t\t\t\t<div class=\"elementor-widget-container\">\n\t\t\t\t\t\t\t\t\t\t\t\t\t\t\t<img loading=\"lazy\" decoding=\"async\" width=\"1464\" height=\"1310\" src=\"https:\/\/shatranj.art\/wp-content\/uploads\/2026\/02\/9-5.jpg\" class=\"attachment-full size-full wp-image-834\" alt=\"\" srcset=\"https:\/\/shatranj.art\/wp-content\/uploads\/2026\/02\/9-5.jpg 1464w, https:\/\/shatranj.art\/wp-content\/uploads\/2026\/02\/9-5-300x268.jpg 300w, https:\/\/shatranj.art\/wp-content\/uploads\/2026\/02\/9-5-1024x916.jpg 1024w, https:\/\/shatranj.art\/wp-content\/uploads\/2026\/02\/9-5-768x687.jpg 768w\" sizes=\"(max-width: 1464px) 100vw, 1464px\" \/>\t\t\t\t\t\t\t\t\t\t\t\t\t\t\t<\/div>\n\t\t\t\t<\/div>\n\t\t\t\t<\/div>\n\t\t\t\t<div class=\"elementor-element elementor-element-cd06d9e elementor-widget elementor-widget-text-editor\" data-id=\"cd06d9e\" data-element_type=\"widget\" data-e-type=\"widget\" data-widget_type=\"text-editor.default\">\n\t\t\t\t<div class=\"elementor-widget-container\">\n\t\t\t\t\t\t\t\t\t<p><b>Grad, Prvenstvo, Mit:\u00a0<\/b><b>Bakuova ostav\u0161tina Lenjingrada<\/b><\/p><p>Poznat u \u0161ahovskom svijetu kao komplekt \u201cBaku 1961\u201d, ovaj je dizajn zapravo remek-djelo radionica Artel Drevprom u Lenjingradskoj oblasti. Nadimak je stekao nakon \u0161to su ga koristili velikani poput Mihaila Tala tijekom Prvenstva SSSR-a 1961. odr\u017eanog u Bakuu. Njegova je ikoni\u010dna silueta s dugim, vitkim stabljikama zapravo \u010disti izraz lenjingradskog modernizma.<\/p><p>Te\u017eine su im osigurane komprimiranom piljevinom umjesto olova zbog ratnih nesta\u0161ica, a ovi komadi dokazuju da majstorstvo mo\u017ee ostati estetsko \u010dak i pod strogim ograni\u010denjima. Sa svojim sekularnim i minimalisti\u010dkim oblikom, potpuno li\u0161enim religijskih simbola, set se pretvorio u univerzalni strate\u0161ki instrument. Nose\u0107i figurativne otiske prstiju mladog Kasparova koji je odrastao igraju\u0107i se ovim komadima u Bakuu, ovaj leningradski dizajn klasi\u010dan je primjer kako pogre\u0161an naziv mo\u017ee postati globalna legenda.<\/p>\t\t\t\t\t\t\t\t<\/div>\n\t\t\t\t<\/div>\n\t\t\t\t\t<\/div>\n\t\t\t\t<\/div>\n\t\t\t\t<\/div>","protected":false},"excerpt":{"rendered":"<p>A Strategic Legacy:\u00a0The Architectural Lines of the Averbakh Set \u00a0 Named after Yuri Averbakh, one of the greatest theorists of modern chess and a master of the endgame, this set represents the golden age of the Soviet Chess School. Frequently used in the prestigious tournaments of the 1950s and 60s, this design is renowned for [&hellip;]<\/p>\n","protected":false},"author":1,"featured_media":0,"parent":743,"menu_order":0,"comment_status":"closed","ping_status":"closed","template":"","meta":{"footnotes":""},"class_list":["post-826","page","type-page","status-publish","hentry"],"_links":{"self":[{"href":"https:\/\/shatranj.art\/hr\/wp-json\/wp\/v2\/pages\/826","targetHints":{"allow":["GET"]}}],"collection":[{"href":"https:\/\/shatranj.art\/hr\/wp-json\/wp\/v2\/pages"}],"about":[{"href":"https:\/\/shatranj.art\/hr\/wp-json\/wp\/v2\/types\/page"}],"author":[{"embeddable":true,"href":"https:\/\/shatranj.art\/hr\/wp-json\/wp\/v2\/users\/1"}],"replies":[{"embeddable":true,"href":"https:\/\/shatranj.art\/hr\/wp-json\/wp\/v2\/comments?post=826"}],"version-history":[{"count":10,"href":"https:\/\/shatranj.art\/hr\/wp-json\/wp\/v2\/pages\/826\/revisions"}],"predecessor-version":[{"id":1195,"href":"https:\/\/shatranj.art\/hr\/wp-json\/wp\/v2\/pages\/826\/revisions\/1195"}],"up":[{"embeddable":true,"href":"https:\/\/shatranj.art\/hr\/wp-json\/wp\/v2\/pages\/743"}],"wp:attachment":[{"href":"https:\/\/shatranj.art\/hr\/wp-json\/wp\/v2\/media?parent=826"}],"curies":[{"name":"wp","href":"https:\/\/api.w.org\/{rel}","templated":true}]}}