{"id":954,"date":"2026-02-22T15:10:21","date_gmt":"2026-02-22T15:10:21","guid":{"rendered":"https:\/\/shatranj.art\/?page_id=954"},"modified":"2026-02-24T09:18:28","modified_gmt":"2026-02-24T09:18:28","slug":"poster-16","status":"publish","type":"page","link":"https:\/\/shatranj.art\/hr\/exhibit\/poster-16\/","title":{"rendered":"plakat 16"},"content":{"rendered":"<div data-elementor-type=\"wp-page\" data-elementor-id=\"954\" class=\"elementor elementor-954\" data-elementor-post-type=\"page\">\n\t\t\t\t<div class=\"elementor-element elementor-element-05751de e-flex e-con-boxed e-con e-parent\" data-id=\"05751de\" data-element_type=\"container\" data-e-type=\"container\" data-settings=\"{&quot;background_background&quot;:&quot;classic&quot;}\">\n\t\t\t\t\t<div class=\"e-con-inner\">\n\t\t<div class=\"elementor-element elementor-element-415f3f4 e-con-full e-flex e-con e-child\" data-id=\"415f3f4\" data-element_type=\"container\" data-e-type=\"container\">\n\t\t\t\t<div class=\"elementor-element elementor-element-ee52ef0 elementor-widget__width-initial elementor-widget elementor-widget-image\" data-id=\"ee52ef0\" data-element_type=\"widget\" data-e-type=\"widget\" data-widget_type=\"image.default\">\n\t\t\t\t<div class=\"elementor-widget-container\">\n\t\t\t\t\t\t\t\t\t\t\t\t\t\t\t<img fetchpriority=\"high\" decoding=\"async\" width=\"723\" height=\"1024\" src=\"https:\/\/shatranj.art\/wp-content\/uploads\/2026\/02\/16-723x1024.jpg\" class=\"attachment-large size-large wp-image-959\" alt=\"\" srcset=\"https:\/\/shatranj.art\/wp-content\/uploads\/2026\/02\/16-723x1024.jpg 723w, https:\/\/shatranj.art\/wp-content\/uploads\/2026\/02\/16-212x300.jpg 212w, https:\/\/shatranj.art\/wp-content\/uploads\/2026\/02\/16-768x1087.jpg 768w, https:\/\/shatranj.art\/wp-content\/uploads\/2026\/02\/16-1085x1536.jpg 1085w, https:\/\/shatranj.art\/wp-content\/uploads\/2026\/02\/16-1447x2048.jpg 1447w, https:\/\/shatranj.art\/wp-content\/uploads\/2026\/02\/16.jpg 1557w\" sizes=\"(max-width: 723px) 100vw, 723px\" \/>\t\t\t\t\t\t\t\t\t\t\t\t\t\t\t<\/div>\n\t\t\t\t<\/div>\n\t\t\t\t<div class=\"elementor-element elementor-element-bc51b4f elementor-widget__width-initial elementor-widget elementor-widget-text-editor\" data-id=\"bc51b4f\" data-element_type=\"widget\" data-e-type=\"widget\" data-widget_type=\"text-editor.default\">\n\t\t\t\t<div class=\"elementor-widget-container\">\n\t\t\t\t\t\t\t\t\t<h3><b>Bucephalus: Legendarnu du\u0161u stepi i osvajanja<\/b><\/h3><p>Zna\u010denje \u201cGlavom vola\u201d (Boukephalos) na starogr\u010dkom, vjerojatno zbog \u0161irokog \u010dela ili \u017eiga na ramenu, Bucefalus je najikoni\u010dniji ratni konj u povijesti. Legenda ka\u017ee da ga je Tesalac Philonicus ponudio kralju Filipu II. za zapanjuju\u0107ih 13 talenata, no nitko nije mogao ukrotiti njegov divlji duh. Mladi Aleksandar, primijetiv\u0161i da se konj samo prepla\u0161io vlastite sjene, okrenuo ga je prema suncu kako bi ga smirio. Kad je kralj Filip to vidio, poznato je da je izjavio: \u201cO, sine moj, potra\u017ei kraljevstvo koje je jednako tebi i dostojno tebe, jer je Makedonija premala za tebe!\u201d<\/p><p>\u00a0<\/p><p>Od boji\u0161ta do besmrtnosti<\/p><p>\u00a0<\/p><p>Bucefal je pratio Aleksandra tijekom cijele njegove kampanje od Gr\u010dke do srca Indije. Nosio je svoga gospodara kroz najkrvavije okr\u0161aje, od Granika i Issa do Gaugamele i bitke na rijeci Hydaspes. Godine 326. pr. Kr., tijekom indijske kampanje, umro je ili od rana zadobivenih u bitci ili od starosti (u dobi od gotovo 30 godina). U njegovu \u010dast Aleksandar je osnovao grad Aleksandrija Bucefala na obalama rijeke D\u017ehelum u dana\u0161njem Pakistanu.<\/p><p>\u00a0<\/p><p>Kulturna ba\u0161tina<\/p><p>\u00a0<\/p><p>U povijesti umjetnosti i knji\u017eevnosti, Bucefal se smatra simbolom mo\u0107i, odanosti i o\u0161trog instinkta. U isto\u010dnim tradicijama, gdje se Aleksandar \u010desto naziva \u201cIskandar\u201d, Bucefal je prikazan kao odani suputnik obdaren natprirodnim osobinama. On ostaje pravi \u201cduh\u201d iza najve\u0107eg osvaja\u010da u povijesti, predstavljaju\u0107i vezu koja je nadilazila boji\u0161te.<\/p>\t\t\t\t\t\t\t\t<\/div>\n\t\t\t\t<\/div>\n\t\t\t\t<\/div>\n\t\t\t\t\t<\/div>\n\t\t\t\t<\/div>\n\t\t\t\t<\/div>","protected":false},"excerpt":{"rendered":"<p>Bucephalus: The Legendary Spirit of the Steppes and Conquests Meaning &#8220;Ox-headed&#8221; (Boukephalos) in Ancient Greek likely due to his broad brow or a branding on his shoulder Bucephalus is the most iconic warhorse in history. Legend tells that he was offered to King Philip II by Philonicus the Thessalian for the staggering sum of 13 [&hellip;]<\/p>\n","protected":false},"author":1,"featured_media":0,"parent":743,"menu_order":0,"comment_status":"closed","ping_status":"closed","template":"","meta":{"footnotes":""},"class_list":["post-954","page","type-page","status-publish","hentry"],"_links":{"self":[{"href":"https:\/\/shatranj.art\/hr\/wp-json\/wp\/v2\/pages\/954","targetHints":{"allow":["GET"]}}],"collection":[{"href":"https:\/\/shatranj.art\/hr\/wp-json\/wp\/v2\/pages"}],"about":[{"href":"https:\/\/shatranj.art\/hr\/wp-json\/wp\/v2\/types\/page"}],"author":[{"embeddable":true,"href":"https:\/\/shatranj.art\/hr\/wp-json\/wp\/v2\/users\/1"}],"replies":[{"embeddable":true,"href":"https:\/\/shatranj.art\/hr\/wp-json\/wp\/v2\/comments?post=954"}],"version-history":[{"count":13,"href":"https:\/\/shatranj.art\/hr\/wp-json\/wp\/v2\/pages\/954\/revisions"}],"predecessor-version":[{"id":1579,"href":"https:\/\/shatranj.art\/hr\/wp-json\/wp\/v2\/pages\/954\/revisions\/1579"}],"up":[{"embeddable":true,"href":"https:\/\/shatranj.art\/hr\/wp-json\/wp\/v2\/pages\/743"}],"wp:attachment":[{"href":"https:\/\/shatranj.art\/hr\/wp-json\/wp\/v2\/media?parent=954"}],"curies":[{"name":"wp","href":"https:\/\/api.w.org\/{rel}","templated":true}]}}