{"id":1016,"date":"2026-02-22T16:17:45","date_gmt":"2026-02-22T16:17:45","guid":{"rendered":"https:\/\/shatranj.art\/?page_id=1016"},"modified":"2026-02-24T09:42:49","modified_gmt":"2026-02-24T09:42:49","slug":"poster-24","status":"publish","type":"page","link":"https:\/\/shatranj.art\/hu\/exhibit\/poster-24\/","title":{"rendered":"poszter 24"},"content":{"rendered":"<div data-elementor-type=\"wp-page\" data-elementor-id=\"1016\" class=\"elementor elementor-1016\" data-elementor-post-type=\"page\">\n\t\t\t\t<div class=\"elementor-element elementor-element-cbef851 e-flex e-con-boxed e-con e-parent\" data-id=\"cbef851\" data-element_type=\"container\" data-e-type=\"container\" data-settings=\"{&quot;background_background&quot;:&quot;classic&quot;}\">\n\t\t\t\t\t<div class=\"e-con-inner\">\n\t\t<div class=\"elementor-element elementor-element-919ca16 e-con-full e-flex e-con e-child\" data-id=\"919ca16\" data-element_type=\"container\" data-e-type=\"container\">\n\t\t\t\t<div class=\"elementor-element elementor-element-3a8b40d elementor-widget elementor-widget-image\" data-id=\"3a8b40d\" data-element_type=\"widget\" data-e-type=\"widget\" data-widget_type=\"image.default\">\n\t\t\t\t<div class=\"elementor-widget-container\">\n\t\t\t\t\t\t\t\t\t\t\t\t\t\t\t<img fetchpriority=\"high\" decoding=\"async\" width=\"800\" height=\"534\" src=\"https:\/\/shatranj.art\/wp-content\/uploads\/2026\/02\/21-1024x683.jpg\" class=\"attachment-large size-large wp-image-995\" alt=\"\" srcset=\"https:\/\/shatranj.art\/wp-content\/uploads\/2026\/02\/21-1024x683.jpg 1024w, https:\/\/shatranj.art\/wp-content\/uploads\/2026\/02\/21-300x200.jpg 300w, https:\/\/shatranj.art\/wp-content\/uploads\/2026\/02\/21-768x512.jpg 768w, https:\/\/shatranj.art\/wp-content\/uploads\/2026\/02\/21-1536x1024.jpg 1536w, https:\/\/shatranj.art\/wp-content\/uploads\/2026\/02\/21-2048x1366.jpg 2048w\" sizes=\"(max-width: 800px) 100vw, 800px\" \/>\t\t\t\t\t\t\t\t\t\t\t\t\t\t\t<\/div>\n\t\t\t\t<\/div>\n\t\t\t\t<div class=\"elementor-element elementor-element-07a7613 elementor-widget elementor-widget-text-editor\" data-id=\"07a7613\" data-element_type=\"widget\" data-e-type=\"widget\" data-widget_type=\"text-editor.default\">\n\t\t\t\t<div class=\"elementor-widget-container\">\n\t\t\t\t\t\t\t\t\t<p>Az \u015eAH\u00ce sakk-k\u00e9szlet t\u00f6bb mint egy j\u00e1t\u00e9k; hidat k\u00e9pez kult\u00far\u00e1k, korok \u00e9s filoz\u00f3fi\u00e1k k\u00f6z\u00f6tt. A k\u00e9szletet \u00fagy tervezt\u00e9k, hogy birodalmi \u00e9s kir\u00e1lyi \u00e9rz\u00e9seket is keltsen, \u00e9s a nev\u00e9t a Balk\u00e1non \u00e9s sz\u00e1mos szl\u00e1v nyelven a sakkj\u00e1t\u00e9kra haszn\u00e1lt kifejez\u00e9sr\u0151l kapta.<\/p><p>Maga az \u201c\u015eAH\u00ce\u201d sz\u00f3 kir\u00e1lyi mell\u00e9kn\u00e9vk\u00e9nt funkcion\u00e1l, ami azt jelenti, hogy \u201ca sahra jellemz\u0151\u201d, \u00e9s olyan irodalmi s\u00falyt hordoz, amely er\u0151t, nagyszer\u0171s\u00e9get \u00e9s strat\u00e9giai m\u00e9lys\u00e9get jelent.<\/p><h3><b>A kultur\u00e1lis evol\u00faci\u00f3 remekm\u0171ve<\/b><\/h3><p>A tapasztalt sakkoktat\u00f3 \u00e9s az MIT egykori els\u0151 t\u00e1bl\u00e1s j\u00e1t\u00e9kosa, Tamer Karatekin \u00e1ltal tervezett k\u00e9szlet eleg\u00e1nsan foglalja mag\u00e1ba a j\u00e1t\u00e9k t\u00f6rt\u00e9net\u00e9t. Minden egyes darab \u00fagy k\u00e9sz\u00fclt, hogy egy egyedi t\u00f6rt\u00e9nelmi t\u00f6rt\u00e9netet t\u00fckr\u00f6zz\u00f6n:<\/p><ul><li style=\"font-weight: 400;\" aria-level=\"1\"><b>G\u00fcl\u015fah (A kir\u00e1ly):<\/b><span style=\"font-weight: 400;\"> A kupola szents\u00e9g\u00e9t k\u00e9pviseli, amelyet olyan \u00e9p\u00edtm\u00e9nyek ihlettek, mint a Hagia Sophia \u00e9s a Pantheon, valamint a fejfed\u0151 szellemi \u00f6r\u00f6ks\u00e9ge.<\/span><\/li><li style=\"font-weight: 400;\" aria-level=\"1\"><b>Sokol (A kir\u00e1lyn\u0151\/Viz\u00edr):<\/b><span style=\"font-weight: 400;\"> A katonai szimb\u00f3lumr\u00f3l, a s\u00f3lyomr\u00f3l elnevezett \u00e9s az osztr\u00e1k k\u00e1v\u00e9h\u00e1zi sakk-k\u00e9szlet hagymakupol\u00e1s fin\u00e1l\u00e9ja \u00e9s sisakja \u00e1ltal inspir\u00e1lt design a katonai tekint\u00e9lyt \u00e9s a \u201cviz\u00edr\u201d b\u00f6lcsess\u00e9g\u00e9t szimboliz\u00e1lja. Szokolovicsi volt az Oszm\u00e1n Birodalom legbefoly\u00e1sosabb nagyvez\u00edrj\u00e9nek, Sokollu Mehmet pas\u00e1nak a sz\u00fcl\u0151v\u00e1rosa.<\/span><\/li><li style=\"font-weight: 400;\" aria-level=\"1\"><b>Bukefal (A lovag):<\/b><span style=\"font-weight: 400;\"> Nev\u00e9t Nagy S\u00e1ndor legend\u00e1s lov\u00e1r\u00f3l kapta, amely a Kelet \u00e9s Nyugat k\u00f6z\u00f6tti k\u00e9tir\u00e1ny\u00fa kult\u00faracser\u00e9t szimboliz\u00e1lja.<\/span><\/li><li style=\"font-weight: 400;\" aria-level=\"1\"><b>Shahrukh (A b\u00e1stya):<\/b><span style=\"font-weight: 400;\"> A katonai evol\u00faci\u00f3 nagyszer\u0171 szint\u00e9zise, amely mag\u00e1ban foglalja a harci szek\u00e9r, a torony, az \u00e1gy\u00fa \u00e9s a haj\u00f3 elemeit. A sakkmester \u00e9s hadvez\u00e9r Timur a Shahrukh nevet adta fi\u00e1nak, mivel sz\u00fclet\u00e9s\u00e9nek h\u00edre egy sakkj\u00e1tszma k\u00f6zben \u00e9rkezett.<\/span><\/li><li style=\"font-weight: 400;\" aria-level=\"1\"><b>Abul-Abbas (A p\u00fcsp\u00f6k\/Elef\u00e1nt):<\/b><span style=\"font-weight: 400;\"> T\u00fckr\u00f6zi a Nagy K\u00e1rolynak aj\u00e1nd\u00e9kozott elef\u00e1nt ikonikus utaz\u00e1s\u00e1t, k\u00f6vetve a sakk v\u00e1ndorl\u00e1s\u00e1t h\u00e1rom kontinensen kereszt\u00fcl.<\/span><\/li><li style=\"font-weight: 400;\" aria-level=\"1\"><b>R\u00e9gence-Philidor (A gyalogos):<\/b><span style=\"font-weight: 400;\"> A p\u00e1rizsi felvil\u00e1gosod\u00e1s korabeli k\u00e1v\u00e9h\u00e1zak \u00e9s Philidor h\u00edres mond\u00e1sa ihlette: \u201cA sakk lelke a gyalogok\u201d.<\/span><\/li><\/ul>\t\t\t\t\t\t\t\t<\/div>\n\t\t\t\t<\/div>\n\t\t\t\t<div class=\"elementor-element elementor-element-52a94ef elementor-widget elementor-widget-text-editor\" data-id=\"52a94ef\" data-element_type=\"widget\" data-e-type=\"widget\" data-widget_type=\"text-editor.default\">\n\t\t\t\t<div class=\"elementor-widget-container\">\n\t\t\t\t\t\t\t\t\t<h3><b>Tervez\u00e9s \u00e9s c\u00e9l<\/b><\/h3><p>Az \u015eAH\u00ce k\u00e9szletet apr\u00f3l\u00e9kosan el\u0151k\u00e9sz\u00edtett\u00e9k, hogy egyszerre szolg\u00e1ljon m\u0171v\u00e9szi megjelen\u00edt\u00e9sre \u00e9s funkcion\u00e1lis eszk\u00f6zk\u00e9nt oktat\u00e1si \u00e9s versenyz\u00e9si c\u00e9lokra. Tervez\u00e9si filoz\u00f3fi\u00e1ja a kultur\u00e1lis \u00e9s spiritu\u00e1lis befogad\u00e1sban gy\u00f6kerezik, \u00edgy biztos\u00edtva, hogy a vil\u00e1g minden t\u00e1j\u00e1r\u00f3l visszhangra tal\u00e1ljon a j\u00e1t\u00e9kosok k\u00f6r\u00e9ben.<\/p><p><b>A t\u00e1mogat\u00e1s \u00f6r\u00f6ks\u00e9ge:<\/b><\/p><p>A d\u00edszlet elk\u00e9sz\u00edt\u00e9s\u00e9t a Massachusetts-i Kultur\u00e1lis Tan\u00e1cs \u00e9s az Eur\u00f3pai Uni\u00f3 Ifj\u00fas\u00e1gi programja tette lehet\u0151v\u00e9.<\/p>\t\t\t\t\t\t\t\t<\/div>\n\t\t\t\t<\/div>\n\t\t\t\t<\/div>\n\t\t\t\t\t<\/div>\n\t\t\t\t<\/div>\n\t\t\t\t<\/div>","protected":false},"excerpt":{"rendered":"<p>The \u015eAH\u00ce Chess Set is more than just a game; it is a bridge between cultures, eras, and philosophies. Designed to evoke both imperial and royal sensations, the set draws its name from a term widely used in the Balkans and many Slavic languages to refer to the game of chess. The word &#8220;\u015eAH\u00ce&#8221; itself [&hellip;]<\/p>\n","protected":false},"author":1,"featured_media":0,"parent":743,"menu_order":0,"comment_status":"closed","ping_status":"closed","template":"","meta":{"footnotes":""},"class_list":["post-1016","page","type-page","status-publish","hentry"],"_links":{"self":[{"href":"https:\/\/shatranj.art\/hu\/wp-json\/wp\/v2\/pages\/1016","targetHints":{"allow":["GET"]}}],"collection":[{"href":"https:\/\/shatranj.art\/hu\/wp-json\/wp\/v2\/pages"}],"about":[{"href":"https:\/\/shatranj.art\/hu\/wp-json\/wp\/v2\/types\/page"}],"author":[{"embeddable":true,"href":"https:\/\/shatranj.art\/hu\/wp-json\/wp\/v2\/users\/1"}],"replies":[{"embeddable":true,"href":"https:\/\/shatranj.art\/hu\/wp-json\/wp\/v2\/comments?post=1016"}],"version-history":[{"count":19,"href":"https:\/\/shatranj.art\/hu\/wp-json\/wp\/v2\/pages\/1016\/revisions"}],"predecessor-version":[{"id":1601,"href":"https:\/\/shatranj.art\/hu\/wp-json\/wp\/v2\/pages\/1016\/revisions\/1601"}],"up":[{"embeddable":true,"href":"https:\/\/shatranj.art\/hu\/wp-json\/wp\/v2\/pages\/743"}],"wp:attachment":[{"href":"https:\/\/shatranj.art\/hu\/wp-json\/wp\/v2\/media?parent=1016"}],"curies":[{"name":"wp","href":"https:\/\/api.w.org\/{rel}","templated":true}]}}