{"id":1021,"date":"2026-02-22T16:28:38","date_gmt":"2026-02-22T16:28:38","guid":{"rendered":"https:\/\/shatranj.art\/?page_id=1021"},"modified":"2026-02-23T05:16:08","modified_gmt":"2026-02-23T05:16:08","slug":"poster-25","status":"publish","type":"page","link":"https:\/\/shatranj.art\/hu\/exhibit\/poster-25\/","title":{"rendered":"plak\u00e1t 25"},"content":{"rendered":"<div data-elementor-type=\"wp-page\" data-elementor-id=\"1021\" class=\"elementor elementor-1021\" data-elementor-post-type=\"page\">\n\t\t\t\t<div class=\"elementor-element elementor-element-3d217f0 e-flex e-con-boxed e-con e-parent\" data-id=\"3d217f0\" data-element_type=\"container\" data-e-type=\"container\" data-settings=\"{&quot;background_background&quot;:&quot;classic&quot;}\">\n\t\t\t\t\t<div class=\"e-con-inner\">\n\t\t<div class=\"elementor-element elementor-element-a3a2689 e-con-full e-flex e-con e-child\" data-id=\"a3a2689\" data-element_type=\"container\" data-e-type=\"container\">\n\t\t\t\t<div class=\"elementor-element elementor-element-fa1aaae elementor-widget__width-initial elementor-widget elementor-widget-image\" data-id=\"fa1aaae\" data-element_type=\"widget\" data-e-type=\"widget\" data-widget_type=\"image.default\">\n\t\t\t\t<div class=\"elementor-widget-container\">\n\t\t\t\t\t\t\t\t\t\t\t\t\t\t\t<img fetchpriority=\"high\" decoding=\"async\" width=\"800\" height=\"463\" src=\"https:\/\/shatranj.art\/wp-content\/uploads\/2026\/02\/25-1024x592.jpg\" class=\"attachment-large size-large wp-image-1023\" alt=\"\" srcset=\"https:\/\/shatranj.art\/wp-content\/uploads\/2026\/02\/25-1024x592.jpg 1024w, https:\/\/shatranj.art\/wp-content\/uploads\/2026\/02\/25-300x173.jpg 300w, https:\/\/shatranj.art\/wp-content\/uploads\/2026\/02\/25-768x444.jpg 768w, https:\/\/shatranj.art\/wp-content\/uploads\/2026\/02\/25-1536x887.jpg 1536w, https:\/\/shatranj.art\/wp-content\/uploads\/2026\/02\/25-2048x1183.jpg 2048w\" sizes=\"(max-width: 800px) 100vw, 800px\" \/>\t\t\t\t\t\t\t\t\t\t\t\t\t\t\t<\/div>\n\t\t\t\t<\/div>\n\t\t\t\t<div class=\"elementor-element elementor-element-cbddf52 elementor-widget__width-initial elementor-widget elementor-widget-text-editor\" data-id=\"cbddf52\" data-element_type=\"widget\" data-e-type=\"widget\" data-widget_type=\"text-editor.default\">\n\t\t\t\t<div class=\"elementor-widget-container\">\n\t\t\t\t\t\t\t\t\t<p><strong>\u015eAH\u00ce Bucephalus: <\/strong><strong>A strat\u00e9gia \u00e9s a kult\u00fara \u00f6r\u00f6ks\u00e9ge<\/strong><\/p><p>Ez az alak Philipp Stamma, az 1737-ben P\u00e1rizsban megjelent Essai sur le jeu des echecs c\u00edm\u0171 m\u0171v\u00e9r\u0151l ismert alepp\u00f3i ford\u00edt\u00f3 \u00f6r\u00f6ks\u00e9g\u00e9t viseli. A s\u00f6r\u00e9ny\u00e9ben francia f\u00fcrt\u00f6kkel d\u00edsz\u00edtett lovag alakja a felvil\u00e1gosod\u00e1s racion\u00e1lis gondolkod\u00e1sm\u00f3dja \u00e9s a Kelet \u0151si strat\u00e9giai m\u00e9lys\u00e9ge k\u00f6z\u00f6tti z\u00f6kken\u0151mentes szint\u00e9zist k\u00e9pviseli. A darabon bel\u00fcli form\u00e1k kultur\u00e1lis hidat k\u00e9peznek, egyes\u00edtve a \u201cStamma Mate\u201d taktikai zsenialit\u00e1s\u00e1t, amelyet Stamma Alepp\u00f3b\u00f3l hozott Eur\u00f3p\u00e1ba, a maked\u00f3n l\u00f3, Bucephalus katonai erej\u00e9vel.<\/p>\t\t\t\t\t\t\t\t<\/div>\n\t\t\t\t<\/div>\n\t\t\t\t<div class=\"elementor-element elementor-element-f641ab0 elementor-widget__width-initial elementor-widget elementor-widget-text-editor\" data-id=\"f641ab0\" data-element_type=\"widget\" data-e-type=\"widget\" data-widget_type=\"text-editor.default\">\n\t\t\t\t<div class=\"elementor-widget-container\">\n\t\t\t\t\t\t\t\t\t<p><b>1950 Dubrovnik \u00e9s Staunton: <\/b><b style=\"font-family: -apple-system, BlinkMacSystemFont, 'Segoe UI', Roboto, 'Helvetica Neue', Arial, 'Noto Sans', sans-serif, 'Apple Color Emoji', 'Segoe UI Emoji', 'Segoe UI Symbol', 'Noto Color Emoji';\">Identit\u00e1s \u00e9s hagyom\u00e1nyos hat\u00e1rok a tervez\u00e9sben<\/b><\/p><p>\u00a0<\/p><p>Ez a l\u00e1tv\u00e1ny k\u00e9t k\u00fcl\u00f6nb\u00f6z\u0151 sakkoz\u00f3i tervez\u00e9si filoz\u00f3fi\u00e1t \u00e1ll\u00edt szembe egym\u00e1ssal. Az 1950-es Dubrovnik husz\u00e1r egy karakteres figura, amelyet Bobby Fischer \u201ca valaha k\u00e9sz\u00fclt legjobb sakktervez\u00e9sk\u00e9nt\u201d jellemzett, \u00e9les \u00e9s szoborszer\u0171 vonalaival kiemelkedik. A diz\u00e1jn dinamizmusa egyedi m\u0171v\u00e9szi nyelven kereszt\u00fcl t\u00fckr\u00f6zi a sakk strat\u00e9giai szellem\u00e9t.<\/p><p>\u00a0<\/p><p>Ezzel szemben a Staunton-design a 19. sz\u00e1zad k\u00f6zep\u00e9n alakult ki, els\u0151sorban a t\u00f6megtermel\u00e9s egyszer\u0171s\u00edt\u00e9se \u00e9s a hagyom\u00e1nyos nyugati form\u00e1kon alapul\u00f3 egys\u00e9gess\u00e9g biztos\u00edt\u00e1sa \u00e9rdek\u00e9ben. Mivel olyan vall\u00e1si szimb\u00f3lumokat tartalmaz, mint a p\u00fcsp\u00f6ki mitra \u00e9s a kereszt, a Staunton-k\u00e9szletb\u0151l hi\u00e1nyzik a vil\u00e1gi \u00e9s befogad\u00f3 identit\u00e1s; ehelyett egy meghat\u00e1rozott hagyom\u00e1nyos strukt\u00fara hat\u00e1rain bel\u00fcl marad. A k\u00e9t sziluett k\u00f6z\u00f6tti k\u00fcl\u00f6nbs\u00e9g r\u00e1vil\u00e1g\u00edt a sakkban az egyedi karakter keres\u00e9se \u00e9s a szabv\u00e1nyos\u00edtott, hagyom\u00e1nyos form\u00e1tum k\u00f6z\u00f6tti k\u00fcl\u00f6nbs\u00e9gre.<\/p>\t\t\t\t\t\t\t\t<\/div>\n\t\t\t\t<\/div>\n\t\t\t\t<div class=\"elementor-element elementor-element-9b94e22 elementor-widget__width-initial elementor-widget elementor-widget-image\" data-id=\"9b94e22\" data-element_type=\"widget\" data-e-type=\"widget\" data-widget_type=\"image.default\">\n\t\t\t\t<div class=\"elementor-widget-container\">\n\t\t\t\t\t\t\t\t\t\t\t\t\t\t\t<img decoding=\"async\" width=\"800\" height=\"641\" src=\"https:\/\/shatranj.art\/wp-content\/uploads\/2026\/02\/25-1-1024x820.jpg\" class=\"attachment-large size-large wp-image-1024\" alt=\"\" srcset=\"https:\/\/shatranj.art\/wp-content\/uploads\/2026\/02\/25-1-1024x820.jpg 1024w, https:\/\/shatranj.art\/wp-content\/uploads\/2026\/02\/25-1-300x240.jpg 300w, https:\/\/shatranj.art\/wp-content\/uploads\/2026\/02\/25-1-768x615.jpg 768w, https:\/\/shatranj.art\/wp-content\/uploads\/2026\/02\/25-1.jpg 1481w\" sizes=\"(max-width: 800px) 100vw, 800px\" \/>\t\t\t\t\t\t\t\t\t\t\t\t\t\t\t<\/div>\n\t\t\t\t<\/div>\n\t\t\t\t<div class=\"elementor-element elementor-element-7a3f622 elementor-widget__width-initial elementor-widget-tablet__width-inherit elementor-widget elementor-widget-image\" data-id=\"7a3f622\" data-element_type=\"widget\" data-e-type=\"widget\" data-widget_type=\"image.default\">\n\t\t\t\t<div class=\"elementor-widget-container\">\n\t\t\t\t\t\t\t\t\t\t\t\t\t\t\t<img decoding=\"async\" width=\"767\" height=\"1024\" src=\"https:\/\/shatranj.art\/wp-content\/uploads\/2026\/02\/25-2-767x1024.jpg\" class=\"attachment-large size-large wp-image-1025\" alt=\"\" srcset=\"https:\/\/shatranj.art\/wp-content\/uploads\/2026\/02\/25-2-767x1024.jpg 767w, https:\/\/shatranj.art\/wp-content\/uploads\/2026\/02\/25-2-225x300.jpg 225w, https:\/\/shatranj.art\/wp-content\/uploads\/2026\/02\/25-2-768x1025.jpg 768w, https:\/\/shatranj.art\/wp-content\/uploads\/2026\/02\/25-2-1151x1536.jpg 1151w, https:\/\/shatranj.art\/wp-content\/uploads\/2026\/02\/25-2.jpg 1499w\" sizes=\"(max-width: 767px) 100vw, 767px\" \/>\t\t\t\t\t\t\t\t\t\t\t\t\t\t\t<\/div>\n\t\t\t\t<\/div>\n\t\t\t\t<div class=\"elementor-element elementor-element-7e9c0df elementor-widget__width-initial elementor-widget elementor-widget-text-editor\" data-id=\"7e9c0df\" data-element_type=\"widget\" data-e-type=\"widget\" data-widget_type=\"text-editor.default\">\n\t\t\t\t<div class=\"elementor-widget-container\">\n\t\t\t\t\t\t\t\t\t<p><b>A Lewis lovag: Lewis Lewis: A k\u00f6z\u00e9pkor \u00e9szaki \u00f6r\u00f6ks\u00e9ge<\/b><\/p><p>A 12. sz\u00e1zadi skandin\u00e1v k\u00e9zm\u0171vess\u00e9g remekm\u0171ve, ez a figura a vil\u00e1gh\u00edr\u0171 Lewis sakkfigur\u00e1k gy\u0171jtem\u00e9ny\u00e9nek r\u00e9sze, amelyet 1831-ben fedeztek fel a sk\u00f3ciai Lewis-szigeten. A rozm\u00e1r elef\u00e1ntcsontb\u00f3l apr\u00f3l\u00e9kosan kifaragott darab a sakk Eur\u00f3pa-szerte elterjedt eszt\u00e9tikai fejl\u0151d\u00e9s\u00e9t dokument\u00e1lja. A lovas harcos \u00e1br\u00e1zol\u00e1sa a j\u00e1t\u00e9k \u00e9s a k\u00f6z\u00e9pkori t\u00e1rsadalom nemess\u00e9ge \u00e9s katonai hierarchi\u00e1ja k\u00f6z\u00f6tti m\u00e9ly kapcsolatot szimboliz\u00e1lja. Ez az ikonikus sziluett ma is rendk\u00edv\u00fcli tan\u00fabizonys\u00e1ga a korszak m\u0171v\u00e9szi k\u00e9pess\u00e9geinek \u00e9s a j\u00e1t\u00e9k m\u0171alkot\u00e1sk\u00e9nt val\u00f3 maradand\u00f3 st\u00e1tusz\u00e1nak.<\/p>\t\t\t\t\t\t\t\t<\/div>\n\t\t\t\t<\/div>\n\t\t\t\t<div class=\"elementor-element elementor-element-765b6b1 elementor-widget__width-initial elementor-widget elementor-widget-text-editor\" data-id=\"765b6b1\" data-element_type=\"widget\" data-e-type=\"widget\" data-widget_type=\"text-editor.default\">\n\t\t\t\t<div class=\"elementor-widget-container\">\n\t\t\t\t\t\t\t\t\t<p><b>A lovag t\u00far\u00e1ja: A geometriai rejtv\u00e9ny az \u00e9rtelem<\/b><\/p><p>A husz\u00e1rt\u00fara azon az elven alapul, hogy a husz\u00e1r a sakkt\u00e1bla minden egyes n\u00e9gyzet\u00e9t pontosan egyszer l\u00e1togatja meg. A 9. sz\u00e1zadi bagdadi Al-Adlit\u00f3l a 18. sz\u00e1zadi felvil\u00e1gosod\u00e1s Eur\u00f3p\u00e1j\u00e1ban \u00e9l\u0151 Leonhard Eulerig ez a probl\u00e9ma a matematika \u00e9s a strat\u00e9gia t\u00f6k\u00e9letes harm\u00f3ni\u00e1jak\u00e9nt leny\u0171g\u00f6zte a zseniket. Az itt l\u00e1that\u00f3 megold\u00e1s bemutatja, hogy a husz\u00e1r ugr\u00e1saival hogyan hoz l\u00e9tre \u00f6sszetett \u00e9s leny\u0171g\u00f6z\u0151 szimmetri\u00e1t, felt\u00e1rva a sakk \u201cgeometriai k\u00f6lt\u00e9szet\u00e9t\u201d \u00e9s egyetemes logik\u00e1j\u00e1t.<\/p>\t\t\t\t\t\t\t\t<\/div>\n\t\t\t\t<\/div>\n\t\t\t\t<div class=\"elementor-element elementor-element-e34bfdc elementor-widget__width-initial elementor-widget-tablet__width-inherit elementor-widget elementor-widget-image\" data-id=\"e34bfdc\" data-element_type=\"widget\" data-e-type=\"widget\" data-widget_type=\"image.default\">\n\t\t\t\t<div class=\"elementor-widget-container\">\n\t\t\t\t\t\t\t\t\t\t\t\t\t\t\t<img loading=\"lazy\" decoding=\"async\" width=\"800\" height=\"800\" src=\"https:\/\/shatranj.art\/wp-content\/uploads\/2026\/02\/25-3-1024x1024.jpg\" class=\"attachment-large size-large wp-image-1026\" alt=\"\" srcset=\"https:\/\/shatranj.art\/wp-content\/uploads\/2026\/02\/25-3-1024x1024.jpg 1024w, https:\/\/shatranj.art\/wp-content\/uploads\/2026\/02\/25-3-300x300.jpg 300w, https:\/\/shatranj.art\/wp-content\/uploads\/2026\/02\/25-3-150x150.jpg 150w, https:\/\/shatranj.art\/wp-content\/uploads\/2026\/02\/25-3-768x768.jpg 768w, https:\/\/shatranj.art\/wp-content\/uploads\/2026\/02\/25-3.jpg 1486w\" sizes=\"(max-width: 800px) 100vw, 800px\" \/>\t\t\t\t\t\t\t\t\t\t\t\t\t\t\t<\/div>\n\t\t\t\t<\/div>\n\t\t\t\t<div class=\"elementor-element elementor-element-f59bb1a elementor-widget__width-initial elementor-widget elementor-widget-image\" data-id=\"f59bb1a\" data-element_type=\"widget\" data-e-type=\"widget\" data-widget_type=\"image.default\">\n\t\t\t\t<div class=\"elementor-widget-container\">\n\t\t\t\t\t\t\t\t\t\t\t\t\t\t\t<img loading=\"lazy\" decoding=\"async\" width=\"800\" height=\"537\" src=\"https:\/\/shatranj.art\/wp-content\/uploads\/2026\/02\/25-4-1024x687.jpg\" class=\"attachment-large size-large wp-image-1027\" alt=\"\" srcset=\"https:\/\/shatranj.art\/wp-content\/uploads\/2026\/02\/25-4-1024x687.jpg 1024w, https:\/\/shatranj.art\/wp-content\/uploads\/2026\/02\/25-4-300x201.jpg 300w, https:\/\/shatranj.art\/wp-content\/uploads\/2026\/02\/25-4-768x515.jpg 768w, https:\/\/shatranj.art\/wp-content\/uploads\/2026\/02\/25-4.jpg 1107w\" sizes=\"(max-width: 800px) 100vw, 800px\" \/>\t\t\t\t\t\t\t\t\t\t\t\t\t\t\t<\/div>\n\t\t\t\t<\/div>\n\t\t\t\t<div class=\"elementor-element elementor-element-88ba55c elementor-widget__width-initial elementor-widget elementor-widget-text-editor\" data-id=\"88ba55c\" data-element_type=\"widget\" data-e-type=\"widget\" data-widget_type=\"text-editor.default\">\n\t\t\t\t<div class=\"elementor-widget-container\">\n\t\t\t\t\t\t\t\t\t<p><b>A legend\u00e1s Bucephalus:\u00a0 <\/b><b>A h\u00f3d\u00edt\u00e1s \u00e9s a h\u0171s\u00e9g szimb\u00f3luma<\/b><\/p><p>\u00a0<\/p><p>Ez a mozaik Bukephaloszt, a maked\u00f3n lovat, Nagy S\u00e1ndor legk\u00f6zelebbi t\u00e1rs\u00e1t \u00e1br\u00e1zolja. B\u00fck\u00e9phalosz, aki Alexandrosz mellett maradt a hadj\u00e1ratai sor\u00e1n, a mai Pakiszt\u00e1n ter\u00fclet\u00e9n hunyt el, azon a vid\u00e9ken, ahol a sakk t\u00f6rt\u00e9nelmi gy\u00f6kerei el\u0151sz\u00f6r kaptak teret. A t\u00f6rt\u00e9nelem egyik legmaradand\u00f3bb ember-\u00e1llat k\u00f6tel\u00e9k\u00e9nek megtestes\u00edt\u00e9s\u00e9n t\u00fal ez az ikonikus figura a Kelet \u00e9s Nyugat k\u00f6z\u00f6tti kultur\u00e1lis metsz\u00e9spont szimb\u00f3luma, amelynek \u00fatja Maced\u00f3ni\u00e1t\u00f3l az Indus-v\u00f6lgyig tart. Ez a t\u00f6rt\u00e9net, amelyben a katonai b\u00e1tors\u00e1g \u00e9s a rend\u00edthetetlen h\u0171s\u00e9g egyes\u00fcl, egy olyan epikus utaz\u00e1s eml\u00e9k\u00e9t \u0151rzi, amely a sakk b\u00f6lcs\u0151j\u00e9ben \u00e9rte el v\u00e9g\u00e9t.<\/p>\t\t\t\t\t\t\t\t<\/div>\n\t\t\t\t<\/div>\n\t\t\t\t<\/div>\n\t\t\t\t\t<\/div>\n\t\t\t\t<\/div>\n\t\t\t\t<\/div>","protected":false},"excerpt":{"rendered":"<p>\u015eAH\u00ce Bucephalus: A Legacy of Strategy and Culture This figure carries the legacy of Philipp Stamma, the translator from Aleppo renowned for his work Essai sur le jeu des echecs, published in Paris in 1737. The design of the knight, featuring French curls in its mane, represents the seamless synthesis between the rational mindset of [&hellip;]<\/p>\n","protected":false},"author":1,"featured_media":0,"parent":743,"menu_order":0,"comment_status":"closed","ping_status":"closed","template":"","meta":{"footnotes":""},"class_list":["post-1021","page","type-page","status-publish","hentry"],"_links":{"self":[{"href":"https:\/\/shatranj.art\/hu\/wp-json\/wp\/v2\/pages\/1021","targetHints":{"allow":["GET"]}}],"collection":[{"href":"https:\/\/shatranj.art\/hu\/wp-json\/wp\/v2\/pages"}],"about":[{"href":"https:\/\/shatranj.art\/hu\/wp-json\/wp\/v2\/types\/page"}],"author":[{"embeddable":true,"href":"https:\/\/shatranj.art\/hu\/wp-json\/wp\/v2\/users\/1"}],"replies":[{"embeddable":true,"href":"https:\/\/shatranj.art\/hu\/wp-json\/wp\/v2\/comments?post=1021"}],"version-history":[{"count":7,"href":"https:\/\/shatranj.art\/hu\/wp-json\/wp\/v2\/pages\/1021\/revisions"}],"predecessor-version":[{"id":1243,"href":"https:\/\/shatranj.art\/hu\/wp-json\/wp\/v2\/pages\/1021\/revisions\/1243"}],"up":[{"embeddable":true,"href":"https:\/\/shatranj.art\/hu\/wp-json\/wp\/v2\/pages\/743"}],"wp:attachment":[{"href":"https:\/\/shatranj.art\/hu\/wp-json\/wp\/v2\/media?parent=1021"}],"curies":[{"name":"wp","href":"https:\/\/api.w.org\/{rel}","templated":true}]}}