{"id":1068,"date":"2026-02-22T18:39:42","date_gmt":"2026-02-22T18:39:42","guid":{"rendered":"https:\/\/shatranj.art\/?page_id=1068"},"modified":"2026-02-24T09:00:42","modified_gmt":"2026-02-24T09:00:42","slug":"poster-29","status":"publish","type":"page","link":"https:\/\/shatranj.art\/hu\/exhibit\/poster-29\/","title":{"rendered":"poszter 29"},"content":{"rendered":"<div data-elementor-type=\"wp-page\" data-elementor-id=\"1068\" class=\"elementor elementor-1068\" data-elementor-post-type=\"page\">\n\t\t\t\t<div class=\"elementor-element elementor-element-cfd54a0 e-flex e-con-boxed e-con e-parent\" data-id=\"cfd54a0\" data-element_type=\"container\" data-e-type=\"container\" data-settings=\"{&quot;background_background&quot;:&quot;classic&quot;}\">\n\t\t\t\t\t<div class=\"e-con-inner\">\n\t\t<div class=\"elementor-element elementor-element-00cae2a e-con-full e-flex e-con e-child\" data-id=\"00cae2a\" data-element_type=\"container\" data-e-type=\"container\">\n\t\t<div class=\"elementor-element elementor-element-edcf7ea e-con-full e-flex e-con e-child\" data-id=\"edcf7ea\" data-element_type=\"container\" data-e-type=\"container\">\n\t\t\t\t<div class=\"elementor-element elementor-element-411efec elementor-widget elementor-widget-image\" data-id=\"411efec\" data-element_type=\"widget\" data-e-type=\"widget\" data-widget_type=\"image.default\">\n\t\t\t\t<div class=\"elementor-widget-container\">\n\t\t\t\t\t\t\t\t\t\t\t\t\t\t\t<img fetchpriority=\"high\" decoding=\"async\" width=\"800\" height=\"384\" src=\"https:\/\/shatranj.art\/wp-content\/uploads\/2026\/02\/regence-cafe-chess-set-1780-1820-1-1024x491.png\" class=\"attachment-large size-large wp-image-1073\" alt=\"\" srcset=\"https:\/\/shatranj.art\/wp-content\/uploads\/2026\/02\/regence-cafe-chess-set-1780-1820-1-1024x491.png 1024w, https:\/\/shatranj.art\/wp-content\/uploads\/2026\/02\/regence-cafe-chess-set-1780-1820-1-300x144.png 300w, https:\/\/shatranj.art\/wp-content\/uploads\/2026\/02\/regence-cafe-chess-set-1780-1820-1-768x369.png 768w, https:\/\/shatranj.art\/wp-content\/uploads\/2026\/02\/regence-cafe-chess-set-1780-1820-1-1536x737.png 1536w, https:\/\/shatranj.art\/wp-content\/uploads\/2026\/02\/regence-cafe-chess-set-1780-1820-1.png 1886w\" sizes=\"(max-width: 800px) 100vw, 800px\" \/>\t\t\t\t\t\t\t\t\t\t\t\t\t\t\t<\/div>\n\t\t\t\t<\/div>\n\t\t\t\t<div class=\"elementor-element elementor-element-6e231da elementor-widget-tablet__width-inherit elementor-widget elementor-widget-text-editor\" data-id=\"6e231da\" data-element_type=\"widget\" data-e-type=\"widget\" data-widget_type=\"text-editor.default\">\n\t\t\t\t<div class=\"elementor-widget-container\">\n\t\t\t\t\t\t\t\t\t<p><strong>\u015eAH\u00ce k\u00e9szlet monarch\/king\/shah darab: G\u00fcl\u015fah<\/strong><\/p><p>G\u00fcl\u015fah a fejfed\u0151 b\u00f6lcsess\u00e9g\u00e9t, a kupola szents\u00e9g\u00e9t \u00e9s tekint\u00e9ly\u00e9t, valamint a r\u00f3zs\u00e1t, mint az \u00e9let \u00e9s a sz\u00e9ps\u00e9g szimb\u00f3lum\u00e1t k\u00e9pviseli, amelyet meg kell v\u00e9deni a sakk-matt\u00f3l. A kupola olyan ikonikus \u00e9p\u00edtm\u00e9nyekb\u0151l mer\u00edt ihletet, mint a Hagia Sophia, a Pantheon \u00e9s az MIT. A fejfed\u0151 a korai sakkoz\u00f3 szerz\u0151k, p\u00e9ld\u00e1ul As-Suli \u00e9s Stamma szellemi \u00f6r\u00f6ks\u00e9g\u00e9t t\u00fckr\u00f6zi, m\u00edg a korona az \u00f3kori olimpiai olimpikonok olajkoszor\u00fait id\u00e9zi. T\u00f6rt\u00e9nelmileg ezt a darabot r\u00e1dzs\u00e1nak, sahnak, kir\u00e1lynak vagy parancsnoknak nevezt\u00e9k. A \u201cg\u00fcl\u201d k\u00f6z\u00e9p-\u00e1zsiai nyelveken r\u00f3zs\u00e1t jelent. A \u201c\u015eah\u201d, amelyet \u2018sah\u2019-nak ejtik, sz\u00e1mos nyelven a sakk neve. M\u00edg a shah eredetileg a f\u00e9rfi szab\u00e1lyokra utalt, a metaforikus vagy modern haszn\u00e1lata nemsemlegess\u00e9 v\u00e1lt.<\/p>\t\t\t\t\t\t\t\t<\/div>\n\t\t\t\t<\/div>\n\t\t\t\t<div class=\"elementor-element elementor-element-10b021d elementor-widget elementor-widget-image\" data-id=\"10b021d\" data-element_type=\"widget\" data-e-type=\"widget\" data-widget_type=\"image.default\">\n\t\t\t\t<div class=\"elementor-widget-container\">\n\t\t\t\t\t\t\t\t\t\t\t\t\t\t\t<img decoding=\"async\" width=\"188\" height=\"237\" src=\"https:\/\/shatranj.art\/wp-content\/uploads\/2026\/02\/Philipp-Stamma-Public-Domain.jpg\" class=\"attachment-large size-large wp-image-1071\" alt=\"\" \/>\t\t\t\t\t\t\t\t\t\t\t\t\t\t\t<\/div>\n\t\t\t\t<\/div>\n\t\t\t\t<\/div>\n\t\t<div class=\"elementor-element elementor-element-538608d e-con-full e-flex e-con e-child\" data-id=\"538608d\" data-element_type=\"container\" data-e-type=\"container\">\n\t\t\t\t<div class=\"elementor-element elementor-element-60ca9fa elementor-widget elementor-widget-image\" data-id=\"60ca9fa\" data-element_type=\"widget\" data-e-type=\"widget\" data-widget_type=\"image.default\">\n\t\t\t\t<div class=\"elementor-widget-container\">\n\t\t\t\t\t\t\t\t\t\t\t\t\t\t\t<img decoding=\"async\" width=\"800\" height=\"800\" src=\"https:\/\/shatranj.art\/wp-content\/uploads\/2026\/02\/shahi-gulsah-king-piece-1-1024x1024.png\" class=\"attachment-large size-large wp-image-1074\" alt=\"\" srcset=\"https:\/\/shatranj.art\/wp-content\/uploads\/2026\/02\/shahi-gulsah-king-piece-1-1024x1024.png 1024w, https:\/\/shatranj.art\/wp-content\/uploads\/2026\/02\/shahi-gulsah-king-piece-1-300x300.png 300w, https:\/\/shatranj.art\/wp-content\/uploads\/2026\/02\/shahi-gulsah-king-piece-1-150x150.png 150w, https:\/\/shatranj.art\/wp-content\/uploads\/2026\/02\/shahi-gulsah-king-piece-1-768x768.png 768w, https:\/\/shatranj.art\/wp-content\/uploads\/2026\/02\/shahi-gulsah-king-piece-1-1536x1536.png 1536w, https:\/\/shatranj.art\/wp-content\/uploads\/2026\/02\/shahi-gulsah-king-piece-1-2048x2048.png 2048w\" sizes=\"(max-width: 800px) 100vw, 800px\" \/>\t\t\t\t\t\t\t\t\t\t\t\t\t\t\t<\/div>\n\t\t\t\t<\/div>\n\t\t\t\t<div class=\"elementor-element elementor-element-aa06c95 elementor-widget-tablet__width-inherit elementor-widget elementor-widget-text-editor\" data-id=\"aa06c95\" data-element_type=\"widget\" data-e-type=\"widget\" data-widget_type=\"text-editor.default\">\n\t\t\t\t<div class=\"elementor-widget-container\">\n\t\t\t\t\t\t\t\t\t<p><strong>Le\u00edr\u00e1s \u00e9s \u00f6r\u00f6ks\u00e9g<\/strong><\/p><p>A G\u00fcl\u015fah figura jellegzetes fejp\u00e1ntos kialak\u00edt\u00e1ssal rendelkezik, amely a sakkt\u00f6rt\u00e9nelem szellemi \u00f3ri\u00e1sai el\u0151tt tiszteleg. A fejfed\u0151 a hagyom\u00e1nyos turb\u00e1nok mint\u00e1j\u00e1ra k\u00e9sz\u00fclt, amelyeket olyan alakok viseltek, mint a k\u00f6z\u00e9pkori asz-Suli mester \u00e9s Philipp Stamma, a 18. sz\u00e1zadi mester \u00e9s kir\u00e1lyi ford\u00edt\u00f3. Az Alepp\u00f3ban sz\u00fcletett \u00e9s London \u00e9s P\u00e1rizs nagy szellemi k\u00f6zpontjaiban tev\u00e9kenyked\u0151 Stamma val\u00f3ban multikultur\u00e1lis szem\u00e9lyis\u00e9g volt, aki a brit \u00e1llam tolm\u00e1csak\u00e9nt \u00e9s \u00fatt\u00f6r\u0151 sakkjel\u00f6l\u00e9si rendszereivel hidat k\u00e9pezett a keleti \u00e9s a nyugati hagyom\u00e1nyok k\u00f6z\u00f6tt. Ez a formatervez\u00e9s a m\u00e9ly b\u00f6lcsess\u00e9g \u00e9s a tudom\u00e1nyos tekint\u00e9ly \u00e9rzet\u00e9t kelti.<\/p>\t\t\t\t\t\t\t\t<\/div>\n\t\t\t\t<\/div>\n\t\t\t\t<div class=\"elementor-element elementor-element-117e242 elementor-widget elementor-widget-image\" data-id=\"117e242\" data-element_type=\"widget\" data-e-type=\"widget\" data-widget_type=\"image.default\">\n\t\t\t\t<div class=\"elementor-widget-container\">\n\t\t\t\t\t\t\t\t\t\t\t\t\t\t\t<img loading=\"lazy\" decoding=\"async\" width=\"800\" height=\"592\" src=\"https:\/\/shatranj.art\/wp-content\/uploads\/2026\/02\/olive-crown-olympos-1024x758.jpg\" class=\"attachment-large size-large wp-image-1558\" alt=\"\" srcset=\"https:\/\/shatranj.art\/wp-content\/uploads\/2026\/02\/olive-crown-olympos-1024x758.jpg 1024w, https:\/\/shatranj.art\/wp-content\/uploads\/2026\/02\/olive-crown-olympos-300x222.jpg 300w, https:\/\/shatranj.art\/wp-content\/uploads\/2026\/02\/olive-crown-olympos-768x568.jpg 768w, https:\/\/shatranj.art\/wp-content\/uploads\/2026\/02\/olive-crown-olympos-16x12.jpg 16w, https:\/\/shatranj.art\/wp-content\/uploads\/2026\/02\/olive-crown-olympos.jpg 1280w\" sizes=\"(max-width: 800px) 100vw, 800px\" \/>\t\t\t\t\t\t\t\t\t\t\t\t\t\t\t<\/div>\n\t\t\t\t<\/div>\n\t\t\t\t<div class=\"elementor-element elementor-element-07417e4 elementor-widget-tablet__width-inherit elementor-widget elementor-widget-text-editor\" data-id=\"07417e4\" data-element_type=\"widget\" data-e-type=\"widget\" data-widget_type=\"text-editor.default\">\n\t\t\t\t<div class=\"elementor-widget-container\">\n\t\t\t\t\t\t\t\t\t<p><strong>R\u00f3zsaszirmok \u00e9s az ol\u00fcmposzi olajbogy\u00f3 korona<\/strong><\/p><p>Az \u015eAH\u00ce monarcha koron\u00e1ja r\u00f3zsaszirmokat tartalmaz, amelyek az \u00e9let sz\u00e9ps\u00e9g\u00e9t \u00e9s t\u00f6r\u00e9kenys\u00e9g\u00e9t szimboliz\u00e1lj\u00e1k - egy \u00e9rt\u00e9kes \u00e1llapotot, amelyet kem\u00e9nyen kell v\u00e9deni, ahogyan a kir\u00e1lyt is \u0151rzik a sakkt\u00e1bl\u00e1n, hogy megakad\u00e1lyozz\u00e1k a mattot. Ezt a diz\u00e1jnt tov\u00e1bb\u00e1 az Ol\u00fcmposz olajbogy\u00f3 koron\u00e1ja ihlette, \u00e1thidalva a t\u00f6rt\u00e9nelmi gy\u0151zelmi t\u00f6rekv\u00e9st az \u00e9let t\u00f6r\u00e9keny term\u00e9szet\u00e9nek meg\u0151rz\u00e9s\u00e9vel.<\/p>\t\t\t\t\t\t\t\t<\/div>\n\t\t\t\t<\/div>\n\t\t\t\t<\/div>\n\t\t<div class=\"elementor-element elementor-element-2d81034 e-con-full e-flex e-con e-child\" data-id=\"2d81034\" data-element_type=\"container\" data-e-type=\"container\">\n\t\t\t\t<div class=\"elementor-element elementor-element-71345be elementor-widget elementor-widget-image\" data-id=\"71345be\" data-element_type=\"widget\" data-e-type=\"widget\" data-widget_type=\"image.default\">\n\t\t\t\t<div class=\"elementor-widget-container\">\n\t\t\t\t\t\t\t\t\t\t\t\t\t\t\t<img loading=\"lazy\" decoding=\"async\" width=\"600\" height=\"800\" src=\"https:\/\/shatranj.art\/wp-content\/uploads\/2026\/02\/suli-statue.jpg\" class=\"attachment-large size-large wp-image-1075\" alt=\"\" srcset=\"https:\/\/shatranj.art\/wp-content\/uploads\/2026\/02\/suli-statue.jpg 600w, https:\/\/shatranj.art\/wp-content\/uploads\/2026\/02\/suli-statue-225x300.jpg 225w\" sizes=\"(max-width: 600px) 100vw, 600px\" \/>\t\t\t\t\t\t\t\t\t\t\t\t\t\t\t<\/div>\n\t\t\t\t<\/div>\n\t\t\t\t<div class=\"elementor-element elementor-element-1f7e824 elementor-widget-tablet__width-inherit elementor-widget elementor-widget-text-editor\" data-id=\"1f7e824\" data-element_type=\"widget\" data-e-type=\"widget\" data-widget_type=\"text-editor.default\">\n\t\t\t\t<div class=\"elementor-widget-container\">\n\t\t\t\t\t\t\t\t\t<p><strong>A felvil\u00e1gosod\u00e1s \u00f6r\u00f6ks\u00e9ge<\/strong><br \/><strong>A R\u00e9gence \u00f6r\u00f6ks\u00e9g az \u015eah\u00ee k\u00e9szletben<\/strong><\/p><p>\u00a0<\/p><p>A francia R\u00e9gence k\u00e9szlet a felvil\u00e1gosod\u00e1st szimboliz\u00e1lja, egy olyan korszakot, amelyet az \u00e9sz \u00e9s a tud\u00e1s keres\u00e9se hat\u00e1roz meg. A h\u00edres Caf\u00e9 de la R\u00e9gence-ben olyan t\u00f6rt\u00e9nelmi \u00f3ri\u00e1sok j\u00e1tszottak, mint Benjamin Franklin, Bonaparte Nap\u00f3leon \u00e9s Philidor mester, \u00e9s ez a k\u00e9szlet az intellektu\u00e1lis verseng\u00e9s m\u00e9rc\u00e9j\u00e9v\u00e9 v\u00e1lt. Az \u015eah\u00ee sakk-k\u00e9szlet sz\u00e1nd\u00e9kosan \u0151rzi ezt az \u00f6r\u00f6ks\u00e9get. Az\u00e1ltal, hogy a R\u00e9gence kir\u00e1ly vir\u00e1gmot\u00edvumaib\u00f3l mer\u00edt ihletet a G\u00fcl\u015fah figur\u00e1hoz, az \u015eah\u00ee k\u00e9szlet hidat k\u00e9pez a 18. sz\u00e1zadi eur\u00f3pai elegancia \u00e9s a Kelet m\u00e9ly tudom\u00e1nyos hagyom\u00e1nyai k\u00f6z\u00f6tt, tisztelegve a j\u00e1t\u00e9k aranykor\u00e1t meghat\u00e1roz\u00f3 mesterek el\u0151tt.<\/p>\t\t\t\t\t\t\t\t<\/div>\n\t\t\t\t<\/div>\n\t\t\t\t<\/div>\n\t\t\t\t<\/div>\n\t\t\t\t\t<\/div>\n\t\t\t\t<\/div>\n\t\t\t\t<\/div>","protected":false},"excerpt":{"rendered":"<p>\u015eAH\u00ce set monarch\/king\/shah piece: G\u00fcl\u015fah G\u00fcl\u015fah represents the wisdom of the headwrap, the sanctity and authority of the dome, and rose as a symbol of life and beauty, which must be protected from checkmate. The dome draws inspiration from iconic structures like the Hagia Sophia, the Pantheon, and MIT. The headwrap reflects the intellectual legacy [&hellip;]<\/p>\n","protected":false},"author":1,"featured_media":0,"parent":743,"menu_order":0,"comment_status":"closed","ping_status":"closed","template":"","meta":{"footnotes":""},"class_list":["post-1068","page","type-page","status-publish","hentry"],"_links":{"self":[{"href":"https:\/\/shatranj.art\/hu\/wp-json\/wp\/v2\/pages\/1068","targetHints":{"allow":["GET"]}}],"collection":[{"href":"https:\/\/shatranj.art\/hu\/wp-json\/wp\/v2\/pages"}],"about":[{"href":"https:\/\/shatranj.art\/hu\/wp-json\/wp\/v2\/types\/page"}],"author":[{"embeddable":true,"href":"https:\/\/shatranj.art\/hu\/wp-json\/wp\/v2\/users\/1"}],"replies":[{"embeddable":true,"href":"https:\/\/shatranj.art\/hu\/wp-json\/wp\/v2\/comments?post=1068"}],"version-history":[{"count":10,"href":"https:\/\/shatranj.art\/hu\/wp-json\/wp\/v2\/pages\/1068\/revisions"}],"predecessor-version":[{"id":1561,"href":"https:\/\/shatranj.art\/hu\/wp-json\/wp\/v2\/pages\/1068\/revisions\/1561"}],"up":[{"embeddable":true,"href":"https:\/\/shatranj.art\/hu\/wp-json\/wp\/v2\/pages\/743"}],"wp:attachment":[{"href":"https:\/\/shatranj.art\/hu\/wp-json\/wp\/v2\/media?parent=1068"}],"curies":[{"name":"wp","href":"https:\/\/api.w.org\/{rel}","templated":true}]}}