{"id":1136,"date":"2026-02-22T20:20:00","date_gmt":"2026-02-22T20:20:00","guid":{"rendered":"https:\/\/shatranj.art\/?page_id=1136"},"modified":"2026-02-23T09:27:46","modified_gmt":"2026-02-23T09:27:46","slug":"poster-32","status":"publish","type":"page","link":"https:\/\/shatranj.art\/hu\/exhibit\/poster-32\/","title":{"rendered":"32-es poszter"},"content":{"rendered":"<div data-elementor-type=\"wp-page\" data-elementor-id=\"1136\" class=\"elementor elementor-1136\" data-elementor-post-type=\"page\">\n\t\t\t\t<div class=\"elementor-element elementor-element-e6ecba5 e-flex e-con-boxed e-con e-parent\" data-id=\"e6ecba5\" data-element_type=\"container\" data-e-type=\"container\" data-settings=\"{&quot;background_background&quot;:&quot;classic&quot;}\">\n\t\t\t\t\t<div class=\"e-con-inner\">\n\t\t<div class=\"elementor-element elementor-element-0433a85 e-con-full e-flex e-con e-child\" data-id=\"0433a85\" data-element_type=\"container\" data-e-type=\"container\">\n\t\t\t\t<div class=\"elementor-element elementor-element-4888e73 elementor-widget__width-initial elementor-widget-mobile__width-initial elementor-widget elementor-widget-image\" data-id=\"4888e73\" data-element_type=\"widget\" data-e-type=\"widget\" data-widget_type=\"image.default\">\n\t\t\t\t<div class=\"elementor-widget-container\">\n\t\t\t\t\t\t\t\t\t\t\t\t\t\t\t<img fetchpriority=\"high\" decoding=\"async\" width=\"800\" height=\"600\" src=\"https:\/\/shatranj.art\/wp-content\/uploads\/2024\/05\/il_1588xN.5358651901_7asf-1-1-1024x768.jpg\" class=\"attachment-large size-large wp-image-593\" alt=\"\" srcset=\"https:\/\/shatranj.art\/wp-content\/uploads\/2024\/05\/il_1588xN.5358651901_7asf-1-1-1024x768.jpg 1024w, https:\/\/shatranj.art\/wp-content\/uploads\/2024\/05\/il_1588xN.5358651901_7asf-1-1-300x225.jpg 300w, https:\/\/shatranj.art\/wp-content\/uploads\/2024\/05\/il_1588xN.5358651901_7asf-1-1-768x576.jpg 768w, https:\/\/shatranj.art\/wp-content\/uploads\/2024\/05\/il_1588xN.5358651901_7asf-1-1-1536x1152.jpg 1536w, https:\/\/shatranj.art\/wp-content\/uploads\/2024\/05\/il_1588xN.5358651901_7asf-1-1.jpg 1588w\" sizes=\"(max-width: 800px) 100vw, 800px\" \/>\t\t\t\t\t\t\t\t\t\t\t\t\t\t\t<\/div>\n\t\t\t\t<\/div>\n\t\t\t\t<div class=\"elementor-element elementor-element-7e4018a elementor-widget__width-initial elementor-widget-mobile__width-initial elementor-widget elementor-widget-image\" data-id=\"7e4018a\" data-element_type=\"widget\" data-e-type=\"widget\" data-widget_type=\"image.default\">\n\t\t\t\t<div class=\"elementor-widget-container\">\n\t\t\t\t\t\t\t\t\t\t\t\t\t\t\t<img decoding=\"async\" width=\"599\" height=\"515\" src=\"https:\/\/shatranj.art\/wp-content\/uploads\/2026\/02\/soviet-magnetic-set-baku-design.jpeg\" class=\"attachment-large size-large wp-image-1264\" alt=\"\" srcset=\"https:\/\/shatranj.art\/wp-content\/uploads\/2026\/02\/soviet-magnetic-set-baku-design.jpeg 599w, https:\/\/shatranj.art\/wp-content\/uploads\/2026\/02\/soviet-magnetic-set-baku-design-300x258.jpeg 300w, https:\/\/shatranj.art\/wp-content\/uploads\/2026\/02\/soviet-magnetic-set-baku-design-14x12.jpeg 14w\" sizes=\"(max-width: 599px) 100vw, 599px\" \/>\t\t\t\t\t\t\t\t\t\t\t\t\t\t\t<\/div>\n\t\t\t\t<\/div>\n\t\t\t\t<div class=\"elementor-element elementor-element-0bbe733 elementor-widget__width-initial elementor-widget-mobile__width-inherit elementor-widget elementor-widget-image\" data-id=\"0bbe733\" data-element_type=\"widget\" data-e-type=\"widget\" data-widget_type=\"image.default\">\n\t\t\t\t<div class=\"elementor-widget-container\">\n\t\t\t\t\t\t\t\t\t\t\t\t\t\t\t<img decoding=\"async\" width=\"564\" height=\"407\" src=\"https:\/\/shatranj.art\/wp-content\/uploads\/2026\/02\/soviet-chess-set-1.jpg\" class=\"attachment-large size-large wp-image-1263\" alt=\"\" srcset=\"https:\/\/shatranj.art\/wp-content\/uploads\/2026\/02\/soviet-chess-set-1.jpg 564w, https:\/\/shatranj.art\/wp-content\/uploads\/2026\/02\/soviet-chess-set-1-300x216.jpg 300w, https:\/\/shatranj.art\/wp-content\/uploads\/2026\/02\/soviet-chess-set-1-18x12.jpg 18w\" sizes=\"(max-width: 564px) 100vw, 564px\" \/>\t\t\t\t\t\t\t\t\t\t\t\t\t\t\t<\/div>\n\t\t\t\t<\/div>\n\t\t\t\t<div class=\"elementor-element elementor-element-0c9e576 elementor-widget__width-initial elementor-widget-mobile__width-inherit elementor-widget elementor-widget-image\" data-id=\"0c9e576\" data-element_type=\"widget\" data-e-type=\"widget\" data-widget_type=\"image.default\">\n\t\t\t\t<div class=\"elementor-widget-container\">\n\t\t\t\t\t\t\t\t\t\t\t\t\t\t\t<img loading=\"lazy\" decoding=\"async\" width=\"683\" height=\"1024\" src=\"https:\/\/shatranj.art\/wp-content\/uploads\/2026\/02\/tamerkaratekin-yenisafak-tam-683x1024.jpg\" class=\"attachment-large size-large wp-image-1265\" alt=\"\" srcset=\"https:\/\/shatranj.art\/wp-content\/uploads\/2026\/02\/tamerkaratekin-yenisafak-tam-683x1024.jpg 683w, https:\/\/shatranj.art\/wp-content\/uploads\/2026\/02\/tamerkaratekin-yenisafak-tam-200x300.jpg 200w, https:\/\/shatranj.art\/wp-content\/uploads\/2026\/02\/tamerkaratekin-yenisafak-tam-8x12.jpg 8w, https:\/\/shatranj.art\/wp-content\/uploads\/2026\/02\/tamerkaratekin-yenisafak-tam.jpg 720w\" sizes=\"(max-width: 683px) 100vw, 683px\" \/>\t\t\t\t\t\t\t\t\t\t\t\t\t\t\t<\/div>\n\t\t\t\t<\/div>\n\t\t\t\t<\/div>\n\t\t<div class=\"elementor-element elementor-element-14728a8 e-con-full e-flex e-con e-child\" data-id=\"14728a8\" data-element_type=\"container\" data-e-type=\"container\">\n\t\t\t\t<div class=\"elementor-element elementor-element-98fcbd1 elementor-widget__width-initial elementor-widget-tablet__width-inherit elementor-widget elementor-widget-text-editor\" data-id=\"98fcbd1\" data-element_type=\"widget\" data-e-type=\"widget\" data-widget_type=\"text-editor.default\">\n\t\t\t\t<div class=\"elementor-widget-container\">\n\t\t\t\t\t\t\t\t\t<div class=\"elementor-element elementor-element-486eb829 elementor-widget__width-auto elementor-widget elementor-widget-text-editor\" data-id=\"486eb829\" data-element_type=\"widget\" data-widget_type=\"text-editor.default\"><div class=\"elementor-widget-container\"><p><b>Hat\u00e1rokon \u00e1t\u00edvel\u0151 hidak: A balk\u00e1ni \u00e9s szocialista \u00f6r\u00f6ks\u00e9g (1950-1991)<\/b><span style=\"font-weight: 400;\"> \u265f\ufe0f<\/span><\/p><p>A hordozhat\u00f3 sakk-k\u00e9szletek gy\u0171jtem\u00e9nye a balk\u00e1ni, szl\u00e1v, szovjet \u00e9s t\u00f6r\u00f6k kult\u00far\u00e1k egyed\u00fcl\u00e1ll\u00f3 metsz\u00e9spontj\u00e1t k\u00e9pviseli. Ezek a darabok nem egyetlen politikai t\u00f6mb\u00f6t t\u00fckr\u00f6znek, hanem ink\u00e1bb egy soksz\u00edn\u0171 szellemi t\u00e1jat mutatnak be, ahol a Jugoszl\u00e1via el nem k\u00f6telezett r\u00e9gi\u00f3it\u00f3l a Szovjetuni\u00f3 sz\u00edv\u00e9ig k\u00fcl\u00f6nb\u00f6z\u0151 mint\u00e1k vir\u00e1goztak. Tamer Karatekin, T\u00f6r\u00f6korsz\u00e1g 2000-es nemzeti sakkbajnoka \u00e9s FIDE-mester sz\u00e1m\u00e1ra ezek a k\u00e9szletek fejl\u0151d\u00e9si \u00fatj\u00e1nak \u00e9s szakmai m\u00e9rf\u00f6ldk\u00f6veinek szem\u00e9lyes t\u00e9rk\u00e9pek\u00e9nt szolg\u00e1lnak.<\/p><ul><li style=\"font-weight: 400;\" aria-level=\"1\"><b>A bolg\u00e1r m\u00e1gneses k\u00e9szlet<\/b><span style=\"font-weight: 400;\">: Egy balk\u00e1ni diz\u00e1jn, ahol Tamer el\u0151sz\u00f6r az apj\u00e1t\u00f3l tanulta meg a j\u00e1t\u00e9kot. Nem vall\u00e1si szimb\u00f3lumokat tartalmaz, ami a sz\u00e9les region\u00e1lis haszn\u00e1latra sz\u00e1nt k\u00e9szletek k\u00f6z\u00f6s jellemz\u0151je.<\/span><\/li><li style=\"font-weight: 400;\" aria-level=\"1\"><b>A szovjet m\u0171anyag k\u00e9szlet \u00f6sszecsukhat\u00f3 fadobozban<\/b><span style=\"font-weight: 400;\">: Klasszikus, tart\u00f3s kivitel, amely sz\u00e1mtalan j\u00e1t\u00e9k csatater\u00e9\u00fcl szolg\u00e1lt Tamer \u00e9s nagyapja k\u00f6z\u00f6tt az isztambuli Silivri melletti nyaral\u00f3jukban.<\/span><\/li><li style=\"font-weight: 400;\" aria-level=\"1\"><b>Szovjet Baku Design m\u00e1gneses utaz\u00e1si k\u00e9szlet<\/b><span style=\"font-weight: 400;\">: A szovjet korszak tanulm\u00e1nyi eszk\u00f6ze, amelyet Tamer a mesterj\u00e1t\u00e9kok elemz\u00e9s\u00e9re \u00e9s saj\u00e1t strat\u00e9gi\u00e1inak finom\u00edt\u00e1s\u00e1ra haszn\u00e1lt.<\/span><\/li><li style=\"font-weight: 400;\" aria-level=\"1\"><b>A Szabadkai Design Szett (Maced\u00f3nia, Jugoszl\u00e1via)<\/b><span style=\"font-weight: 400;\">: Az ikonikus jugoszl\u00e1v Tamer az isztambuli \u00f3v\u00e1rosban l\u00e9v\u0151 csal\u00e1di h\u00e1z\u00e1ban tanult sakkozni. Tamer sok partit gyakorolt nagyapj\u00e1val, M\u00fccahit Kor\u00e7\u00e1val, \u00e9s \u00e9ppen ezeken a b\u00e1bukon kereszt\u00fcl tanulta meg a j\u00e1t\u00e9k fort\u00e9lyait. Kor\u00e7a eg\u00e9sz \u00e9let\u00e9ben fizika- \u00e9s nyelvoktat\u00f3, valamint \u00fatt\u00f6r\u0151 tud\u00f3s volt, aki az egyik els\u0151 jugoszl\u00e1v-t\u00f6r\u00f6k \u00e9s alb\u00e1n-t\u00f6r\u00f6k sz\u00f3t\u00e1r szerz\u0151je volt a Balk\u00e1non.<\/span><\/li><li style=\"font-weight: 400;\" aria-level=\"1\"><b>V\u00e1rna 1962 \/ \u201cGambit\u201d k\u00e9szlet<\/b><span style=\"font-weight: 400;\">: Eredetileg az 1962-es v\u00e1rnai olimpia ihlette, \u00e9s a Bulg\u00e1ri\u00e1b\u00f3l bev\u00e1ndorolt t\u00f6r\u00f6k\u00f6k hozt\u00e1k T\u00f6r\u00f6korsz\u00e1gba, ez a k\u00fcl\u00f6nleges st\u00edlus volt a 2000-es t\u00f6r\u00f6k sakkbajnoks\u00e1g hivatalos k\u00e9szlete, ahol Tamer lett a nemzeti bajnok. Ugyanez a diz\u00e1jnk\u00e9szlet l\u00e1that\u00f3 Tamer fot\u00f3h\u00e1tter\u00e9ben, mint egy fot\u00f3, amelyen sokkal fiatalabb kor\u00e1ban sakkozik. A legfigyelemrem\u00e9lt\u00f3bb, hogy pontosan ezt a diz\u00e1jnt haszn\u00e1lt\u00e1k Tamer 1997-es bemutat\u00f3 m\u00e9rk\u0151z\u00e9sein, amelyek a legend\u00e1k Garri Kaszparov \u00e9s Anatolij Karpov elleni d\u00f6ntetlennel v\u00e9gz\u0151dtek.<\/span><\/li><\/ul><\/div><\/div>\t\t\t\t\t\t\t\t<\/div>\n\t\t\t\t<\/div>\n\t\t\t\t<\/div>\n\t\t\t\t\t<\/div>\n\t\t\t\t<\/div>\n\t\t\t\t<\/div>","protected":false},"excerpt":{"rendered":"<p>Bridges Across Borders: The Balkan and Socialist Legacy (1950\u20131991) \u265f\ufe0f This collection of portable chess sets represents a unique intersection of Balkan, Slavic, Soviet, and Turkish cultures. Rather than reflecting a single political bloc, these pieces illustrate a diverse intellectual landscape where distinct designs flourished from the Non-Aligned regions of Yugoslavia to the heart of [&hellip;]<\/p>\n","protected":false},"author":1,"featured_media":0,"parent":743,"menu_order":0,"comment_status":"closed","ping_status":"closed","template":"","meta":{"footnotes":""},"class_list":["post-1136","page","type-page","status-publish","hentry"],"_links":{"self":[{"href":"https:\/\/shatranj.art\/hu\/wp-json\/wp\/v2\/pages\/1136","targetHints":{"allow":["GET"]}}],"collection":[{"href":"https:\/\/shatranj.art\/hu\/wp-json\/wp\/v2\/pages"}],"about":[{"href":"https:\/\/shatranj.art\/hu\/wp-json\/wp\/v2\/types\/page"}],"author":[{"embeddable":true,"href":"https:\/\/shatranj.art\/hu\/wp-json\/wp\/v2\/users\/1"}],"replies":[{"embeddable":true,"href":"https:\/\/shatranj.art\/hu\/wp-json\/wp\/v2\/comments?post=1136"}],"version-history":[{"count":16,"href":"https:\/\/shatranj.art\/hu\/wp-json\/wp\/v2\/pages\/1136\/revisions"}],"predecessor-version":[{"id":1383,"href":"https:\/\/shatranj.art\/hu\/wp-json\/wp\/v2\/pages\/1136\/revisions\/1383"}],"up":[{"embeddable":true,"href":"https:\/\/shatranj.art\/hu\/wp-json\/wp\/v2\/pages\/743"}],"wp:attachment":[{"href":"https:\/\/shatranj.art\/hu\/wp-json\/wp\/v2\/media?parent=1136"}],"curies":[{"name":"wp","href":"https:\/\/api.w.org\/{rel}","templated":true}]}}