{"id":1364,"date":"2026-02-23T08:56:53","date_gmt":"2026-02-23T08:56:53","guid":{"rendered":"https:\/\/shatranj.art\/?page_id=1364"},"modified":"2026-02-23T09:04:02","modified_gmt":"2026-02-23T09:04:02","slug":"poster-34","status":"publish","type":"page","link":"https:\/\/shatranj.art\/hu\/exhibit\/poster-34\/","title":{"rendered":"poszter 34"},"content":{"rendered":"<div data-elementor-type=\"wp-page\" data-elementor-id=\"1364\" class=\"elementor elementor-1364\" data-elementor-post-type=\"page\">\n\t\t\t\t<div class=\"elementor-element elementor-element-43154ab e-flex e-con-boxed e-con e-parent\" data-id=\"43154ab\" data-element_type=\"container\" data-e-type=\"container\" data-settings=\"{&quot;background_background&quot;:&quot;classic&quot;}\">\n\t\t\t\t\t<div class=\"e-con-inner\">\n\t\t<div class=\"elementor-element elementor-element-204d594 e-con-full e-flex e-con e-child\" data-id=\"204d594\" data-element_type=\"container\" data-e-type=\"container\">\n\t\t\t\t<div class=\"elementor-element elementor-element-f48eba5 elementor-widget elementor-widget-image\" data-id=\"f48eba5\" data-element_type=\"widget\" data-e-type=\"widget\" data-widget_type=\"image.default\">\n\t\t\t\t<div class=\"elementor-widget-container\">\n\t\t\t\t\t\t\t\t\t\t\t\t\t\t\t<img fetchpriority=\"high\" decoding=\"async\" width=\"800\" height=\"600\" src=\"https:\/\/shatranj.art\/wp-content\/uploads\/2026\/02\/Chigorins-chess-set-1-1024x768.jpg\" class=\"attachment-large size-large wp-image-1367\" alt=\"\" srcset=\"https:\/\/shatranj.art\/wp-content\/uploads\/2026\/02\/Chigorins-chess-set-1-1024x768.jpg 1024w, https:\/\/shatranj.art\/wp-content\/uploads\/2026\/02\/Chigorins-chess-set-1-300x225.jpg 300w, https:\/\/shatranj.art\/wp-content\/uploads\/2026\/02\/Chigorins-chess-set-1-768x576.jpg 768w, https:\/\/shatranj.art\/wp-content\/uploads\/2026\/02\/Chigorins-chess-set-1-1536x1152.jpg 1536w, https:\/\/shatranj.art\/wp-content\/uploads\/2026\/02\/Chigorins-chess-set-1-2048x1536.jpg 2048w, https:\/\/shatranj.art\/wp-content\/uploads\/2026\/02\/Chigorins-chess-set-1-16x12.jpg 16w\" sizes=\"(max-width: 800px) 100vw, 800px\" \/>\t\t\t\t\t\t\t\t\t\t\t\t\t\t\t<\/div>\n\t\t\t\t<\/div>\n\t\t\t\t<div class=\"elementor-element elementor-element-63cf570 elementor-widget-tablet__width-inherit elementor-widget elementor-widget-text-editor\" data-id=\"63cf570\" data-element_type=\"widget\" data-e-type=\"widget\" data-widget_type=\"text-editor.default\">\n\t\t\t\t<div class=\"elementor-widget-container\">\n\t\t\t\t\t\t\t\t\t<h3><b>Mihail Csigorin sakk eml\u00e9kk\u00e9szlete<\/b><\/h3><p><b>Csigorin portr\u00e9ja, az antik k\u00e9szlet \u00e9s Orhan G\u00fcnsav 1999-es cikke alapj\u00e1n.<\/b><\/p><p><span style=\"font-weight: 400;\">Ez a ki\u00e1ll\u00edt\u00e1s egy t\u00f6rt\u00e9nelmi orosz sakk-k\u00e9szletet mutat be a legend\u00e1s orosz sakkmester, Mihail Csigorin (1850-1908) eredeti f\u00e9nyk\u00e9p\u00e9vel egy\u00fctt. Orhan G\u00fcnsav volt isztambuli f\u0151\u00fcgy\u00e9sz \u00e9s a T\u00f6r\u00f6k Sakksz\u00f6vets\u00e9g 20 \u00e9ve hivatalban l\u00e9v\u0151 eln\u00f6ke 1999-es cikk\u00e9ben r\u00e9szletesen le\u00edrja, hogyan ker\u00fclt ez a k\u00e9szlet T\u00f6r\u00f6korsz\u00e1gba.<\/span><\/p><p>\u00a0<\/p><p><b>A d\u00edszlet t\u00f6rt\u00e9nete:<\/b><span style=\"font-weight: 400;\"> A cikk besz\u00e1mol arr\u00f3l, hogy a sakk milyen s\u00falyos \u00e9rzelmi \u00e1ldozatokat k\u00f6vetelt Csigorint\u00f3l, k\u00fcl\u00f6n\u00f6sen a Steinitz elleni 1892-es, sz\u00edvszor\u00edt\u00f3 veres\u00e9g ut\u00e1n. Egy pillanatnyi k\u00e9ts\u00e9gbees\u00e9s\u00e9ben Csigorin el\u00e9gette sakk-k\u00e9szleteit a kertj\u00e9ben. Csak egy k\u00fcl\u00f6nleges k\u00e9szletet mentett meg: az orosz c\u00e1r aj\u00e1nd\u00e9k\u00e1t.<\/span><\/p><p>\u00a0<\/p><p><span style=\"font-weight: 400;\">A ki\u00e1ll\u00edtott k\u00fcl\u00f6nleges k\u00e9szlet t\u00f6rt\u00e9nete Selim Palav\u00e1nnal, T\u00f6r\u00f6korsz\u00e1g els\u0151 sakkbajnok\u00e1val folytat\u00f3dik. Palavan csal\u00e1dja, akik Oroszorsz\u00e1gban \u00e9l\u0151 kazanyi t\u00f6r\u00f6k\u00f6k voltak, s\u00e9rtetlen\u00fcl v\u00e9szelte \u00e1t a forradalmat. 1912-ben egy t\u00f6rt\u00e9nelmi f\u00e9nyk\u00e9pet kaptak aj\u00e1nd\u00e9kba Csigorinr\u00f3l, valamint egy sakk-k\u00e9szletet, amelyet a c\u00e1r rendelt az eml\u00e9k\u00e9re. A m\u00e1sodik vil\u00e1gh\u00e1bor\u00fa alatt, amikor a h\u00e1bor\u00fa el\u00e9rte Odes\u00e1t, a csal\u00e1d Rom\u00e1ni\u00e1ba k\u00f6lt\u00f6z\u00f6tt, \u00e9s v\u00e9g\u00fcl 1943-ban Isztambulba \u00e9rkezett, \u00e9s mag\u00e1val hozta a t\u00f6rt\u00e9nelmi k\u00e9szletet is.<\/span><\/p><p>\u00a0<\/p><p><span style=\"font-weight: 400;\">\u00c9vekkel k\u00e9s\u0151bb Selim Palavan m\u00e9ly kapcsolatot alak\u00edtott ki H. Serta\u00e7 Dalk\u0131rannal. K\u00f6zvetlen\u00fcl Orhan G\u00fcnsav cikk\u00e9b\u0151l ford\u00edtva \u00edrja le, hogyan cser\u00e9lt gazd\u00e1t a k\u00e9szlet:<\/span><\/p><p>\u00a0<\/p><p><i><span style=\"font-weight: 400;\">\u201cJ\u00e1t\u00e9kst\u00edlusa \u00e9s az orsz\u00e1gunk sakkoz\u00e1s\u00e1\u00e9rt v\u00e9gzett kem\u00e9ny munk\u00e1ja miatt Palav\u00e1n \u00fagy tekintett Dalk\u0131ranra, mint \u2018T\u00f6r\u00f6korsz\u00e1g Csigorinj\u00e1ra\u2019. V\u00e9grendelet\u00e9ben Dalk\u0131rannak aj\u00e1nd\u00e9kozta azt a t\u00f6rt\u00e9nelmi sakk-k\u00e9szletet, amelyet a c\u00e1r Csigorin eml\u00e9k\u00e9re k\u00e9sz\u00edtett, a r\u00e9gi s\u00e1rga f\u00e9nyk\u00e9ppel egy\u00fctt\u201d.\u201d<\/span><\/i><\/p><p>\u00a0<\/p><p><span style=\"font-weight: 400;\">Ma Dalk\u0131ran apr\u00f3l\u00e9kosan \u0151rzi ezt a k\u00e9szletet Atat\u00fcrk szem\u00e9lyes sakk-k\u00e9szlet\u00e9vel egy\u00fctt.<\/span><span style=\"font-weight: 400;\"><br \/><\/span><\/p>\t\t\t\t\t\t\t\t<\/div>\n\t\t\t\t<\/div>\n\t\t<div class=\"elementor-element elementor-element-05ac656 e-con-full e-flex e-con e-child\" data-id=\"05ac656\" data-element_type=\"container\" data-e-type=\"container\">\n\t\t\t\t<div class=\"elementor-element elementor-element-fce2756 elementor-widget__width-initial elementor-widget-mobile__width-inherit elementor-widget elementor-widget-image\" data-id=\"fce2756\" data-element_type=\"widget\" data-e-type=\"widget\" data-widget_type=\"image.default\">\n\t\t\t\t<div class=\"elementor-widget-container\">\n\t\t\t\t\t\t\t\t\t\t\t\t\t\t\t<img decoding=\"async\" width=\"745\" height=\"1024\" src=\"https:\/\/shatranj.art\/wp-content\/uploads\/2026\/02\/Eski-Istanbul-Cumuhuriyet-Bassavcisi-ve-TSF-1954un-20-yil-Baklani-KurtuOrhan-Gunsav-Radikal-Gaz.yazi-Bekir-Sami-Bey-oglu-Kursun-askerler-baslikli-yazisi-Palavan-Rus-Cari-1-745x1024.jpg\" class=\"attachment-large size-large wp-image-1368\" alt=\"\" srcset=\"https:\/\/shatranj.art\/wp-content\/uploads\/2026\/02\/Eski-Istanbul-Cumuhuriyet-Bassavcisi-ve-TSF-1954un-20-yil-Baklani-KurtuOrhan-Gunsav-Radikal-Gaz.yazi-Bekir-Sami-Bey-oglu-Kursun-askerler-baslikli-yazisi-Palavan-Rus-Cari-1-745x1024.jpg 745w, https:\/\/shatranj.art\/wp-content\/uploads\/2026\/02\/Eski-Istanbul-Cumuhuriyet-Bassavcisi-ve-TSF-1954un-20-yil-Baklani-KurtuOrhan-Gunsav-Radikal-Gaz.yazi-Bekir-Sami-Bey-oglu-Kursun-askerler-baslikli-yazisi-Palavan-Rus-Cari-1-218x300.jpg 218w, https:\/\/shatranj.art\/wp-content\/uploads\/2026\/02\/Eski-Istanbul-Cumuhuriyet-Bassavcisi-ve-TSF-1954un-20-yil-Baklani-KurtuOrhan-Gunsav-Radikal-Gaz.yazi-Bekir-Sami-Bey-oglu-Kursun-askerler-baslikli-yazisi-Palavan-Rus-Cari-1-768x1056.jpg 768w, https:\/\/shatranj.art\/wp-content\/uploads\/2026\/02\/Eski-Istanbul-Cumuhuriyet-Bassavcisi-ve-TSF-1954un-20-yil-Baklani-KurtuOrhan-Gunsav-Radikal-Gaz.yazi-Bekir-Sami-Bey-oglu-Kursun-askerler-baslikli-yazisi-Palavan-Rus-Cari-1-1117x1536.jpg 1117w, https:\/\/shatranj.art\/wp-content\/uploads\/2026\/02\/Eski-Istanbul-Cumuhuriyet-Bassavcisi-ve-TSF-1954un-20-yil-Baklani-KurtuOrhan-Gunsav-Radikal-Gaz.yazi-Bekir-Sami-Bey-oglu-Kursun-askerler-baslikli-yazisi-Palavan-Rus-Cari-1-1489x2048.jpg 1489w, https:\/\/shatranj.art\/wp-content\/uploads\/2026\/02\/Eski-Istanbul-Cumuhuriyet-Bassavcisi-ve-TSF-1954un-20-yil-Baklani-KurtuOrhan-Gunsav-Radikal-Gaz.yazi-Bekir-Sami-Bey-oglu-Kursun-askerler-baslikli-yazisi-Palavan-Rus-Cari-1-9x12.jpg 9w, https:\/\/shatranj.art\/wp-content\/uploads\/2026\/02\/Eski-Istanbul-Cumuhuriyet-Bassavcisi-ve-TSF-1954un-20-yil-Baklani-KurtuOrhan-Gunsav-Radikal-Gaz.yazi-Bekir-Sami-Bey-oglu-Kursun-askerler-baslikli-yazisi-Palavan-Rus-Cari-1.jpg 1700w\" sizes=\"(max-width: 745px) 100vw, 745px\" \/>\t\t\t\t\t\t\t\t\t\t\t\t\t\t\t<\/div>\n\t\t\t\t<\/div>\n\t\t\t\t<div class=\"elementor-element elementor-element-bb1df7a elementor-widget__width-initial elementor-widget-mobile__width-inherit elementor-widget elementor-widget-image\" data-id=\"bb1df7a\" data-element_type=\"widget\" data-e-type=\"widget\" data-widget_type=\"image.default\">\n\t\t\t\t<div class=\"elementor-widget-container\">\n\t\t\t\t\t\t\t\t\t\t\t\t\t\t\t<img decoding=\"async\" width=\"530\" height=\"800\" src=\"https:\/\/shatranj.art\/wp-content\/uploads\/2026\/02\/chigorin-with-his-chess-set.jpg\" class=\"attachment-large size-large wp-image-1369\" alt=\"\" srcset=\"https:\/\/shatranj.art\/wp-content\/uploads\/2026\/02\/chigorin-with-his-chess-set.jpg 530w, https:\/\/shatranj.art\/wp-content\/uploads\/2026\/02\/chigorin-with-his-chess-set-199x300.jpg 199w, https:\/\/shatranj.art\/wp-content\/uploads\/2026\/02\/chigorin-with-his-chess-set-8x12.jpg 8w\" sizes=\"(max-width: 530px) 100vw, 530px\" \/>\t\t\t\t\t\t\t\t\t\t\t\t\t\t\t<\/div>\n\t\t\t\t<\/div>\n\t\t\t\t<\/div>\n\t\t\t\t<\/div>\n\t\t\t\t\t<\/div>\n\t\t\t\t<\/div>\n\t\t\t\t<\/div>","protected":false},"excerpt":{"rendered":"<p>Mikhail Chigorin\u2019s Memorial Chess Set Based on the Chigorin portrait, the antique set, and the 1999 article by Orhan G\u00fcnsav. This display features a historic Russian chess set alongside an original photograph of the legendary Russian chess master, Mikhail Chigorin (1850\u20131908). The accompanying 1999 article by Orhan G\u00fcnsav former Istanbul Chief Public Prosecutor and 20-year [&hellip;]<\/p>\n","protected":false},"author":1,"featured_media":0,"parent":743,"menu_order":0,"comment_status":"closed","ping_status":"closed","template":"","meta":{"footnotes":""},"class_list":["post-1364","page","type-page","status-publish","hentry"],"_links":{"self":[{"href":"https:\/\/shatranj.art\/hu\/wp-json\/wp\/v2\/pages\/1364","targetHints":{"allow":["GET"]}}],"collection":[{"href":"https:\/\/shatranj.art\/hu\/wp-json\/wp\/v2\/pages"}],"about":[{"href":"https:\/\/shatranj.art\/hu\/wp-json\/wp\/v2\/types\/page"}],"author":[{"embeddable":true,"href":"https:\/\/shatranj.art\/hu\/wp-json\/wp\/v2\/users\/1"}],"replies":[{"embeddable":true,"href":"https:\/\/shatranj.art\/hu\/wp-json\/wp\/v2\/comments?post=1364"}],"version-history":[{"count":4,"href":"https:\/\/shatranj.art\/hu\/wp-json\/wp\/v2\/pages\/1364\/revisions"}],"predecessor-version":[{"id":1372,"href":"https:\/\/shatranj.art\/hu\/wp-json\/wp\/v2\/pages\/1364\/revisions\/1372"}],"up":[{"embeddable":true,"href":"https:\/\/shatranj.art\/hu\/wp-json\/wp\/v2\/pages\/743"}],"wp:attachment":[{"href":"https:\/\/shatranj.art\/hu\/wp-json\/wp\/v2\/media?parent=1364"}],"curies":[{"name":"wp","href":"https:\/\/api.w.org\/{rel}","templated":true}]}}