{"id":1488,"date":"2026-02-24T06:58:44","date_gmt":"2026-02-24T06:58:44","guid":{"rendered":"https:\/\/shatranj.art\/?page_id=1488"},"modified":"2026-02-24T07:15:32","modified_gmt":"2026-02-24T07:15:32","slug":"poszter-36","status":"publish","type":"page","link":"https:\/\/shatranj.art\/hu\/exhibit\/poszter-36\/","title":{"rendered":"poszter-36"},"content":{"rendered":"<div data-elementor-type=\"wp-page\" data-elementor-id=\"1488\" class=\"elementor elementor-1488\" data-elementor-post-type=\"page\">\n\t\t\t\t<div class=\"elementor-element elementor-element-ffdb7d2 e-flex e-con-boxed e-con e-parent\" data-id=\"ffdb7d2\" data-element_type=\"container\" data-e-type=\"container\" data-settings=\"{&quot;background_background&quot;:&quot;classic&quot;}\">\n\t\t\t\t\t<div class=\"e-con-inner\">\n\t\t<div class=\"elementor-element elementor-element-5551562 e-con-full e-flex e-con e-child\" data-id=\"5551562\" data-element_type=\"container\" data-e-type=\"container\">\n\t\t\t\t<div class=\"elementor-element elementor-element-1e762c9 elementor-widget elementor-widget-image\" data-id=\"1e762c9\" data-element_type=\"widget\" data-e-type=\"widget\" data-widget_type=\"image.default\">\n\t\t\t\t<div class=\"elementor-widget-container\">\n\t\t\t\t\t\t\t\t\t\t\t\t\t\t\t<img fetchpriority=\"high\" decoding=\"async\" width=\"569\" height=\"860\" src=\"https:\/\/shatranj.art\/wp-content\/uploads\/2026\/02\/damiano.jpg\" class=\"attachment-full size-full wp-image-1490\" alt=\"\" srcset=\"https:\/\/shatranj.art\/wp-content\/uploads\/2026\/02\/damiano.jpg 569w, https:\/\/shatranj.art\/wp-content\/uploads\/2026\/02\/damiano-198x300.jpg 198w, https:\/\/shatranj.art\/wp-content\/uploads\/2026\/02\/damiano-8x12.jpg 8w\" sizes=\"(max-width: 569px) 100vw, 569px\" \/>\t\t\t\t\t\t\t\t\t\t\t\t\t\t\t<\/div>\n\t\t\t\t<\/div>\n\t\t\t\t<div class=\"elementor-element elementor-element-4488bb1 elementor-widget elementor-widget-text-editor\" data-id=\"4488bb1\" data-element_type=\"widget\" data-e-type=\"widget\" data-widget_type=\"text-editor.default\">\n\t\t\t\t<div class=\"elementor-widget-container\">\n\t\t\t\t\t\t\t\t\t<h3 data-path-to-node=\"0\">Damiano sakk-k\u00e9szlet (1512 k\u00f6r\u00fcli)<\/h3><p data-path-to-node=\"1\">Ez a k\u00e9szlet Pedro Damiano portug\u00e1l patikusr\u00f3l, a Questo Libro e da Imparare Giocare a Scacchi c\u00edm\u0171, 1512-ben megjelent, nagy hat\u00e1s\u00fa k\u00e9zik\u00f6nyv szerz\u0151j\u00e9r\u0151l kapta a nev\u00e9t, \u00e9s a sakktervez\u00e9s jelent\u0151s \u00e1tmeneti pillanat\u00e1t k\u00e9pviseli. A figur\u00e1k hidat k\u00e9peznek a korai szimbolikus form\u00e1k \u00e9s a modern \u00e1br\u00e1zol\u00e1s k\u00f6z\u00f6tt. M\u00edg a kir\u00e1lyok \u00e9s a kir\u00e1lyn\u0151k eleg\u00e1nsan eszterg\u00e1lt szintekkel rendelkeznek, a lovagokat pedig faragott l\u00f3fejekk\u00e9nt \u00e1br\u00e1zolj\u00e1k, a b\u00e1sty\u00e1k \u00e9s a fut\u00f3k m\u00e9g mindig k\u00f6z\u00e9pkori el\u0151deiket id\u00e9zik. K\u00fcl\u00f6n\u00f6sen a b\u00e1stya \u0151rzi az \u0151si harci szek\u00e9r absztrakt sziluettj\u00e9t, amely form\u00e1b\u00f3l hamarosan a modern v\u00e1rtorony fejl\u0151dik ki.<\/p><p data-path-to-node=\"2\">Damiano \u00e9rtekez\u00e9se volt a modern kor els\u0151 bestsellere, amely olyan alapvet\u0151 norm\u00e1kat \u00e1llap\u00edtott meg, mint p\u00e9ld\u00e1ul az, hogy a j\u00e1t\u00e9kos jobb oldal\u00e1n egy feh\u00e9r mez\u0151nek kell lennie. Id\u0151tlen tan\u00e1csa: \u201cHa l\u00e1tsz egy j\u00f3 l\u00e9p\u00e9st, tal\u00e1lj egy jobbat\u201d, t\u00fckr\u00f6zi azt a szellemi m\u00e9lys\u00e9get, amelyet a j\u00e1t\u00e9kba vitt. Ez a k\u00e9szlet vizu\u00e1lisan mutatja be azt a 16. sz\u00e1zadi fejl\u0151d\u00e9st, amely az \u0151si shatranjb\u00f3l a modern vil\u00e1g nemzetk\u00f6zi sportj\u00e1t tette.<\/p>\t\t\t\t\t\t\t\t<\/div>\n\t\t\t\t<\/div>\n\t\t\t\t<\/div>\n\t\t\t\t\t<\/div>\n\t\t\t\t<\/div>\n\t\t\t\t<\/div>","protected":false},"excerpt":{"rendered":"<p>The Damiano Chess Set (c. 1512) Named after Pedro Damiano, the Portuguese apothecary who authored the influential 1512 manual Questo Libro e da Imparare Giocare a Scacchi, this set represents a significant transitional moment in chess design. The pieces bridge the gap between early symbolic forms and modern representation. While the Kings and Queens feature [&hellip;]<\/p>\n","protected":false},"author":1,"featured_media":0,"parent":743,"menu_order":0,"comment_status":"closed","ping_status":"closed","template":"","meta":{"footnotes":""},"class_list":["post-1488","page","type-page","status-publish","hentry"],"_links":{"self":[{"href":"https:\/\/shatranj.art\/hu\/wp-json\/wp\/v2\/pages\/1488","targetHints":{"allow":["GET"]}}],"collection":[{"href":"https:\/\/shatranj.art\/hu\/wp-json\/wp\/v2\/pages"}],"about":[{"href":"https:\/\/shatranj.art\/hu\/wp-json\/wp\/v2\/types\/page"}],"author":[{"embeddable":true,"href":"https:\/\/shatranj.art\/hu\/wp-json\/wp\/v2\/users\/1"}],"replies":[{"embeddable":true,"href":"https:\/\/shatranj.art\/hu\/wp-json\/wp\/v2\/comments?post=1488"}],"version-history":[{"count":5,"href":"https:\/\/shatranj.art\/hu\/wp-json\/wp\/v2\/pages\/1488\/revisions"}],"predecessor-version":[{"id":1501,"href":"https:\/\/shatranj.art\/hu\/wp-json\/wp\/v2\/pages\/1488\/revisions\/1501"}],"up":[{"embeddable":true,"href":"https:\/\/shatranj.art\/hu\/wp-json\/wp\/v2\/pages\/743"}],"wp:attachment":[{"href":"https:\/\/shatranj.art\/hu\/wp-json\/wp\/v2\/media?parent=1488"}],"curies":[{"name":"wp","href":"https:\/\/api.w.org\/{rel}","templated":true}]}}