{"id":1504,"date":"2026-02-24T07:16:45","date_gmt":"2026-02-24T07:16:45","guid":{"rendered":"https:\/\/shatranj.art\/?page_id=1504"},"modified":"2026-02-24T07:21:26","modified_gmt":"2026-02-24T07:21:26","slug":"poszter-38","status":"publish","type":"page","link":"https:\/\/shatranj.art\/hu\/exhibit\/poszter-38\/","title":{"rendered":"poszter-38"},"content":{"rendered":"<div data-elementor-type=\"wp-page\" data-elementor-id=\"1504\" class=\"elementor elementor-1504\" data-elementor-post-type=\"page\">\n\t\t\t\t<div class=\"elementor-element elementor-element-d6ea98c e-flex e-con-boxed e-con e-parent\" data-id=\"d6ea98c\" data-element_type=\"container\" data-e-type=\"container\" data-settings=\"{&quot;background_background&quot;:&quot;classic&quot;}\">\n\t\t\t\t\t<div class=\"e-con-inner\">\n\t\t<div class=\"elementor-element elementor-element-8942b74 e-con-full e-flex e-con e-child\" data-id=\"8942b74\" data-element_type=\"container\" data-e-type=\"container\">\n\t\t\t\t<div class=\"elementor-element elementor-element-f1e4538 elementor-widget elementor-widget-image\" data-id=\"f1e4538\" data-element_type=\"widget\" data-e-type=\"widget\" data-widget_type=\"image.default\">\n\t\t\t\t<div class=\"elementor-widget-container\">\n\t\t\t\t\t\t\t\t\t\t\t\t\t\t\t<img fetchpriority=\"high\" decoding=\"async\" width=\"1893\" height=\"798\" src=\"https:\/\/shatranj.art\/wp-content\/uploads\/2026\/02\/romanian-cafe-house-langer-collection.jpg\" class=\"attachment-full size-full wp-image-1506\" alt=\"\" srcset=\"https:\/\/shatranj.art\/wp-content\/uploads\/2026\/02\/romanian-cafe-house-langer-collection.jpg 1893w, https:\/\/shatranj.art\/wp-content\/uploads\/2026\/02\/romanian-cafe-house-langer-collection-300x126.jpg 300w, https:\/\/shatranj.art\/wp-content\/uploads\/2026\/02\/romanian-cafe-house-langer-collection-1024x432.jpg 1024w, https:\/\/shatranj.art\/wp-content\/uploads\/2026\/02\/romanian-cafe-house-langer-collection-768x324.jpg 768w, https:\/\/shatranj.art\/wp-content\/uploads\/2026\/02\/romanian-cafe-house-langer-collection-1536x648.jpg 1536w, https:\/\/shatranj.art\/wp-content\/uploads\/2026\/02\/romanian-cafe-house-langer-collection-18x8.jpg 18w\" sizes=\"(max-width: 1893px) 100vw, 1893px\" \/>\t\t\t\t\t\t\t\t\t\t\t\t\t\t\t<\/div>\n\t\t\t\t<\/div>\n\t\t\t\t<div class=\"elementor-element elementor-element-dced84d elementor-widget elementor-widget-text-editor\" data-id=\"dced84d\" data-element_type=\"widget\" data-e-type=\"widget\" data-widget_type=\"text-editor.default\">\n\t\t\t\t<div class=\"elementor-widget-container\">\n\t\t\t\t\t\t\t\t\t<div id=\"1440505187\" class=\"u_1440505187 dmNewParagraph\"><h3><strong>Rom\u00e1n k\u00e1v\u00e9h\u00e1zi sakk-k\u00e9szlet, 1920-1940 k\u00f6r\u00fcl<\/strong><br \/><br \/><\/h3><div>Az els\u0151 vil\u00e1gh\u00e1bor\u00faig a mai Rom\u00e1nia egyes r\u00e9szei - nevezetesen az Erd\u00e9ly n\u00e9ven ismert r\u00e9gi\u00f3 - a Habsburg-dinasztia \u00e1ltal uralt Osztr\u00e1k-Magyar Monarchi\u00e1hoz tartozott. Felt\u00e9telezhet\u0151, hogy ezen a kapcsolaton kereszt\u00fcl az osztr\u00e1k k\u00e1v\u00e9h\u00e1zi kult\u00fara \u00e9s az \u00fagynevezett b\u00e9csi k\u00e1v\u00e9h\u00e1zi st\u00edlus\u00fa k\u00f6z\u00f6s sakk-k\u00e9szletek eljutottak Rom\u00e1nia d\u00e9li kir\u00e1lys\u00e1g\u00e1ba is, ahol a 20. sz\u00e1zad els\u0151 \u00e9veiben ezt a k\u00e9szletet haszn\u00e1lt\u00e1k. A k\u00e9szlet eszterg\u00e1lt f\u00e1b\u00f3l k\u00e9sz\u00fclt, egyik oldala nat\u00far, a m\u00e1sik fekete lakkal bevonva. N\u00e9h\u00e1ny, a fent eml\u00edtett b\u00e9csi k\u00e9szletekkel k\u00f6z\u00f6s diz\u00e1jnelemet mutat, k\u00fcl\u00f6n\u00f6sen a kalap alak\u00fa d\u00e1makoron\u00e1kat, az ellent\u00e9tes sz\u00edn\u0171, g\u00f6mb alak\u00fa fej\u0171 fut\u00f3kat vagy a robosztus b\u00e1sty\u00e1kat. Ami k\u00fcl\u00f6n\u00f6sen \u00e9rdekes, az a kir\u00e1ly szokatlan alakja, amelynek koron\u00e1ja a fels\u0151 oldalon egy hossz\u00fak\u00e1s v\u00e9gz\u0151d\u00e9ss\u00e9 keskenyedik, amelynek tetej\u00e9n egy kis g\u00f6mb van, mintha egy kis gyalog \u00fclne a kir\u00e1lyok koron\u00e1j\u00e1nak tetej\u00e9n. A k\u00e9szlet az intenz\u00edv haszn\u00e1lat n\u00e9mi jel\u00e9t mutatja. \u00dagy t\u0171nik, hogy n\u00e9h\u00e1ny darabot kicser\u00e9ltek, de ez nem rontja az \u00f6sszbenyom\u00e1st. A k\u00e9p \u00e9s a sz\u00f6veg Langer gy\u0171jtem\u00e9ny\u00e9b\u0151l sz\u00e1rmazik.<\/div><\/div>\t\t\t\t\t\t\t\t<\/div>\n\t\t\t\t<\/div>\n\t\t\t\t<\/div>\n\t\t\t\t\t<\/div>\n\t\t\t\t<\/div>\n\t\t\t\t<\/div>","protected":false},"excerpt":{"rendered":"<p>Romanian Coffee House Chess set, ca. 1920-1940 Until WWI, some parts of today&#8217;s Romania &#8211; namely the region known as Transylvania &#8211; belonged to the Austro-Hungarian Empire ruled by the Habsburg dynasty. It can be assumed that through this connection the Austrian coffee house culture and the common chess sets of the so called Vienna [&hellip;]<\/p>\n","protected":false},"author":1,"featured_media":0,"parent":743,"menu_order":0,"comment_status":"closed","ping_status":"closed","template":"","meta":{"footnotes":""},"class_list":["post-1504","page","type-page","status-publish","hentry"],"_links":{"self":[{"href":"https:\/\/shatranj.art\/hu\/wp-json\/wp\/v2\/pages\/1504","targetHints":{"allow":["GET"]}}],"collection":[{"href":"https:\/\/shatranj.art\/hu\/wp-json\/wp\/v2\/pages"}],"about":[{"href":"https:\/\/shatranj.art\/hu\/wp-json\/wp\/v2\/types\/page"}],"author":[{"embeddable":true,"href":"https:\/\/shatranj.art\/hu\/wp-json\/wp\/v2\/users\/1"}],"replies":[{"embeddable":true,"href":"https:\/\/shatranj.art\/hu\/wp-json\/wp\/v2\/comments?post=1504"}],"version-history":[{"count":4,"href":"https:\/\/shatranj.art\/hu\/wp-json\/wp\/v2\/pages\/1504\/revisions"}],"predecessor-version":[{"id":1509,"href":"https:\/\/shatranj.art\/hu\/wp-json\/wp\/v2\/pages\/1504\/revisions\/1509"}],"up":[{"embeddable":true,"href":"https:\/\/shatranj.art\/hu\/wp-json\/wp\/v2\/pages\/743"}],"wp:attachment":[{"href":"https:\/\/shatranj.art\/hu\/wp-json\/wp\/v2\/media?parent=1504"}],"curies":[{"name":"wp","href":"https:\/\/api.w.org\/{rel}","templated":true}]}}