{"id":1510,"date":"2026-02-24T07:22:35","date_gmt":"2026-02-24T07:22:35","guid":{"rendered":"https:\/\/shatranj.art\/?page_id=1510"},"modified":"2026-02-24T07:36:00","modified_gmt":"2026-02-24T07:36:00","slug":"39-poszter","status":"publish","type":"page","link":"https:\/\/shatranj.art\/hu\/exhibit\/39-poszter\/","title":{"rendered":"poszter-39"},"content":{"rendered":"<div data-elementor-type=\"wp-page\" data-elementor-id=\"1510\" class=\"elementor elementor-1510\" data-elementor-post-type=\"page\">\n\t\t\t\t<div class=\"elementor-element elementor-element-1426eb0 e-flex e-con-boxed e-con e-parent\" data-id=\"1426eb0\" data-element_type=\"container\" data-e-type=\"container\" data-settings=\"{&quot;background_background&quot;:&quot;classic&quot;}\">\n\t\t\t\t\t<div class=\"e-con-inner\">\n\t\t<div class=\"elementor-element elementor-element-d76d2b5 e-con-full e-flex e-con e-child\" data-id=\"d76d2b5\" data-element_type=\"container\" data-e-type=\"container\">\n\t\t\t\t<div class=\"elementor-element elementor-element-e675f73 elementor-widget elementor-widget-image\" data-id=\"e675f73\" data-element_type=\"widget\" data-e-type=\"widget\" data-widget_type=\"image.default\">\n\t\t\t\t<div class=\"elementor-widget-container\">\n\t\t\t\t\t\t\t\t\t\t\t\t\t\t\t<img fetchpriority=\"high\" decoding=\"async\" width=\"1200\" height=\"942\" src=\"https:\/\/shatranj.art\/wp-content\/uploads\/2026\/02\/Ben-Franklin-Chess-scaled-1200x942-1.jpeg\" class=\"attachment-full size-full wp-image-1513\" alt=\"\" srcset=\"https:\/\/shatranj.art\/wp-content\/uploads\/2026\/02\/Ben-Franklin-Chess-scaled-1200x942-1.jpeg 1200w, https:\/\/shatranj.art\/wp-content\/uploads\/2026\/02\/Ben-Franklin-Chess-scaled-1200x942-1-300x236.jpeg 300w, https:\/\/shatranj.art\/wp-content\/uploads\/2026\/02\/Ben-Franklin-Chess-scaled-1200x942-1-1024x804.jpeg 1024w, https:\/\/shatranj.art\/wp-content\/uploads\/2026\/02\/Ben-Franklin-Chess-scaled-1200x942-1-768x603.jpeg 768w, https:\/\/shatranj.art\/wp-content\/uploads\/2026\/02\/Ben-Franklin-Chess-scaled-1200x942-1-15x12.jpeg 15w\" sizes=\"(max-width: 1200px) 100vw, 1200px\" \/>\t\t\t\t\t\t\t\t\t\t\t\t\t\t\t<\/div>\n\t\t\t\t<\/div>\n\t\t\t\t<div class=\"elementor-element elementor-element-225c171 elementor-widget elementor-widget-text-editor\" data-id=\"225c171\" data-element_type=\"widget\" data-e-type=\"widget\" data-widget_type=\"text-editor.default\">\n\t\t\t\t<div class=\"elementor-widget-container\">\n\t\t\t\t\t\t\t\t\t<h3 data-path-to-node=\"0\"><span class=\"citation-214 citation-end-214\">\u201cA sakk erk\u00f6lcse\u201d Benjamin Franklin toll\u00e1b\u00f3l<\/span><\/h3><p data-path-to-node=\"0\"><span class=\"citation-214 citation-end-214\"><br \/><br \/>Benjamin Franklin 1786-ban megjelent \u201cA sakk erk\u00f6lcse\u201d c\u00edm\u0171 essz\u00e9je a sakkj\u00e1t\u00e9kot a szem\u00e9lyes fejl\u0151d\u00e9s \u00e9s az intellektu\u00e1lis er\u00e9nyek fontos eszk\u00f6zek\u00e9nt hat\u00e1rozta meg.<\/span> <span class=\"citation-213 citation-end-213\">Franklin \u00fagy v\u00e9lte, hogy a sakk t\u00f6bb mint id\u0151t\u00f6lt\u00e9s; a sakk az el\u0151rel\u00e1t\u00e1s, a k\u00f6r\u00fcltekint\u00e9s \u00e9s az \u00f3vatoss\u00e1g gyakorl\u00e1sa - olyan tulajdons\u00e1gok, amelyeket a mag\u00e1n\u00e9letben \u00e9s a k\u00f6zdiplom\u00e1ci\u00e1ban el\u00e9rt sikerhez egyar\u00e1nt n\u00e9lk\u00fcl\u00f6zhetetlennek tartott.<\/span> <span class=\"citation-212 citation-end-212\">A felvil\u00e1gosod\u00e1s kor\u00e1ban Franklin olyan h\u00edres sakk-k\u00e1v\u00e9z\u00f3kba j\u00e1rt, mint a p\u00e1rizsi Caf\u00e9 de la R\u00e9gence.<\/span> Ezek a terek szolg\u00e1ltak a korszak eredeti t\u00e1rsadalmi h\u00e1l\u00f3zataik\u00e9nt, ahol a j\u00e1t\u00e9k lehet\u0151v\u00e9 tette a szigor\u00fa vit\u00e1kat \u00e9s a forradalmi eszm\u00e9k cser\u00e9j\u00e9t, hidat k\u00e9pezve a tudom\u00e1ny, a politika \u00e9s a filoz\u00f3fia vil\u00e1ga k\u00f6z\u00f6tt.<\/p><p data-path-to-node=\"0\">\u00a0<\/p><p data-path-to-node=\"0\">Franklint a j\u00e1t\u00e9k intellektu\u00e1lis korl\u00e1tai ir\u00e1nti \u00e9rdekl\u0151d\u00e9se egy t\u00f6rt\u00e9nelmi tal\u00e1lkoz\u00e1shoz vezette a Mechanikus T\u00f6r\u00f6kkel, a vil\u00e1g legh\u00edresebb sakkoz\u00f3 automat\u00e1j\u00e1val. Egy 1783-as p\u00e1rizsi m\u00e9rk\u0151z\u00e9sen Franklin kipr\u00f3b\u00e1lta tud\u00e1s\u00e1t a g\u00e9p ellen, amely a felvil\u00e1gosod\u00e1s mechanikus \u00e9sz ir\u00e1nti megsz\u00e1llotts\u00e1g\u00e1t p\u00e9ld\u00e1zta. A t\u00f6r\u00f6k v\u00e9g\u00fcl az Egyes\u00fclt \u00c1llamokba utazott, \u00e9s a philadelphiai Peale M\u00fazeumban (majd k\u00e9s\u0151bb a K\u00ednai M\u00fazeumban) tal\u00e1lt v\u00e9gleges otthonra. \u00c9vtizedekig a pennsylvaniai tudom\u00e1nyos kult\u00fara egyik alapdarabja maradt, miel\u0151tt 1854-ben egy t\u0171zv\u00e9szben elveszett. Az emberi tal\u00e1l\u00e9konys\u00e1g \u00e9s a g\u00e9pi intelligencia ezen \u00f6r\u00f6ks\u00e9ge ma is alapt\u00f6rt\u00e9net a t\u00f6rt\u00e9nelem, a j\u00e1t\u00e9kok \u00e9s az intelligencia evol\u00faci\u00f3j\u00e1nak metsz\u00e9spontj\u00e1t vizsg\u00e1l\u00f3 ki\u00e1ll\u00edt\u00e1sok sz\u00e1m\u00e1ra.<br \/><br \/><br \/><\/p><p data-path-to-node=\"0\">A k\u00e9pen Benjamin Franklin sakkozik. Edward Harrison May m\u0171ve, 1867.<\/p>\t\t\t\t\t\t\t\t<\/div>\n\t\t\t\t<\/div>\n\t\t\t\t<\/div>\n\t\t\t\t\t<\/div>\n\t\t\t\t<\/div>\n\t\t\t\t<\/div>","protected":false},"excerpt":{"rendered":"<p>&#8220;The Morals of Chess&#8221; by Benjamin Franklin Benjamin Franklin\u2019s 1786 essay, &#8220;The Morals of Chess,&#8221; redefined the game as a vital tool for personal development and intellectual virtue. Franklin believed that chess was more than a pastime; it was an exercise in foresight, circumspection, and caution\u2014qualities he deemed essential for success in both private life [&hellip;]<\/p>\n","protected":false},"author":1,"featured_media":0,"parent":743,"menu_order":0,"comment_status":"closed","ping_status":"closed","template":"","meta":{"footnotes":""},"class_list":["post-1510","page","type-page","status-publish","hentry"],"_links":{"self":[{"href":"https:\/\/shatranj.art\/hu\/wp-json\/wp\/v2\/pages\/1510","targetHints":{"allow":["GET"]}}],"collection":[{"href":"https:\/\/shatranj.art\/hu\/wp-json\/wp\/v2\/pages"}],"about":[{"href":"https:\/\/shatranj.art\/hu\/wp-json\/wp\/v2\/types\/page"}],"author":[{"embeddable":true,"href":"https:\/\/shatranj.art\/hu\/wp-json\/wp\/v2\/users\/1"}],"replies":[{"embeddable":true,"href":"https:\/\/shatranj.art\/hu\/wp-json\/wp\/v2\/comments?post=1510"}],"version-history":[{"count":4,"href":"https:\/\/shatranj.art\/hu\/wp-json\/wp\/v2\/pages\/1510\/revisions"}],"predecessor-version":[{"id":1516,"href":"https:\/\/shatranj.art\/hu\/wp-json\/wp\/v2\/pages\/1510\/revisions\/1516"}],"up":[{"embeddable":true,"href":"https:\/\/shatranj.art\/hu\/wp-json\/wp\/v2\/pages\/743"}],"wp:attachment":[{"href":"https:\/\/shatranj.art\/hu\/wp-json\/wp\/v2\/media?parent=1510"}],"curies":[{"name":"wp","href":"https:\/\/api.w.org\/{rel}","templated":true}]}}