{"id":1521,"date":"2026-02-24T07:53:08","date_gmt":"2026-02-24T07:53:08","guid":{"rendered":"https:\/\/shatranj.art\/?page_id=1521"},"modified":"2026-02-24T10:48:54","modified_gmt":"2026-02-24T10:48:54","slug":"poszter-40","status":"publish","type":"page","link":"https:\/\/shatranj.art\/hu\/exhibit\/poszter-40\/","title":{"rendered":"poszter-40"},"content":{"rendered":"<div data-elementor-type=\"wp-page\" data-elementor-id=\"1521\" class=\"elementor elementor-1521\" data-elementor-post-type=\"page\">\n\t\t\t\t<div class=\"elementor-element elementor-element-e98c0ef e-flex e-con-boxed e-con e-parent\" data-id=\"e98c0ef\" data-element_type=\"container\" data-e-type=\"container\" data-settings=\"{&quot;background_background&quot;:&quot;classic&quot;}\">\n\t\t\t\t\t<div class=\"e-con-inner\">\n\t\t<div class=\"elementor-element elementor-element-1fd6b3d e-con-full e-flex e-con e-child\" data-id=\"1fd6b3d\" data-element_type=\"container\" data-e-type=\"container\">\n\t\t\t\t<div class=\"elementor-element elementor-element-bf9198e elementor-widget elementor-widget-image\" data-id=\"bf9198e\" data-element_type=\"widget\" data-e-type=\"widget\" data-widget_type=\"image.default\">\n\t\t\t\t<div class=\"elementor-widget-container\">\n\t\t\t\t\t\t\t\t\t\t\t\t\t\t\t<img fetchpriority=\"high\" decoding=\"async\" width=\"1225\" height=\"919\" src=\"https:\/\/shatranj.art\/wp-content\/uploads\/2026\/02\/shahi-chess-set-pieces-fsvmu-uskudar-istanbul-2022.jpg\" class=\"attachment-full size-full wp-image-1523\" alt=\"\" srcset=\"https:\/\/shatranj.art\/wp-content\/uploads\/2026\/02\/shahi-chess-set-pieces-fsvmu-uskudar-istanbul-2022.jpg 1225w, https:\/\/shatranj.art\/wp-content\/uploads\/2026\/02\/shahi-chess-set-pieces-fsvmu-uskudar-istanbul-2022-300x225.jpg 300w, https:\/\/shatranj.art\/wp-content\/uploads\/2026\/02\/shahi-chess-set-pieces-fsvmu-uskudar-istanbul-2022-1024x768.jpg 1024w, https:\/\/shatranj.art\/wp-content\/uploads\/2026\/02\/shahi-chess-set-pieces-fsvmu-uskudar-istanbul-2022-768x576.jpg 768w, https:\/\/shatranj.art\/wp-content\/uploads\/2026\/02\/shahi-chess-set-pieces-fsvmu-uskudar-istanbul-2022-16x12.jpg 16w\" sizes=\"(max-width: 1225px) 100vw, 1225px\" \/>\t\t\t\t\t\t\t\t\t\t\t\t\t\t\t<\/div>\n\t\t\t\t<\/div>\n\t\t\t\t<div class=\"elementor-element elementor-element-72424f5 elementor-widget elementor-widget-text-editor\" data-id=\"72424f5\" data-element_type=\"widget\" data-e-type=\"widget\" data-widget_type=\"text-editor.default\">\n\t\t\t\t<div class=\"elementor-widget-container\">\n\t\t\t\t\t\t\t\t\t<h3 data-path-to-node=\"0\"><strong>A Shatranj projektcsapat \u00e9s az \u015eAH\u00ce protot\u00edpus<\/strong><\/h3><p data-path-to-node=\"1\">\u00a0<\/p><p data-path-to-node=\"1\">Az \u015eAH\u00ce sakk-k\u00e9szlet kifejleszt\u00e9se a shatranj.ai \u00e9s shatranj.art projektek m\u00f6g\u00f6tt \u00e1ll\u00f3 csapatok k\u00f6z\u00f6s m\u00e9rf\u00f6ldk\u00f6ve volt. A Fatih Sultan Mehmet Vak\u0131f Egyetem (FSMVU) tudom\u00e1nyt\u00f6rt\u00e9neti tansz\u00e9k\u00e9n kereszt\u00fcl koordin\u00e1lt \u00e9s az EU Erasmus+ Youth programja \u00e1ltal t\u00e1mogatott kezdem\u00e9nyez\u00e9sek c\u00e9lja, hogy hidat k\u00e9pezzenek a tudom\u00e1ny, a m\u0171v\u00e9szet, a strat\u00e9giai j\u00e1t\u00e9kok \u00e9s a mesters\u00e9ges intelligencia t\u00f6rt\u00e9nete k\u00f6z\u00f6tt.<\/p><p data-path-to-node=\"2\">\u00a0<\/p><p data-path-to-node=\"2\">1. k\u00e9p: A projektcsapat az FSMVU \u00dcsk\u00fcdar Campuson<\/p><p data-path-to-node=\"3\">\u00a0<\/p><p data-path-to-node=\"3\">A k\u00e9pen a projektcsapat \u00fcnnepli az els\u0151 \u015eAH\u00ce protot\u00edpus elk\u00e9sz\u00fclt\u00e9t 2022. m\u00e1jus 26-\u00e1n. Az oszt\u00e1ly kutat\u00e1sai szolg\u00e1ltatt\u00e1k a t\u00f6rt\u00e9nelmi alapot a k\u00e9szlet egyedi eszt\u00e9tik\u00e1j\u00e1hoz.<\/p><p data-path-to-node=\"4\">\u00a0<\/p><p data-path-to-node=\"4\">Balr\u00f3l jobbra:<\/p><p data-path-to-node=\"4\">\u00a0<\/p><p data-path-to-node=\"4\">Jahangir Ashurov: vil\u00e1gh\u00edr\u0171 miniat\u0171r m\u0171v\u00e9sz \u00e9s oktat\u00f3 (bukarai iskola). A sakk Afrasiyab gy\u00f6kerein kereszt\u00fcl konzult\u00e1lt az \u015eAH\u00ce tervez\u00e9si folyamat\u00e1r\u00f3l.\u00a0<\/p><p data-path-to-node=\"4\">\u00a0<\/p><p data-path-to-node=\"4\">Prof. Dr. G\u00fcner Karatekin: Gyermekeg\u00e9szs\u00e9g\u00fcgy \u00e9s neonatol\u00f3gia professzor.<\/p><p data-path-to-node=\"4\">\u00a0<\/p><p data-path-to-node=\"4\">Tamer Karatekin: a shatranj.ai tanterv technikai koordin\u00e1tora \u00e9s a shatranj.art ki\u00e1ll\u00edt\u00e1s t\u00e1rs-kur\u00e1tora, az \u015eAH\u00ce sakk-k\u00e9szlet \u00e9s b\u00e1buk tervez\u0151je.<\/p><p data-path-to-node=\"4\">\u00a0<\/p><p data-path-to-node=\"4\">Prof. Dr. Mustafa Ka\u00e7ar: FSMVU Tudom\u00e1nyt\u00f6rt\u00e9neti Tansz\u00e9k\u00e9nek d\u00e9k\u00e1nja. A shatranj.ai \u00e9s shatranj.art projektek koordin\u00e1tora.<\/p><p data-path-to-node=\"4\">\u00a0<\/p><p data-path-to-node=\"4\">Prof. Dr. Atilla Bir: Professzor \u00e9s a tudom\u00e1nyt\u00f6rt\u00e9net \u00e9s a t\u00f6rt\u00e9nelmi m\u0171szerek kiemelked\u0151 szak\u00e9rt\u0151je. Az \u015eAH\u00ce sakk-k\u00e9szlet tervez\u00e9si folyamat\u00e1hoz sz\u00e1mos tudom\u00e1nyt\u00f6rt\u00e9neti hivatkoz\u00e1ssal adott tan\u00e1csot.<\/p>\t\t\t\t\t\t\t\t<\/div>\n\t\t\t\t<\/div>\n\t\t\t\t<div class=\"elementor-element elementor-element-b19a222 elementor-widget elementor-widget-image\" data-id=\"b19a222\" data-element_type=\"widget\" data-e-type=\"widget\" data-widget_type=\"image.default\">\n\t\t\t\t<div class=\"elementor-widget-container\">\n\t\t\t\t\t\t\t\t\t\t\t\t\t\t\t<img decoding=\"async\" width=\"1000\" height=\"667\" src=\"https:\/\/shatranj.art\/wp-content\/uploads\/2026\/02\/sergi-ayasofya-11Ocak2024.jpg\" class=\"attachment-full size-full wp-image-1524\" alt=\"\" srcset=\"https:\/\/shatranj.art\/wp-content\/uploads\/2026\/02\/sergi-ayasofya-11Ocak2024.jpg 1000w, https:\/\/shatranj.art\/wp-content\/uploads\/2026\/02\/sergi-ayasofya-11Ocak2024-300x200.jpg 300w, https:\/\/shatranj.art\/wp-content\/uploads\/2026\/02\/sergi-ayasofya-11Ocak2024-768x512.jpg 768w, https:\/\/shatranj.art\/wp-content\/uploads\/2026\/02\/sergi-ayasofya-11Ocak2024-18x12.jpg 18w\" sizes=\"(max-width: 1000px) 100vw, 1000px\" \/>\t\t\t\t\t\t\t\t\t\t\t\t\t\t\t<\/div>\n\t\t\t\t<\/div>\n\t\t\t\t<div class=\"elementor-element elementor-element-8b672e6 elementor-widget elementor-widget-text-editor\" data-id=\"8b672e6\" data-element_type=\"widget\" data-e-type=\"widget\" data-widget_type=\"text-editor.default\">\n\t\t\t\t<div class=\"elementor-widget-container\">\n\t\t\t\t\t\t\t\t\t<p data-path-to-node=\"5\">2. k\u00e9p: Shatranj.art ki\u00e1ll\u00edt\u00e1s az FSVMU Hagia Sophia Campus\u00e1n<\/p><p data-path-to-node=\"6\">\u00a0<\/p><p data-path-to-node=\"6\">Az \u015eAH\u00ce sakk-k\u00e9szletet 2024. janu\u00e1r 11-\u00e9n mutatt\u00e1k be el\u0151sz\u00f6r a nagyk\u00f6z\u00f6ns\u00e9gnek az FSMVU Hagia Sophia campus\u00e1n a shatranj.art ki\u00e1ll\u00edt\u00e1s keret\u00e9ben. Prof. Dr. Mustafa Ka\u00e7ar \u00e9s Tamer Karatekin a sakkfigur\u00e1k kultur\u00e1lis \u00e9s t\u00f6rt\u00e9nelmi fejl\u0151d\u00e9s\u00e9r\u0151l besz\u00e9lgettek. Az el\u0151ad\u00e1s kiemelte a Kitab-ash Shatranjban tal\u00e1lhat\u00f3 biz\u00e1nci\/r\u00fami sakkv\u00e1ltozatot \u00e9s a konkr\u00e9t \u00e9p\u00edt\u00e9szeti inspir\u00e1ci\u00f3kat - p\u00e9ld\u00e1ul a Hagia Sophia, a Pantheon \u00e9s az MIT ikonikus kupol\u00e1it -, amelyek az \u015eAH\u00ce k\u00e9szlet kir\u00e1lyfigur\u00e1j\u00e1nak tervez\u00e9s\u00e9hez szolg\u00e1ltak alapul.<\/p>\t\t\t\t\t\t\t\t<\/div>\n\t\t\t\t<\/div>\n\t\t\t\t<div class=\"elementor-element elementor-element-c44898c elementor-widget elementor-widget-image\" data-id=\"c44898c\" data-element_type=\"widget\" data-e-type=\"widget\" data-widget_type=\"image.default\">\n\t\t\t\t<div class=\"elementor-widget-container\">\n\t\t\t\t\t\t\t\t\t\t\t\t\t\t\t<img decoding=\"async\" width=\"1225\" height=\"919\" src=\"https:\/\/shatranj.art\/wp-content\/uploads\/2026\/02\/fsmvu-halic-creativity-prof.jpg\" class=\"attachment-full size-full wp-image-1534\" alt=\"\" srcset=\"https:\/\/shatranj.art\/wp-content\/uploads\/2026\/02\/fsmvu-halic-creativity-prof.jpg 1225w, https:\/\/shatranj.art\/wp-content\/uploads\/2026\/02\/fsmvu-halic-creativity-prof-300x225.jpg 300w, https:\/\/shatranj.art\/wp-content\/uploads\/2026\/02\/fsmvu-halic-creativity-prof-1024x768.jpg 1024w, https:\/\/shatranj.art\/wp-content\/uploads\/2026\/02\/fsmvu-halic-creativity-prof-768x576.jpg 768w, https:\/\/shatranj.art\/wp-content\/uploads\/2026\/02\/fsmvu-halic-creativity-prof-16x12.jpg 16w\" sizes=\"(max-width: 1225px) 100vw, 1225px\" \/>\t\t\t\t\t\t\t\t\t\t\t\t\t\t\t<\/div>\n\t\t\t\t<\/div>\n\t\t\t\t<div class=\"elementor-element elementor-element-58d2518 elementor-widget elementor-widget-text-editor\" data-id=\"58d2518\" data-element_type=\"widget\" data-e-type=\"widget\" data-widget_type=\"text-editor.default\">\n\t\t\t\t<div class=\"elementor-widget-container\">\n\t\t\t\t\t\t\t\t\t<p data-path-to-node=\"6\">3. k\u00e9p: \u015eAH\u00ce k\u00e9szlet protot\u00edpus fot\u00f3 Se\u00e7il \u015eat\u0131r professzorral<\/p><p data-path-to-node=\"5\">\u00a0<\/p><p data-path-to-node=\"5\">Prof. Dr. Se\u00e7il \u015eat\u0131r a Hitit Egyetem K\u00e9pz\u0151m\u0171v\u00e9szeti, Design \u00e9s \u00c9p\u00edt\u00e9szeti Kar\u00e1nak alap\u00edt\u00f3 d\u00e9k\u00e1nja, valamint az FSMVU \u00c9p\u00edt\u00e9szeti \u00e9s Design Kar\u00e1nak professzora. Az \u015eAH\u00ce tervez\u00e9si folyamat\u00e1ban kulcsfontoss\u00e1g\u00fa tervez\u00e9si tan\u00e1csad\u00f3k\u00e9nt m\u0171k\u00f6d\u00f6tt k\u00f6zre. Balra Tamer Karatekin, jobbra prof. dr. G\u00fcner Karatekin.<\/p><p><em>\u00a0<\/em><\/p>\t\t\t\t\t\t\t\t<\/div>\n\t\t\t\t<\/div>\n\t\t\t\t<\/div>\n\t\t\t\t\t<\/div>\n\t\t\t\t<\/div>\n\t\t\t\t<\/div>","protected":false},"excerpt":{"rendered":"<p>The Shatranj Project Team and the \u015eAH\u00ce Prototype \u00a0 The development of the \u015eAH\u00ce chess set was a collaborative milestone for the teams behind the shatranj.ai and shatranj.art projects. These initiatives, coordinated through the Science History Department of Fatih Sultan Mehmet Vak\u0131f University (FSMVU) and supported by the EU Erasmus+ Youth programme, aim to bridge [&hellip;]<\/p>\n","protected":false},"author":1,"featured_media":0,"parent":743,"menu_order":0,"comment_status":"closed","ping_status":"closed","template":"","meta":{"footnotes":""},"class_list":["post-1521","page","type-page","status-publish","hentry"],"_links":{"self":[{"href":"https:\/\/shatranj.art\/hu\/wp-json\/wp\/v2\/pages\/1521","targetHints":{"allow":["GET"]}}],"collection":[{"href":"https:\/\/shatranj.art\/hu\/wp-json\/wp\/v2\/pages"}],"about":[{"href":"https:\/\/shatranj.art\/hu\/wp-json\/wp\/v2\/types\/page"}],"author":[{"embeddable":true,"href":"https:\/\/shatranj.art\/hu\/wp-json\/wp\/v2\/users\/1"}],"replies":[{"embeddable":true,"href":"https:\/\/shatranj.art\/hu\/wp-json\/wp\/v2\/comments?post=1521"}],"version-history":[{"count":22,"href":"https:\/\/shatranj.art\/hu\/wp-json\/wp\/v2\/pages\/1521\/revisions"}],"predecessor-version":[{"id":1637,"href":"https:\/\/shatranj.art\/hu\/wp-json\/wp\/v2\/pages\/1521\/revisions\/1637"}],"up":[{"embeddable":true,"href":"https:\/\/shatranj.art\/hu\/wp-json\/wp\/v2\/pages\/743"}],"wp:attachment":[{"href":"https:\/\/shatranj.art\/hu\/wp-json\/wp\/v2\/media?parent=1521"}],"curies":[{"name":"wp","href":"https:\/\/api.w.org\/{rel}","templated":true}]}}