{"id":1543,"date":"2026-02-24T08:36:27","date_gmt":"2026-02-24T08:36:27","guid":{"rendered":"https:\/\/shatranj.art\/?page_id=1543"},"modified":"2026-02-24T08:53:53","modified_gmt":"2026-02-24T08:53:53","slug":"poszter-41","status":"publish","type":"page","link":"https:\/\/shatranj.art\/hu\/exhibit\/poszter-41\/","title":{"rendered":"poszter-41"},"content":{"rendered":"<div data-elementor-type=\"wp-page\" data-elementor-id=\"1543\" class=\"elementor elementor-1543\" data-elementor-post-type=\"page\">\n\t\t\t\t<div class=\"elementor-element elementor-element-7a8daa7 e-flex e-con-boxed e-con e-parent\" data-id=\"7a8daa7\" data-element_type=\"container\" data-e-type=\"container\" data-settings=\"{&quot;background_background&quot;:&quot;classic&quot;}\">\n\t\t\t\t\t<div class=\"e-con-inner\">\n\t\t<div class=\"elementor-element elementor-element-26be55b e-con-full e-flex e-con e-child\" data-id=\"26be55b\" data-element_type=\"container\" data-e-type=\"container\">\n\t\t\t\t<div class=\"elementor-element elementor-element-3278af1 elementor-widget elementor-widget-image\" data-id=\"3278af1\" data-element_type=\"widget\" data-e-type=\"widget\" data-widget_type=\"image.default\">\n\t\t\t\t<div class=\"elementor-widget-container\">\n\t\t\t\t\t\t\t\t\t\t\t\t\t\t\t<img fetchpriority=\"high\" decoding=\"async\" width=\"1280\" height=\"960\" src=\"https:\/\/shatranj.art\/wp-content\/uploads\/2026\/02\/Sahi_Cannon_at_Fort_Nelson_UK.jpg\" class=\"attachment-full size-full wp-image-1545\" alt=\"\" srcset=\"https:\/\/shatranj.art\/wp-content\/uploads\/2026\/02\/Sahi_Cannon_at_Fort_Nelson_UK.jpg 1280w, https:\/\/shatranj.art\/wp-content\/uploads\/2026\/02\/Sahi_Cannon_at_Fort_Nelson_UK-300x225.jpg 300w, https:\/\/shatranj.art\/wp-content\/uploads\/2026\/02\/Sahi_Cannon_at_Fort_Nelson_UK-1024x768.jpg 1024w, https:\/\/shatranj.art\/wp-content\/uploads\/2026\/02\/Sahi_Cannon_at_Fort_Nelson_UK-768x576.jpg 768w, https:\/\/shatranj.art\/wp-content\/uploads\/2026\/02\/Sahi_Cannon_at_Fort_Nelson_UK-16x12.jpg 16w\" sizes=\"(max-width: 1280px) 100vw, 1280px\" \/>\t\t\t\t\t\t\t\t\t\t\t\t\t\t\t<\/div>\n\t\t\t\t<\/div>\n\t\t\t\t<div class=\"elementor-element elementor-element-6723efb elementor-widget elementor-widget-text-editor\" data-id=\"6723efb\" data-element_type=\"widget\" data-e-type=\"widget\" data-widget_type=\"text-editor.default\">\n\t\t\t\t<div class=\"elementor-widget-container\">\n\t\t\t\t\t\t\t\t\t<h3><b>Az \u015eAH\u00ce sz\u00f3 eredete \u00e9s kapcsolata a sakk fejl\u0151d\u00e9s\u00e9vel\u00a0<\/b><\/h3><p>A SHAH (\u015eAH) sz\u00e1mos szl\u00e1v nyelvben haszn\u00e1lt kifejez\u00e9s a sakkra. A n\u00e9met \u201cschach\u201d, a francia \u201c\u00e9checs\u201d \u00e9s az angol \u201cchess\u201d sz\u00f3 mind a \u201cshah\u201d sz\u00f3b\u00f3l sz\u00e1rmazik fonetikusan. Az \u201c\u015eAH\u00ce\u201d kifejez\u00e9s mell\u00e9kn\u00e9vk\u00e9nt kir\u00e1lyi vagy a sahra jellemz\u0151t jelent. Irodalmi sz\u00f6vegekben er\u0151s \u00e9s nagyszer\u0171 jelent\u00e9ssel is haszn\u00e1lj\u00e1k.<\/p><p>\u00a0<\/p><p>A magyar m\u00e9rn\u00f6k Orban \u00e1ltal tervezett \u015eAH\u00ce \u00e1gy\u00fa kulcsszerepet j\u00e1tszott Konstantin\u00e1poly massz\u00edv falainak \u00e9s tornyainak \u00e1tt\u00f6r\u00e9s\u00e9ben a Mehmed Fatih szult\u00e1n vezette 1453-as ostrom sor\u00e1n, \u00e9s forradalmi v\u00e1ltoz\u00e1st jelk\u00e9pezett az ostromhadvisel\u00e9sben.<\/p><p>\u00a0<\/p><p>H\u00e1rom \u00e9vsz\u00e1zaddal Isztambul elfoglal\u00e1sa ut\u00e1n, az 1807-es Dardanell\u00e1k hadm\u0171velet sor\u00e1n egy m\u00e1sik \u00e9vsz\u00e1zados \u015eAH\u00ce \u00e1gy\u00faval l\u0151tt\u00e9k a brit haj\u00f3kat, jelent\u0151s vesztes\u00e9geket okozva. Abd\u00fclaziz oszm\u00e1n szult\u00e1n 1866-ban Vikt\u00f3ria kir\u00e1lyn\u0151nek aj\u00e1nd\u00e9kozta ezt az \u00e1gy\u00fat. A fenti \u015eAH\u00ce \u00e1gy\u00fa fot\u00f3ja az Egyes\u00fclt Kir\u00e1lys\u00e1gban tal\u00e1lhat\u00f3 Fort Nelsonb\u00f3l sz\u00e1rmazik.<\/p><p>\u00a0<\/p><p>Az \u015eAH\u00ce n\u00e9v a b\u00e1stya k\u00fcl\u00f6nb\u00f6z\u0151 nyelveken a b\u00e1stya fejl\u0151d\u00e9s\u00e9t szimboliz\u00e1lja a harci szek\u00e9rt\u0151l a toronyig, az \u00e1gy\u00fat\u00f3l a haj\u00f3ig, t\u00fckr\u00f6zve a sakk fejl\u0151d\u00e9s\u00e9t.<\/p><p>\u00a0<\/p><p>Az \u015eAH\u00ce sakk-k\u00e9szletet Tamer Karatekin, a Massachusetts Institute of Technology sakkcsapat\u00e1nak kor\u00e1bbi els\u0151 t\u00e1bl\u00e1s j\u00e1t\u00e9kosa \u00e9s tapasztalt sakkoktat\u00f3 tervezte. Eleg\u00e1nsan \u00e1br\u00e1zolja a sakkoz\u00e1s t\u00f6rt\u00e9net\u00e9t \u00e9s fejl\u0151d\u00e9s\u00e9t, \u00e9s mind oktat\u00e1si, mind versenyz\u00e9si c\u00e9lokra k\u00e9sz\u00fclt. \u00dagy tervezt\u00e9k, hogy kultur\u00e1lisan \u00e9s szellemileg is befogad\u00f3 legyen. A produkci\u00f3t a Massachusetts-i Kultur\u00e1lis Tan\u00e1cs \u00e9s az Eur\u00f3pai Uni\u00f3 Erasmus+ Ifj\u00fas\u00e1gi programja t\u00e1mogatta.<\/p><p>\u00a0<\/p><p>Tudjon meg t\u00f6bbet az \u015eAH\u00ce tervez\u00e9si t\u00f6rt\u00e9net\u00e9r\u0151l az al\u00e1bbi weboldalon:\u00a0 \u00a0<a href=\"http:\/\/www.shahimasterset.com\/\">www.shahimasterset.com<\/a><\/p><p>Tekintse meg kapcsol\u00f3d\u00f3 projektjeinket is:<br \/>Sakk-alap\u00fa mesters\u00e9ges intelligencia tanterv: <a href=\"http:\/\/www.shatranj.ai\/\">shatranj.ai<\/a><\/p><p>T\u00f6rt\u00e9nelmi elmej\u00e1t\u00e9kok ki\u00e1ll\u00edt\u00e1sa: <a href=\"https:\/\/shatranj.art\/hu\/\">shatranj.art<\/a><\/p>\t\t\t\t\t\t\t\t<\/div>\n\t\t\t\t<\/div>\n\t\t\t\t<div class=\"elementor-element elementor-element-7946825 elementor-widget elementor-widget-image\" data-id=\"7946825\" data-element_type=\"widget\" data-e-type=\"widget\" data-widget_type=\"image.default\">\n\t\t\t\t<div class=\"elementor-widget-container\">\n\t\t\t\t\t\t\t\t\t\t\t\t\t\t\t<img decoding=\"async\" width=\"559\" height=\"397\" src=\"https:\/\/shatranj.art\/wp-content\/uploads\/2026\/02\/shahi-engish-brochure-A6-page1.png\" class=\"attachment-full size-full wp-image-1548\" alt=\"\" srcset=\"https:\/\/shatranj.art\/wp-content\/uploads\/2026\/02\/shahi-engish-brochure-A6-page1.png 559w, https:\/\/shatranj.art\/wp-content\/uploads\/2026\/02\/shahi-engish-brochure-A6-page1-300x213.png 300w, https:\/\/shatranj.art\/wp-content\/uploads\/2026\/02\/shahi-engish-brochure-A6-page1-18x12.png 18w\" sizes=\"(max-width: 559px) 100vw, 559px\" \/>\t\t\t\t\t\t\t\t\t\t\t\t\t\t\t<\/div>\n\t\t\t\t<\/div>\n\t\t\t\t<\/div>\n\t\t\t\t\t<\/div>\n\t\t\t\t<\/div>\n\t\t\t\t<\/div>","protected":false},"excerpt":{"rendered":"<p>The origins of the \u015eAH\u00ce\u00a0 word and its connection to the evolution of chess\u00a0 SHAH (\u015eAH) is a term used in many Slavic languages for chess. The German word &#8220;schach,&#8221; French &#8220;\u00e9checs,&#8221; and English &#8220;chess&#8221; are all phonetically derived from the word &#8220;shah.&#8221; The term &#8220;\u015eAH\u00ce&#8221; as an adjective means royal or specific to the [&hellip;]<\/p>\n","protected":false},"author":1,"featured_media":0,"parent":743,"menu_order":0,"comment_status":"closed","ping_status":"closed","template":"","meta":{"footnotes":""},"class_list":["post-1543","page","type-page","status-publish","hentry"],"_links":{"self":[{"href":"https:\/\/shatranj.art\/hu\/wp-json\/wp\/v2\/pages\/1543","targetHints":{"allow":["GET"]}}],"collection":[{"href":"https:\/\/shatranj.art\/hu\/wp-json\/wp\/v2\/pages"}],"about":[{"href":"https:\/\/shatranj.art\/hu\/wp-json\/wp\/v2\/types\/page"}],"author":[{"embeddable":true,"href":"https:\/\/shatranj.art\/hu\/wp-json\/wp\/v2\/users\/1"}],"replies":[{"embeddable":true,"href":"https:\/\/shatranj.art\/hu\/wp-json\/wp\/v2\/comments?post=1543"}],"version-history":[{"count":10,"href":"https:\/\/shatranj.art\/hu\/wp-json\/wp\/v2\/pages\/1543\/revisions"}],"predecessor-version":[{"id":1557,"href":"https:\/\/shatranj.art\/hu\/wp-json\/wp\/v2\/pages\/1543\/revisions\/1557"}],"up":[{"embeddable":true,"href":"https:\/\/shatranj.art\/hu\/wp-json\/wp\/v2\/pages\/743"}],"wp:attachment":[{"href":"https:\/\/shatranj.art\/hu\/wp-json\/wp\/v2\/media?parent=1543"}],"curies":[{"name":"wp","href":"https:\/\/api.w.org\/{rel}","templated":true}]}}