{"id":788,"date":"2026-02-21T17:52:41","date_gmt":"2026-02-21T17:52:41","guid":{"rendered":"https:\/\/shatranj.art\/?page_id=788"},"modified":"2026-02-23T08:09:25","modified_gmt":"2026-02-23T08:09:25","slug":"poster-5","status":"publish","type":"page","link":"https:\/\/shatranj.art\/hu\/exhibit\/poster-5\/","title":{"rendered":"poszter 5"},"content":{"rendered":"<div data-elementor-type=\"wp-page\" data-elementor-id=\"788\" class=\"elementor elementor-788\" data-elementor-post-type=\"page\">\n\t\t\t\t<div class=\"elementor-element elementor-element-392e0f4 e-flex e-con-boxed e-con e-parent\" data-id=\"392e0f4\" data-element_type=\"container\" data-e-type=\"container\" data-settings=\"{&quot;background_background&quot;:&quot;classic&quot;}\">\n\t\t\t\t\t<div class=\"e-con-inner\">\n\t\t<div class=\"elementor-element elementor-element-7cea5b8 e-con-full e-flex e-con e-child\" data-id=\"7cea5b8\" data-element_type=\"container\" data-e-type=\"container\">\n\t\t\t\t<div class=\"elementor-element elementor-element-022fe27 elementor-widget elementor-widget-image\" data-id=\"022fe27\" data-element_type=\"widget\" data-e-type=\"widget\" data-widget_type=\"image.default\">\n\t\t\t\t<div class=\"elementor-widget-container\">\n\t\t\t\t\t\t\t\t\t\t\t\t\t\t\t<img fetchpriority=\"high\" decoding=\"async\" width=\"800\" height=\"667\" src=\"https:\/\/shatranj.art\/wp-content\/uploads\/2026\/02\/22-1024x854.jpg\" class=\"attachment-large size-large wp-image-1004\" alt=\"\" srcset=\"https:\/\/shatranj.art\/wp-content\/uploads\/2026\/02\/22-1024x854.jpg 1024w, https:\/\/shatranj.art\/wp-content\/uploads\/2026\/02\/22-300x250.jpg 300w, https:\/\/shatranj.art\/wp-content\/uploads\/2026\/02\/22-768x640.jpg 768w, https:\/\/shatranj.art\/wp-content\/uploads\/2026\/02\/22-1536x1280.jpg 1536w, https:\/\/shatranj.art\/wp-content\/uploads\/2026\/02\/22-2048x1707.jpg 2048w\" sizes=\"(max-width: 800px) 100vw, 800px\" \/>\t\t\t\t\t\t\t\t\t\t\t\t\t\t\t<\/div>\n\t\t\t\t<\/div>\n\t\t\t\t<div class=\"elementor-element elementor-element-883ad20 elementor-widget elementor-widget-text-editor\" data-id=\"883ad20\" data-element_type=\"widget\" data-e-type=\"widget\" data-widget_type=\"text-editor.default\">\n\t\t\t\t<div class=\"elementor-widget-container\">\n\t\t\t\t\t\t\t\t\t<h3><b>Ludus Duodecim Scriptorum: A backgammon r\u00f3mai \u00f6r\u00f6ks\u00e9ge<\/b><\/h3><p>A tizenk\u00e9t jel rejt\u00e9lye A Ludus Duodecim Scriptorum, latinul \u201cA tizenk\u00e9t jel j\u00e1t\u00e9ka\u201d, a R\u00f3mai Birodalomban sz\u00e9les k\u00f6rben j\u00e1tszott strat\u00e9giai \u00e9s szerencsej\u00e1t\u00e9k volt, a katonai kasz\u00e1rny\u00e1kt\u00f3l a cs\u00e1sz\u00e1ri palot\u00e1kig. Az \u00f3kori Efezus v\u00e1ros\u00e1nak m\u00e1rv\u00e1nypadl\u00f3j\u00e1ba, nevezetesen a Celsus k\u00f6nyvt\u00e1r l\u00e9pcs\u0151j\u00e9n bev\u00e9sett p\u00e9ld\u00e1k dokument\u00e1lj\u00e1k e j\u00e1t\u00e9k k\u00f6zponti szerep\u00e9t a r\u00f3mai mindennapi \u00e9letben. A h\u00e1rom sorb\u00f3l \u00e1ll\u00f3, egyenk\u00e9nt 12 jel\u00f6l\u00e9ssel ell\u00e1tott j\u00e1t\u00e9kt\u00e1bl\u00e1n h\u00e1rom kocka seg\u00edts\u00e9g\u00e9vel versenyfut\u00e1s zajlik a b\u00e1buknak a saj\u00e1t z\u00f3n\u00e1ba val\u00f3 bejuttat\u00e1s\u00e1\u00e9rt.<\/p><p>\u00a0<\/p><p><b>A backgammon \u0151se<\/b> <span style=\"font-weight: 400;\"><br \/><\/span>Az \u00e9vsz\u00e1zadok sor\u00e1n a szab\u00e1lyok egyszer\u0171s\u00f6d\u00e9se \u00e9s a k\u00e9tsoros form\u00e1tumra val\u00f3 \u00e1tt\u00e9r\u00e9s hozta l\u00e9tre a Tabula n\u00e9ven ismert j\u00e1t\u00e9kot, a modern backgammon k\u00f6zvetlen el\u0151dj\u00e9t. A Ludus Duodecim Scriptorum nem puszt\u00e1n egy id\u0151t\u00f6lt\u00e9s; ez egy k\u0151be v\u00e9sett tan\u00fas\u00e1gt\u00e9tel arr\u00f3l, hogy az \u0151si elme a matematikai val\u00f3sz\u00edn\u0171s\u00e9ggel, a kock\u00e1zatkezel\u00e9ssel \u00e9s a sors elleni \u00f6r\u00f6k\u00f6s k\u00fczdelemmel foglalkozott.<\/p>\t\t\t\t\t\t\t\t<\/div>\n\t\t\t\t<\/div>\n\t\t\t\t<\/div>\n\t\t\t\t\t<\/div>\n\t\t\t\t<\/div>\n\t\t\t\t<\/div>","protected":false},"excerpt":{"rendered":"<p>Ludus Duodecim Scriptorum: The Roman Heritage of Backgammon The Mystery of the Twelve Markings Meaning &#8220;The Game of Twelve Markings&#8221; in Latin, Ludus Duodecim Scriptorum was a widely played strategy and chance game throughout the Roman Empire, from military barracks to imperial palaces. Examples etched into the marble floors of the ancient city of Ephesus [&hellip;]<\/p>\n","protected":false},"author":1,"featured_media":0,"parent":743,"menu_order":0,"comment_status":"closed","ping_status":"closed","template":"","meta":{"footnotes":""},"class_list":["post-788","page","type-page","status-publish","hentry"],"_links":{"self":[{"href":"https:\/\/shatranj.art\/hu\/wp-json\/wp\/v2\/pages\/788","targetHints":{"allow":["GET"]}}],"collection":[{"href":"https:\/\/shatranj.art\/hu\/wp-json\/wp\/v2\/pages"}],"about":[{"href":"https:\/\/shatranj.art\/hu\/wp-json\/wp\/v2\/types\/page"}],"author":[{"embeddable":true,"href":"https:\/\/shatranj.art\/hu\/wp-json\/wp\/v2\/users\/1"}],"replies":[{"embeddable":true,"href":"https:\/\/shatranj.art\/hu\/wp-json\/wp\/v2\/comments?post=788"}],"version-history":[{"count":19,"href":"https:\/\/shatranj.art\/hu\/wp-json\/wp\/v2\/pages\/788\/revisions"}],"predecessor-version":[{"id":1301,"href":"https:\/\/shatranj.art\/hu\/wp-json\/wp\/v2\/pages\/788\/revisions\/1301"}],"up":[{"embeddable":true,"href":"https:\/\/shatranj.art\/hu\/wp-json\/wp\/v2\/pages\/743"}],"wp:attachment":[{"href":"https:\/\/shatranj.art\/hu\/wp-json\/wp\/v2\/media?parent=788"}],"curies":[{"name":"wp","href":"https:\/\/api.w.org\/{rel}","templated":true}]}}