{"id":817,"date":"2026-02-21T20:02:15","date_gmt":"2026-02-21T20:02:15","guid":{"rendered":"https:\/\/shatranj.art\/?page_id=817"},"modified":"2026-02-24T06:26:33","modified_gmt":"2026-02-24T06:26:33","slug":"poster-8","status":"publish","type":"page","link":"https:\/\/shatranj.art\/hu\/exhibit\/poster-8\/","title":{"rendered":"8-as poszter"},"content":{"rendered":"<div data-elementor-type=\"wp-page\" data-elementor-id=\"817\" class=\"elementor elementor-817\" data-elementor-post-type=\"page\">\n\t\t\t\t<div class=\"elementor-element elementor-element-3be2f38 e-flex e-con-boxed e-con e-parent\" data-id=\"3be2f38\" data-element_type=\"container\" data-e-type=\"container\" data-settings=\"{&quot;background_background&quot;:&quot;classic&quot;}\">\n\t\t\t\t\t<div class=\"e-con-inner\">\n\t\t\t\t<div class=\"elementor-element elementor-element-18ff8b2 elementor-widget elementor-widget-image\" data-id=\"18ff8b2\" data-element_type=\"widget\" data-e-type=\"widget\" data-widget_type=\"image.default\">\n\t\t\t\t<div class=\"elementor-widget-container\">\n\t\t\t\t\t\t\t\t\t\t\t\t\t\t\t<img fetchpriority=\"high\" decoding=\"async\" width=\"480\" height=\"321\" src=\"https:\/\/shatranj.art\/wp-content\/uploads\/2026\/02\/bobby-fischer-dubrovnik.jpg\" class=\"attachment-full size-full wp-image-1458\" alt=\"\" srcset=\"https:\/\/shatranj.art\/wp-content\/uploads\/2026\/02\/bobby-fischer-dubrovnik.jpg 480w, https:\/\/shatranj.art\/wp-content\/uploads\/2026\/02\/bobby-fischer-dubrovnik-300x201.jpg 300w, https:\/\/shatranj.art\/wp-content\/uploads\/2026\/02\/bobby-fischer-dubrovnik-18x12.jpg 18w\" sizes=\"(max-width: 480px) 100vw, 480px\" \/>\t\t\t\t\t\t\t\t\t\t\t\t\t\t\t<\/div>\n\t\t\t\t<\/div>\n\t\t\t\t<div class=\"elementor-element elementor-element-cec26d3 elementor-widget elementor-widget-image\" data-id=\"cec26d3\" data-element_type=\"widget\" data-e-type=\"widget\" data-widget_type=\"image.default\">\n\t\t\t\t<div class=\"elementor-widget-container\">\n\t\t\t\t\t\t\t\t\t\t\t\t\t\t\t<img decoding=\"async\" width=\"964\" height=\"582\" src=\"https:\/\/shatranj.art\/wp-content\/uploads\/2026\/02\/8.png\" class=\"attachment-full size-full wp-image-820\" alt=\"\" srcset=\"https:\/\/shatranj.art\/wp-content\/uploads\/2026\/02\/8.png 964w, https:\/\/shatranj.art\/wp-content\/uploads\/2026\/02\/8-300x181.png 300w, https:\/\/shatranj.art\/wp-content\/uploads\/2026\/02\/8-768x464.png 768w\" sizes=\"(max-width: 964px) 100vw, 964px\" \/>\t\t\t\t\t\t\t\t\t\t\t\t\t\t\t<\/div>\n\t\t\t\t<\/div>\n\t\t\t\t<div class=\"elementor-element elementor-element-411e3a4 elementor-widget__width-initial elementor-widget elementor-widget-text-editor\" data-id=\"411e3a4\" data-element_type=\"widget\" data-e-type=\"widget\" data-widget_type=\"text-editor.default\">\n\t\t\t\t<div class=\"elementor-widget-container\">\n\t\t\t\t\t\t\t\t\t<p><b>Ideol\u00f3gi\u00e1kon t\u00fal: Dubrovnik 1950<\/b><\/p><p>Az 1950-ben Jugoszl\u00e1vi\u00e1ban megrendezett 9. sakkolimpi\u00e1ra k\u00e9sz\u00fclt k\u00e9szlet a sakkt\u00f6rt\u00e9nelem egyik legradik\u00e1lisabb tervez\u00e9si forradalm\u00e1t k\u00e9pviseli. A montenegr\u00f3i fest\u0151 \u00e9s szobr\u00e1sz, Petar Po\u010dek \u00e1ltal tervezett k\u00e9szlet c\u00e9lja az volt, hogy a m\u00e1sodik vil\u00e1gh\u00e1bor\u00fat k\u00f6vet\u0151en a j\u00e1t\u00e9k egyes\u00edt\u0151 ereje r\u00e9v\u00e9n \u00fajraegyes\u00edtse a vil\u00e1got. E c\u00e9lt szem el\u0151tt tartva sz\u00e1nd\u00e9kosan elt\u00e1vol\u00edtottak minden vall\u00e1si szimb\u00f3lumot: a kir\u00e1lyon l\u00e9v\u0151 hagyom\u00e1nyos keresztet egy egyszer\u0171 g\u00f6mb v\u00e1ltotta fel, \u00e9s a fut\u00f3n l\u00e9v\u0151, a klerikusi mitr\u00e1t szimboliz\u00e1l\u00f3 bev\u00e1g\u00e1st is elt\u00fcntett\u00e9k.<\/p><p>Ez a \u201cvil\u00e1gi\u201d \u00e9s inkluz\u00edv tervez\u00e9s a sakkot a konkr\u00e9t hitek szimb\u00f3lum\u00e1b\u00f3l egyetemes m\u0171alkot\u00e1ss\u00e1 v\u00e1ltoztatta. Bobby Fischer a \u201clegjobb k\u00e9szlet, amivel valaha is j\u00e1tszottam\u201d - \u00edgy ragaszkodott hozz\u00e1, hogy a Szpasszkij elleni 1992-es t\u00f6rt\u00e9nelmi visszav\u00e1g\u00f3n is ezt a k\u00e9szletet haszn\u00e1lja -, \u00e9s ez a formatervez\u00e9s a b\u00e9k\u00e9s \u00e9s modern j\u00f6v\u0151 m\u00e9ly eszt\u00e9tikai \u00edg\u00e9ret\u00e9t jelenti a k\u00e9zm\u0171vess\u00e9g sz\u00e1m\u00e1ra.<\/p>\t\t\t\t\t\t\t\t<\/div>\n\t\t\t\t<\/div>\n\t\t<div class=\"elementor-element elementor-element-8bffdfb e-con-full e-flex e-con e-child\" data-id=\"8bffdfb\" data-element_type=\"container\" data-e-type=\"container\">\n\t\t\t\t<div class=\"elementor-element elementor-element-e67be09 elementor-widget__width-initial elementor-widget elementor-widget-image\" data-id=\"e67be09\" data-element_type=\"widget\" data-e-type=\"widget\" data-widget_type=\"image.default\">\n\t\t\t\t<div class=\"elementor-widget-container\">\n\t\t\t\t\t\t\t\t\t\t\t\t\t\t\t<img decoding=\"async\" width=\"1028\" height=\"817\" src=\"https:\/\/shatranj.art\/wp-content\/uploads\/2026\/02\/8.jpg\" class=\"attachment-full size-full wp-image-821\" alt=\"\" srcset=\"https:\/\/shatranj.art\/wp-content\/uploads\/2026\/02\/8.jpg 1028w, https:\/\/shatranj.art\/wp-content\/uploads\/2026\/02\/8-300x238.jpg 300w, https:\/\/shatranj.art\/wp-content\/uploads\/2026\/02\/8-1024x814.jpg 1024w, https:\/\/shatranj.art\/wp-content\/uploads\/2026\/02\/8-768x610.jpg 768w\" sizes=\"(max-width: 1028px) 100vw, 1028px\" \/>\t\t\t\t\t\t\t\t\t\t\t\t\t\t\t<\/div>\n\t\t\t\t<\/div>\n\t\t\t\t<div class=\"elementor-element elementor-element-f215331 elementor-widget__width-initial elementor-widget elementor-widget-text-editor\" data-id=\"f215331\" data-element_type=\"widget\" data-e-type=\"widget\" data-widget_type=\"text-editor.default\">\n\t\t\t\t<div class=\"elementor-widget-container\">\n\t\t\t\t\t\t\t\t\t<p><b>Hat\u00e1rokon t\u00fali szenved\u00e9ly: Szabadka sakk\u00f6r\u00f6ks\u00e9ge<\/b><\/p><p>A Szabadka hat\u00e1rv\u00e1rosban \u00e9letre keltett \u00e9s a legend\u00e1s szabadkai m\u0171helyekben k\u00e9sz\u00edtett k\u00e9szlet Jugoszl\u00e1via sakkvil\u00e1g\u00e1nak aranykor\u00e1t jelk\u00e9pezi. Ezek a figur\u00e1k azt a korszakot k\u00e9pviselik, amikor a sakk igazi n\u00e9pi kult\u00farak\u00e9nt gy\u00f6keret vert minden otthonban, iskol\u00e1ban \u00e9s k\u00f6zparkban. A balk\u00e1ni k\u00e9zm\u0171vess\u00e9g egyszer\u0171, tart\u00f3s \u00e9s m\u00e9lt\u00f3s\u00e1gteljes eszt\u00e9tik\u00e1j\u00e1t hordozva mes\u00e9lnek arr\u00f3l, hogyan fejl\u0151d\u00f6tt a sakk elit sportb\u00f3l a t\u00e1rsadalom minden r\u00e9teg\u00e9t egyes\u00edt\u0151, k\u00f6z\u00f6s t\u00e1rsadalmi nyelvv\u00e9. A Szabadkai k\u00e9szlet id\u0151t\u00e1ll\u00f3 kultur\u00e1lis h\u00edd marad, ahol a m\u0171v\u00e9szet \u00e9s a strat\u00e9gia tal\u00e1lkozik.<\/p>\t\t\t\t\t\t\t\t<\/div>\n\t\t\t\t<\/div>\n\t\t\t\t<\/div>\n\t\t\t\t\t<\/div>\n\t\t\t\t<\/div>\n\t\t\t\t<\/div>","protected":false},"excerpt":{"rendered":"<p>Beyond Ideologies: The 1950 Dubrovnik Set Specially created for the 9th Chess Olympiad in 1950 in Yugoslavia, this set represents one of the most radical design revolutions in chess history. Designed by Montenegrin painter and sculptor Petar Po\u010dek, the set aimed to reunite the world through the unifying power of play following the Second World [&hellip;]<\/p>\n","protected":false},"author":1,"featured_media":0,"parent":743,"menu_order":0,"comment_status":"closed","ping_status":"closed","template":"","meta":{"footnotes":""},"class_list":["post-817","page","type-page","status-publish","hentry"],"_links":{"self":[{"href":"https:\/\/shatranj.art\/hu\/wp-json\/wp\/v2\/pages\/817","targetHints":{"allow":["GET"]}}],"collection":[{"href":"https:\/\/shatranj.art\/hu\/wp-json\/wp\/v2\/pages"}],"about":[{"href":"https:\/\/shatranj.art\/hu\/wp-json\/wp\/v2\/types\/page"}],"author":[{"embeddable":true,"href":"https:\/\/shatranj.art\/hu\/wp-json\/wp\/v2\/users\/1"}],"replies":[{"embeddable":true,"href":"https:\/\/shatranj.art\/hu\/wp-json\/wp\/v2\/comments?post=817"}],"version-history":[{"count":13,"href":"https:\/\/shatranj.art\/hu\/wp-json\/wp\/v2\/pages\/817\/revisions"}],"predecessor-version":[{"id":1461,"href":"https:\/\/shatranj.art\/hu\/wp-json\/wp\/v2\/pages\/817\/revisions\/1461"}],"up":[{"embeddable":true,"href":"https:\/\/shatranj.art\/hu\/wp-json\/wp\/v2\/pages\/743"}],"wp:attachment":[{"href":"https:\/\/shatranj.art\/hu\/wp-json\/wp\/v2\/media?parent=817"}],"curies":[{"name":"wp","href":"https:\/\/api.w.org\/{rel}","templated":true}]}}