{"id":894,"date":"2026-02-22T08:28:54","date_gmt":"2026-02-22T08:28:54","guid":{"rendered":"https:\/\/shatranj.art\/?page_id=894"},"modified":"2026-02-23T04:42:50","modified_gmt":"2026-02-23T04:42:50","slug":"poster-10","status":"publish","type":"page","link":"https:\/\/shatranj.art\/hu\/exhibit\/poster-10\/","title":{"rendered":"poszter 10"},"content":{"rendered":"<div data-elementor-type=\"wp-page\" data-elementor-id=\"894\" class=\"elementor elementor-894\" data-elementor-post-type=\"page\">\n\t\t\t\t<div class=\"elementor-element elementor-element-96a2a82 e-flex e-con-boxed e-con e-parent\" data-id=\"96a2a82\" data-element_type=\"container\" data-e-type=\"container\" data-settings=\"{&quot;background_background&quot;:&quot;classic&quot;}\">\n\t\t\t\t\t<div class=\"e-con-inner\">\n\t\t<div class=\"elementor-element elementor-element-7a9d5df e-con-full e-flex e-con e-child\" data-id=\"7a9d5df\" data-element_type=\"container\" data-e-type=\"container\">\n\t\t\t\t<div class=\"elementor-element elementor-element-4c3a07b elementor-widget__width-initial elementor-widget elementor-widget-text-editor\" data-id=\"4c3a07b\" data-element_type=\"widget\" data-e-type=\"widget\" data-widget_type=\"text-editor.default\">\n\t\t\t\t<div class=\"elementor-widget-container\">\n\t\t\t\t\t\t\t\t\t<p><strong>Szellemi tal\u00e1lkoz\u00e1s: A k\u00f6z\u00e9pkor n\u0151i sakkoz\u00f3i<\/strong><\/p><p>\u00a0<\/p><p>Ez a ritka miniat\u00fara az 1283-as Libro de los Juegos k\u00e9ziratb\u00f3l a sakkt\u00f6rt\u00e9net egyik leger\u0151teljesebb n\u0151i \u00e1br\u00e1zol\u00e1sa. A k\u00e9t alak egy s\u00e1tor \u00e1rny\u00e9k\u00e1ban a j\u00e1t\u00e9kra \u00f6sszpontos\u00edtva, strat\u00e9giai elm\u00e9ly\u00fclts\u00e9ggel, a korszak t\u00e1rsadalmi \u00e9s vall\u00e1si hat\u00e1rain t\u00fall\u00e9p\u0151 intellektu\u00e1lis egys\u00e9get k\u00e9pvisel. Az Al Andalus multikultur\u00e1lis \u201cConvivenci\u00e1j\u00e1t\u201d t\u00fckr\u00f6z\u0151 alkot\u00e1s azt bizony\u00edtja, hogy a sakk nem csup\u00e1n udvari id\u0151t\u00f6lt\u00e9s volt, hanem egy olyan egyetemes kifejez\u00e9si t\u00e9r, ahol a n\u0151k megmutatt\u00e1k szellemi k\u00e9pess\u00e9geiket. Ami ezen az asztalon megtestes\u00fcl, az a k\u00fcl\u00f6nb\u00f6z\u0151 vall\u00e1s\u00fa \u00e9s kult\u00far\u00e1j\u00fa n\u0151k k\u00f6z\u00f6tti civiliz\u00e1lt p\u00e1rbesz\u00e9d, amely a j\u00e1t\u00e9k tisztess\u00e9ges \u00e9s struktur\u00e1lt vil\u00e1g\u00e1ban tal\u00e1lkozik.<\/p>\t\t\t\t\t\t\t\t<\/div>\n\t\t\t\t<\/div>\n\t\t\t\t<div class=\"elementor-element elementor-element-0b75406 elementor-widget__width-initial elementor-widget elementor-widget-image\" data-id=\"0b75406\" data-element_type=\"widget\" data-e-type=\"widget\" data-widget_type=\"image.default\">\n\t\t\t\t<div class=\"elementor-widget-container\">\n\t\t\t\t\t\t\t\t\t\t\t\t\t\t\t<img fetchpriority=\"high\" decoding=\"async\" width=\"800\" height=\"570\" src=\"https:\/\/shatranj.art\/wp-content\/uploads\/2026\/02\/10-1024x730.jpg\" class=\"attachment-large size-large wp-image-900\" alt=\"\" srcset=\"https:\/\/shatranj.art\/wp-content\/uploads\/2026\/02\/10-1024x730.jpg 1024w, https:\/\/shatranj.art\/wp-content\/uploads\/2026\/02\/10-300x214.jpg 300w, https:\/\/shatranj.art\/wp-content\/uploads\/2026\/02\/10-768x548.jpg 768w, https:\/\/shatranj.art\/wp-content\/uploads\/2026\/02\/10.jpg 1474w\" sizes=\"(max-width: 800px) 100vw, 800px\" \/>\t\t\t\t\t\t\t\t\t\t\t\t\t\t\t<\/div>\n\t\t\t\t<\/div>\n\t\t\t\t<div class=\"elementor-element elementor-element-58f2c39 elementor-widget__width-initial elementor-widget elementor-widget-image\" data-id=\"58f2c39\" data-element_type=\"widget\" data-e-type=\"widget\" data-widget_type=\"image.default\">\n\t\t\t\t<div class=\"elementor-widget-container\">\n\t\t\t\t\t\t\t\t\t\t\t\t\t\t\t<img decoding=\"async\" width=\"800\" height=\"450\" src=\"https:\/\/shatranj.art\/wp-content\/uploads\/2026\/02\/10-1-1024x576.jpg\" class=\"attachment-large size-large wp-image-901\" alt=\"\" srcset=\"https:\/\/shatranj.art\/wp-content\/uploads\/2026\/02\/10-1-1024x576.jpg 1024w, https:\/\/shatranj.art\/wp-content\/uploads\/2026\/02\/10-1-300x169.jpg 300w, https:\/\/shatranj.art\/wp-content\/uploads\/2026\/02\/10-1-768x432.jpg 768w, https:\/\/shatranj.art\/wp-content\/uploads\/2026\/02\/10-1.jpg 1534w\" sizes=\"(max-width: 800px) 100vw, 800px\" \/>\t\t\t\t\t\t\t\t\t\t\t\t\t\t\t<\/div>\n\t\t\t\t<\/div>\n\t\t\t\t<div class=\"elementor-element elementor-element-41081fb elementor-widget__width-initial elementor-widget elementor-widget-text-editor\" data-id=\"41081fb\" data-element_type=\"widget\" data-e-type=\"widget\" data-widget_type=\"text-editor.default\">\n\t\t\t\t<div class=\"elementor-widget-container\">\n\t\t\t\t\t\t\t\t\t<p><b>Az el\u0151\u00edt\u00e9letek sakk-mattja: <\/b><b>Al-Andal\u00faz kultur\u00e1lis h\u00eddja<\/b><\/p><p>\u00a0<\/p><p>Az 1283-as Libro de los Juegos c\u00edm\u0171 k\u00e9ziratb\u00f3l sz\u00e1rmaz\u00f3 e leny\u0171g\u00f6z\u0151 jelenet egyetlen sakkt\u00e1bl\u00e1n egyes\u00edti a k\u00f6z\u00e9pkor multikultur\u00e1lis sz\u00f6vet\u00e9t. Egy muszlimot \u00e9s egy zsid\u00f3t \u00e1br\u00e1zol, akik a vall\u00e1si \u00e9s t\u00e1rsadalmi korl\u00e1tokat f\u00e9lret\u00e9ve szellemi k\u00fczdelmet v\u00edvnak, \u00e9s a sakk vil\u00e1gi \u00e9s egyetemes erej\u00e9r\u0151l tesz tan\u00fabizonys\u00e1got. A sakkfigur\u00e1k a F\u00f6ldk\u00f6zi-tenger, \u00c9szak-Afrika \u00e9s a K\u00f6zel-Kelet egys\u00e9ges kultur\u00e1lis \u00f6r\u00f6ks\u00e9g\u00e9t k\u00e9pviselik, absztrakt \u00e9s geometrikus form\u00e1kat \u00e1br\u00e1zolnak, amelyek teljesen n\u00e9lk\u00fcl\u00f6zik a vall\u00e1si ikonogr\u00e1fi\u00e1t. Ez a holisztikus tervez\u00e9si filoz\u00f3fia lehet\u0151v\u00e9 teszi, hogy a j\u00e1t\u00e9kosok kiz\u00e1r\u00f3lag a j\u00e1t\u00e9kszab\u00e1lyokra \u00e9s egym\u00e1s intellektus\u00e1ra koncentr\u00e1ljanak, \u00edgy a sakkt\u00e1bla val\u00f3ban semleges terepp\u00e9 v\u00e1lik. Az asztaln\u00e1l kialakult civiliz\u00e1lt p\u00e1rbesz\u00e9d a k\u00e9zm\u0171vess\u00e9g \u00e9s a strat\u00e9gia egyes\u00edt\u0151 erej\u00e9t szimboliz\u00e1lja.<\/p>\t\t\t\t\t\t\t\t<\/div>\n\t\t\t\t<\/div>\n\t\t\t\t<\/div>\n\t\t\t\t\t<\/div>\n\t\t\t\t<\/div>\n\t\t\t\t<\/div>","protected":false},"excerpt":{"rendered":"<p>An Intellectual Encounter: The Female Chess Players of the Middle Ages \u00a0 This rare miniature from the 1283 manuscript Libro de los Juegos features one of the most powerful depictions of women in chess history. Focused on the game with strategic depth under the shade of a tent, these two figures represent a union of [&hellip;]<\/p>\n","protected":false},"author":1,"featured_media":0,"parent":743,"menu_order":0,"comment_status":"closed","ping_status":"closed","template":"","meta":{"footnotes":""},"class_list":["post-894","page","type-page","status-publish","hentry"],"_links":{"self":[{"href":"https:\/\/shatranj.art\/hu\/wp-json\/wp\/v2\/pages\/894","targetHints":{"allow":["GET"]}}],"collection":[{"href":"https:\/\/shatranj.art\/hu\/wp-json\/wp\/v2\/pages"}],"about":[{"href":"https:\/\/shatranj.art\/hu\/wp-json\/wp\/v2\/types\/page"}],"author":[{"embeddable":true,"href":"https:\/\/shatranj.art\/hu\/wp-json\/wp\/v2\/users\/1"}],"replies":[{"embeddable":true,"href":"https:\/\/shatranj.art\/hu\/wp-json\/wp\/v2\/comments?post=894"}],"version-history":[{"count":7,"href":"https:\/\/shatranj.art\/hu\/wp-json\/wp\/v2\/pages\/894\/revisions"}],"predecessor-version":[{"id":1198,"href":"https:\/\/shatranj.art\/hu\/wp-json\/wp\/v2\/pages\/894\/revisions\/1198"}],"up":[{"embeddable":true,"href":"https:\/\/shatranj.art\/hu\/wp-json\/wp\/v2\/pages\/743"}],"wp:attachment":[{"href":"https:\/\/shatranj.art\/hu\/wp-json\/wp\/v2\/media?parent=894"}],"curies":[{"name":"wp","href":"https:\/\/api.w.org\/{rel}","templated":true}]}}