{"id":936,"date":"2026-02-22T10:03:32","date_gmt":"2026-02-22T10:03:32","guid":{"rendered":"https:\/\/shatranj.art\/?page_id=936"},"modified":"2026-02-23T08:46:38","modified_gmt":"2026-02-23T08:46:38","slug":"poster-14","status":"publish","type":"page","link":"https:\/\/shatranj.art\/hu\/exhibit\/poster-14\/","title":{"rendered":"poszter 14"},"content":{"rendered":"<div data-elementor-type=\"wp-page\" data-elementor-id=\"936\" class=\"elementor elementor-936\" data-elementor-post-type=\"page\">\n\t\t\t\t<div class=\"elementor-element elementor-element-c355192 e-flex e-con-boxed e-con e-parent\" data-id=\"c355192\" data-element_type=\"container\" data-e-type=\"container\" data-settings=\"{&quot;background_background&quot;:&quot;classic&quot;}\">\n\t\t\t\t\t<div class=\"e-con-inner\">\n\t\t<div class=\"elementor-element elementor-element-5bf7f96 e-con-full e-flex e-con e-child\" data-id=\"5bf7f96\" data-element_type=\"container\" data-e-type=\"container\">\n\t\t\t\t<div class=\"elementor-element elementor-element-82eab3c elementor-widget__width-initial elementor-widget-mobile__width-inherit elementor-widget elementor-widget-image\" data-id=\"82eab3c\" data-element_type=\"widget\" data-e-type=\"widget\" data-widget_type=\"image.default\">\n\t\t\t\t<div class=\"elementor-widget-container\">\n\t\t\t\t\t\t\t\t\t\t\t\t\t\t\t<img fetchpriority=\"high\" decoding=\"async\" width=\"768\" height=\"1024\" src=\"https:\/\/shatranj.art\/wp-content\/uploads\/2026\/02\/14-768x1024.jpg\" class=\"attachment-large size-large wp-image-939\" alt=\"\" srcset=\"https:\/\/shatranj.art\/wp-content\/uploads\/2026\/02\/14-768x1024.jpg 768w, https:\/\/shatranj.art\/wp-content\/uploads\/2026\/02\/14-225x300.jpg 225w, https:\/\/shatranj.art\/wp-content\/uploads\/2026\/02\/14-1152x1536.jpg 1152w, https:\/\/shatranj.art\/wp-content\/uploads\/2026\/02\/14-1536x2048.jpg 1536w, https:\/\/shatranj.art\/wp-content\/uploads\/2026\/02\/14-scaled.jpg 1920w\" sizes=\"(max-width: 768px) 100vw, 768px\" \/>\t\t\t\t\t\t\t\t\t\t\t\t\t\t\t<\/div>\n\t\t\t\t<\/div>\n\t\t\t\t<div class=\"elementor-element elementor-element-f30dc26 elementor-widget__width-initial elementor-widget elementor-widget-text-editor\" data-id=\"f30dc26\" data-element_type=\"widget\" data-e-type=\"widget\" data-widget_type=\"text-editor.default\">\n\t\t\t\t<div class=\"elementor-widget-container\">\n\t\t\t\t\t\t\t\t\t<p><strong>Egy gorganita arisztokrata szellemi hagyat\u00e9ka<\/strong><\/p><p>\u00a0<\/p><p>Al-Suli nem csup\u00e1n kor\u00e1nak kiemelked\u0151 sakkmestere volt; az abb\u00e1szida kalif\u00e1k \u201cnadim\u201d (udvari k\u00eds\u00e9r\u0151je), palotat\u00f6rt\u00e9n\u00e9sz \u00e9s \u00e9les esz\u0171 k\u00f6lt\u0151. Kr. u. 870 k\u00f6r\u00fcl sz\u00fcletett Gorganban, \u00e9s sz\u00e1rmaz\u00e1sa a dehiszt\u00e1ni sztyepp\u00e9ken tal\u00e1lhat\u00f3 Sul er\u0151d\u00edtm\u00e9nyig vezethet\u0151 vissza, ahol egykor nagyapja, a t\u00f6r\u00f6k herceg, Sul tekin uralkodott. Ennek a nemesi \u00f6r\u00f6ks\u00e9gnek ma szobor \u00e1ll\u00edt eml\u00e9ket a t\u00fcrkmeniszt\u00e1ni Aszgabatban tal\u00e1lhat\u00f3 f\u00fcggetlens\u00e9gi eml\u00e9km\u0171n\u00e9l.<\/p><p>\u00a0<\/p><p>Az \u201cAliya\u201d rangot, a sakkban el\u00e9rhet\u0151 legmagasabb c\u00edmet birtokl\u00f3 Al-Suli a j\u00e1t\u00e9kot struktur\u00e1lt tudom\u00e1nyos \u00e9p\u00edtm\u00e9nny\u00e9 alak\u00edtotta \u00e1t. Kitab al-Shatranj c\u00edm\u0171 alapvet\u0151 m\u0171v\u00e9ben \u0151 volt az els\u0151, aki szisztematikusan dokument\u00e1lta a nyit\u00f3form\u00e1ci\u00f3kat (tabiyas) \u00e9s a v\u00e9gj\u00e1t\u00e9kstrat\u00e9gi\u00e1kat (mansubas). Az \u00e1ltala fel\u00e1ll\u00edtott elm\u00e9leti keretrendszer \u00e9vsz\u00e1zadokon \u00e1t, eg\u00e9szen a modern sakkszab\u00e1lyok megjelen\u00e9s\u00e9ig, az elsaj\u00e1t\u00edt\u00e1s meghat\u00e1roz\u00f3 m\u00e9rc\u00e9je \u00e9s els\u0151dleges hivatkoz\u00e1si alapja maradt.<\/p>\t\t\t\t\t\t\t\t<\/div>\n\t\t\t\t<\/div>\n\t\t<div class=\"elementor-element elementor-element-8f27e89 e-con-full e-flex e-con e-child\" data-id=\"8f27e89\" data-element_type=\"container\" data-e-type=\"container\">\n\t\t\t\t<div class=\"elementor-element elementor-element-374a727 elementor-widget-mobile__width-inherit elementor-widget elementor-widget-image\" data-id=\"374a727\" data-element_type=\"widget\" data-e-type=\"widget\" data-widget_type=\"image.default\">\n\t\t\t\t<div class=\"elementor-widget-container\">\n\t\t\t\t\t\t\t\t\t\t\t\t\t\t\t<img decoding=\"async\" width=\"800\" height=\"457\" src=\"https:\/\/shatranj.art\/wp-content\/uploads\/2026\/02\/14-1-1024x585.jpg\" class=\"attachment-large size-large wp-image-940\" alt=\"\" srcset=\"https:\/\/shatranj.art\/wp-content\/uploads\/2026\/02\/14-1-1024x585.jpg 1024w, https:\/\/shatranj.art\/wp-content\/uploads\/2026\/02\/14-1-300x171.jpg 300w, https:\/\/shatranj.art\/wp-content\/uploads\/2026\/02\/14-1-768x439.jpg 768w, https:\/\/shatranj.art\/wp-content\/uploads\/2026\/02\/14-1-1536x877.jpg 1536w, https:\/\/shatranj.art\/wp-content\/uploads\/2026\/02\/14-1-2048x1170.jpg 2048w\" sizes=\"(max-width: 800px) 100vw, 800px\" \/>\t\t\t\t\t\t\t\t\t\t\t\t\t\t\t<\/div>\n\t\t\t\t<\/div>\n\t\t\t\t<div class=\"elementor-element elementor-element-118c953 elementor-widget-mobile__width-inherit elementor-widget elementor-widget-image\" data-id=\"118c953\" data-element_type=\"widget\" data-e-type=\"widget\" data-widget_type=\"image.default\">\n\t\t\t\t<div class=\"elementor-widget-container\">\n\t\t\t\t\t\t\t\t\t\t\t\t\t\t\t<img decoding=\"async\" width=\"800\" height=\"488\" src=\"https:\/\/shatranj.art\/wp-content\/uploads\/2026\/02\/14-2-1024x624.jpg\" class=\"attachment-large size-large wp-image-941\" alt=\"\" srcset=\"https:\/\/shatranj.art\/wp-content\/uploads\/2026\/02\/14-2-1024x624.jpg 1024w, https:\/\/shatranj.art\/wp-content\/uploads\/2026\/02\/14-2-300x183.jpg 300w, https:\/\/shatranj.art\/wp-content\/uploads\/2026\/02\/14-2-768x468.jpg 768w, https:\/\/shatranj.art\/wp-content\/uploads\/2026\/02\/14-2-1536x936.jpg 1536w, https:\/\/shatranj.art\/wp-content\/uploads\/2026\/02\/14-2-2048x1249.jpg 2048w\" sizes=\"(max-width: 800px) 100vw, 800px\" \/>\t\t\t\t\t\t\t\t\t\t\t\t\t\t\t<\/div>\n\t\t\t\t<\/div>\n\t\t\t\t<\/div>\n\t\t\t\t<div class=\"elementor-element elementor-element-bbcc28f elementor-widget__width-initial elementor-widget elementor-widget-text-editor\" data-id=\"bbcc28f\" data-element_type=\"widget\" data-e-type=\"widget\" data-widget_type=\"text-editor.default\">\n\t\t\t\t<div class=\"elementor-widget-container\">\n\t\t\t\t\t\t\t\t\t<p><b>Suli gy\u00e9m\u00e1ntja: A strat\u00e9gia \u00e9vezredes \u201cmegoldhatatlan\u201d cs\u00facsa<\/b><\/p><p>\u00a0<\/p><p>A 10. sz\u00e1zadban Abu Bakr bin Yahya al-Suli gorganita mester \u00e1ltal \u00f6ssze\u00e1ll\u00edtott \u201cGy\u00e9m\u00e1nt\u201d a sakkt\u00f6rt\u00e9net leglegend\u00e1sabb \u00e9s legt\u00f6bbet t\u00e1rgyalt rejtv\u00e9nye. K\u00edv\u00fclr\u0151l val\u00f3 abszol\u00fat egyszer\u0171s\u00e9ge ellen\u00e9re - a v\u00e9gj\u00e1t\u00e9kban mindk\u00e9t oldalon csak egy kir\u00e1ly \u00e9s egy Ferz (a kir\u00e1lyn\u0151 t\u00f6rt\u00e9nelmi el\u0151dje) szerepel - ez a kompoz\u00edci\u00f3 ezer \u00e9ven \u00e1t a sakkvil\u00e1g \u201cmegfejthetetlen\u201d Everestje maradt. Al-Suli e brili\u00e1ns alkot\u00e1sa a t\u00f6rt\u00e9nelmi sakkoz\u00e1s hat\u00e1rait feszeget\u0151 man\u0151verez\u00e9s legmagasabb m\u0171v\u00e9szete.<\/p><p>\u00a0<\/p><p><strong>A S\u00fcleymaniye k\u00e9ziratban rejl\u0151 titok<\/strong><\/p><p>\u00a0<\/p><p>Ennek a rejt\u00e9lynek a legelevenebb feljegyz\u00e9se a Kitab Ash-Shatranjnak az isztambuli S\u00fcleymaniye K\u00f6nyvt\u00e1rban \u0151rz\u00f6tt p\u00e9ld\u00e1ny\u00e1ban tal\u00e1lhat\u00f3. B\u00e1r ennek a konkr\u00e9t k\u00e9ziratnak a lapjai \u00e9pek, nyilv\u00e1nval\u00f3, hogy bizonyos poz\u00edci\u00f3kat \u00e9s l\u00e9p\u00e9seket hib\u00e1san vagy hi\u00e1nyosan \u00edrtak \u00e1t az eredeti forr\u00e1sb\u00f3l. M\u00e9gis, m\u00e9g ezekkel a t\u00f6rt\u00e9nelmi \u00edr\u00e1st\u00f6rt\u00e9neti hib\u00e1kkal egy\u00fctt is, a sz\u00f6vegben megadott r\u00e9szleges megold\u00e1s t\u00f6k\u00e9letesen illeszkedik Jurij Averbakh nagymester 20. sz\u00e1zadban v\u00e9gzett m\u00e9ly elemz\u0151 munk\u00e1j\u00e1hoz. Al-Suli ezzel a dacos \u00e1ll\u00edt\u00e1ssal tette halhatatlann\u00e1 mester\u00e9nek kiz\u00e1r\u00f3lagoss\u00e1g\u00e1t:<\/p><p>\u201cSenki sem oldja meg, csak azok, akiket \u00e9n tan\u00edtottam\u201d<\/p><p>\u00a0<\/p><p><strong>Az algoritmusok diadala:<\/strong> <strong>shatranj.ai<\/strong><\/p><p>\u00a0<\/p><p>A \u201cgy\u00e9m\u00e1ntot\u201d, amely egy \u00e9vezredig k\u00e1pr\u00e1ztatta el az emberi elm\u00e9ket, mostanra a digit\u00e1lis kor ereje teljesen megvil\u00e1g\u00edtotta. A shatranj.ai projekt keret\u00e9ben, dinamikus programoz\u00e1si m\u00f3dszerek \u00e9s modern, \u201chash\u201d (transzpoz\u00edci\u00f3s t\u00e1bl\u00e1zat) funkci\u00f3val rendelkez\u0151 algoritmusok seg\u00edts\u00e9g\u00e9vel e zseni\u00e1lis kompoz\u00edci\u00f3 minden vari\u00e1ci\u00f3j\u00e1t matematikailag megoldott\u00e1k. Ez az \u00fat, amely a S\u00fcleymaniye k\u00e9ziratok sorait\u00f3l a modern k\u00f3dokig tart, Al-Suli id\u0151tlen strat\u00e9giai zsenialit\u00e1s\u00e1nak v\u00e9gs\u0151 igazol\u00e1sa, amely bizony\u00edtja, hogy ami egykor a mester kiv\u00e1lasztott tan\u00edtv\u00e1nyainak volt fenntartva, ma m\u00e1r a tiszta logika nyelv\u00e9n kereszt\u00fcl is meg\u00e9rthet\u0151.<\/p>\t\t\t\t\t\t\t\t<\/div>\n\t\t\t\t<\/div>\n\t\t\t\t<\/div>\n\t\t\t\t\t<\/div>\n\t\t\t\t<\/div>\n\t\t\t\t<\/div>","protected":false},"excerpt":{"rendered":"<p>The Intellectual Legacy of a Gorganite Aristocrat \u00a0 Al-Suli was not merely the preeminent chess master of his age; he was a &#8220;nadim&#8221; (court companion) to Abbasid Caliphs, a palace historian, and a sharp-witted poet. Born in Gorgan around 870 AD, his lineage traces back to the fortified Fortress of Sul in the Dehistan steppes, [&hellip;]<\/p>\n","protected":false},"author":1,"featured_media":0,"parent":743,"menu_order":0,"comment_status":"closed","ping_status":"closed","template":"","meta":{"footnotes":""},"class_list":["post-936","page","type-page","status-publish","hentry"],"_links":{"self":[{"href":"https:\/\/shatranj.art\/hu\/wp-json\/wp\/v2\/pages\/936","targetHints":{"allow":["GET"]}}],"collection":[{"href":"https:\/\/shatranj.art\/hu\/wp-json\/wp\/v2\/pages"}],"about":[{"href":"https:\/\/shatranj.art\/hu\/wp-json\/wp\/v2\/types\/page"}],"author":[{"embeddable":true,"href":"https:\/\/shatranj.art\/hu\/wp-json\/wp\/v2\/users\/1"}],"replies":[{"embeddable":true,"href":"https:\/\/shatranj.art\/hu\/wp-json\/wp\/v2\/comments?post=936"}],"version-history":[{"count":31,"href":"https:\/\/shatranj.art\/hu\/wp-json\/wp\/v2\/pages\/936\/revisions"}],"predecessor-version":[{"id":1351,"href":"https:\/\/shatranj.art\/hu\/wp-json\/wp\/v2\/pages\/936\/revisions\/1351"}],"up":[{"embeddable":true,"href":"https:\/\/shatranj.art\/hu\/wp-json\/wp\/v2\/pages\/743"}],"wp:attachment":[{"href":"https:\/\/shatranj.art\/hu\/wp-json\/wp\/v2\/media?parent=936"}],"curies":[{"name":"wp","href":"https:\/\/api.w.org\/{rel}","templated":true}]}}