{"id":945,"date":"2026-02-22T14:34:32","date_gmt":"2026-02-22T14:34:32","guid":{"rendered":"https:\/\/shatranj.art\/?page_id=945"},"modified":"2026-02-23T10:43:41","modified_gmt":"2026-02-23T10:43:41","slug":"poster-15","status":"publish","type":"page","link":"https:\/\/shatranj.art\/hu\/exhibit\/poster-15\/","title":{"rendered":"poszter 15"},"content":{"rendered":"<div data-elementor-type=\"wp-page\" data-elementor-id=\"945\" class=\"elementor elementor-945\" data-elementor-post-type=\"page\">\n\t\t\t\t<div class=\"elementor-element elementor-element-8fd0c1a e-flex e-con-boxed e-con e-parent\" data-id=\"8fd0c1a\" data-element_type=\"container\" data-e-type=\"container\" data-settings=\"{&quot;background_background&quot;:&quot;classic&quot;}\">\n\t\t\t\t\t<div class=\"e-con-inner\">\n\t\t<div class=\"elementor-element elementor-element-a491ef7 e-con-full e-flex e-con e-child\" data-id=\"a491ef7\" data-element_type=\"container\" data-e-type=\"container\">\n\t\t\t\t<div class=\"elementor-element elementor-element-25c1e59 elementor-widget elementor-widget-image\" data-id=\"25c1e59\" data-element_type=\"widget\" data-e-type=\"widget\" data-widget_type=\"image.default\">\n\t\t\t\t<div class=\"elementor-widget-container\">\n\t\t\t\t\t\t\t\t\t\t\t\t\t\t\t<img fetchpriority=\"high\" decoding=\"async\" width=\"2400\" height=\"1350\" src=\"https:\/\/shatranj.art\/wp-content\/uploads\/2026\/02\/17.jpg\" class=\"attachment-full size-full wp-image-965\" alt=\"\" srcset=\"https:\/\/shatranj.art\/wp-content\/uploads\/2026\/02\/17.jpg 2400w, https:\/\/shatranj.art\/wp-content\/uploads\/2026\/02\/17-300x169.jpg 300w, https:\/\/shatranj.art\/wp-content\/uploads\/2026\/02\/17-1024x576.jpg 1024w, https:\/\/shatranj.art\/wp-content\/uploads\/2026\/02\/17-768x432.jpg 768w, https:\/\/shatranj.art\/wp-content\/uploads\/2026\/02\/17-1536x864.jpg 1536w, https:\/\/shatranj.art\/wp-content\/uploads\/2026\/02\/17-2048x1152.jpg 2048w\" sizes=\"(max-width: 2400px) 100vw, 2400px\" \/>\t\t\t\t\t\t\t\t\t\t\t\t\t\t\t<\/div>\n\t\t\t\t<\/div>\n\t\t\t\t<div class=\"elementor-element elementor-element-ede708d elementor-widget elementor-widget-text-editor\" data-id=\"ede708d\" data-element_type=\"widget\" data-e-type=\"widget\" data-widget_type=\"text-editor.default\">\n\t\t\t\t<div class=\"elementor-widget-container\">\n\t\t\t\t\t\t\t\t\t<h3><b>Hagyom\u00e1nyos t\u00f6r\u00f6k d\u00e1maj\u00e1t\u00e9k: Urfa strat\u00e9giai \u00f6r\u00f6ks\u00e9ge<\/b><\/h3><p>A k\u00e1v\u00e9h\u00e1zak csendes p\u00e1rbaj A t\u00f6r\u00f6k d\u00e1ma (Dama) egy anat\u00f3liai szellemi diszcipl\u00edna, amely egyedi szab\u00e1lyai r\u00e9v\u00e9n k\u00fcl\u00f6nb\u00f6zik nyugati t\u00e1rsait\u00f3l. Ebben a v\u00e1ltozatban a b\u00e1buk nem \u00e1tl\u00f3san, hanem ortogon\u00e1lisan mozognak el\u0151re \u00e9s oldalra, ami egy line\u00e1ris \u00e9s sokkal agressz\u00edvebb strat\u00e9giai t\u00e1jk\u00e9pet teremt. Az olyan \u0151si v\u00e1rosokban, mint \u015eanl\u0131urfa, a d\u00e1ma nem puszt\u00e1n k\u00e9t j\u00e1t\u00e9kos k\u00f6z\u00f6tti verseny; ez egy kollekt\u00edv t\u00e1rsadalmi ritu\u00e1l\u00e9, amelyet az \u00e1ztatott tea illata, a n\u00e9z\u0151k komment\u00e1rjai \u00e9s az \u00f3r\u00e1kig tart\u00f3 m\u00e9ly elemz\u00e9s k\u00eds\u00e9r.<\/p><p>A mesteri tud\u00e1s \u00e9s az el\u0151rel\u00e1t\u00e1s kult\u00far\u00e1ja Az urfai d\u00e1mai kult\u00far\u00e1ban a j\u00e1t\u00e9kosok nagys\u00e1g\u00e1t nem csak a gy\u0151zelmek alapj\u00e1n m\u00e9rik, hanem azon is, hogy h\u00e1ny l\u00e9p\u00e9ssel \u201cl\u00e1tnak el\u0151re\u201d. A tizenhat b\u00e1bu szimmetrikus csat\u00e1ja akkor \u00e9ri el a cs\u00facspontj\u00e1t, amikor egyetlen b\u00e1bu el\u00e9ri az utols\u00f3 sort, hogy \u201cd\u00e1m\u00e1v\u00e1\u201d (kir\u00e1lly\u00e1) v\u00e1ljon, \u00e9s hatalmat szerezzen az eg\u00e9sz t\u00e1bla f\u00f6l\u00f6tt. A 21. sz\u00e1zad digit\u00e1lis \u00e1radat\u00e1nak ellen\u00e1llva ez a hagyom\u00e1ny tov\u00e1bbra is \u00e9l\u0151 lecke a t\u00fcrelemr\u0151l \u00e9s az el\u0151rel\u00e1t\u00e1sr\u00f3l, amely gener\u00e1ci\u00f3kon kereszt\u00fcl \u00f6r\u00f6kl\u0151dik Urfa t\u00f6rt\u00e9nelmi baz\u00e1rjaiban.\u00a0<\/p>\t\t\t\t\t\t\t\t<\/div>\n\t\t\t\t<\/div>\n\t\t\t\t<\/div>\n\t\t\t\t\t<\/div>\n\t\t\t\t<\/div>\n\t\t\t\t<\/div>","protected":false},"excerpt":{"rendered":"<p>Traditional Turkish Draughts: The Strategic Heritage of Urfa The Silent Duel of the Coffeehouses Turkish Draughts (Dama) is an Anatolian intellectual discipline that stands apart from its Western counterparts through its unique rules. In this version, pieces move orthogonally forwards and sideways rather than diagonally, creating a linear and far more aggressive strategic landscape. In [&hellip;]<\/p>\n","protected":false},"author":1,"featured_media":0,"parent":743,"menu_order":0,"comment_status":"closed","ping_status":"closed","template":"","meta":{"footnotes":""},"class_list":["post-945","page","type-page","status-publish","hentry"],"_links":{"self":[{"href":"https:\/\/shatranj.art\/hu\/wp-json\/wp\/v2\/pages\/945","targetHints":{"allow":["GET"]}}],"collection":[{"href":"https:\/\/shatranj.art\/hu\/wp-json\/wp\/v2\/pages"}],"about":[{"href":"https:\/\/shatranj.art\/hu\/wp-json\/wp\/v2\/types\/page"}],"author":[{"embeddable":true,"href":"https:\/\/shatranj.art\/hu\/wp-json\/wp\/v2\/users\/1"}],"replies":[{"embeddable":true,"href":"https:\/\/shatranj.art\/hu\/wp-json\/wp\/v2\/comments?post=945"}],"version-history":[{"count":25,"href":"https:\/\/shatranj.art\/hu\/wp-json\/wp\/v2\/pages\/945\/revisions"}],"predecessor-version":[{"id":1429,"href":"https:\/\/shatranj.art\/hu\/wp-json\/wp\/v2\/pages\/945\/revisions\/1429"}],"up":[{"embeddable":true,"href":"https:\/\/shatranj.art\/hu\/wp-json\/wp\/v2\/pages\/743"}],"wp:attachment":[{"href":"https:\/\/shatranj.art\/hu\/wp-json\/wp\/v2\/media?parent=945"}],"curies":[{"name":"wp","href":"https:\/\/api.w.org\/{rel}","templated":true}]}}