{"id":954,"date":"2026-02-22T15:10:21","date_gmt":"2026-02-22T15:10:21","guid":{"rendered":"https:\/\/shatranj.art\/?page_id=954"},"modified":"2026-02-24T09:18:28","modified_gmt":"2026-02-24T09:18:28","slug":"poster-16","status":"publish","type":"page","link":"https:\/\/shatranj.art\/hu\/exhibit\/poster-16\/","title":{"rendered":"plak\u00e1t 16"},"content":{"rendered":"<div data-elementor-type=\"wp-page\" data-elementor-id=\"954\" class=\"elementor elementor-954\" data-elementor-post-type=\"page\">\n\t\t\t\t<div class=\"elementor-element elementor-element-05751de e-flex e-con-boxed e-con e-parent\" data-id=\"05751de\" data-element_type=\"container\" data-e-type=\"container\" data-settings=\"{&quot;background_background&quot;:&quot;classic&quot;}\">\n\t\t\t\t\t<div class=\"e-con-inner\">\n\t\t<div class=\"elementor-element elementor-element-415f3f4 e-con-full e-flex e-con e-child\" data-id=\"415f3f4\" data-element_type=\"container\" data-e-type=\"container\">\n\t\t\t\t<div class=\"elementor-element elementor-element-ee52ef0 elementor-widget__width-initial elementor-widget elementor-widget-image\" data-id=\"ee52ef0\" data-element_type=\"widget\" data-e-type=\"widget\" data-widget_type=\"image.default\">\n\t\t\t\t<div class=\"elementor-widget-container\">\n\t\t\t\t\t\t\t\t\t\t\t\t\t\t\t<img fetchpriority=\"high\" decoding=\"async\" width=\"723\" height=\"1024\" src=\"https:\/\/shatranj.art\/wp-content\/uploads\/2026\/02\/16-723x1024.jpg\" class=\"attachment-large size-large wp-image-959\" alt=\"\" srcset=\"https:\/\/shatranj.art\/wp-content\/uploads\/2026\/02\/16-723x1024.jpg 723w, https:\/\/shatranj.art\/wp-content\/uploads\/2026\/02\/16-212x300.jpg 212w, https:\/\/shatranj.art\/wp-content\/uploads\/2026\/02\/16-768x1087.jpg 768w, https:\/\/shatranj.art\/wp-content\/uploads\/2026\/02\/16-1085x1536.jpg 1085w, https:\/\/shatranj.art\/wp-content\/uploads\/2026\/02\/16-1447x2048.jpg 1447w, https:\/\/shatranj.art\/wp-content\/uploads\/2026\/02\/16.jpg 1557w\" sizes=\"(max-width: 723px) 100vw, 723px\" \/>\t\t\t\t\t\t\t\t\t\t\t\t\t\t\t<\/div>\n\t\t\t\t<\/div>\n\t\t\t\t<div class=\"elementor-element elementor-element-bc51b4f elementor-widget__width-initial elementor-widget elementor-widget-text-editor\" data-id=\"bc51b4f\" data-element_type=\"widget\" data-e-type=\"widget\" data-widget_type=\"text-editor.default\">\n\t\t\t\t<div class=\"elementor-widget-container\">\n\t\t\t\t\t\t\t\t\t<h3><b>Bucephalus: A sztyepp\u00e9k \u00e9s a h\u00f3d\u00edt\u00e1sok legend\u00e1s szelleme<\/b><\/h3><p>Az \u00f3kori g\u00f6r\u00f6g\u00fcl \u201c\u00f6k\u00f6rfej\u0171\u201d (Boukephalos) jelent\u00e9s\u0171 Bucephalus val\u00f3sz\u00edn\u0171leg sz\u00e9les homloka vagy a v\u00e1ll\u00e1n l\u00e9v\u0151 b\u00e9lyegz\u00e9s miatt a t\u00f6rt\u00e9nelem legikonikusabb harci lova. A legenda szerint a thesszaliai Philonicus II. F\u00fcl\u00f6p kir\u00e1lynak aj\u00e1nlotta fel 13 talentum\u00e9rt, de senki sem tudta megszel\u00edd\u00edteni vad szellem\u00e9t. Egy fiatal S\u00e1ndor, aki \u00e9szrevette, hogy a l\u00f3 csup\u00e1n a saj\u00e1t \u00e1rny\u00e9k\u00e1t\u00f3l ijedt meg, a nap fel\u00e9 ford\u00edtotta, hogy megnyugtassa. Ezt l\u00e1tva F\u00fcl\u00f6p kir\u00e1ly h\u00edresen kijelentette: \u201c\u00d3, fiam, keress magadnak egy hozz\u00e1d m\u00e9lt\u00f3 \u00e9s m\u00e9lt\u00f3 kir\u00e1lys\u00e1got, mert Maced\u00f3nia t\u00fal kev\u00e9s neked!\u201d.\u201d<\/p><p>\u00a0<\/p><p>A csataterekt\u0151l a halhatatlans\u00e1gig<\/p><p>\u00a0<\/p><p>B\u00fck\u00e9phalosz v\u00e9gigk\u00eds\u00e9rte S\u00e1ndor eg\u00e9sz hadj\u00e1rat\u00e1t G\u00f6r\u00f6gorsz\u00e1gb\u00f3l India sz\u00edv\u00e9be. V\u00e9gigk\u00eds\u00e9rte ur\u00e1t a legv\u00e9resebb \u00f6sszecsap\u00e1sokon, Granikoszt\u00f3l \u00e9s Issust\u00f3l Gaugamel\u00e1ig \u00e9s a hidaspesi csat\u00e1ig. Kr. e. 326-ban, az indiai hadj\u00e1rat sor\u00e1n vagy harci sebes\u00fcl\u00e9sekben, vagy \u00f6regs\u00e9g\u00e9ben (k\u00f6zel 30 \u00e9vesen) elhunyt. Tisztelet\u00e9re Alexandrosz megalap\u00edtotta Alexandria Bucephala v\u00e1ros\u00e1t a mai Pakiszt\u00e1nban, a Jhelum foly\u00f3 partj\u00e1n.<\/p><p>\u00a0<\/p><p>Kultur\u00e1lis \u00f6r\u00f6ks\u00e9g<\/p><p>\u00a0<\/p><p>A m\u0171v\u00e9szet \u00e9s az irodalom t\u00f6rt\u00e9net\u00e9ben Bucephalus a hatalom, a h\u0171s\u00e9g \u00e9s az \u00e9les \u00f6szt\u00f6n\u00f6k szimb\u00f3lumak\u00e9nt jelenik meg. A keleti hagyom\u00e1nyokban, ahol Alexandert gyakran \u201cIskandar\u201d-k\u00e9nt azonos\u00edtj\u00e1k, Bucephalust term\u00e9szetfeletti tulajdons\u00e1gokkal felruh\u00e1zott h\u0171s\u00e9ges t\u00e1rsk\u00e9nt \u00e1br\u00e1zolj\u00e1k. \u0150 marad a t\u00f6rt\u00e9nelem legnagyobb h\u00f3d\u00edt\u00f3ja m\u00f6g\u00f6tt \u00e1ll\u00f3 igazi \u201cszellem\u201d, aki a csatat\u00e9ren t\u00fali k\u00f6tel\u00e9ket k\u00e9pviseli.<\/p>\t\t\t\t\t\t\t\t<\/div>\n\t\t\t\t<\/div>\n\t\t\t\t<\/div>\n\t\t\t\t\t<\/div>\n\t\t\t\t<\/div>\n\t\t\t\t<\/div>","protected":false},"excerpt":{"rendered":"<p>Bucephalus: The Legendary Spirit of the Steppes and Conquests Meaning &#8220;Ox-headed&#8221; (Boukephalos) in Ancient Greek likely due to his broad brow or a branding on his shoulder Bucephalus is the most iconic warhorse in history. Legend tells that he was offered to King Philip II by Philonicus the Thessalian for the staggering sum of 13 [&hellip;]<\/p>\n","protected":false},"author":1,"featured_media":0,"parent":743,"menu_order":0,"comment_status":"closed","ping_status":"closed","template":"","meta":{"footnotes":""},"class_list":["post-954","page","type-page","status-publish","hentry"],"_links":{"self":[{"href":"https:\/\/shatranj.art\/hu\/wp-json\/wp\/v2\/pages\/954","targetHints":{"allow":["GET"]}}],"collection":[{"href":"https:\/\/shatranj.art\/hu\/wp-json\/wp\/v2\/pages"}],"about":[{"href":"https:\/\/shatranj.art\/hu\/wp-json\/wp\/v2\/types\/page"}],"author":[{"embeddable":true,"href":"https:\/\/shatranj.art\/hu\/wp-json\/wp\/v2\/users\/1"}],"replies":[{"embeddable":true,"href":"https:\/\/shatranj.art\/hu\/wp-json\/wp\/v2\/comments?post=954"}],"version-history":[{"count":13,"href":"https:\/\/shatranj.art\/hu\/wp-json\/wp\/v2\/pages\/954\/revisions"}],"predecessor-version":[{"id":1579,"href":"https:\/\/shatranj.art\/hu\/wp-json\/wp\/v2\/pages\/954\/revisions\/1579"}],"up":[{"embeddable":true,"href":"https:\/\/shatranj.art\/hu\/wp-json\/wp\/v2\/pages\/743"}],"wp:attachment":[{"href":"https:\/\/shatranj.art\/hu\/wp-json\/wp\/v2\/media?parent=954"}],"curies":[{"name":"wp","href":"https:\/\/api.w.org\/{rel}","templated":true}]}}