{"id":969,"date":"2026-02-22T15:22:14","date_gmt":"2026-02-22T15:22:14","guid":{"rendered":"https:\/\/shatranj.art\/?page_id=969"},"modified":"2026-02-23T04:55:45","modified_gmt":"2026-02-23T04:55:45","slug":"poster-18","status":"publish","type":"page","link":"https:\/\/shatranj.art\/hu\/exhibit\/poster-18\/","title":{"rendered":"18-as poszter"},"content":{"rendered":"<div data-elementor-type=\"wp-page\" data-elementor-id=\"969\" class=\"elementor elementor-969\" data-elementor-post-type=\"page\">\n\t\t\t\t<div class=\"elementor-element elementor-element-e18ac67 e-flex e-con-boxed e-con e-parent\" data-id=\"e18ac67\" data-element_type=\"container\" data-e-type=\"container\" data-settings=\"{&quot;background_background&quot;:&quot;classic&quot;}\">\n\t\t\t\t\t<div class=\"e-con-inner\">\n\t\t<div class=\"elementor-element elementor-element-36bf2c2 e-con-full e-flex e-con e-child\" data-id=\"36bf2c2\" data-element_type=\"container\" data-e-type=\"container\">\n\t\t\t\t<div class=\"elementor-element elementor-element-1244f27 elementor-widget__width-initial elementor-widget elementor-widget-image\" data-id=\"1244f27\" data-element_type=\"widget\" data-e-type=\"widget\" data-widget_type=\"image.default\">\n\t\t\t\t<div class=\"elementor-widget-container\">\n\t\t\t\t\t\t\t\t\t\t\t\t\t\t\t<img fetchpriority=\"high\" decoding=\"async\" width=\"800\" height=\"729\" src=\"https:\/\/shatranj.art\/wp-content\/uploads\/2026\/02\/18-1024x933.jpg\" class=\"attachment-large size-large wp-image-971\" alt=\"\" srcset=\"https:\/\/shatranj.art\/wp-content\/uploads\/2026\/02\/18-1024x933.jpg 1024w, https:\/\/shatranj.art\/wp-content\/uploads\/2026\/02\/18-300x273.jpg 300w, https:\/\/shatranj.art\/wp-content\/uploads\/2026\/02\/18-768x700.jpg 768w, https:\/\/shatranj.art\/wp-content\/uploads\/2026\/02\/18.jpg 1279w\" sizes=\"(max-width: 800px) 100vw, 800px\" \/>\t\t\t\t\t\t\t\t\t\t\t\t\t\t\t<\/div>\n\t\t\t\t<\/div>\n\t\t\t\t<div class=\"elementor-element elementor-element-917c746 elementor-widget__width-initial elementor-widget-mobile__width-inherit elementor-widget elementor-widget-image\" data-id=\"917c746\" data-element_type=\"widget\" data-e-type=\"widget\" data-widget_type=\"image.default\">\n\t\t\t\t<div class=\"elementor-widget-container\">\n\t\t\t\t\t\t\t\t\t\t\t\t\t\t\t<img decoding=\"async\" width=\"800\" height=\"790\" src=\"https:\/\/shatranj.art\/wp-content\/uploads\/2026\/02\/18-1-1024x1011.jpg\" class=\"attachment-large size-large wp-image-972\" alt=\"\" srcset=\"https:\/\/shatranj.art\/wp-content\/uploads\/2026\/02\/18-1-1024x1011.jpg 1024w, https:\/\/shatranj.art\/wp-content\/uploads\/2026\/02\/18-1-300x296.jpg 300w, https:\/\/shatranj.art\/wp-content\/uploads\/2026\/02\/18-1-768x758.jpg 768w, https:\/\/shatranj.art\/wp-content\/uploads\/2026\/02\/18-1-1536x1517.jpg 1536w, https:\/\/shatranj.art\/wp-content\/uploads\/2026\/02\/18-1.jpg 1769w\" sizes=\"(max-width: 800px) 100vw, 800px\" \/>\t\t\t\t\t\t\t\t\t\t\t\t\t\t\t<\/div>\n\t\t\t\t<\/div>\n\t\t\t\t<div class=\"elementor-element elementor-element-5c72f2f elementor-widget__width-initial elementor-widget elementor-widget-text-editor\" data-id=\"5c72f2f\" data-element_type=\"widget\" data-e-type=\"widget\" data-widget_type=\"text-editor.default\">\n\t\t\t\t<div class=\"elementor-widget-container\">\n\t\t\t\t\t\t\t\t\t<h3><b>A Mechanical Turk: A mesters\u00e9ges intelligencia els\u0151 ill\u00fazi\u00f3ja<\/b><\/h3><p><b>Egy ill\u00fazi\u00f3, amely birodalmakat var\u00e1zsolt el<\/b> <span style=\"font-weight: 400;\"><br \/><\/span>A Wolfgang von Kempelen \u00e1ltal 1770-ben M\u00e1ria Ter\u00e9zia cs\u00e1sz\u00e1rn\u0151 leny\u0171g\u00f6z\u00e9s\u00e9re tervezett \u201cmechanikus t\u00f6r\u00f6k\u201d egy bonyolult fogasker\u00e9krendszerrel m\u0171k\u00f6dtetett, \u00f6nm\u0171k\u00f6d\u0151 automat\u00e1nak t\u0171nt. A nagy szekr\u00e9nyn\u00e9l \u00fcl\u0151, hagyom\u00e1nyos oszm\u00e1n k\u00f6nt\u00f6sbe \u00e9s turb\u00e1nba \u00f6lt\u00f6z\u00f6tt figura kih\u00edvta \u00e9s legy\u0151zte a t\u00f6rt\u00e9nelem leghatalmasabb elm\u00e9it, k\u00f6zt\u00fck Bonaparte Nap\u00f3leont \u00e9s Benjamin Franklint.<\/p><p>\u00a0<\/p><p><b>Az ember a fogaskerekek k\u00f6z\u00f6tt<\/b> <span style=\"font-weight: 400;\"><br \/><\/span>A vil\u00e1g \u00e9vtizedekig azt hitte, hogy egy igazi \u201cgondolkod\u00f3 g\u00e9p\u201d szemtan\u00faja. A val\u00f3s\u00e1gban a k\u00e9sz\u00fcl\u00e9k az ill\u00fazi\u00f3 mesterm\u0171ve volt. A szekr\u00e9ny belsej\u00e9t \u00fcgyesen \u00fagy tervezt\u00e9k meg, hogy egy profi emberi sakkmestert rejtsen, aki a k\u00fcl\u00f6nb\u00f6z\u0151 ajt\u00f3k kinyit\u00e1sakor v\u00e1ltogatta a poz\u00edci\u00f3it. Egy pantogr\u00e1f-mechanizmus \u00e9s a t\u00e1bla alatti m\u00e1gneses mutat\u00f3k seg\u00edts\u00e9g\u00e9vel a rejtett j\u00e1t\u00e9kos figyelte az ellenf\u00e9l l\u00e9p\u00e9seit, \u00e9s a t\u00f6r\u00f6k mechanikus karj\u00e1n kereszt\u00fcl v\u00e9grehajtotta a saj\u00e1tjait.<\/p><p>\u00a0<\/p><p><b>Egy modern \u00f6r\u00f6ks\u00e9g<\/b> <span style=\"font-weight: 400;\"><br \/><\/span>A Mechanical Turk t\u00f6bb, mint egy megt\u00e9veszt\u00e9sr\u0151l sz\u00f3l\u00f3 t\u00f6rt\u00e9net; az emberis\u00e9gnek a g\u00e9pi intelligencia ir\u00e1nti \u00f6r\u00f6k\u00f6s vonzalm\u00e1nak \u00e9s a g\u00e9pi intelligenci\u00e1t\u00f3l val\u00f3 f\u00e9lelm\u00e9nek szimb\u00f3luma. Nem v\u00e9letlen, hogy az Amazon ma \u201cMechanical Turk\u201d-nek nevezte el mikrofeladat-felv\u00e9teli platformj\u00e1t. A n\u00e9v tov\u00e1bbra is tisztelg\u00e9s az olyan feladatok el\u0151tt, amelyeket a sz\u00e1m\u00edt\u00f3g\u00e9pek m\u00e9g nem tudnak elv\u00e9gezni, de amelyeket az emberek csendben, \u201ca sz\u00ednfalak m\u00f6g\u00f6tt\u201d megoldanak.\u201d<\/p>\t\t\t\t\t\t\t\t<\/div>\n\t\t\t\t<\/div>\n\t\t\t\t<\/div>\n\t\t\t\t\t<\/div>\n\t\t\t\t<\/div>\n\t\t\t\t<\/div>","protected":false},"excerpt":{"rendered":"<p>The Mechanical Turk: The First Illusion of Artificial Intelligence An Illusion That Enchanted Empires Designed in 1770 by Wolfgang von Kempelen to impress Empress Maria Theresa, the &#8220;Mechanical Turk&#8221; appeared to be a self-operating automaton powered by a complex system of gears. Seated at a large cabinet and dressed in traditional Ottoman robes and a [&hellip;]<\/p>\n","protected":false},"author":1,"featured_media":0,"parent":743,"menu_order":0,"comment_status":"closed","ping_status":"closed","template":"","meta":{"footnotes":""},"class_list":["post-969","page","type-page","status-publish","hentry"],"_links":{"self":[{"href":"https:\/\/shatranj.art\/hu\/wp-json\/wp\/v2\/pages\/969","targetHints":{"allow":["GET"]}}],"collection":[{"href":"https:\/\/shatranj.art\/hu\/wp-json\/wp\/v2\/pages"}],"about":[{"href":"https:\/\/shatranj.art\/hu\/wp-json\/wp\/v2\/types\/page"}],"author":[{"embeddable":true,"href":"https:\/\/shatranj.art\/hu\/wp-json\/wp\/v2\/users\/1"}],"replies":[{"embeddable":true,"href":"https:\/\/shatranj.art\/hu\/wp-json\/wp\/v2\/comments?post=969"}],"version-history":[{"count":7,"href":"https:\/\/shatranj.art\/hu\/wp-json\/wp\/v2\/pages\/969\/revisions"}],"predecessor-version":[{"id":1225,"href":"https:\/\/shatranj.art\/hu\/wp-json\/wp\/v2\/pages\/969\/revisions\/1225"}],"up":[{"embeddable":true,"href":"https:\/\/shatranj.art\/hu\/wp-json\/wp\/v2\/pages\/743"}],"wp:attachment":[{"href":"https:\/\/shatranj.art\/hu\/wp-json\/wp\/v2\/media?parent=969"}],"curies":[{"name":"wp","href":"https:\/\/api.w.org\/{rel}","templated":true}]}}