{"id":976,"date":"2026-02-22T15:26:41","date_gmt":"2026-02-22T15:26:41","guid":{"rendered":"https:\/\/shatranj.art\/?page_id=976"},"modified":"2026-02-23T04:57:59","modified_gmt":"2026-02-23T04:57:59","slug":"poster-19","status":"publish","type":"page","link":"https:\/\/shatranj.art\/hu\/exhibit\/poster-19\/","title":{"rendered":"poszter 19"},"content":{"rendered":"<div data-elementor-type=\"wp-page\" data-elementor-id=\"976\" class=\"elementor elementor-976\" data-elementor-post-type=\"page\">\n\t\t\t\t<div class=\"elementor-element elementor-element-bd53a03 e-flex e-con-boxed e-con e-parent\" data-id=\"bd53a03\" data-element_type=\"container\" data-e-type=\"container\" data-settings=\"{&quot;background_background&quot;:&quot;classic&quot;}\">\n\t\t\t\t\t<div class=\"e-con-inner\">\n\t\t<div class=\"elementor-element elementor-element-258a2d8 e-con-full e-flex e-con e-child\" data-id=\"258a2d8\" data-element_type=\"container\" data-e-type=\"container\">\n\t\t\t\t<div class=\"elementor-element elementor-element-54379e5 elementor-widget__width-initial elementor-widget elementor-widget-image\" data-id=\"54379e5\" data-element_type=\"widget\" data-e-type=\"widget\" data-widget_type=\"image.default\">\n\t\t\t\t<div class=\"elementor-widget-container\">\n\t\t\t\t\t\t\t\t\t\t\t\t\t\t\t<img fetchpriority=\"high\" decoding=\"async\" width=\"800\" height=\"842\" src=\"https:\/\/shatranj.art\/wp-content\/uploads\/2026\/02\/19-973x1024.jpg\" class=\"attachment-large size-large wp-image-979\" alt=\"\" srcset=\"https:\/\/shatranj.art\/wp-content\/uploads\/2026\/02\/19-973x1024.jpg 973w, https:\/\/shatranj.art\/wp-content\/uploads\/2026\/02\/19-285x300.jpg 285w, https:\/\/shatranj.art\/wp-content\/uploads\/2026\/02\/19-768x808.jpg 768w, https:\/\/shatranj.art\/wp-content\/uploads\/2026\/02\/19.jpg 1121w\" sizes=\"(max-width: 800px) 100vw, 800px\" \/>\t\t\t\t\t\t\t\t\t\t\t\t\t\t\t<\/div>\n\t\t\t\t<\/div>\n\t\t\t\t<div class=\"elementor-element elementor-element-38b79a5 elementor-widget__width-initial elementor-widget elementor-widget-text-editor\" data-id=\"38b79a5\" data-element_type=\"widget\" data-e-type=\"widget\" data-widget_type=\"text-editor.default\">\n\t\t\t\t<div class=\"elementor-widget-container\">\n\t\t\t\t\t\t\t\t\t<p><strong>Deep Blue vs. Kaszparov: Kaszparov: A g\u00e9pi dominancia hajnala<\/strong><\/p><p>\u00a0<\/p><p><span style=\"font-weight: 400;\">1997-ben a vil\u00e1g t\u00f6rt\u00e9nelmi fordul\u00f3pontnak volt szemtan\u00faja az ember \u00e9s a g\u00e9p k\u00f6z\u00f6tti kapcsolatban. Az IBM \u00e1ltal kifejlesztett szupersz\u00e1m\u00edt\u00f3g\u00e9p, a <\/span>M\u00e9lyk\u00e9k<span style=\"font-weight: 400;\"> legy\u0151zte a regn\u00e1l\u00f3 vil\u00e1gbajnokot, <\/span>Garry Kasparov<span style=\"font-weight: 400;\">, egy hatmeccses sorozatban. Ez volt az els\u0151 alkalom, hogy egy sz\u00e1m\u00edt\u00f3g\u00e9p legy\u0151z\u00f6tt egy vil\u00e1gbajnokot egy tornaszer\u0171 m\u00e9rk\u0151z\u00e9sen, szabv\u00e1nyos id\u0151szab\u00e1lyoz\u00e1s mellett.<\/span><\/p><p>\u00a0<\/p><p><b>Brute Force Power:<\/b><span style=\"font-weight: 400;\"> A Deep Blue a speci\u00e1lis hardverek mesterm\u0171ve volt, amely m\u00e1sodpercenk\u00e9nt 200 milli\u00f3 poz\u00edci\u00f3 kisz\u00e1m\u00edt\u00e1s\u00e1ra volt k\u00e9pes.<\/span><\/p><p>\u00a0<\/p><p><b>Szimbolikus gy\u0151zelem:<\/b><span style=\"font-weight: 400;\"> Ez a m\u00e9rk\u0151z\u00e9s megv\u00e1ltoztatta a mesters\u00e9ges intelligencia glob\u00e1lis meg\u00edt\u00e9l\u00e9s\u00e9t. Bebizonyosodott, hogy b\u00e1r az emberi intu\u00edci\u00f3 m\u00e9lyrehat\u00f3, a g\u00e9p puszta sz\u00e1m\u00edt\u00e1si sebess\u00e9ge k\u00e9pes legy\u0151zni a korszak legnagyobb strat\u00e9giai elm\u00e9j\u00e9t.<\/span><\/p>\t\t\t\t\t\t\t\t<\/div>\n\t\t\t\t<\/div>\n\t\t\t\t<div class=\"elementor-element elementor-element-d1ad4e6 elementor-widget__width-initial elementor-widget elementor-widget-image\" data-id=\"d1ad4e6\" data-element_type=\"widget\" data-e-type=\"widget\" data-widget_type=\"image.default\">\n\t\t\t\t<div class=\"elementor-widget-container\">\n\t\t\t\t\t\t\t\t\t\t\t\t\t\t\t<img decoding=\"async\" width=\"800\" height=\"600\" src=\"https:\/\/shatranj.art\/wp-content\/uploads\/2026\/02\/19-1-1024x768.jpg\" class=\"attachment-large size-large wp-image-980\" alt=\"\" srcset=\"https:\/\/shatranj.art\/wp-content\/uploads\/2026\/02\/19-1-1024x768.jpg 1024w, https:\/\/shatranj.art\/wp-content\/uploads\/2026\/02\/19-1-300x225.jpg 300w, https:\/\/shatranj.art\/wp-content\/uploads\/2026\/02\/19-1-768x576.jpg 768w, https:\/\/shatranj.art\/wp-content\/uploads\/2026\/02\/19-1.jpg 1250w\" sizes=\"(max-width: 800px) 100vw, 800px\" \/>\t\t\t\t\t\t\t\t\t\t\t\t\t\t\t<\/div>\n\t\t\t\t<\/div>\n\t\t\t\t<div class=\"elementor-element elementor-element-e238e58 elementor-widget__width-initial elementor-widget elementor-widget-image\" data-id=\"e238e58\" data-element_type=\"widget\" data-e-type=\"widget\" data-widget_type=\"image.default\">\n\t\t\t\t<div class=\"elementor-widget-container\">\n\t\t\t\t\t\t\t\t\t\t\t\t\t\t\t<img decoding=\"async\" width=\"682\" height=\"1024\" src=\"https:\/\/shatranj.art\/wp-content\/uploads\/2026\/02\/19-2-682x1024.jpg\" class=\"attachment-large size-large wp-image-981\" alt=\"\" srcset=\"https:\/\/shatranj.art\/wp-content\/uploads\/2026\/02\/19-2-682x1024.jpg 682w, https:\/\/shatranj.art\/wp-content\/uploads\/2026\/02\/19-2-200x300.jpg 200w, https:\/\/shatranj.art\/wp-content\/uploads\/2026\/02\/19-2-768x1154.jpg 768w, https:\/\/shatranj.art\/wp-content\/uploads\/2026\/02\/19-2-1023x1536.jpg 1023w, https:\/\/shatranj.art\/wp-content\/uploads\/2026\/02\/19-2-1363x2048.jpg 1363w, https:\/\/shatranj.art\/wp-content\/uploads\/2026\/02\/19-2.jpg 1667w\" sizes=\"(max-width: 682px) 100vw, 682px\" \/>\t\t\t\t\t\t\t\t\t\t\t\t\t\t\t<\/div>\n\t\t\t\t<\/div>\n\t\t\t\t<div class=\"elementor-element elementor-element-a12f1b5 elementor-widget__width-inherit elementor-widget elementor-widget-text-editor\" data-id=\"a12f1b5\" data-element_type=\"widget\" data-e-type=\"widget\" data-widget_type=\"text-editor.default\">\n\t\t\t\t<div class=\"elementor-widget-container\">\n\t\t\t\t\t\t\t\t\t<h3><b>Stockfish: A nagymesteri elemz\u00e9s demokratiz\u00e1l\u00e1sa<\/b><\/h3><p>Stockfish<span style=\"font-weight: 400;\"> a vil\u00e1g leger\u0151sebb ny\u00edlt forr\u00e1sk\u00f3d\u00fa sakkmotorja. A m\u00falt exkluz\u00edv szupersz\u00e1m\u00edt\u00f3g\u00e9peivel ellent\u00e9tben a Stockfish ingyenes \u00e9s mindenki sz\u00e1m\u00e1ra el\u00e9rhet\u0151, az amat\u0151r hobbist\u00e1kt\u00f3l a vil\u00e1gklasszis nagymesterekig.<\/span><\/p><ul><li style=\"font-weight: 400;\" aria-level=\"1\"><b>A glob\u00e1lis szabv\u00e1ny:<\/b><span style=\"font-weight: 400;\"> A Stockfish, amely folyamatosan a motorok ranglist\u00e1inak \u00e9l\u00e9n \u00e1ll, a j\u00e1t\u00e9kelemz\u00e9s \u00e9s a strat\u00e9giafejleszt\u00e9s v\u00e9gs\u0151 eszk\u00f6zek\u00e9nt szolg\u00e1l.<\/span><\/li><li style=\"font-weight: 400;\" aria-level=\"1\"><b>Idegi evol\u00faci\u00f3:<\/b><span style=\"font-weight: 400;\"> Eredetileg a klasszikus \u201ckeres\u00e9s \u00e9s ki\u00e9rt\u00e9kel\u00e9s\u201d algoritmusokon alapult, a Stockfish modern v\u00e1ltozatai azonban m\u00e1r a k\u00f6vetkez\u0151 m\u00f3dszereket haszn\u00e1lj\u00e1k <\/span>NNUE (Hat\u00e9konyan friss\u00edthet\u0151 neur\u00e1lis h\u00e1l\u00f3zatok)<span style=\"font-weight: 400;\">. Ez a f\u00fazi\u00f3 lehet\u0151v\u00e9 teszi, hogy a hatalmas sz\u00e1m\u00edt\u00e1si sebess\u00e9get az \u00f6sszetett poz\u00edci\u00f3k m\u00e9lyebb, szinte emberhez hasonl\u00f3 \u201cmeg\u00e9rt\u00e9s\u00e9vel\u201d kombin\u00e1lja, \u00edgy az ELO-\u00e9rt\u00e9k j\u00f3val meghaladja a k\u00f6vetkez\u0151 \u00e9rt\u00e9keket. <\/span>3500<span style=\"font-weight: 400;\">.<\/span><\/li><\/ul>\t\t\t\t\t\t\t\t<\/div>\n\t\t\t\t<\/div>\n\t\t\t\t<div class=\"elementor-element elementor-element-5ec8752 elementor-widget__width-initial elementor-widget elementor-widget-image\" data-id=\"5ec8752\" data-element_type=\"widget\" data-e-type=\"widget\" data-widget_type=\"image.default\">\n\t\t\t\t<div class=\"elementor-widget-container\">\n\t\t\t\t\t\t\t\t\t\t\t\t\t\t\t<img loading=\"lazy\" decoding=\"async\" width=\"800\" height=\"800\" src=\"https:\/\/shatranj.art\/wp-content\/uploads\/2026\/02\/19-1024x1024.png\" class=\"attachment-large size-large wp-image-982\" alt=\"\" srcset=\"https:\/\/shatranj.art\/wp-content\/uploads\/2026\/02\/19-1024x1024.png 1024w, https:\/\/shatranj.art\/wp-content\/uploads\/2026\/02\/19-300x300.png 300w, https:\/\/shatranj.art\/wp-content\/uploads\/2026\/02\/19-150x150.png 150w, https:\/\/shatranj.art\/wp-content\/uploads\/2026\/02\/19-768x768.png 768w, https:\/\/shatranj.art\/wp-content\/uploads\/2026\/02\/19.png 1056w\" sizes=\"(max-width: 800px) 100vw, 800px\" \/>\t\t\t\t\t\t\t\t\t\t\t\t\t\t\t<\/div>\n\t\t\t\t<\/div>\n\t\t\t\t<div class=\"elementor-element elementor-element-f657508 elementor-widget__width-initial elementor-widget-tablet__width-inherit elementor-widget elementor-widget-text-editor\" data-id=\"f657508\" data-element_type=\"widget\" data-e-type=\"widget\" data-widget_type=\"text-editor.default\">\n\t\t\t\t<div class=\"elementor-widget-container\">\n\t\t\t\t\t\t\t\t\t<h3><b>AlphaZero: A g\u00e9pi intu\u00edci\u00f3 \u00e9s kreativit\u00e1s kora<\/b><\/h3><p>A Google DeepMind \u00e1ltal kifejlesztett AlphaZero forradalmas\u00edtotta a mesters\u00e9ges intelligenci\u00e1r\u00f3l val\u00f3 gondolkod\u00e1sunkat. M\u00edg a kor\u00e1bbi motorokat emberek \u201ctan\u00edtott\u00e1k\u201d programozott szab\u00e1lyok seg\u00edts\u00e9g\u00e9vel, az AlphaZero egy \u00f6ntanul\u00f3 rendszer volt.<\/p><ul><li style=\"font-weight: 400;\" aria-level=\"1\"><b>Tabula Rasa (A semmib\u0151l):<\/b><span style=\"font-weight: 400;\"> AlphaZero csak a sakk alapvet\u0151 szab\u00e1lyait kapta meg. Az\u00e1ltal, hogy meger\u0151s\u00edtett tanul\u00e1ssal t\u00f6bb milli\u00f3 j\u00e1tszm\u00e1t j\u00e1tszott saj\u00e1t maga ellen, mind\u00f6ssze n\u00e9gy \u00f3ra alatt emberfeletti szint\u0171 mesteri szintet \u00e9rt el.<\/span><\/li><li style=\"font-weight: 400;\" aria-level=\"1\"><b>Kreat\u00edv forradalom:<\/b><span style=\"font-weight: 400;\"> Az AlphaZero nem \u00fagy j\u00e1tszott, mint egy tipikus \u201csz\u00e1mol\u00f3g\u00e9p\u201d. Rendk\u00edv\u00fcl agressz\u00edv, kreat\u00edv \u00e9s intuit\u00edv st\u00edlust vezetett be, gyakran fel\u00e1ldozva az anyagot a hossz\u00fa t\u00e1v\u00fa poz\u00edci\u00f3s nyom\u00e1s\u00e9rt. Bebizony\u00edtotta, hogy a g\u00e9pek nemcsak gyorsabban tudnak sz\u00e1molni, mint az emberek, hanem mag\u00e1nak a j\u00e1t\u00e9knak a m\u0171v\u00e9szet\u00e9t \u00e9s kreativit\u00e1s\u00e1t is \u201c\u00fajra fel tudj\u00e1k tal\u00e1lni\u201d.<\/span><\/li><\/ul>\t\t\t\t\t\t\t\t<\/div>\n\t\t\t\t<\/div>\n\t\t\t\t<\/div>\n\t\t\t\t\t<\/div>\n\t\t\t\t<\/div>\n\t\t\t\t<\/div>","protected":false},"excerpt":{"rendered":"<p>Deep Blue vs. Kasparov: The Dawn of Machine Dominance \u00a0 In 1997, the world witnessed a historic turning point in the relationship between man and machine. Developed by IBM, the supercomputer Deep Blue defeated the reigning World Champion, Garry Kasparov, in a six-match series. This was the first time a computer had beaten a world [&hellip;]<\/p>\n","protected":false},"author":1,"featured_media":0,"parent":743,"menu_order":0,"comment_status":"closed","ping_status":"closed","template":"","meta":{"footnotes":""},"class_list":["post-976","page","type-page","status-publish","hentry"],"_links":{"self":[{"href":"https:\/\/shatranj.art\/hu\/wp-json\/wp\/v2\/pages\/976","targetHints":{"allow":["GET"]}}],"collection":[{"href":"https:\/\/shatranj.art\/hu\/wp-json\/wp\/v2\/pages"}],"about":[{"href":"https:\/\/shatranj.art\/hu\/wp-json\/wp\/v2\/types\/page"}],"author":[{"embeddable":true,"href":"https:\/\/shatranj.art\/hu\/wp-json\/wp\/v2\/users\/1"}],"replies":[{"embeddable":true,"href":"https:\/\/shatranj.art\/hu\/wp-json\/wp\/v2\/comments?post=976"}],"version-history":[{"count":7,"href":"https:\/\/shatranj.art\/hu\/wp-json\/wp\/v2\/pages\/976\/revisions"}],"predecessor-version":[{"id":1228,"href":"https:\/\/shatranj.art\/hu\/wp-json\/wp\/v2\/pages\/976\/revisions\/1228"}],"up":[{"embeddable":true,"href":"https:\/\/shatranj.art\/hu\/wp-json\/wp\/v2\/pages\/743"}],"wp:attachment":[{"href":"https:\/\/shatranj.art\/hu\/wp-json\/wp\/v2\/media?parent=976"}],"curies":[{"name":"wp","href":"https:\/\/api.w.org\/{rel}","templated":true}]}}