{"id":986,"date":"2026-02-22T15:44:16","date_gmt":"2026-02-22T15:44:16","guid":{"rendered":"https:\/\/shatranj.art\/?page_id=986"},"modified":"2026-02-23T04:58:50","modified_gmt":"2026-02-23T04:58:50","slug":"poster-20","status":"publish","type":"page","link":"https:\/\/shatranj.art\/hu\/exhibit\/poster-20\/","title":{"rendered":"poszter 20"},"content":{"rendered":"<div data-elementor-type=\"wp-page\" data-elementor-id=\"986\" class=\"elementor elementor-986\" data-elementor-post-type=\"page\">\n\t\t\t\t<div class=\"elementor-element elementor-element-12aafbd e-flex e-con-boxed e-con e-parent\" data-id=\"12aafbd\" data-element_type=\"container\" data-e-type=\"container\" data-settings=\"{&quot;background_background&quot;:&quot;classic&quot;}\">\n\t\t\t\t\t<div class=\"e-con-inner\">\n\t\t<div class=\"elementor-element elementor-element-63eb695 e-con-full e-flex e-con e-child\" data-id=\"63eb695\" data-element_type=\"container\" data-e-type=\"container\">\n\t\t\t\t<div class=\"elementor-element elementor-element-c65f0f2 elementor-widget elementor-widget-image\" data-id=\"c65f0f2\" data-element_type=\"widget\" data-e-type=\"widget\" data-widget_type=\"image.default\">\n\t\t\t\t<div class=\"elementor-widget-container\">\n\t\t\t\t\t\t\t\t\t\t\t\t\t\t\t<img fetchpriority=\"high\" decoding=\"async\" width=\"800\" height=\"563\" src=\"https:\/\/shatranj.art\/wp-content\/uploads\/2026\/02\/20-1024x720.jpg\" class=\"attachment-large size-large wp-image-989\" alt=\"\" srcset=\"https:\/\/shatranj.art\/wp-content\/uploads\/2026\/02\/20-1024x720.jpg 1024w, https:\/\/shatranj.art\/wp-content\/uploads\/2026\/02\/20-300x211.jpg 300w, https:\/\/shatranj.art\/wp-content\/uploads\/2026\/02\/20-768x540.jpg 768w, https:\/\/shatranj.art\/wp-content\/uploads\/2026\/02\/20-1536x1080.jpg 1536w, https:\/\/shatranj.art\/wp-content\/uploads\/2026\/02\/20-2048x1440.jpg 2048w\" sizes=\"(max-width: 800px) 100vw, 800px\" \/>\t\t\t\t\t\t\t\t\t\t\t\t\t\t\t<\/div>\n\t\t\t\t<\/div>\n\t\t\t\t<div class=\"elementor-element elementor-element-c898b64 elementor-widget elementor-widget-text-editor\" data-id=\"c898b64\" data-element_type=\"widget\" data-e-type=\"widget\" data-widget_type=\"text-editor.default\">\n\t\t\t\t<div class=\"elementor-widget-container\">\n\t\t\t\t\t\t\t\t\t<h3><b>Alquerque: Alfonz \u00f6r\u00f6ks\u00e9ge: A d\u00e1ma \u0151se \u00e9s Alfonz \u00f6r\u00f6ks\u00e9ge<\/b><\/h3><p><b>A strat\u00e9gia Kaszt\u00edli\u00e1t\u00f3l napjainkig terjed\u0151 strat\u00e9gi\u00e1ja<\/b> <span style=\"font-weight: 400;\"><br \/><\/span>A X. Alfonz kaszt\u00edliai kir\u00e1ly (B\u00f6lcs Alfonz) \u00e1ltal 1283-ban megrendelt Libro de los Juegos (A j\u00e1t\u00e9kok k\u00f6nyve) a k\u00f6z\u00e9pkori Eur\u00f3pa j\u00e1t\u00e9kkult\u00far\u00e1j\u00e1nak leg\u00e1tfog\u00f3bb dokumentuma. A k\u00f6nyv lapjain r\u00e9szletesen bemutatott Alquerque az arab vil\u00e1gban \u201cEl-Qirkat\u201d n\u00e9ven ismert \u0151si strat\u00e9giai j\u00e1t\u00e9k eur\u00f3pai evol\u00faci\u00f3ja, amelynek gy\u00f6kerei az \u00f3kori Egyiptomba ny\u00falnak vissza. A 13. sz\u00e1zadi Spanyolorsz\u00e1gban az Alquerque tan\u00fabizonys\u00e1got tett arr\u00f3l, hogy a kereszt\u00e9ny, muzulm\u00e1n \u00e9s zsid\u00f3 tud\u00f3sok hogyan m\u0171k\u00f6dtek egy\u00fctt, hogy hidat k\u00e9pezzenek a Kelet \u00e9s a Nyugat tud\u00e1sa k\u00f6z\u00f6tt.<\/p><p><b>Az \u00fat a sorsol\u00e1shoz<\/b> <span style=\"font-weight: 400;\"><br \/><\/span>Az Alquerque egy 5\u00d75-\u00f6s r\u00e1cson 12 figur\u00e1val j\u00e1tszott j\u00e1t\u00e9k, az Alquerque a \u201cjumping capture\u201d mechanika sz\u00fcl\u0151helye, amely a modern Draughts alapszab\u00e1lya. A 15. sz\u00e1zad v\u00e9g\u00e9n, amikor ezeket a dinamikus szab\u00e1lyokat \u00e1tvitt\u00e9k a 8\u00d78-as sakkt\u00e1bl\u00e1ra, megsz\u00fcletett a ma ismert d\u00e1maj\u00e1t\u00e9k. Ez az \u00e1br\u00e1zol\u00e1s azt bizony\u00edtja, hogy a j\u00e1t\u00e9k nem puszt\u00e1n id\u0151t\u00f6lt\u00e9s, hanem egy egyetemes nyelv, amely \u00f6sszek\u00f6ti a f\u00f6ldrajzokat, nyelveket \u00e9s vall\u00e1sokat.<\/p>\t\t\t\t\t\t\t\t<\/div>\n\t\t\t\t<\/div>\n\t\t\t\t<\/div>\n\t\t\t\t\t<\/div>\n\t\t\t\t<\/div>\n\t\t\t\t<\/div>","protected":false},"excerpt":{"rendered":"<p>Alquerque: The Ancient Ancestor of Draughts and the Legacy of Alfonso A Strategy Stretching from Castile to the Present Commissioned in 1283 by King Alfonso X of Castile (Alfonso the Wise), the Libro de los Juegos (The Book of Games) remains the most comprehensive record of gaming culture in Medieval Europe. Alquerque, detailed within its [&hellip;]<\/p>\n","protected":false},"author":1,"featured_media":0,"parent":743,"menu_order":0,"comment_status":"closed","ping_status":"closed","template":"","meta":{"footnotes":""},"class_list":["post-986","page","type-page","status-publish","hentry"],"_links":{"self":[{"href":"https:\/\/shatranj.art\/hu\/wp-json\/wp\/v2\/pages\/986","targetHints":{"allow":["GET"]}}],"collection":[{"href":"https:\/\/shatranj.art\/hu\/wp-json\/wp\/v2\/pages"}],"about":[{"href":"https:\/\/shatranj.art\/hu\/wp-json\/wp\/v2\/types\/page"}],"author":[{"embeddable":true,"href":"https:\/\/shatranj.art\/hu\/wp-json\/wp\/v2\/users\/1"}],"replies":[{"embeddable":true,"href":"https:\/\/shatranj.art\/hu\/wp-json\/wp\/v2\/comments?post=986"}],"version-history":[{"count":7,"href":"https:\/\/shatranj.art\/hu\/wp-json\/wp\/v2\/pages\/986\/revisions"}],"predecessor-version":[{"id":1231,"href":"https:\/\/shatranj.art\/hu\/wp-json\/wp\/v2\/pages\/986\/revisions\/1231"}],"up":[{"embeddable":true,"href":"https:\/\/shatranj.art\/hu\/wp-json\/wp\/v2\/pages\/743"}],"wp:attachment":[{"href":"https:\/\/shatranj.art\/hu\/wp-json\/wp\/v2\/media?parent=986"}],"curies":[{"name":"wp","href":"https:\/\/api.w.org\/{rel}","templated":true}]}}