{"id":1053,"date":"2026-02-22T18:09:29","date_gmt":"2026-02-22T18:09:29","guid":{"rendered":"https:\/\/shatranj.art\/?page_id=1053"},"modified":"2026-02-23T05:20:05","modified_gmt":"2026-02-23T05:20:05","slug":"poster-28","status":"publish","type":"page","link":"https:\/\/shatranj.art\/hy\/exhibit\/poster-28\/","title":{"rendered":"\u057a\u0561\u057d\u057f\u0561\u057c 28"},"content":{"rendered":"<div data-elementor-type=\"wp-page\" data-elementor-id=\"1053\" class=\"elementor elementor-1053\" data-elementor-post-type=\"page\">\n\t\t\t\t<div class=\"elementor-element elementor-element-0bbd3b8 e-flex e-con-boxed e-con e-parent\" data-id=\"0bbd3b8\" data-element_type=\"container\" data-e-type=\"container\" data-settings=\"{&quot;background_background&quot;:&quot;classic&quot;}\">\n\t\t\t\t\t<div class=\"e-con-inner\">\n\t\t<div class=\"elementor-element elementor-element-c1f4b02 e-con-full e-flex e-con e-child\" data-id=\"c1f4b02\" data-element_type=\"container\" data-e-type=\"container\">\n\t\t\t\t<div class=\"elementor-element elementor-element-be9a805 elementor-widget__width-initial elementor-widget elementor-widget-image\" data-id=\"be9a805\" data-element_type=\"widget\" data-e-type=\"widget\" data-widget_type=\"image.default\">\n\t\t\t\t<div class=\"elementor-widget-container\">\n\t\t\t\t\t\t\t\t\t\t\t\t\t\t\t<img fetchpriority=\"high\" decoding=\"async\" width=\"683\" height=\"1024\" src=\"https:\/\/shatranj.art\/wp-content\/uploads\/2026\/02\/28-683x1024.jpg\" class=\"attachment-large size-large wp-image-1059\" alt=\"\" srcset=\"https:\/\/shatranj.art\/wp-content\/uploads\/2026\/02\/28-683x1024.jpg 683w, https:\/\/shatranj.art\/wp-content\/uploads\/2026\/02\/28-200x300.jpg 200w, https:\/\/shatranj.art\/wp-content\/uploads\/2026\/02\/28-768x1152.jpg 768w, https:\/\/shatranj.art\/wp-content\/uploads\/2026\/02\/28-1024x1536.jpg 1024w, https:\/\/shatranj.art\/wp-content\/uploads\/2026\/02\/28.jpg 1249w\" sizes=\"(max-width: 683px) 100vw, 683px\" \/>\t\t\t\t\t\t\t\t\t\t\t\t\t\t\t<\/div>\n\t\t\t\t<\/div>\n\t\t\t\t<div class=\"elementor-element elementor-element-b42301a elementor-widget__width-initial elementor-widget-tablet__width-inherit elementor-widget elementor-widget-text-editor\" data-id=\"b42301a\" data-element_type=\"widget\" data-e-type=\"widget\" data-widget_type=\"text-editor.default\">\n\t\t\t\t<div class=\"elementor-widget-container\">\n\t\t\t\t\t\t\t\t\t<p><b>\u015eah\u00ee \u0570\u0561\u057e\u0561\u0584\u0561\u056e\u0578\u0582\u055d Regency Philidor \u0583\u0578\u0576<\/b><\/p><p>\u00a0<\/p><p>\u054d\u0578\u0582\u0580\u0573\u056b \u0587 \u057d\u0580\u0573\u0561\u0580\u0561\u0576\u0576\u0565\u0580\u056b \u057f\u0561\u0580\u0561\u056e\u0578\u0582\u0574\u0568 \u057d\u0565\u0580\u057f\u0578\u0580\u0565\u0576 \u056f\u0561\u057a\u057e\u0561\u056e \u0567 \u0577\u0561\u056d\u0574\u0561\u057f\u056b \u0566\u0561\u0580\u0563\u0561\u0581\u0574\u0561\u0576 \u0570\u0565\u057f\u0589  \u054c\u0565\u056a\u0561\u0576\u057d \u0556\u056b\u056c\u056b\u0564\u0578\u0580\u056b \u0583\u0578\u0576\u0568 \u0578\u0563\u0565\u0577\u0576\u0579\u057e\u0561\u056e \u0567 \u053c\u0578\u0582\u057d\u0561\u057e\u0578\u0580\u0578\u0582\u0569\u0575\u0561\u0576 \u0564\u0561\u0580\u0561\u0577\u0580\u057b\u0561\u0576\u0578\u0582\u0574 \u0553\u0561\u0580\u056b\u0566\u056b \u054c\u0565\u056a\u0561\u0576\u057d \u057d\u0580\u0573\u0561\u0580\u0561\u0576\u0578\u0582\u0574 \u0585\u0563\u057f\u0561\u0563\u0578\u0580\u056e\u057e\u0561\u056e \u056b\u057d\u056f\u0561\u056f\u0561\u0576 \u0577\u0561\u056d\u0574\u0561\u057f\u056b \u0570\u0561\u057e\u0561\u0584\u0561\u056e\u0578\u0582\u0578\u057e \u0587 \u0561\u0575\u0564 \u056a\u0561\u0574\u0561\u0576\u0561\u056f\u0561\u0577\u0580\u057b\u0561\u0576\u056b \u0561\u0574\u0565\u0576\u0561\u0570\u0561\u0575\u057f\u0576\u056b \u056d\u0561\u0572\u0561\u0581\u0578\u0572 \u0556\u056b\u056c\u056b\u0564\u0578\u0580\u056b \u0570\u0561\u0575\u057f\u0576\u056b \u0561\u0580\u057f\u0561\u0570\u0561\u0575\u057f\u0578\u0582\u0569\u0575\u0561\u0574\u0562\u055d \u201c\u0553\u0578\u0576\u0576\u0565\u0580\u0568 \u0577\u0561\u056d\u0574\u0561\u057f\u056b \u0570\u0578\u0563\u056b\u0576 \u0565\u0576\u00bb\u0589.<\/p><p>\u00a0<\/p><p>\u0553\u0578\u0576\u0561\u0575\u056b\u0576 \u056f\u0561\u057c\u0578\u0582\u0581\u057e\u0561\u056e\u0584\u0568 \u0577\u0561\u056d\u0574\u0561\u057f\u0561\u0575\u056b\u0576 \u056d\u0561\u0572\u056b \u0568\u0576\u0569\u0561\u0581\u0584\u0568 \u0578\u0580\u0578\u0577\u0578\u0572 \u0561\u0574\u0565\u0576\u0561\u056f\u0561\u0580\u0587\u0578\u0580 \u0579\u0561\u0583\u0561\u0576\u056b\u0577\u0576\u0565\u0580\u056b\u0581 \u0574\u0565\u056f\u0576 \u0567, \u0587 \u0577\u0561\u057f \u0564\u056b\u0580\u0584\u0565\u0580 \u0564\u0561\u057d\u0561\u056f\u0561\u0580\u0563\u057e\u0578\u0582\u0574 \u0565\u0576 \u0583\u0578\u0576\u0561\u0575\u056b\u0576 \u056f\u0561\u057c\u0578\u0582\u0581\u057e\u0561\u056e\u0584\u0576\u0565\u0580\u056b \u0570\u056b\u0574\u0584\u0578\u057e\u0589 \u0556\u056b\u056c\u056b\u0564\u0578\u0580\u0568, \u0585\u057a\u0565\u0580\u0561\u0575\u056b \u056f\u0578\u0574\u057a\u0578\u0566\u056b\u057f\u0578\u0580 \u0587 \u0561\u0575\u0576 \u0584\u056b\u0579 \u056d\u0561\u0572\u0561\u0581\u0578\u0572\u0576\u0565\u0580\u056b\u0581 \u0574\u0565\u056f\u0568, \u0578\u057e \u0570\u0561\u0572\u0569\u0565\u056c \u0567 \u00ab\u0539\u0578\u0582\u0580\u0584\u00bb \u056f\u0578\u0579\u057e\u0578\u0572 \u0570\u0561\u0575\u057f\u0576\u056b \u0577\u0561\u056d\u0574\u0561\u057f\u0561\u0575\u056b\u0576 \u0561\u057e\u057f\u0578\u0574\u0561\u057f\u056b\u0576, \u0568\u0576\u0564\u0563\u056e\u0565\u056c \u0567, \u0578\u0580 \u0570\u0561\u057d\u0561\u0580\u0561\u056f \u0584\u0561\u0572\u0561\u0584\u0561\u0581\u056b\u0576\u0565\u0580\u0576 \u0565\u0576 \u0570\u0561\u057d\u0561\u0580\u0561\u056f\u0578\u0582\u0569\u0575\u0561\u0576 \u0570\u056b\u0574\u0584\u0568 \u0587 \u0570\u0578\u0563\u056b\u0576\u0589.<\/p>\t\t\t\t\t\t\t\t<\/div>\n\t\t\t\t<\/div>\n\t\t\t\t<div class=\"elementor-element elementor-element-080136b elementor-widget__width-initial elementor-widget elementor-widget-image\" data-id=\"080136b\" data-element_type=\"widget\" data-e-type=\"widget\" data-widget_type=\"image.default\">\n\t\t\t\t<div class=\"elementor-widget-container\">\n\t\t\t\t\t\t\t\t\t\t\t\t\t\t\t<img decoding=\"async\" width=\"683\" height=\"1024\" src=\"https:\/\/shatranj.art\/wp-content\/uploads\/2026\/02\/28-1-683x1024.jpg\" class=\"attachment-large size-large wp-image-1060\" alt=\"\" srcset=\"https:\/\/shatranj.art\/wp-content\/uploads\/2026\/02\/28-1-683x1024.jpg 683w, https:\/\/shatranj.art\/wp-content\/uploads\/2026\/02\/28-1-200x300.jpg 200w, https:\/\/shatranj.art\/wp-content\/uploads\/2026\/02\/28-1-768x1152.jpg 768w, https:\/\/shatranj.art\/wp-content\/uploads\/2026\/02\/28-1-1024x1536.jpg 1024w, https:\/\/shatranj.art\/wp-content\/uploads\/2026\/02\/28-1.jpg 1262w\" sizes=\"(max-width: 683px) 100vw, 683px\" \/>\t\t\t\t\t\t\t\t\t\t\t\t\t\t\t<\/div>\n\t\t\t\t<\/div>\n\t\t\t\t<\/div>\n\t\t<div class=\"elementor-element elementor-element-94f3877 e-con-full e-flex e-con e-child\" data-id=\"94f3877\" data-element_type=\"container\" data-e-type=\"container\">\n\t\t<div class=\"elementor-element elementor-element-da14b56 e-con-full e-flex e-con e-child\" data-id=\"da14b56\" data-element_type=\"container\" data-e-type=\"container\">\n\t\t\t\t<div class=\"elementor-element elementor-element-3478291 elementor-widget elementor-widget-image\" data-id=\"3478291\" data-element_type=\"widget\" data-e-type=\"widget\" data-widget_type=\"image.default\">\n\t\t\t\t<div class=\"elementor-widget-container\">\n\t\t\t\t\t\t\t\t\t\t\t\t\t\t\t<img decoding=\"async\" width=\"800\" height=\"648\" src=\"https:\/\/shatranj.art\/wp-content\/uploads\/2026\/02\/28-2-1024x829.jpg\" class=\"attachment-large size-large wp-image-1064\" alt=\"\" srcset=\"https:\/\/shatranj.art\/wp-content\/uploads\/2026\/02\/28-2-1024x829.jpg 1024w, https:\/\/shatranj.art\/wp-content\/uploads\/2026\/02\/28-2-300x243.jpg 300w, https:\/\/shatranj.art\/wp-content\/uploads\/2026\/02\/28-2-768x622.jpg 768w, https:\/\/shatranj.art\/wp-content\/uploads\/2026\/02\/28-2-1536x1244.jpg 1536w, https:\/\/shatranj.art\/wp-content\/uploads\/2026\/02\/28-2.jpg 1973w\" sizes=\"(max-width: 800px) 100vw, 800px\" \/>\t\t\t\t\t\t\t\t\t\t\t\t\t\t\t<\/div>\n\t\t\t\t<\/div>\n\t\t\t\t<div class=\"elementor-element elementor-element-3621f13 elementor-widget-tablet__width-inherit elementor-widget elementor-widget-text-editor\" data-id=\"3621f13\" data-element_type=\"widget\" data-e-type=\"widget\" data-widget_type=\"text-editor.default\">\n\t\t\t\t<div class=\"elementor-widget-container\">\n\t\t\t\t\t\t\t\t\t<p><span style=\"font-weight: 400;\">\u0531\u0562\u0562\u0561\u057d\u0575\u0561\u0576 \u0564\u0561\u0580\u0561\u0577\u0580\u057b\u0561\u0576\u056b \u0532\u0561\u0572\u0564\u0561\u0564\u056b \u0577\u0561\u056d\u0574\u0561\u057f\u056b \u0583\u0578\u0576\u0568, \u0561\u057c\u0561\u0576\u0571\u0576\u0561\u0581\u0578\u0572 \u0565\u0580\u056f\u0580\u0561\u0579\u0561\u0583\u0561\u056f\u0561\u0576 \u0571\u0587\u0578\u057e \u0587 \u0576\u0578\u0582\u0580\u0562 \u0574\u0561\u056f\u0565\u0580\u0565\u057d\u0561\u0575\u056b\u0576 \u0583\u0578\u0580\u0561\u0563\u0580\u0578\u0582\u0569\u0575\u0578\u0582\u0576\u0576\u0565\u0580\u0578\u057e\u0589 \u0531\u0575\u057d \u056f\u057f\u0578\u0580\u0568 \u0561\u0580\u057f\u0561\u0581\u0578\u056c\u0578\u0582\u0574 \u0567 \u057f\u057e\u0575\u0561\u056c \u056a\u0561\u0574\u0561\u0576\u0561\u056f\u0561\u0577\u0580\u057b\u0561\u0576\u056b \u0562\u0561\u0580\u0571\u0580 \u057e\u0561\u0580\u057a\u0565\u057f\u0578\u0582\u0569\u0575\u0578\u0582\u0576\u0568 \u0587 \u056b\u0580 \u0575\u0578\u0582\u0580\u0585\u0580\u056b\u0576\u0561\u056f \u0578\u0582 \u0574\u0561\u0576\u0580\u0561\u0574\u0561\u057d\u0576 \u0564\u056b\u0566\u0561\u0575\u0576\u0578\u057e \u0568\u0576\u0564\u0563\u056e\u0578\u0582\u0574 \u0567 \u0583\u0578\u0576\u056b \u057c\u0561\u0566\u0574\u0561\u057e\u0561\u0580\u0561\u056f\u0561\u0576 \u0576\u0577\u0561\u0576\u0561\u056f\u0578\u0582\u0569\u0575\u0578\u0582\u0576\u0568\u0589.<\/span><\/p>\t\t\t\t\t\t\t\t<\/div>\n\t\t\t\t<\/div>\n\t\t\t\t<\/div>\n\t\t<div class=\"elementor-element elementor-element-3a10b69 e-con-full e-flex e-con e-child\" data-id=\"3a10b69\" data-element_type=\"container\" data-e-type=\"container\">\n\t\t\t\t<div class=\"elementor-element elementor-element-9fad6d9 elementor-widget elementor-widget-image\" data-id=\"9fad6d9\" data-element_type=\"widget\" data-e-type=\"widget\" data-widget_type=\"image.default\">\n\t\t\t\t<div class=\"elementor-widget-container\">\n\t\t\t\t\t\t\t\t\t\t\t\t\t\t\t<img loading=\"lazy\" decoding=\"async\" width=\"768\" height=\"1024\" src=\"https:\/\/shatranj.art\/wp-content\/uploads\/2026\/02\/28-3-768x1024.jpg\" class=\"attachment-large size-large wp-image-1061\" alt=\"\" srcset=\"https:\/\/shatranj.art\/wp-content\/uploads\/2026\/02\/28-3-768x1024.jpg 768w, https:\/\/shatranj.art\/wp-content\/uploads\/2026\/02\/28-3-225x300.jpg 225w, https:\/\/shatranj.art\/wp-content\/uploads\/2026\/02\/28-3-1152x1536.jpg 1152w, https:\/\/shatranj.art\/wp-content\/uploads\/2026\/02\/28-3.jpg 1195w\" sizes=\"(max-width: 768px) 100vw, 768px\" \/>\t\t\t\t\t\t\t\t\t\t\t\t\t\t\t<\/div>\n\t\t\t\t<\/div>\n\t\t\t\t<div class=\"elementor-element elementor-element-7ad603d elementor-widget-tablet__width-inherit elementor-widget elementor-widget-text-editor\" data-id=\"7ad603d\" data-element_type=\"widget\" data-e-type=\"widget\" data-widget_type=\"text-editor.default\">\n\t\t\t\t<div class=\"elementor-widget-container\">\n\t\t\t\t\t\t\t\t\t<p><b>1820 \u0540\u0576\u0564\u056f\u0561\u057d\u057f\u0561\u0576 \u054a\u056b\u0578\u0576\u056b \u0584\u0561\u0580<\/b> <span style=\"font-weight: 400;\"><br \/><\/span><span style=\"font-weight: 400;\"><br \/><\/span><span style=\"font-weight: 400;\">1820 \u0569\u057e\u0561\u056f\u0561\u0576\u056b \u0586\u056b\u0563\u0578\u0582\u0580\u0561\u057f\u056b\u057e \u0577\u0561\u056d\u0574\u0561\u057f\u056b \u0583\u056b\u0578\u0576, \u057a\u0561\u057f\u056f\u0565\u0580\u057e\u0561\u056e \u0561\u057e\u0561\u0576\u0564\u0561\u056f\u0561\u0576 \u0570\u0576\u0564\u056f\u0561\u056f\u0561\u0576 \u0570\u0561\u0563\u0578\u0582\u057d\u057f\u0576\u0565\u0580\u0578\u057e \u0587 \u0561\u0584\u057d\u0565\u057d\u0578\u0582\u0561\u0580\u0576\u0565\u0580\u0578\u057e\u0589 \u0531\u0575\u057d \u056f\u057f\u0578\u0580\u0568 \u0561\u0580\u057f\u0561\u0581\u0578\u056c\u0578\u0582\u0574 \u0567 19-\u0580\u0564 \u0564\u0561\u0580\u056b \u0540\u0576\u0564\u056f\u0561\u057d\u057f\u0561\u0576\u056b \u0574\u0577\u0561\u056f\u0578\u0582\u0569\u0561\u0575\u056b\u0576 \u057f\u0561\u0580\u0580\u0565\u0580\u0568 \u0587 \u0561\u0575\u0564 \u056a\u0561\u0574\u0561\u0576\u0561\u056f\u0561\u0577\u0580\u057b\u0561\u0576\u056b \u0577\u0561\u056d\u0574\u0561\u057f\u0561\u0575\u056b\u0576 \u0570\u0561\u057e\u0561\u0584\u0561\u056e\u0578\u0582\u0576\u0565\u0580\u0578\u0582\u0574 \u056c\u0561\u0575\u0576\u0578\u0580\u0565\u0576 \u057f\u0561\u0580\u0561\u056e\u057e\u0561\u056e \u057c\u0565\u0561\u056c\u056b\u057d\u057f\u0561\u056f\u0561\u0576 \u0564\u056b\u0566\u0561\u0575\u0576\u056b \u0574\u0578\u057f\u0565\u0581\u0578\u0582\u0574\u0568\u0589.<\/span><\/p>\t\t\t\t\t\t\t\t<\/div>\n\t\t\t\t<\/div>\n\t\t\t\t<\/div>\n\t\t<div class=\"elementor-element elementor-element-926e3bd e-con-full e-flex e-con e-child\" data-id=\"926e3bd\" data-element_type=\"container\" data-e-type=\"container\">\n\t\t\t\t<div class=\"elementor-element elementor-element-8fc6637 elementor-widget elementor-widget-image\" data-id=\"8fc6637\" data-element_type=\"widget\" data-e-type=\"widget\" data-widget_type=\"image.default\">\n\t\t\t\t<div class=\"elementor-widget-container\">\n\t\t\t\t\t\t\t\t\t\t\t\t\t\t\t<img loading=\"lazy\" decoding=\"async\" width=\"800\" height=\"498\" src=\"https:\/\/shatranj.art\/wp-content\/uploads\/2026\/02\/28-5-1024x637.jpg\" class=\"attachment-large size-large wp-image-1062\" alt=\"\" srcset=\"https:\/\/shatranj.art\/wp-content\/uploads\/2026\/02\/28-5-1024x637.jpg 1024w, https:\/\/shatranj.art\/wp-content\/uploads\/2026\/02\/28-5-300x187.jpg 300w, https:\/\/shatranj.art\/wp-content\/uploads\/2026\/02\/28-5-768x478.jpg 768w, https:\/\/shatranj.art\/wp-content\/uploads\/2026\/02\/28-5-1536x955.jpg 1536w, https:\/\/shatranj.art\/wp-content\/uploads\/2026\/02\/28-5.jpg 1835w\" sizes=\"(max-width: 800px) 100vw, 800px\" \/>\t\t\t\t\t\t\t\t\t\t\t\t\t\t\t<\/div>\n\t\t\t\t<\/div>\n\t\t\t\t<div class=\"elementor-element elementor-element-ea860c4 elementor-widget-tablet__width-inherit elementor-widget elementor-widget-text-editor\" data-id=\"ea860c4\" data-element_type=\"widget\" data-e-type=\"widget\" data-widget_type=\"text-editor.default\">\n\t\t\t\t<div class=\"elementor-widget-container\">\n\t\t\t\t\t\t\t\t\t<p><b>\u0556\u0580\u0561\u0576\u057d\u056b\u0561\u056f\u0561\u0576 \u057c\u0565\u0563\u0565\u0576\u057f\u0578\u0582\u0569\u0575\u0561\u0576 \u0566\u0578\u0570<\/b> <span style=\"font-weight: 400;\"><br \/><\/span><span style=\"font-weight: 400;\"><br \/><\/span><span style=\"font-weight: 400;\">18-\u0580\u0564 \u0564\u0561\u0580\u056b \u0576\u0580\u0562\u0561\u0563\u0565\u0572 \u0567\u057d\u0569\u0565\u057f\u056b\u056f\u0561\u0576 \u0561\u0580\u057f\u0561\u0581\u0578\u056c\u0565\u056c\u0578\u057e\u055d \u0586\u0580\u0561\u0576\u057d\u056b\u0561\u056f\u0561\u0576 \u057c\u0565\u0563\u0565\u0576\u057f\u0578\u0582\u0569\u0575\u0561\u0576 \u057a\u056b\u0578\u0576\u0568 \u0574\u0561\u0580\u0574\u0576\u0561\u057e\u0578\u0580\u0578\u0582\u0574 \u0567 \u0556\u056b\u056c\u056b\u0564\u0578\u0580\u056b \u0570\u0561\u0575\u057f\u0576\u056b \u057d\u056f\u0566\u0562\u0578\u0582\u0576\u0584\u0568, \u0578\u0580 \u201c\u057a\u056b\u0578\u0576\u0576\u0565\u0580\u0568 \u0577\u0561\u056d\u0574\u0561\u057f\u056b \u0570\u0578\u0563\u056b\u0576 \u0565\u0576\u201d: \u0556\u056b\u056c\u056b\u0564\u0578\u0580\u0568, \u0578\u057e \u0576\u057a\u0561\u057d\u057f\u0565\u0581 \u0561\u0575\u057d \u0578\u0573\u056b \u057f\u0561\u0580\u0561\u056e\u0574\u0561\u0576\u0568, \u0570\u056b\u0577\u057e\u0578\u0582\u0574 \u0567 \u0576\u0561\u0587 \u201c\u0544\u0565\u056d\u0561\u0576\u056b\u056f\u0561\u056f\u0561\u0576 \u0569\u0578\u0582\u0580\u0584\u201d \u0577\u0561\u056d\u0574\u0561\u057f\u0561\u0575\u056b\u0576 \u0561\u057e\u057f\u0578\u0574\u0561\u057f\u056b\u0576 \u0570\u0561\u0572\u0569\u0565\u056c\u0578\u0582 \u0570\u0561\u0574\u0561\u0580, \u056b\u0576\u0579\u0568 \u0561\u057a\u0561\u0581\u0578\u0582\u0581\u0578\u0582\u0574 \u0567 \u0576\u0580\u0561 \u057e\u0561\u0580\u057a\u0565\u057f\u0578\u0582\u0569\u0575\u0578\u0582\u0576\u0568 \u0569\u0565\u055b \u056d\u0561\u0572\u0578\u0582\u0574, \u0569\u0565\u055b \u0561\u0575\u0564 \u0564\u0561\u0580\u056b \u0570\u0561\u0575\u057f\u0576\u056b \u056d\u0561\u0562\u056f\u0561\u0576\u0584\u0576\u0565\u0580\u0578\u0582\u0574:.<\/span><\/p>\t\t\t\t\t\t\t\t<\/div>\n\t\t\t\t<\/div>\n\t\t\t\t<\/div>\n\t\t\t\t<\/div>\n\t\t\t\t\t<\/div>\n\t\t\t\t<\/div>\n\t\t\t\t<\/div>","protected":false},"excerpt":{"rendered":"<p>The \u015eah\u00ee Set: Regency Philidor Pawn \u00a0 The spread of coffee and caf\u00e9s intertwines with the evolution of chess. The R\u00e9gence Philidor pawn is inspired by the authentic chess set from Paris-R\u00e9gence caf\u00e9 during the Age of Enlightenment and the famous phrase by the era&#8217;s strongest player, Philidor: &#8220;Pawns are the soul of chess. \u00a0 [&hellip;]<\/p>\n","protected":false},"author":1,"featured_media":0,"parent":743,"menu_order":0,"comment_status":"closed","ping_status":"closed","template":"","meta":{"footnotes":""},"class_list":["post-1053","page","type-page","status-publish","hentry"],"_links":{"self":[{"href":"https:\/\/shatranj.art\/hy\/wp-json\/wp\/v2\/pages\/1053","targetHints":{"allow":["GET"]}}],"collection":[{"href":"https:\/\/shatranj.art\/hy\/wp-json\/wp\/v2\/pages"}],"about":[{"href":"https:\/\/shatranj.art\/hy\/wp-json\/wp\/v2\/types\/page"}],"author":[{"embeddable":true,"href":"https:\/\/shatranj.art\/hy\/wp-json\/wp\/v2\/users\/1"}],"replies":[{"embeddable":true,"href":"https:\/\/shatranj.art\/hy\/wp-json\/wp\/v2\/comments?post=1053"}],"version-history":[{"count":10,"href":"https:\/\/shatranj.art\/hy\/wp-json\/wp\/v2\/pages\/1053\/revisions"}],"predecessor-version":[{"id":1252,"href":"https:\/\/shatranj.art\/hy\/wp-json\/wp\/v2\/pages\/1053\/revisions\/1252"}],"up":[{"embeddable":true,"href":"https:\/\/shatranj.art\/hy\/wp-json\/wp\/v2\/pages\/743"}],"wp:attachment":[{"href":"https:\/\/shatranj.art\/hy\/wp-json\/wp\/v2\/media?parent=1053"}],"curies":[{"name":"wp","href":"https:\/\/api.w.org\/{rel}","templated":true}]}}