{"id":1068,"date":"2026-02-22T18:39:42","date_gmt":"2026-02-22T18:39:42","guid":{"rendered":"https:\/\/shatranj.art\/?page_id=1068"},"modified":"2026-02-24T09:00:42","modified_gmt":"2026-02-24T09:00:42","slug":"poster-29","status":"publish","type":"page","link":"https:\/\/shatranj.art\/hy\/exhibit\/poster-29\/","title":{"rendered":"\u057a\u0561\u057d\u057f\u0561\u057c 29"},"content":{"rendered":"<div data-elementor-type=\"wp-page\" data-elementor-id=\"1068\" class=\"elementor elementor-1068\" data-elementor-post-type=\"page\">\n\t\t\t\t<div class=\"elementor-element elementor-element-cfd54a0 e-flex e-con-boxed e-con e-parent\" data-id=\"cfd54a0\" data-element_type=\"container\" data-e-type=\"container\" data-settings=\"{&quot;background_background&quot;:&quot;classic&quot;}\">\n\t\t\t\t\t<div class=\"e-con-inner\">\n\t\t<div class=\"elementor-element elementor-element-00cae2a e-con-full e-flex e-con e-child\" data-id=\"00cae2a\" data-element_type=\"container\" data-e-type=\"container\">\n\t\t<div class=\"elementor-element elementor-element-edcf7ea e-con-full e-flex e-con e-child\" data-id=\"edcf7ea\" data-element_type=\"container\" data-e-type=\"container\">\n\t\t\t\t<div class=\"elementor-element elementor-element-411efec elementor-widget elementor-widget-image\" data-id=\"411efec\" data-element_type=\"widget\" data-e-type=\"widget\" data-widget_type=\"image.default\">\n\t\t\t\t<div class=\"elementor-widget-container\">\n\t\t\t\t\t\t\t\t\t\t\t\t\t\t\t<img fetchpriority=\"high\" decoding=\"async\" width=\"800\" height=\"384\" src=\"https:\/\/shatranj.art\/wp-content\/uploads\/2026\/02\/regence-cafe-chess-set-1780-1820-1-1024x491.png\" class=\"attachment-large size-large wp-image-1073\" alt=\"\" srcset=\"https:\/\/shatranj.art\/wp-content\/uploads\/2026\/02\/regence-cafe-chess-set-1780-1820-1-1024x491.png 1024w, https:\/\/shatranj.art\/wp-content\/uploads\/2026\/02\/regence-cafe-chess-set-1780-1820-1-300x144.png 300w, https:\/\/shatranj.art\/wp-content\/uploads\/2026\/02\/regence-cafe-chess-set-1780-1820-1-768x369.png 768w, https:\/\/shatranj.art\/wp-content\/uploads\/2026\/02\/regence-cafe-chess-set-1780-1820-1-1536x737.png 1536w, https:\/\/shatranj.art\/wp-content\/uploads\/2026\/02\/regence-cafe-chess-set-1780-1820-1.png 1886w\" sizes=\"(max-width: 800px) 100vw, 800px\" \/>\t\t\t\t\t\t\t\t\t\t\t\t\t\t\t<\/div>\n\t\t\t\t<\/div>\n\t\t\t\t<div class=\"elementor-element elementor-element-6e231da elementor-widget-tablet__width-inherit elementor-widget elementor-widget-text-editor\" data-id=\"6e231da\" data-element_type=\"widget\" data-e-type=\"widget\" data-widget_type=\"text-editor.default\">\n\t\t\t\t<div class=\"elementor-widget-container\">\n\t\t\t\t\t\t\t\t\t<p><strong>\u015eAH\u00ce-\u056b \u0574\u0578\u0576\u0561\u0580\u056d\/\u0569\u0561\u0563\u0561\u057e\u0578\u0580\/\u0577\u0561\u0570 \u056f\u057f\u0578\u0580\u0568\u055d \u0533\u0575\u0578\u0582\u056c\u0577\u0561\u0570<\/strong><\/p><p>\u0533\u0575\u0578\u0582\u056c\u0577\u0561\u0570\u0568 \u0576\u0565\u0580\u056f\u0561\u0575\u0561\u0581\u0576\u0578\u0582\u0574 \u0567 \u0563\u056c\u056d\u0561\u0577\u0561\u056c\u056b\u0584\u056b \u056b\u0574\u0561\u057d\u057f\u0578\u0582\u0569\u0575\u0578\u0582\u0576\u0568, \u0563\u0574\u0562\u0565\u0569\u056b \u057d\u0580\u0562\u0578\u0582\u0569\u0575\u0578\u0582\u0576\u0576 \u0578\u0582 \u056c\u056b\u0561\u0566\u0578\u0580\u0578\u0582\u0569\u0575\u0578\u0582\u0576\u0568, \u0587 \u057e\u0561\u0580\u0564\u0568\u055d \u0578\u0580\u057a\u0565\u057d \u056f\u0575\u0561\u0576\u0584\u056b \u0578\u0582 \u0563\u0565\u0572\u0565\u0581\u056f\u0578\u0582\u0569\u0575\u0561\u0576 \u056d\u0578\u0580\u0570\u0580\u0564\u0561\u0576\u056b\u0577, \u0578\u0580\u0568 \u057a\u0565\u057f\u0584 \u0567 \u057a\u0561\u0577\u057f\u057a\u0561\u0576\u057e\u056b \u0574\u0561\u0569\u056b\u0581\u0589 \u0533\u0574\u0562\u0565\u0569\u0568 \u0578\u0563\u0565\u0577\u0576\u0579\u057e\u0578\u0582\u0574 \u0567 \u056d\u0578\u0580\u0570\u0580\u0564\u0561\u0576\u0577\u0561\u056f\u0561\u0576 \u056f\u0561\u057c\u0578\u0582\u0575\u0581\u0576\u0565\u0580\u056b\u0581\u055d \u0540\u0561\u0563\u056b\u0561 \u054d\u0578\u0586\u056b\u0561\u0575\u056b\u0581, \u054a\u0561\u0576\u0569\u0565\u0578\u0576\u056b\u0581 \u0587 MIT-\u056b\u0581\u0589 \u0533\u056c\u056d\u0561\u0577\u0561\u056c\u056b\u0584\u0568 \u0561\u0580\u057f\u0561\u0581\u0578\u056c\u0578\u0582\u0574 \u0567 \u057e\u0561\u0572 \u0577\u0580\u057b\u0561\u0576\u056b \u0577\u0561\u056d\u0574\u0561\u057f\u056b \u0570\u0565\u0572\u056b\u0576\u0561\u056f\u0576\u0565\u0580\u056b\u055d \u0531\u057d-\u054d\u0578\u0582\u056c\u056b\u056b \u0587 \u054d\u057f\u0561\u0574\u0574\u0561\u0575\u056b, \u0574\u057f\u0561\u057e\u0578\u0580 \u056a\u0561\u057c\u0561\u0576\u0563\u0578\u0582\u0569\u0575\u0578\u0582\u0576\u0568, \u056b\u057d\u056f \u0569\u0561\u0563\u0568 \u0570\u056b\u0577\u0565\u0581\u0576\u0578\u0582\u0574 \u0567 \u0570\u0576\u0561\u0563\u0578\u0582\u0575\u0576 \u0555\u056c\u056b\u0574\u057a\u056b\u0561\u056f\u0561\u0576 \u056d\u0561\u0572\u0565\u0580\u056b \u0571\u056b\u0569\u0565\u0576\u0578\u0582 \u057a\u057d\u0561\u056f\u0576\u0565\u0580\u0568\u0589 \u054a\u0561\u057f\u0574\u0561\u056f\u0561\u0576\u0578\u0580\u0565\u0576 \u0561\u0575\u057d \u056f\u057f\u0578\u0580\u0568 \u056f\u0578\u0579\u057e\u0565\u056c \u0567 \u057c\u0561\u057b\u0561, \u0577\u0561\u0570, \u0569\u0561\u0563\u0561\u057e\u0578\u0580 \u056f\u0561\u0574 \u0570\u0580\u0561\u0574\u0561\u0576\u0561\u057f\u0561\u0580\u0589 \u201c\u0533\u0575\u0578\u0582\u056c\u201d \u0562\u0561\u057c\u0568 \u056f\u0565\u0576\u057f\u0580\u0578\u0576\u0561\u057d\u056b\u0561\u056f\u0561\u0576 \u056c\u0565\u0566\u0578\u0582\u0576\u0565\u0580\u0578\u0582\u0574 \u0576\u0577\u0561\u0576\u0561\u056f\u0578\u0582\u0574 \u0567 \u057e\u0561\u0580\u0564\u0589 \u201c\u0547\u0561\u0570\u201d, \u0561\u0580\u057f\u0561\u057d\u0561\u0576\u057e\u0578\u0582\u0574 \u0567 \u2018\u0547\u0561\u0570\u2019, \u0562\u0561\u0566\u0574\u0561\u0569\u056b\u057e \u056c\u0565\u0566\u0578\u0582\u0576\u0565\u0580\u0578\u0582\u0574 \u0577\u0561\u056d\u0574\u0561\u057f\u056b \u0561\u0576\u057e\u0561\u0576\u0578\u0582\u0574\u0576 \u0567\u0589 \u0549\u0576\u0561\u0575\u0561\u056e \u00ab\u0577\u0561\u0570\u00bb \u0562\u0561\u057c\u0568 \u057d\u056f\u0566\u0562\u0578\u0582\u0574 \u057e\u0565\u0580\u0561\u0562\u0565\u0580\u0578\u0582\u0574 \u0567\u0580 \u057f\u0572\u0561\u0574\u0561\u0580\u0564\u056f\u0561\u0576\u0581 \u056b\u0577\u056d\u0561\u0576\u0578\u0582\u0569\u0575\u0561\u0576\u0568, \u0564\u0580\u0561 \u0574\u0565\u057f\u0561\u0586\u0578\u0580\u056b\u056f \u056f\u0561\u0574 \u056a\u0561\u0574\u0561\u0576\u0561\u056f\u0561\u056f\u056b\u0581 \u0585\u0563\u057f\u0561\u0563\u0578\u0580\u056e\u0578\u0582\u0574\u0568 \u0564\u0561\u0580\u0571\u0565\u056c \u0567 \u0563\u0565\u0576\u0564\u0565\u0580\u0561\u0575\u056b\u0576 \u0561\u057c\u0578\u0582\u0574\u0578\u057e \u0579\u0565\u0566\u0578\u0584\u0589.<\/p>\t\t\t\t\t\t\t\t<\/div>\n\t\t\t\t<\/div>\n\t\t\t\t<div class=\"elementor-element elementor-element-10b021d elementor-widget elementor-widget-image\" data-id=\"10b021d\" data-element_type=\"widget\" data-e-type=\"widget\" data-widget_type=\"image.default\">\n\t\t\t\t<div class=\"elementor-widget-container\">\n\t\t\t\t\t\t\t\t\t\t\t\t\t\t\t<img decoding=\"async\" width=\"188\" height=\"237\" src=\"https:\/\/shatranj.art\/wp-content\/uploads\/2026\/02\/Philipp-Stamma-Public-Domain.jpg\" class=\"attachment-large size-large wp-image-1071\" alt=\"\" \/>\t\t\t\t\t\t\t\t\t\t\t\t\t\t\t<\/div>\n\t\t\t\t<\/div>\n\t\t\t\t<\/div>\n\t\t<div class=\"elementor-element elementor-element-538608d e-con-full e-flex e-con e-child\" data-id=\"538608d\" data-element_type=\"container\" data-e-type=\"container\">\n\t\t\t\t<div class=\"elementor-element elementor-element-60ca9fa elementor-widget elementor-widget-image\" data-id=\"60ca9fa\" data-element_type=\"widget\" data-e-type=\"widget\" data-widget_type=\"image.default\">\n\t\t\t\t<div class=\"elementor-widget-container\">\n\t\t\t\t\t\t\t\t\t\t\t\t\t\t\t<img decoding=\"async\" width=\"800\" height=\"800\" src=\"https:\/\/shatranj.art\/wp-content\/uploads\/2026\/02\/shahi-gulsah-king-piece-1-1024x1024.png\" class=\"attachment-large size-large wp-image-1074\" alt=\"\" srcset=\"https:\/\/shatranj.art\/wp-content\/uploads\/2026\/02\/shahi-gulsah-king-piece-1-1024x1024.png 1024w, https:\/\/shatranj.art\/wp-content\/uploads\/2026\/02\/shahi-gulsah-king-piece-1-300x300.png 300w, https:\/\/shatranj.art\/wp-content\/uploads\/2026\/02\/shahi-gulsah-king-piece-1-150x150.png 150w, https:\/\/shatranj.art\/wp-content\/uploads\/2026\/02\/shahi-gulsah-king-piece-1-768x768.png 768w, https:\/\/shatranj.art\/wp-content\/uploads\/2026\/02\/shahi-gulsah-king-piece-1-1536x1536.png 1536w, https:\/\/shatranj.art\/wp-content\/uploads\/2026\/02\/shahi-gulsah-king-piece-1-2048x2048.png 2048w\" sizes=\"(max-width: 800px) 100vw, 800px\" \/>\t\t\t\t\t\t\t\t\t\t\t\t\t\t\t<\/div>\n\t\t\t\t<\/div>\n\t\t\t\t<div class=\"elementor-element elementor-element-aa06c95 elementor-widget-tablet__width-inherit elementor-widget elementor-widget-text-editor\" data-id=\"aa06c95\" data-element_type=\"widget\" data-e-type=\"widget\" data-widget_type=\"text-editor.default\">\n\t\t\t\t<div class=\"elementor-widget-container\">\n\t\t\t\t\t\t\t\t\t<p><strong>\u0546\u056f\u0561\u0580\u0561\u0563\u0580\u0578\u0582\u0569\u0575\u0578\u0582\u0576 \u0587 \u056a\u0561\u057c\u0561\u0576\u0563\u0578\u0582\u0569\u0575\u0578\u0582\u0576<\/strong><\/p><p>\u0533\u0575\u0578\u0582\u056c\u0577\u0561\u0570\u056b \u056f\u057f\u0578\u0580\u0568 \u0561\u057c\u0561\u0576\u0571\u0576\u0561\u0576\u0578\u0582\u0574 \u0567 \u0563\u056c\u056d\u0561\u0577\u0578\u0580\u056b \u0575\u0578\u0582\u0580\u0561\u0570\u0561\u057f\u0578\u0582\u056f \u0564\u056b\u0566\u0561\u0575\u0576\u0578\u057e, \u0578\u0580\u0568 \u0570\u0561\u0580\u0563\u0561\u0576\u0584\u056b \u057f\u0578\u0582\u0580\u0584 \u0567 \u0574\u0561\u057f\u0578\u0582\u0581\u0578\u0582\u0574 \u0577\u0561\u056d\u0574\u0561\u057f\u056b \u057a\u0561\u057f\u0574\u0578\u0582\u0569\u0575\u0561\u0576 \u0574\u057f\u0561\u057e\u0578\u0580 \u0570\u057d\u056f\u0561\u0576\u0565\u0580\u056b\u0576\u0589 \u0533\u056c\u056d\u0561\u0577\u0578\u0580\u0568 \u0574\u0578\u0564\u0565\u056c\u0561\u057e\u0578\u0580\u057e\u0561\u056e \u0567 \u0561\u057e\u0561\u0576\u0564\u0561\u056f\u0561\u0576 \u0569\u0578\u0582\u0580\u0562\u0561\u0576\u0576\u0565\u0580\u056b \u0576\u0574\u0561\u0576\u0578\u0582\u0569\u0575\u0561\u0574\u0562, \u0578\u0580\u0578\u0576\u0584 \u056f\u0580\u0565\u056c \u0565\u0576 \u0574\u056b\u057b\u0576\u0561\u0564\u0561\u0580\u0575\u0561\u0576 \u057e\u0561\u0580\u057a\u0565\u057f \u0561\u057d-\u054d\u0578\u0582\u056c\u056b\u0576 \u0587 18-\u0580\u0564 \u0564\u0561\u0580\u056b \u057e\u0561\u0580\u057a\u0565\u057f \u0578\u0582 \u0569\u0561\u0563\u0561\u057e\u0578\u0580\u0561\u056f\u0561\u0576 \u0569\u0561\u0580\u0563\u0574\u0561\u0576\u056b\u0579 \u0556\u056b\u056c\u056b\u057a \u054d\u057f\u0561\u0574\u0574\u0561\u0576\u0589 \u053e\u0576\u057e\u0561\u056e \u0531\u056c\u0565\u0583\u057a\u0578\u0575\u0578\u0582\u0574 \u0587 \u0563\u0578\u0580\u056e\u0578\u0582\u0576\u0565\u0578\u0582\u0569\u0575\u0578\u0582\u0576 \u056e\u0561\u057e\u0561\u056c\u0565\u056c\u0578\u057e \u053c\u0578\u0576\u0564\u0578\u0576\u056b \u0587 \u0553\u0561\u0580\u056b\u0566\u056b \u056d\u0578\u0577\u0578\u0580 \u0574\u057f\u0561\u057e\u0578\u0580 \u056f\u0565\u0576\u057f\u0580\u0578\u0576\u0576\u0565\u0580\u0578\u0582\u0574, \u054d\u057f\u0561\u0574\u0574\u0561\u0576 \u056b\u057d\u056f\u0561\u057a\u0565\u057d \u0562\u0561\u0566\u0574\u0561\u0574\u0577\u0561\u056f\u0578\u0582\u0569\u0561\u0575\u056b\u0576 \u0564\u0565\u0574\u0584 \u0567\u0580, \u0578\u0580\u056b \u0561\u0577\u056d\u0561\u057f\u0561\u0576\u0584\u0568\u055d \u0578\u0580\u057a\u0565\u057d \u0532\u0580\u056b\u057f\u0561\u0576\u0561\u056f\u0561\u0576 \u057a\u0565\u057f\u0578\u0582\u0569\u0575\u0561\u0576 \u0569\u0561\u0580\u0563\u0574\u0561\u0576\u056b\u0579, \u0587 \u0576\u0580\u0561 \u0576\u0578\u0580\u0561\u0580\u0561\u0580 \u0577\u0561\u056d\u0574\u0561\u057f\u0561\u0575\u056b\u0576 \u0576\u0577\u0561\u0576\u0561\u0563\u0580\u0574\u0561\u0576 \u0570\u0561\u0574\u0561\u056f\u0561\u0580\u0563\u0565\u0580\u0568 \u0574\u056b\u0561\u057e\u0578\u0580\u0565\u0581\u056b\u0576 \u0561\u0580\u0587\u0565\u056c\u0575\u0561\u0576 \u0587 \u0561\u0580\u0587\u0574\u057f\u0575\u0561\u0576 \u0561\u057e\u0561\u0576\u0564\u0578\u0582\u0575\u0569\u0576\u0565\u0580\u0568\u0589 \u0531\u0575\u057d \u0564\u056b\u0566\u0561\u0575\u0576\u0568 \u056f\u057f\u0578\u0580\u056b\u0576 \u0570\u0561\u0572\u0578\u0580\u0564\u0578\u0582\u0574 \u0567 \u056d\u0578\u0580\u0568 \u056b\u0574\u0561\u057d\u057f\u0578\u0582\u0569\u0575\u0561\u0576 \u0587 \u0563\u056b\u057f\u0561\u056f\u0561\u0576 \u056c\u056b\u0561\u0566\u0578\u0580\u0578\u0582\u0569\u0575\u0561\u0576 \u0566\u0563\u0561\u0581\u0578\u0572\u0578\u0582\u0569\u0575\u0578\u0582\u0576\u0589.<\/p>\t\t\t\t\t\t\t\t<\/div>\n\t\t\t\t<\/div>\n\t\t\t\t<div class=\"elementor-element elementor-element-117e242 elementor-widget elementor-widget-image\" data-id=\"117e242\" data-element_type=\"widget\" data-e-type=\"widget\" data-widget_type=\"image.default\">\n\t\t\t\t<div class=\"elementor-widget-container\">\n\t\t\t\t\t\t\t\t\t\t\t\t\t\t\t<img loading=\"lazy\" decoding=\"async\" width=\"800\" height=\"592\" src=\"https:\/\/shatranj.art\/wp-content\/uploads\/2026\/02\/olive-crown-olympos-1024x758.jpg\" class=\"attachment-large size-large wp-image-1558\" alt=\"\" srcset=\"https:\/\/shatranj.art\/wp-content\/uploads\/2026\/02\/olive-crown-olympos-1024x758.jpg 1024w, https:\/\/shatranj.art\/wp-content\/uploads\/2026\/02\/olive-crown-olympos-300x222.jpg 300w, https:\/\/shatranj.art\/wp-content\/uploads\/2026\/02\/olive-crown-olympos-768x568.jpg 768w, https:\/\/shatranj.art\/wp-content\/uploads\/2026\/02\/olive-crown-olympos-16x12.jpg 16w, https:\/\/shatranj.art\/wp-content\/uploads\/2026\/02\/olive-crown-olympos.jpg 1280w\" sizes=\"(max-width: 800px) 100vw, 800px\" \/>\t\t\t\t\t\t\t\t\t\t\t\t\t\t\t<\/div>\n\t\t\t\t<\/div>\n\t\t\t\t<div class=\"elementor-element elementor-element-07417e4 elementor-widget-tablet__width-inherit elementor-widget elementor-widget-text-editor\" data-id=\"07417e4\" data-element_type=\"widget\" data-e-type=\"widget\" data-widget_type=\"text-editor.default\">\n\t\t\t\t<div class=\"elementor-widget-container\">\n\t\t\t\t\t\t\t\t\t<p><strong>\u054e\u0561\u0580\u0564\u056b \u0569\u0565\u0580\u0569\u056b\u056f\u0576\u0565\u0580 \u0587 \u0555\u056c\u056b\u0574\u057a\u0578\u057d\u056b \u0571\u056b\u0569\u0565\u0576\u0578\u0582 \u057a\u057d\u0561\u056f\u0568<\/strong><\/p><p>\u015eAH\u00ce \u0574\u0578\u0576\u0561\u0580\u056d\u056b \u0563\u056c\u056d\u0561\u0580\u056f\u0568 \u0566\u0561\u0580\u0564\u0561\u0580\u057e\u0561\u056e \u0567 \u057e\u0561\u0580\u0564\u056b \u0569\u0565\u0580\u0569\u056b\u056f\u0576\u0565\u0580\u0578\u057e, \u0578\u0580\u0578\u0576\u0584 \u056d\u0578\u0580\u0570\u0580\u0564\u0561\u0576\u0577\u0578\u0582\u0574 \u0565\u0576 \u056f\u0575\u0561\u0576\u0584\u056b \u0563\u0565\u0572\u0565\u0581\u056f\u0578\u0582\u0569\u0575\u0578\u0582\u0576\u0576 \u0578\u0582 \u0583\u056d\u0580\u0578\u0582\u0576\u0578\u0582\u0569\u0575\u0578\u0582\u0576\u0568\u055d \u0569\u0561\u0576\u056f\u0561\u0563\u056b\u0576 \u057e\u056b\u0573\u0561\u056f, \u0578\u0580\u0568 \u057a\u0565\u057f\u0584 \u0567 \u057e\u0573\u057c\u0561\u056f\u0561\u0576\u0578\u0580\u0565\u0576 \u057a\u0561\u0577\u057f\u057a\u0561\u0576\u057e\u056b, \u056b\u0576\u0579\u057a\u0565\u057d \u0569\u0561\u0563\u0561\u057e\u0578\u0580\u0568 \u057a\u0561\u0577\u057f\u057a\u0561\u0576\u057e\u0578\u0582\u0574 \u0567 \u0577\u0561\u056d\u0574\u0561\u057f\u056b \u057f\u0561\u056d\u057f\u0561\u056f\u0578\u0582\u0574\u055d \u0579\u0565\u056f\u0574\u0565\u0575\u0569\u056b\u0581 \u056d\u0578\u0582\u057d\u0561\u0583\u0565\u056c\u0578\u0582 \u0570\u0561\u0574\u0561\u0580\u0589 \u0531\u0575\u057d \u0564\u056b\u0566\u0561\u0575\u0576\u0568 \u0578\u0563\u0565\u0577\u0576\u0579\u057e\u0561\u056e \u0567 \u0576\u0561\u0587 \u0555\u056c\u056b\u0574\u057a\u0578\u057d\u056b \u0571\u056b\u0569\u0565\u0576\u0578\u0582 \u057a\u057d\u0561\u056f\u0578\u057e, \u0578\u0580\u0568 \u0574\u056b\u0561\u057e\u0578\u0580\u0578\u0582\u0574 \u0567 \u057a\u0561\u057f\u0574\u0561\u056f\u0561\u0576 \u0570\u0561\u0572\u0569\u0561\u0576\u0561\u056f\u056b \u0571\u0563\u057f\u0578\u0582\u0574\u0568 \u056f\u0575\u0561\u0576\u0584\u056b \u0576\u0578\u0582\u0580\u0562 \u0562\u0576\u0578\u0582\u0569\u0575\u0561\u0576 \u057a\u0561\u0570\u057a\u0561\u0576\u0574\u0561\u0576 \u0570\u0565\u057f\u0589.<\/p>\t\t\t\t\t\t\t\t<\/div>\n\t\t\t\t<\/div>\n\t\t\t\t<\/div>\n\t\t<div class=\"elementor-element elementor-element-2d81034 e-con-full e-flex e-con e-child\" data-id=\"2d81034\" data-element_type=\"container\" data-e-type=\"container\">\n\t\t\t\t<div class=\"elementor-element elementor-element-71345be elementor-widget elementor-widget-image\" data-id=\"71345be\" data-element_type=\"widget\" data-e-type=\"widget\" data-widget_type=\"image.default\">\n\t\t\t\t<div class=\"elementor-widget-container\">\n\t\t\t\t\t\t\t\t\t\t\t\t\t\t\t<img loading=\"lazy\" decoding=\"async\" width=\"600\" height=\"800\" src=\"https:\/\/shatranj.art\/wp-content\/uploads\/2026\/02\/suli-statue.jpg\" class=\"attachment-large size-large wp-image-1075\" alt=\"\" srcset=\"https:\/\/shatranj.art\/wp-content\/uploads\/2026\/02\/suli-statue.jpg 600w, https:\/\/shatranj.art\/wp-content\/uploads\/2026\/02\/suli-statue-225x300.jpg 225w\" sizes=\"(max-width: 600px) 100vw, 600px\" \/>\t\t\t\t\t\t\t\t\t\t\t\t\t\t\t<\/div>\n\t\t\t\t<\/div>\n\t\t\t\t<div class=\"elementor-element elementor-element-1f7e824 elementor-widget-tablet__width-inherit elementor-widget elementor-widget-text-editor\" data-id=\"1f7e824\" data-element_type=\"widget\" data-e-type=\"widget\" data-widget_type=\"text-editor.default\">\n\t\t\t\t<div class=\"elementor-widget-container\">\n\t\t\t\t\t\t\t\t\t<p><strong>\u053c\u0578\u0582\u057d\u0561\u057e\u0578\u0580\u0578\u0582\u0569\u0575\u0561\u0576 \u056a\u0561\u057c\u0561\u0576\u0563\u0578\u0582\u0569\u0575\u0578\u0582\u0576<\/strong><br \/><strong>\u054c\u0565\u056a\u0561\u0576\u057d\u056b \u056a\u0561\u057c\u0561\u0576\u0563\u0578\u0582\u0569\u0575\u0578\u0582\u0576\u0568 \u015eah\u00ee \u0570\u0561\u057e\u0561\u0584\u0561\u056e\u0578\u0582\u0578\u0582\u0574<\/strong><\/p><p>\u00a0<\/p><p>\u0556\u0580\u0561\u0576\u057d\u056b\u0561\u056f\u0561\u0576 \u054c\u0565\u056a\u0561\u0576\u057d\u056b \u0577\u0561\u056d\u0574\u0561\u057f\u0561\u0575\u056b\u0576 \u0570\u0561\u057e\u0561\u0584\u0561\u056e\u0578\u0582\u0576 \u056d\u0578\u0580\u0570\u0580\u0564\u0561\u0576\u0577\u0578\u0582\u0574 \u0567 \u053c\u0578\u0582\u057d\u0561\u057e\u0578\u0580\u0579\u0578\u0582\u0569\u0575\u0578\u0582\u0576\u0568\u055d \u0574\u056b \u0564\u0561\u0580\u0561\u0577\u0580\u057b\u0561\u0576, \u0578\u0580\u0568 \u0562\u0576\u0578\u0580\u0578\u0577\u057e\u0578\u0582\u0574 \u0567 \u0562\u0561\u0576\u0561\u056f\u0561\u0576\u0578\u0582\u0569\u0575\u0561\u0574\u0562 \u0587 \u0563\u056b\u057f\u0565\u056c\u056b\u0584\u056b \u0571\u0563\u057f\u0578\u0582\u0574\u0578\u057e\u0589 \u054a\u0561\u057f\u0574\u0561\u056f\u0561\u0576 \u0570\u057d\u056f\u0561\u0576\u0565\u0580\u056b\u055d \u0532\u0565\u0576\u057b\u0561\u0574\u056b\u0576 \u0556\u0580\u0565\u0576\u056f\u056c\u056b\u0576\u056b, \u0546\u0561\u057a\u0578\u056c\u0565\u0578\u0576 \u0532\u0578\u0576\u0561\u057a\u0561\u0580\u057f\u056b \u0587 \u057e\u0561\u0580\u057a\u0565\u057f \u0556\u056b\u056c\u056b\u0564\u0578\u0580\u056b \u056f\u0578\u0572\u0574\u056b\u0581 \u0561\u0577\u056d\u0561\u0580\u0570\u0561\u0570\u057c\u0579\u0561\u056f Caf\u00e9 de la R\u00e9gence \u057d\u0580\u0573\u0561\u0580\u0561\u0576\u0578\u0582\u0574 \u056d\u0561\u0572\u0561\u0580\u056f\u057e\u0561\u056e \u0561\u0575\u057d \u0570\u0561\u057e\u0561\u0584\u0561\u056e\u0578\u0582\u0576 \u0564\u0561\u0580\u0571\u0561\u057e \u0574\u057f\u0561\u057e\u0578\u0580 \u0574\u0580\u0581\u0561\u056f\u0581\u0578\u0582\u0569\u0575\u0561\u0576 \u0579\u0561\u0583\u0561\u0576\u056b\u0577\u0589 \u015eah\u00ee \u0577\u0561\u056d\u0574\u0561\u057f\u0561\u0575\u056b\u0576 \u0570\u0561\u057e\u0561\u0584\u0561\u056e\u0578\u0582\u0576 \u0564\u056b\u057f\u0561\u057e\u0578\u0580\u0578\u0582\u0569\u0575\u0561\u0574\u0562 \u057a\u0561\u0570\u057a\u0561\u0576\u0578\u0582\u0574 \u0567 \u0561\u0575\u057d \u056a\u0561\u057c\u0561\u0576\u0563\u0578\u0582\u0569\u0575\u0578\u0582\u0576\u0568\u0589 \u0533\u0578\u0582\u056c\u0577\u0561\u0570 \u056f\u057f\u0578\u0580\u056b \u0570\u0561\u0574\u0561\u0580 \u054c\u0565\u056a\u0561\u0576\u057d\u056b \u0569\u0561\u0563\u0561\u057e\u0578\u0580\u056b \u056e\u0561\u0572\u056f\u0561\u0575\u056b\u0576 \u0574\u0578\u057f\u056b\u057e\u0576\u0565\u0580\u056b\u0581 \u0578\u0563\u0565\u0577\u0576\u0579\u057e\u0565\u056c\u0578\u057e\u055d \u015eah\u00ee \u0570\u0561\u057e\u0561\u0584\u0561\u056e\u0578\u0582\u0576 \u056f\u0561\u057a\u0578\u0582\u0574 \u0567 18-\u0580\u0564 \u0564\u0561\u0580\u056b \u0565\u057e\u0580\u0578\u057a\u0561\u056f\u0561\u0576 \u0576\u0580\u0562\u0561\u0573\u0561\u0577\u0561\u056f\u0578\u0582\u0569\u0575\u0578\u0582\u0576\u0576 \u0578\u0582 \u0531\u0580\u0587\u0565\u056c\u0584\u056b \u056d\u0578\u0580 \u0563\u056b\u057f\u0561\u056f\u0561\u0576 \u0561\u057e\u0561\u0576\u0564\u0578\u0582\u0575\u0569\u0576\u0565\u0580\u0568, \u0570\u0561\u0580\u0563\u0565\u056c\u0578\u057e \u0561\u0575\u0576 \u057e\u0561\u0580\u057a\u0565\u057f\u0576\u0565\u0580\u056b\u0576, \u0578\u0580\u0578\u0576\u0584 \u057d\u0561\u0570\u0574\u0561\u0576\u0565\u0581\u056b\u0576 \u056d\u0561\u0572\u056b \u0578\u057d\u056f\u0565 \u0564\u0561\u0580\u0568\u0589.<\/p>\t\t\t\t\t\t\t\t<\/div>\n\t\t\t\t<\/div>\n\t\t\t\t<\/div>\n\t\t\t\t<\/div>\n\t\t\t\t\t<\/div>\n\t\t\t\t<\/div>\n\t\t\t\t<\/div>","protected":false},"excerpt":{"rendered":"<p>\u015eAH\u00ce set monarch\/king\/shah piece: G\u00fcl\u015fah G\u00fcl\u015fah represents the wisdom of the headwrap, the sanctity and authority of the dome, and rose as a symbol of life and beauty, which must be protected from checkmate. The dome draws inspiration from iconic structures like the Hagia Sophia, the Pantheon, and MIT. The headwrap reflects the intellectual legacy [&hellip;]<\/p>\n","protected":false},"author":1,"featured_media":0,"parent":743,"menu_order":0,"comment_status":"closed","ping_status":"closed","template":"","meta":{"footnotes":""},"class_list":["post-1068","page","type-page","status-publish","hentry"],"_links":{"self":[{"href":"https:\/\/shatranj.art\/hy\/wp-json\/wp\/v2\/pages\/1068","targetHints":{"allow":["GET"]}}],"collection":[{"href":"https:\/\/shatranj.art\/hy\/wp-json\/wp\/v2\/pages"}],"about":[{"href":"https:\/\/shatranj.art\/hy\/wp-json\/wp\/v2\/types\/page"}],"author":[{"embeddable":true,"href":"https:\/\/shatranj.art\/hy\/wp-json\/wp\/v2\/users\/1"}],"replies":[{"embeddable":true,"href":"https:\/\/shatranj.art\/hy\/wp-json\/wp\/v2\/comments?post=1068"}],"version-history":[{"count":10,"href":"https:\/\/shatranj.art\/hy\/wp-json\/wp\/v2\/pages\/1068\/revisions"}],"predecessor-version":[{"id":1561,"href":"https:\/\/shatranj.art\/hy\/wp-json\/wp\/v2\/pages\/1068\/revisions\/1561"}],"up":[{"embeddable":true,"href":"https:\/\/shatranj.art\/hy\/wp-json\/wp\/v2\/pages\/743"}],"wp:attachment":[{"href":"https:\/\/shatranj.art\/hy\/wp-json\/wp\/v2\/media?parent=1068"}],"curies":[{"name":"wp","href":"https:\/\/api.w.org\/{rel}","templated":true}]}}