{"id":1355,"date":"2026-02-23T08:47:26","date_gmt":"2026-02-23T08:47:26","guid":{"rendered":"https:\/\/shatranj.art\/?page_id=1355"},"modified":"2026-02-24T06:17:29","modified_gmt":"2026-02-24T06:17:29","slug":"poster-33","status":"publish","type":"page","link":"https:\/\/shatranj.art\/hy\/exhibit\/poster-33\/","title":{"rendered":"\u057a\u0561\u057d\u057f\u0561\u057c 33"},"content":{"rendered":"<div data-elementor-type=\"wp-page\" data-elementor-id=\"1355\" class=\"elementor elementor-1355\" data-elementor-post-type=\"page\">\n\t\t\t\t<div class=\"elementor-element elementor-element-2851794 e-flex e-con-boxed e-con e-parent\" data-id=\"2851794\" data-element_type=\"container\" data-e-type=\"container\" data-settings=\"{&quot;background_background&quot;:&quot;classic&quot;}\">\n\t\t\t\t\t<div class=\"e-con-inner\">\n\t\t<div class=\"elementor-element elementor-element-ed4d108 e-con-full e-flex e-con e-child\" data-id=\"ed4d108\" data-element_type=\"container\" data-e-type=\"container\">\n\t\t\t\t<div class=\"elementor-element elementor-element-2753e94 elementor-widget elementor-widget-image\" data-id=\"2753e94\" data-element_type=\"widget\" data-e-type=\"widget\" data-widget_type=\"image.default\">\n\t\t\t\t<div class=\"elementor-widget-container\">\n\t\t\t\t\t\t\t\t\t\t\t\t\t\t\t<img fetchpriority=\"high\" decoding=\"async\" width=\"800\" height=\"534\" src=\"https:\/\/shatranj.art\/wp-content\/uploads\/2026\/02\/ulku-ve-dalkiran-kultur-un-1024x683.jpeg\" class=\"attachment-large size-large wp-image-1359\" alt=\"\" srcset=\"https:\/\/shatranj.art\/wp-content\/uploads\/2026\/02\/ulku-ve-dalkiran-kultur-un-1024x683.jpeg 1024w, https:\/\/shatranj.art\/wp-content\/uploads\/2026\/02\/ulku-ve-dalkiran-kultur-un-300x200.jpeg 300w, https:\/\/shatranj.art\/wp-content\/uploads\/2026\/02\/ulku-ve-dalkiran-kultur-un-768x512.jpeg 768w, https:\/\/shatranj.art\/wp-content\/uploads\/2026\/02\/ulku-ve-dalkiran-kultur-un-1536x1024.jpeg 1536w, https:\/\/shatranj.art\/wp-content\/uploads\/2026\/02\/ulku-ve-dalkiran-kultur-un-2048x1365.jpeg 2048w, https:\/\/shatranj.art\/wp-content\/uploads\/2026\/02\/ulku-ve-dalkiran-kultur-un-18x12.jpeg 18w\" sizes=\"(max-width: 800px) 100vw, 800px\" \/>\t\t\t\t\t\t\t\t\t\t\t\t\t\t\t<\/div>\n\t\t\t\t<\/div>\n\t\t\t\t<div class=\"elementor-element elementor-element-1b1dadb elementor-widget-tablet__width-inherit elementor-widget elementor-widget-text-editor\" data-id=\"1b1dadb\" data-element_type=\"widget\" data-e-type=\"widget\" data-widget_type=\"text-editor.default\">\n\t\t\t\t<div class=\"elementor-widget-container\">\n\t\t\t\t\t\t\t\t\t<h3><strong>\u0544\u0578\u0582\u057d\u057f\u0561\u0586\u0561 \u0554\u0565\u0574\u0561\u056c \u0531\u0569\u0561\u0569\u0578\u0582\u0580\u0584\u056b \u0577\u0561\u056d\u0574\u0561\u057f\u056b \u0570\u0561\u057e\u0561\u0584\u0561\u056e\u0578\u0582<\/strong><span style=\"font-weight: 400;\"><br \/><\/span><span style=\"font-weight: 400;\"><br \/><\/span><\/h3><p><span style=\"font-weight: 400;\">\u0551\u0578\u0582\u0581\u0561\u0570\u0561\u0576\u0564\u0565\u057d\u056b \u0561\u0575\u057d \u0562\u0561\u056a\u056b\u0576\u0568 \u0568\u0576\u0564\u0563\u056e\u0578\u0582\u0574 \u0567 \u0569\u0578\u0582\u0580\u0584\u0561\u056f\u0561\u0576 \u057a\u0561\u057f\u0574\u0578\u0582\u0569\u0575\u0561\u0576 \u0575\u0578\u0582\u0580\u0561\u0570\u0561\u057f\u0578\u0582\u056f \u0574\u056b \u056f\u057f\u0578\u0580\u055d \u0539\u0578\u0582\u0580\u0584\u056b\u0561\u0575\u056b \u0540\u0561\u0576\u0580\u0561\u057a\u0565\u057f\u0578\u0582\u0569\u0575\u0561\u0576 \u0570\u056b\u0574\u0576\u0561\u0564\u056b\u0580 \u0544\u0578\u0582\u057d\u057f\u0561\u0586\u0561 \u0554\u0565\u0574\u0561\u056c \u0531\u0569\u0561\u0569\u0578\u0582\u0580\u0584\u056b \u0561\u0576\u0571\u0576\u0561\u056f\u0561\u0576 \u0577\u0561\u056d\u0574\u0561\u057f\u056b \u0570\u0561\u057e\u0561\u0584\u0561\u056e\u0578\u0582\u0576\u0589 \u0533\u0561\u056c\u0565\u0580\u056b\u0561\u0575\u056b \u056c\u0578\u0582\u057d\u0561\u0576\u056f\u0561\u0580\u0578\u0582\u0574 \u0540. \u054d\u0565\u0580\u057f\u0561\u0579 \u0534\u0561\u056c\u056f\u056b\u0580\u0561\u0576\u0568 \u0587 \u0531\u0569\u0561\u0569\u0578\u0582\u0580\u0584\u056b \u0578\u0580\u0564\u0565\u0563\u056b\u0580 \u0564\u0578\u0582\u057d\u057f\u0580\u0568\u055d \u0548\u0582\u056c\u056f\u0578\u0582 \u0531\u0564\u0561\u0569\u0565\u0583\u0565\u0576, \u0570\u057a\u0561\u0580\u057f\u0578\u0582\u0569\u0575\u0561\u0574\u0562 \u0576\u0565\u0580\u056f\u0561\u0575\u0561\u0581\u0576\u0578\u0582\u0574 \u0565\u0576 \u0570\u0561\u057e\u0561\u0584\u0561\u056e\u0578\u0582\u0576\u0589.<\/span><span style=\"font-weight: 400;\"><br \/><\/span><span style=\"font-weight: 400;\"><br \/><\/span><span style=\"font-weight: 400;\">\u0531\u0575\u057d \u0577\u0561\u056d\u0574\u0561\u057f\u056b \u0570\u0561\u057e\u0561\u0584\u0561\u056e\u0578\u0582\u0576 \u0575\u0578\u0582\u0580\u0585\u0580\u056b\u0576\u0561\u056f \u0571\u0587\u0578\u057e \u0583\u0578\u0580\u0561\u0563\u0580\u057e\u0561\u056e \u0567 \u0562\u0578\u0584\u057d\u057e\u0578\u0582\u0564\u056b\u0581\u055d \u0578\u0580\u057a\u0565\u057d \u0574\u056b\u0561\u056f \u0576\u0574\u0578\u0582\u0577\u0589 \u0531\u0575\u0576 \u0578\u0563\u0565\u0577\u0576\u0579\u057e\u0561\u056e \u0567 \u0533\u0561\u056c\u056b\u057a\u0578\u056c\u056b\u056b \u0573\u0561\u056f\u0561\u057f\u0561\u0574\u0561\u0580\u057f\u056b\u0581 \u0587 \u057a\u0561\u057f\u0580\u0561\u057d\u057f\u0565\u056c \u0567 \u0539\u0561\u0570\u057d\u056b\u0576 \u0549\u0578\u0582\u0584\u0578\u0582\u0580\u056c\u0578\u0582\u0585\u0572\u056c\u0578\u0582\u0576\u055d \u0531\u0569\u0561\u0569\u0578\u0582\u0580\u0584\u056b \u0561\u0576\u057f\u0561\u057c\u0561\u0575\u056b\u0576 \u0586\u0565\u0580\u0574\u0561\u0575\u056b \u056f\u0561\u0575\u0561\u0580\u0561\u0576\u0561\u057a\u0565\u057f\u0568, \u0536\u0578\u0582\u0562\u0565\u0575\u0564\u0565 \u056d\u0561\u0576\u0578\u0582\u0574\u056b \u0578\u0580\u0564\u0565\u0563\u0580\u057e\u0561\u056e \u0564\u057d\u057f\u0565\u0580 \u054e\u0561\u057d\u0586\u056b\u0565 \u056d\u0561\u0576\u0578\u0582\u0574\u056b \u0561\u0574\u0578\u0582\u057d\u056b\u0576\u0568 \u0587 \u0531\u0569\u0561\u0569\u0578\u0582\u0580\u0584\u056b \u0578\u0580\u0564\u0565\u0563\u0580\u057e\u0561\u056e \u0564\u057d\u057f\u0565\u0580 \u0548\u0582\u056c\u056f\u0578\u0582 \u0531\u0564\u0561\u0569\u0565\u0583\u0565\u056b \u0570\u0561\u0575\u0580\u0568\u0589 \u0531\u0575\u0576 \u0576\u057e\u056b\u0580\u0561\u0562\u0565\u0580\u057e\u0565\u056c \u0567 \u0531\u0569\u0561\u0569\u0578\u0582\u0580\u0584\u056b\u0576\u0589 \u054c\u0578\u0584\u0565\u0580\u0568 \u057a\u0561\u057f\u056f\u0565\u0580\u057e\u0561\u056e \u0565\u0576 \u0578\u0580\u057a\u0565\u057d \u0570\u0580\u0561\u0576\u0578\u0569\u0576\u0565\u0580\u055d \u0570\u0561\u0574\u0561\u0570\u0578\u0582\u0576\u0579 \u0561\u0575\u057d \u056f\u057f\u0578\u0580\u056b \u057f\u0565\u0580\u0574\u056b\u0576\u0561\u0562\u0561\u0576\u0578\u0582\u0569\u0575\u0561\u0576\u0568\u055d \u201c\u0570\u0580\u0561\u0576\u0578\u0569\u201d (\u00abtop\u00bb) \u0562\u0561\u0566\u0574\u0561\u0569\u056b\u057e \u0570\u0561\u0580\u0561\u057e\u057d\u056c\u0561\u057e\u0561\u056f\u0561\u0576 \u0587 \u0562\u0561\u056c\u056f\u0561\u0576\u0575\u0561\u0576 \u056c\u0565\u0566\u0578\u0582\u0576\u0565\u0580\u0578\u0582\u0574\u0589.\u00a0<\/span><\/p><p><span style=\"font-weight: 400;\">\u0531\u0569\u0561\u0569\u0578\u0582\u0580\u0584\u056b \u0574\u0561\u0570\u056b\u0581 \u0570\u0565\u057f\u0578 \u0561\u0575\u057d \u0568\u0576\u057f\u0561\u0576\u056b\u0584\u0568 \u057a\u0561\u0570\u057a\u0561\u0576\u0565\u0581 \u0570\u0561\u057e\u0561\u0584\u0561\u056e\u0578\u0582\u0576\u0589 \u0539\u0561\u0570\u057d\u056b\u0576 \u0549\u0578\u0582\u0584\u0578\u0582\u0580\u056c\u0578\u0582\u0585\u0572\u056c\u0578\u0582\u056b \u0574\u0561\u0570\u057e\u0561\u0576\u056b\u0581 \u0570\u0565\u057f\u0578 \u0570\u0561\u057e\u0561\u0584\u0561\u056e\u0578\u0582\u0576 \u0578\u0580\u057a\u0565\u057d \u0570\u0578\u0582\u0577\u0561\u0576\u057e\u0565\u0580 \u0570\u0561\u0576\u0571\u0576\u057e\u0565\u0581 \u0576\u0580\u0561 \u0574\u057f\u0565\u0580\u056b\u0574 \u0568\u0576\u056f\u0565\u0580 \u054d\u0565\u056c\u0561\u0570\u0561\u0569\u0569\u056b\u0576 \u0531\u0577\u056f\u0561\u0576\u056b\u0576, \u0577\u0561\u056d\u0574\u0561\u057f\u0561\u0575\u056b\u0576 \u0570\u0561\u0574\u0561\u0575\u0576\u0584\u056b \u0570\u0561\u0580\u0563\u057e\u0561\u056e \u0564\u0565\u0574\u0584\u056b\u0576, \u0576\u0580\u0561\u0576\u0581 \u053b\u057d\u0569\u0561\u0576\u0562\u0578\u0582\u056c\u056b \u054b\u0587\u056b\u0566\u056c\u056b \u0569\u0561\u0572\u0561\u0574\u0561\u057d\u0578\u0582\u0574 \u0563\u057f\u0576\u057e\u0578\u0572 \u057f\u0561\u0576\u0568\u0589.<\/span><\/p><p><span style=\"font-weight: 400;\">\u0540\u0565\u057f\u0561\u0563\u0561\u0575\u0578\u0582\u0574 \u0561\u0575\u057d \u0570\u0561\u057e\u0561\u0584\u0561\u056e\u0578\u0582\u0576 \u0576\u057e\u056b\u0580\u0561\u0562\u0565\u0580\u057e\u0565\u0581 \u0540. \u054d\u0565\u0580\u057f\u0561\u0579 \u0534\u0561\u056c\u056f\u056b\u0580\u0561\u0576\u056b\u0576, \u0578\u057e \u0539\u0578\u0582\u0580\u0584\u056b\u0561\u0575\u0578\u0582\u0574 \u0577\u0561\u056d\u0574\u0561\u057f\u056b \u0578\u056c\u0578\u0580\u057f\u0578\u0582\u0574 \u0574\u0561\u057f\u0578\u0582\u0581\u0561\u056e \u0562\u0561\u0581\u0561\u057c\u056b\u056f \u056e\u0561\u057c\u0561\u0575\u0578\u0582\u0569\u0575\u0578\u0582\u0576\u0576\u0565\u0580\u056b \u0570\u0561\u0574\u0561\u0580 \u0570\u056b\u0574\u0576\u0565\u0581 \u0574\u0565\u0580 \u0565\u0580\u056f\u0580\u056b \u0561\u057c\u0561\u057b\u056b\u0576 \u0577\u0561\u056d\u0574\u0561\u057f\u056b \u0564\u057a\u0580\u0578\u0581\u0576 \u0578\u0582 \u0569\u0561\u0576\u0563\u0561\u0580\u0561\u0576\u0568\u0589 \u0533\u056b\u057f\u057e\u056b, \u0578\u0580 \u0531\u0569\u0561\u0569\u0578\u0582\u0580\u0584\u0568 \u0570\u0565\u0576\u0581 \u0561\u0575\u057d \u0570\u0561\u057e\u0561\u0584\u0561\u056e\u0578\u0582\u0578\u057e \u056d\u0561\u0572\u0561\u0581\u0565\u056c \u0567 \u053b\u057d\u0574\u0565\u0569 \u053b\u0576\u0578\u0576\u0575\u0578\u0582\u056b, \u054d\u0565\u056c\u0561\u0570\u0565\u0569\u0569\u056b\u0576 \u0531\u0564\u056b\u056c \u0583\u0561\u0577\u0561\u0575\u056b \u0587 \u0561\u0575\u056c \u0566\u056b\u0576\u0561\u056f\u056b\u0581\u0576\u0565\u0580\u056b \u0564\u0565\u0574\u0589.<\/span><\/p>\t\t\t\t\t\t\t\t<\/div>\n\t\t\t\t<\/div>\n\t\t\t\t<div class=\"elementor-element elementor-element-8077669 elementor-widget elementor-widget-image\" data-id=\"8077669\" data-element_type=\"widget\" data-e-type=\"widget\" data-widget_type=\"image.default\">\n\t\t\t\t<div class=\"elementor-widget-container\">\n\t\t\t\t\t\t\t\t\t\t\t\t\t\t\t<img decoding=\"async\" width=\"800\" height=\"576\" src=\"https:\/\/shatranj.art\/wp-content\/uploads\/2026\/02\/ataturkun-takimi-afis-calismasi-1-1024x737.jpg\" class=\"attachment-large size-large wp-image-1358\" alt=\"\" srcset=\"https:\/\/shatranj.art\/wp-content\/uploads\/2026\/02\/ataturkun-takimi-afis-calismasi-1-1024x737.jpg 1024w, https:\/\/shatranj.art\/wp-content\/uploads\/2026\/02\/ataturkun-takimi-afis-calismasi-1-300x216.jpg 300w, https:\/\/shatranj.art\/wp-content\/uploads\/2026\/02\/ataturkun-takimi-afis-calismasi-1-768x553.jpg 768w, https:\/\/shatranj.art\/wp-content\/uploads\/2026\/02\/ataturkun-takimi-afis-calismasi-1-1536x1106.jpg 1536w, https:\/\/shatranj.art\/wp-content\/uploads\/2026\/02\/ataturkun-takimi-afis-calismasi-1-2048x1475.jpg 2048w, https:\/\/shatranj.art\/wp-content\/uploads\/2026\/02\/ataturkun-takimi-afis-calismasi-1-18x12.jpg 18w\" sizes=\"(max-width: 800px) 100vw, 800px\" \/>\t\t\t\t\t\t\t\t\t\t\t\t\t\t\t<\/div>\n\t\t\t\t<\/div>\n\t\t\t\t<div class=\"elementor-element elementor-element-887b309 elementor-widget elementor-widget-image\" data-id=\"887b309\" data-element_type=\"widget\" data-e-type=\"widget\" data-widget_type=\"image.default\">\n\t\t\t\t<div class=\"elementor-widget-container\">\n\t\t\t\t\t\t\t\t\t\t\t\t\t\t\t<img decoding=\"async\" width=\"800\" height=\"504\" src=\"https:\/\/shatranj.art\/wp-content\/uploads\/2026\/02\/mustafa-kemal-ataturk-chess-set-reduced-size-1024x645.jpg\" class=\"attachment-large size-large wp-image-1446\" alt=\"\" srcset=\"https:\/\/shatranj.art\/wp-content\/uploads\/2026\/02\/mustafa-kemal-ataturk-chess-set-reduced-size-1024x645.jpg 1024w, https:\/\/shatranj.art\/wp-content\/uploads\/2026\/02\/mustafa-kemal-ataturk-chess-set-reduced-size-300x189.jpg 300w, https:\/\/shatranj.art\/wp-content\/uploads\/2026\/02\/mustafa-kemal-ataturk-chess-set-reduced-size-768x484.jpg 768w, https:\/\/shatranj.art\/wp-content\/uploads\/2026\/02\/mustafa-kemal-ataturk-chess-set-reduced-size-1536x968.jpg 1536w, https:\/\/shatranj.art\/wp-content\/uploads\/2026\/02\/mustafa-kemal-ataturk-chess-set-reduced-size-2048x1291.jpg 2048w, https:\/\/shatranj.art\/wp-content\/uploads\/2026\/02\/mustafa-kemal-ataturk-chess-set-reduced-size-18x12.jpg 18w\" sizes=\"(max-width: 800px) 100vw, 800px\" \/>\t\t\t\t\t\t\t\t\t\t\t\t\t\t\t<\/div>\n\t\t\t\t<\/div>\n\t\t\t\t<div class=\"elementor-element elementor-element-67db2a3 elementor-widget elementor-widget-image\" data-id=\"67db2a3\" data-element_type=\"widget\" data-e-type=\"widget\" data-widget_type=\"image.default\">\n\t\t\t\t<div class=\"elementor-widget-container\">\n\t\t\t\t\t\t\t\t\t\t\t\t\t\t\t<img loading=\"lazy\" decoding=\"async\" width=\"768\" height=\"1024\" src=\"https:\/\/shatranj.art\/wp-content\/uploads\/2026\/02\/ulku-adatepe-my-childhood-with-ataturk-768x1024.jpg\" class=\"attachment-large size-large wp-image-1451\" alt=\"\" srcset=\"https:\/\/shatranj.art\/wp-content\/uploads\/2026\/02\/ulku-adatepe-my-childhood-with-ataturk-768x1024.jpg 768w, https:\/\/shatranj.art\/wp-content\/uploads\/2026\/02\/ulku-adatepe-my-childhood-with-ataturk-225x300.jpg 225w, https:\/\/shatranj.art\/wp-content\/uploads\/2026\/02\/ulku-adatepe-my-childhood-with-ataturk-1152x1536.jpg 1152w, https:\/\/shatranj.art\/wp-content\/uploads\/2026\/02\/ulku-adatepe-my-childhood-with-ataturk-1536x2048.jpg 1536w, https:\/\/shatranj.art\/wp-content\/uploads\/2026\/02\/ulku-adatepe-my-childhood-with-ataturk-9x12.jpg 9w, https:\/\/shatranj.art\/wp-content\/uploads\/2026\/02\/ulku-adatepe-my-childhood-with-ataturk-scaled.jpg 1920w\" sizes=\"(max-width: 768px) 100vw, 768px\" \/>\t\t\t\t\t\t\t\t\t\t\t\t\t\t\t<\/div>\n\t\t\t\t<\/div>\n\t\t\t\t<div class=\"elementor-element elementor-element-00467b4 elementor-widget elementor-widget-image\" data-id=\"00467b4\" data-element_type=\"widget\" data-e-type=\"widget\" data-widget_type=\"image.default\">\n\t\t\t\t<div class=\"elementor-widget-container\">\n\t\t\t\t\t\t\t\t\t\t\t\t\t\t\t<img loading=\"lazy\" decoding=\"async\" width=\"768\" height=\"1024\" src=\"https:\/\/shatranj.art\/wp-content\/uploads\/2026\/02\/ulku-adatepe-ataturk-memoirs-768x1024.jpg\" class=\"attachment-large size-large wp-image-1447\" alt=\"\" srcset=\"https:\/\/shatranj.art\/wp-content\/uploads\/2026\/02\/ulku-adatepe-ataturk-memoirs-768x1024.jpg 768w, https:\/\/shatranj.art\/wp-content\/uploads\/2026\/02\/ulku-adatepe-ataturk-memoirs-225x300.jpg 225w, https:\/\/shatranj.art\/wp-content\/uploads\/2026\/02\/ulku-adatepe-ataturk-memoirs-1152x1536.jpg 1152w, https:\/\/shatranj.art\/wp-content\/uploads\/2026\/02\/ulku-adatepe-ataturk-memoirs-1536x2048.jpg 1536w, https:\/\/shatranj.art\/wp-content\/uploads\/2026\/02\/ulku-adatepe-ataturk-memoirs-9x12.jpg 9w, https:\/\/shatranj.art\/wp-content\/uploads\/2026\/02\/ulku-adatepe-ataturk-memoirs-scaled.jpg 1920w\" sizes=\"(max-width: 768px) 100vw, 768px\" \/>\t\t\t\t\t\t\t\t\t\t\t\t\t\t\t<\/div>\n\t\t\t\t<\/div>\n\t\t\t\t<div class=\"elementor-element elementor-element-9bf6bee elementor-widget elementor-widget-image\" data-id=\"9bf6bee\" data-element_type=\"widget\" data-e-type=\"widget\" data-widget_type=\"image.default\">\n\t\t\t\t<div class=\"elementor-widget-container\">\n\t\t\t\t\t\t\t\t\t\t\t\t\t\t\t<img loading=\"lazy\" decoding=\"async\" width=\"530\" height=\"800\" src=\"https:\/\/shatranj.art\/wp-content\/uploads\/2026\/02\/mustafa-kemal-atatur-ulku-adatepe.jpg\" class=\"attachment-large size-large wp-image-1449\" alt=\"\" srcset=\"https:\/\/shatranj.art\/wp-content\/uploads\/2026\/02\/mustafa-kemal-atatur-ulku-adatepe.jpg 530w, https:\/\/shatranj.art\/wp-content\/uploads\/2026\/02\/mustafa-kemal-atatur-ulku-adatepe-199x300.jpg 199w, https:\/\/shatranj.art\/wp-content\/uploads\/2026\/02\/mustafa-kemal-atatur-ulku-adatepe-8x12.jpg 8w\" sizes=\"(max-width: 530px) 100vw, 530px\" \/>\t\t\t\t\t\t\t\t\t\t\t\t\t\t\t<\/div>\n\t\t\t\t<\/div>\n\t\t\t\t<div class=\"elementor-element elementor-element-c32a832 elementor-widget elementor-widget-image\" data-id=\"c32a832\" data-element_type=\"widget\" data-e-type=\"widget\" data-widget_type=\"image.default\">\n\t\t\t\t<div class=\"elementor-widget-container\">\n\t\t\t\t\t\t\t\t\t\t\t\t\t\t\t<img loading=\"lazy\" decoding=\"async\" width=\"640\" height=\"1024\" src=\"https:\/\/shatranj.art\/wp-content\/uploads\/2026\/02\/tahsin-cukurluoglu-ulku-adatepe-chesset-memory-640x1024.jpg\" class=\"attachment-large size-large wp-image-1450\" alt=\"\" srcset=\"https:\/\/shatranj.art\/wp-content\/uploads\/2026\/02\/tahsin-cukurluoglu-ulku-adatepe-chesset-memory-640x1024.jpg 640w, https:\/\/shatranj.art\/wp-content\/uploads\/2026\/02\/tahsin-cukurluoglu-ulku-adatepe-chesset-memory-187x300.jpg 187w, https:\/\/shatranj.art\/wp-content\/uploads\/2026\/02\/tahsin-cukurluoglu-ulku-adatepe-chesset-memory-7x12.jpg 7w, https:\/\/shatranj.art\/wp-content\/uploads\/2026\/02\/tahsin-cukurluoglu-ulku-adatepe-chesset-memory.jpg 652w\" sizes=\"(max-width: 640px) 100vw, 640px\" \/>\t\t\t\t\t\t\t\t\t\t\t\t\t\t\t<\/div>\n\t\t\t\t<\/div>\n\t\t\t\t<div class=\"elementor-element elementor-element-4fc3267 elementor-widget elementor-widget-image\" data-id=\"4fc3267\" data-element_type=\"widget\" data-e-type=\"widget\" data-widget_type=\"image.default\">\n\t\t\t\t<div class=\"elementor-widget-container\">\n\t\t\t\t\t\t\t\t\t\t\t\t\t\t\t<img loading=\"lazy\" decoding=\"async\" width=\"580\" height=\"984\" src=\"https:\/\/shatranj.art\/wp-content\/uploads\/2026\/02\/Tahsin-Cukurluoglu.jpg\" class=\"attachment-large size-large wp-image-1448\" alt=\"\" srcset=\"https:\/\/shatranj.art\/wp-content\/uploads\/2026\/02\/Tahsin-Cukurluoglu.jpg 580w, https:\/\/shatranj.art\/wp-content\/uploads\/2026\/02\/Tahsin-Cukurluoglu-177x300.jpg 177w, https:\/\/shatranj.art\/wp-content\/uploads\/2026\/02\/Tahsin-Cukurluoglu-7x12.jpg 7w\" sizes=\"(max-width: 580px) 100vw, 580px\" \/>\t\t\t\t\t\t\t\t\t\t\t\t\t\t\t<\/div>\n\t\t\t\t<\/div>\n\t\t\t\t<div class=\"elementor-element elementor-element-7c081ec elementor-widget-tablet__width-inherit elementor-widget elementor-widget-text-editor\" data-id=\"7c081ec\" data-element_type=\"widget\" data-e-type=\"widget\" data-widget_type=\"text-editor.default\">\n\t\t\t\t<div class=\"elementor-widget-container\">\n\t\t\t\t\t\t\t\t\t<h3><b>\u0556\u0565\u0576\u0565\u0580\u0562\u0561\u0570\u0579\u0565\u056b \u0574\u0561\u0580\u0566\u0561\u0564\u0561\u0577\u057f\u0578\u0582\u0574 \u056f\u0565\u0576\u0564\u0561\u0576\u056b \u0570\u057d\u056f\u0561 \u0577\u0561\u056d\u0574\u0561\u057f\u0561\u0575\u056b\u0576 \u0577\u0578\u0578\u0582 (1997)<\/b><\/h3><p><b>\u054d\u057f\u0561\u0564\u056b\u0578\u0576\u056b \u056f\u0578\u056c\u0561\u056a\u056b \u0570\u056b\u0574\u0561\u0576 \u057e\u0580\u0561.<\/b><\/p><p><span style=\"font-weight: 400;\">\u0531\u0575\u057d \u057f\u057a\u0561\u057e\u0578\u0580\u056b\u0579 \u057a\u0561\u057f\u056f\u0565\u0580\u0568 \u0581\u0578\u0582\u0581\u0561\u0564\u0580\u0578\u0582\u0574 \u0567 1997 \u0569\u057e\u0561\u056f\u0561\u0576\u056b\u0576 \u0539\u0578\u0582\u0580\u0584\u056b\u0561\u0575\u056b \u0561\u0574\u0565\u0576\u0561\u0570\u0565\u0572\u056b\u0576\u0561\u056f\u0561\u057e\u0578\u0580 \u0574\u0561\u0580\u0566\u0561\u056f\u0561\u0576 \u0561\u056f\u0578\u0582\u0574\u0562\u0576\u0565\u0580\u056b\u0581 \u0574\u0565\u056f\u056b\u055d \u0556\u0565\u0576\u0565\u0580\u0562\u0561\u0570\u0579\u0565\u056b \u0574\u0561\u0580\u0566\u0561\u0564\u0561\u0577\u057f\u0578\u0582\u0574 \u0561\u0576\u0581\u056f\u0561\u0581\u057e\u0561\u056e \u0570\u057d\u056f\u0561\u0575\u0561\u056f\u0561\u0576 \u201c\u053f\u0565\u0576\u0564\u0561\u0576\u056b \u0577\u0561\u056d\u0574\u0561\u057f\u201d \u0574\u056b\u057b\u0578\u0581\u0561\u057c\u0578\u0582\u0574\u0568\u0589.<\/span><\/p><p><span style=\"font-weight: 400;\">\u0531\u0575\u057d \u0574\u056b\u057b\u0578\u0581\u0561\u057c\u0574\u0561\u0576 \u056a\u0561\u0574\u0561\u0576\u0561\u056f, \u0565\u0580\u0562 \u0586\u0578\u0582\u057f\u0562\u0578\u056c\u0561\u0575\u056b\u0576 \u0564\u0561\u0577\u057f\u0568 \u057e\u0565\u0580\u0561\u056e\u057e\u0565\u056c \u0567\u0580 \u0570\u057d\u056f\u0561\u0575\u0561\u056f\u0561\u0576 \u0577\u0561\u056d\u0574\u0561\u057f\u056b \u057f\u0561\u056d\u057f\u0561\u056f\u056b, \u0570\u0561\u057f\u0578\u0582\u056f \u0570\u0561\u0563\u0578\u0582\u057d\u057f\u0578\u057e \u056f\u0561\u057f\u0561\u0580\u0578\u0572\u0576\u0565\u0580\u0568, \u0570\u0561\u0576\u0564\u0565\u057d \u0563\u0561\u056c\u0578\u057e \u0578\u0580\u057a\u0565\u057d \u0577\u0561\u056d\u0574\u0561\u057f\u056b \u056f\u057f\u0578\u0580\u0576\u0565\u0580, \u056f\u0565\u0576\u0564\u0561\u0576\u0561\u0581\u0580\u056b\u0576 \u057c\u0561\u0566\u0574\u0561\u057e\u0561\u0580\u0561\u056f\u0561\u0576 \u056d\u0561\u0572\u0568 \u0574\u0561\u0580\u0566\u0561\u0564\u0561\u0577\u057f\u056b \u0570\u0561\u0576\u0564\u056b\u057d\u0561\u057f\u0565\u057d\u056b \u0561\u057c\u057b\u0587\u0589 \u054f\u0565\u057d\u0578\u0572\u0561\u056f\u0561\u0576 \u0576\u0565\u0580\u056f\u0561\u0575\u0561\u0581\u0578\u0582\u0574\u0568 \u0561\u0576\u0569\u0565\u0580\u056b \u0574\u056b\u0561\u057e\u0578\u0580\u0578\u0582\u0574 \u0567 \u0577\u0561\u056d\u0574\u0561\u057f\u056b \u0574\u057f\u0561\u057e\u0578\u0580 \u056d\u0578\u0580\u0578\u0582\u0569\u0575\u0578\u0582\u0576\u0568 \u0586\u056b\u0566\u056b\u056f\u0561\u056f\u0561\u0576 \u057f\u0565\u057d\u0578\u0572\u0561\u056f\u0561\u0576 \u0570\u0561\u0573\u0578\u0582\u0575\u0584\u056b \u0587 \u057d\u057a\u0578\u0580\u057f\u0561\u0575\u056b\u0576 \u0574\u0577\u0561\u056f\u0578\u0582\u0575\u0569\u056b \u0570\u0565\u057f\u0589 \u0531\u0569\u0561\u0569\u0575\u0578\u0582\u0580\u0584\u056b \u056c\u0578\u0582\u057d\u0561\u0576\u056f\u0561\u0580\u0568 \u056f\u0561\u0580\u0565\u056c\u056b \u0567 \u057f\u0565\u057d\u0576\u0565\u056c \u0574\u0561\u0580\u0566\u0561\u0564\u0561\u0577\u057f\u0578\u0582\u0574 \u056e\u0561\u056e\u0561\u0576\u057e\u0578\u0572 \u0564\u0580\u0578\u0577\u056b \u057e\u0580\u0561\u0589.<\/span><\/p><p><b>\u0531\u0580\u056d\u056b\u057e\u0561\u0575\u056b\u0576 \u0576\u0577\u0578\u0582\u0574:<\/b><span style=\"font-weight: 400;\"> \u053b\u0576\u0579\u057a\u0565\u057d \u0576\u0577\u057e\u0561\u056e \u0567 \u0562\u0576\u0585\u0580\u056b\u0576\u0561\u056f \u056c\u0578\u0582\u057d\u0561\u0576\u056f\u0561\u0580\u0578\u0582\u0574, \u0577\u0561\u056d\u0574\u0561\u057f\u056b \u0561\u0575\u057d \u057a\u0561\u057f\u0574\u0561\u056f\u0561\u0576 \u0562\u0561\u0581\u0561\u057c\u056b\u056f \u0576\u0574\u0578\u0582\u0577\u0568 \u0581\u0578\u0582\u0581\u0561\u0564\u0580\u057e\u0578\u0582\u0574 \u0567 FIDE \u0574\u056b\u057b\u0561\u0566\u0563\u0561\u0575\u056b\u0576 \u0577\u0561\u056d\u0574\u0561\u057f\u056b \u0574\u0580\u0581\u0561\u057e\u0561\u0580\u056b \u0587 \u0563\u0580\u0578\u0572\u056b \u0561\u0576\u0571\u0576\u0561\u056f\u0561\u0576 \u0561\u0580\u056d\u056b\u057e\u056b\u0581 \u0587 \u0570\u0561\u057e\u0561\u0584\u0561\u056e\u0578\u0582\u056b\u0581, <\/span><b>\u0540. \u054d\u0565\u0580\u057f\u0561\u0579 \u0534\u0561\u056c\u056f\u056b\u0580\u0561\u0576<\/b><span style=\"font-weight: 400;\">.<\/span><\/p>\t\t\t\t\t\t\t\t<\/div>\n\t\t\t\t<\/div>\n\t\t\t\t<div class=\"elementor-element elementor-element-2284ad2 elementor-widget elementor-widget-image\" data-id=\"2284ad2\" data-element_type=\"widget\" data-e-type=\"widget\" data-widget_type=\"image.default\">\n\t\t\t\t<div class=\"elementor-widget-container\">\n\t\t\t\t\t\t\t\t\t\t\t\t\t\t\t<img loading=\"lazy\" decoding=\"async\" width=\"800\" height=\"557\" src=\"https:\/\/shatranj.art\/wp-content\/uploads\/2026\/02\/Fenerbahce-stadi-bale-1997-1024x713.jpg\" class=\"attachment-large size-large wp-image-1360\" alt=\"\" srcset=\"https:\/\/shatranj.art\/wp-content\/uploads\/2026\/02\/Fenerbahce-stadi-bale-1997-1024x713.jpg 1024w, https:\/\/shatranj.art\/wp-content\/uploads\/2026\/02\/Fenerbahce-stadi-bale-1997-300x209.jpg 300w, https:\/\/shatranj.art\/wp-content\/uploads\/2026\/02\/Fenerbahce-stadi-bale-1997-768x535.jpg 768w, https:\/\/shatranj.art\/wp-content\/uploads\/2026\/02\/Fenerbahce-stadi-bale-1997-1536x1070.jpg 1536w, https:\/\/shatranj.art\/wp-content\/uploads\/2026\/02\/Fenerbahce-stadi-bale-1997-2048x1426.jpg 2048w, https:\/\/shatranj.art\/wp-content\/uploads\/2026\/02\/Fenerbahce-stadi-bale-1997-18x12.jpg 18w\" sizes=\"(max-width: 800px) 100vw, 800px\" \/>\t\t\t\t\t\t\t\t\t\t\t\t\t\t\t<\/div>\n\t\t\t\t<\/div>\n\t\t\t\t<\/div>\n\t\t\t\t\t<\/div>\n\t\t\t\t<\/div>\n\t\t\t\t<\/div>","protected":false},"excerpt":{"rendered":"<p>The chess set of Mustafa Kemal Atat\u00fcrk This section of the exhibit highlights a unique piece of Turkish history: the personal chess set of Mustafa Kemal Atat\u00fcrk, the founder of the Republic of Turkey. The gallery photo shows H. Serta\u00e7 Dalk\u0131ran alongside Atat\u00fcrk&#8217;s adopted daughter, \u00dclk\u00fc Adatepe, proudly presenting the set. This chess set was [&hellip;]<\/p>\n","protected":false},"author":1,"featured_media":0,"parent":743,"menu_order":0,"comment_status":"closed","ping_status":"closed","template":"","meta":{"footnotes":""},"class_list":["post-1355","page","type-page","status-publish","hentry"],"_links":{"self":[{"href":"https:\/\/shatranj.art\/hy\/wp-json\/wp\/v2\/pages\/1355","targetHints":{"allow":["GET"]}}],"collection":[{"href":"https:\/\/shatranj.art\/hy\/wp-json\/wp\/v2\/pages"}],"about":[{"href":"https:\/\/shatranj.art\/hy\/wp-json\/wp\/v2\/types\/page"}],"author":[{"embeddable":true,"href":"https:\/\/shatranj.art\/hy\/wp-json\/wp\/v2\/users\/1"}],"replies":[{"embeddable":true,"href":"https:\/\/shatranj.art\/hy\/wp-json\/wp\/v2\/comments?post=1355"}],"version-history":[{"count":16,"href":"https:\/\/shatranj.art\/hy\/wp-json\/wp\/v2\/pages\/1355\/revisions"}],"predecessor-version":[{"id":1457,"href":"https:\/\/shatranj.art\/hy\/wp-json\/wp\/v2\/pages\/1355\/revisions\/1457"}],"up":[{"embeddable":true,"href":"https:\/\/shatranj.art\/hy\/wp-json\/wp\/v2\/pages\/743"}],"wp:attachment":[{"href":"https:\/\/shatranj.art\/hy\/wp-json\/wp\/v2\/media?parent=1355"}],"curies":[{"name":"wp","href":"https:\/\/api.w.org\/{rel}","templated":true}]}}