{"id":809,"date":"2026-02-21T19:53:54","date_gmt":"2026-02-21T19:53:54","guid":{"rendered":"https:\/\/shatranj.art\/?page_id=809"},"modified":"2026-03-18T00:05:44","modified_gmt":"2026-03-18T00:05:44","slug":"poster-7","status":"publish","type":"page","link":"https:\/\/shatranj.art\/hy\/exhibit\/poster-7\/","title":{"rendered":"\u057a\u0561\u057d\u057f\u0561\u057c 7"},"content":{"rendered":"<div data-elementor-type=\"wp-page\" data-elementor-id=\"809\" class=\"elementor elementor-809\" data-elementor-post-type=\"page\">\n\t\t\t\t<div class=\"elementor-element elementor-element-fa6cd04 e-flex e-con-boxed e-con e-parent\" data-id=\"fa6cd04\" data-element_type=\"container\" data-e-type=\"container\" data-settings=\"{&quot;background_background&quot;:&quot;classic&quot;}\">\n\t\t\t\t\t<div class=\"e-con-inner\">\n\t\t\t\t<div class=\"elementor-element elementor-element-5c7bc28 elementor-widget elementor-widget-image\" data-id=\"5c7bc28\" data-element_type=\"widget\" data-e-type=\"widget\" data-widget_type=\"image.default\">\n\t\t\t\t<div class=\"elementor-widget-container\">\n\t\t\t\t\t\t\t\t\t\t\t\t\t\t\t<img fetchpriority=\"high\" decoding=\"async\" width=\"1968\" height=\"1288\" src=\"https:\/\/shatranj.art\/wp-content\/uploads\/2026\/02\/7.jpg\" class=\"attachment-full size-full wp-image-812\" alt=\"\" srcset=\"https:\/\/shatranj.art\/wp-content\/uploads\/2026\/02\/7.jpg 1968w, https:\/\/shatranj.art\/wp-content\/uploads\/2026\/02\/7-300x196.jpg 300w, https:\/\/shatranj.art\/wp-content\/uploads\/2026\/02\/7-1024x670.jpg 1024w, https:\/\/shatranj.art\/wp-content\/uploads\/2026\/02\/7-768x503.jpg 768w, https:\/\/shatranj.art\/wp-content\/uploads\/2026\/02\/7-1536x1005.jpg 1536w\" sizes=\"(max-width: 1968px) 100vw, 1968px\" \/>\t\t\t\t\t\t\t\t\t\t\t\t\t\t\t<\/div>\n\t\t\t\t<\/div>\n\t\t\t\t<div class=\"elementor-element elementor-element-a06796b elementor-widget elementor-widget-text-editor\" data-id=\"a06796b\" data-element_type=\"widget\" data-e-type=\"widget\" data-widget_type=\"text-editor.default\">\n\t\t\t\t<div class=\"elementor-widget-container\">\n\t\t\t\t\t\t\t\t\t<h3><b>\u053c\u0578\u0582\u057d\u0561\u057e\u0578\u0580\u0578\u0582\u0569\u0575\u0561\u0576 \u0564\u0561\u0580\u0561\u0577\u0580\u057b\u0561\u0576\u056b \u0567\u057d\u0569\u0565\u057f\u056b\u056f\u0561. \u054c\u0565\u056a\u0561\u0576\u057d\u056b \u056a\u0561\u057c\u0561\u0576\u0563\u0578\u0582\u0569\u0575\u0578\u0582\u0576\u0568 \u0556\u056b\u056c\u056b\u0564\u0578\u0580\u056b \u0587 \u0546\u0561\u057a\u0578\u056c\u0565\u0578\u0576\u056b<\/b><\/h3><p>\u0547\u0561\u056d\u0574\u0561\u057f\u056b \u057a\u0561\u057f\u0574\u0578\u0582\u0569\u0575\u0561\u0576 \u0561\u0574\u0565\u0576\u0561\u0570\u0561\u0580\u0563\u057e\u0561\u056e \u0587 \u056d\u0578\u0580\u0570\u0580\u0564\u0561\u0576\u0577\u0561\u056f\u0561\u0576 \u0564\u056b\u0566\u0561\u0575\u0576\u0576\u0565\u0580\u056b\u0581 \u0574\u0565\u056f\u0568\u055d \u054c\u0565\u0563\u0565\u0576\u057d\u056b \u0578\u0573\u0568, \u056b\u0580 \u0561\u0576\u0578\u0582\u0576\u0568 \u057d\u057f\u0561\u0581\u0565\u056c \u0567 \u0553\u0561\u0580\u056b\u0566\u056b \u056c\u0565\u0563\u0565\u0576\u0564\u0561\u0580 \u00abCaf\u00e9 de la R\u00e9gence\u00bb-\u056b\u0581\u0589 \u0531\u0575\u057d \u0570\u0561\u057e\u0561\u0584\u0561\u056e\u0578\u0582\u0576\u0565\u0580\u0568 \u0574\u0561\u0580\u0574\u0576\u0561\u057e\u0578\u0580\u0578\u0582\u0574 \u0565\u0576 \u0561\u0575\u0576 \u0564\u0561\u0580\u0561\u0577\u0580\u057b\u0561\u0576\u0568, \u0565\u0580\u0562 \u0577\u0561\u056d\u0574\u0561\u057f\u0568 \u0569\u0561\u0563\u0561\u057e\u0578\u0580\u0561\u056f\u0561\u0576 \u057a\u0561\u056c\u0561\u057f\u0576\u0565\u0580\u056b\u0581 \u057f\u0565\u0572\u0561\u0583\u0578\u056d\u057e\u0565\u0581 \u0535\u057e\u0580\u0578\u057a\u0561\u0575\u056b \u0574\u057f\u0561\u057e\u0578\u0580\u0561\u056f\u0561\u0576 \u057d\u056b\u0580\u057f \u0587 \u0566\u0561\u0580\u0564\u0561\u0580\u0565\u0581 \u0583\u056b\u056c\u056b\u057d\u0578\u0583\u0561\u0576\u0565\u0580\u056b, \u0563\u056b\u057f\u0576\u0561\u056f\u0561\u0576\u0576\u0565\u0580\u056b \u0587 \u0570\u0565\u0572\u0561\u0583\u0578\u056d\u0561\u056f\u0561\u0576\u0576\u0565\u0580\u056b \u057d\u0565\u0572\u0561\u0576\u0576\u0565\u0580\u0568\u0589 18-\u0580\u0564 \u0564\u0561\u0580\u0578\u0582\u0574 \u0587 19-\u0580\u0564 \u0564\u0561\u0580\u056b \u0574\u0565\u056e \u0574\u0561\u057d\u0578\u0582\u0574 \u0561\u0575\u057d \u0564\u056b\u0566\u0561\u0575\u0576\u0568 \u056e\u0561\u057c\u0561\u0575\u0565\u056c \u0567 \u0578\u0580\u057a\u0565\u057d \u056d\u0561\u0572\u056b \u0570\u0561\u0574\u0568\u0576\u0564\u0570\u0561\u0576\u0578\u0582\u0580 \u056c\u0565\u0566\u0578\u0582, \u0561\u056f\u0561\u0576\u0561\u057f\u0565\u057d \u056c\u056b\u0576\u0565\u056c\u0578\u057e \u0561\u0575\u0576\u057a\u056b\u057d\u056b \u0574\u057f\u0584\u0565\u0580\u056b \u057c\u0561\u0566\u0574\u0561\u057e\u0561\u0580\u0561\u056f\u0561\u0576 \u0584\u0561\u0575\u056c\u0565\u0580\u056b\u0576, \u0578\u0580\u0578\u0576\u0584 \u0583\u0578\u056d\u0565\u0581\u056b\u0576 \u057a\u0561\u057f\u0574\u0578\u0582\u0569\u0575\u0561\u0576 \u0568\u0576\u0569\u0561\u0581\u0584\u0568\u055d \u0546\u0561\u057a\u0578\u056c\u0565\u0578\u0576 \u0532\u0578\u0576\u0561\u057a\u0561\u0580\u057f\u056b, \u0532\u0565\u0576\u057b\u0561\u0574\u056b\u0576 \u0556\u0580\u0565\u0576\u056f\u056c\u056b\u0576\u056b \u0587 \u054e\u0578\u056c\u057f\u0565\u0575\u0580\u056b \u0576\u0574\u0561\u0576 \u0561\u0576\u0570\u0561\u057f\u0576\u0565\u0580\u056b\u0589.<\/p><p><span style=\"font-weight: 400;\">\u0531\u0575\u057d \u0564\u0561\u0580\u0561\u0577\u0580\u057b\u0561\u0576\u0578\u0582\u0574, \u0565\u0580\u0562 \u0574\u0565\u056e \u057e\u0561\u0580\u057a\u0565\u057f \u0556\u0580\u0561\u0576\u057d\u0578\u0582\u0561-\u0531\u0576\u0564\u0580\u0565 \u0534\u0561\u0576\u056b\u056f\u0561\u0576 \u0556\u056b\u056c\u056b\u0564\u0578\u0580\u0568 \u056d\u0561\u0572\u056b\u0576 \u057f\u057e\u0565\u0581 \u056a\u0561\u0574\u0561\u0576\u0561\u056f\u0561\u056f\u056b\u0581 \u057f\u0565\u057d\u0561\u056f\u0561\u0576 \u0570\u056b\u0574\u0576\u0561\u057e\u0578\u0580\u0578\u0582\u0574\u055d \u0570\u0561\u0575\u057f\u0561\u0580\u0561\u0580\u0565\u056c\u0578\u057e, \u0578\u0580 <\/span><b>\u201c\u0553\u0578\u0576\u0584\u0565\u0580\u0568 \u0577\u0561\u056d\u0574\u0561\u057f\u056b \u0570\u0578\u0563\u056b\u0576 \u0565\u0576\u0589\u201d<\/b> \u054c\u0565\u0563\u0565\u0576\u057d\u056b \u0578\u0573\u056b \u0576\u0578\u0582\u0580\u0562, \u0561\u057d\u057f\u056b\u0573\u0561\u0576\u0561\u057e\u0578\u0580 \u0587 \u0573\u0561\u0580\u057f\u0561\u0580\u0561\u057a\u0565\u057f\u0561\u056f\u0561\u0576 \u0563\u056e\u0565\u0580\u0568 \u0564\u0561\u0580\u0571\u0561\u0576 \u0561\u0575\u057d \u0574\u057f\u0561\u057e\u0578\u0580 \u0570\u0565\u0572\u0561\u0583\u0578\u056d\u0578\u0582\u0569\u0575\u0561\u0576 \u057f\u0565\u057d\u0578\u0572\u0561\u056f\u0561\u0576 \u057d\u057f\u0578\u0580\u0561\u0563\u0580\u0578\u0582\u0569\u0575\u0578\u0582\u0576\u0568\u0589 \u0531\u0575\u057d \u0570\u0561\u057e\u0561\u0584\u0561\u056e\u0578\u0582\u0576 \u056f\u0565\u0576\u0564\u0561\u0576\u056b \u0570\u056b\u0577\u0578\u0572\u0578\u0582\u0569\u0575\u0578\u0582\u0576 \u0567, \u0578\u0580\u0568 \u056f\u0580\u0578\u0582\u0574 \u0567 \u053c\u0578\u0582\u057d\u0561\u057e\u0578\u0580\u0579\u0578\u0582\u0569\u0575\u0561\u0576 \u0561\u0566\u0561\u057f\u057e\u0561\u056e, \u0576\u0580\u0562\u0561\u0563\u0565\u0572 \u0587 \u057c\u0561\u0566\u0574\u0561\u057e\u0561\u0580\u0561\u056f\u0561\u0576 \u056a\u0561\u057c\u0561\u0576\u0563\u0578\u0582\u0569\u0575\u0578\u0582\u0576\u0568 \u0574\u056b\u0576\u0579\u0587 \u0574\u0565\u0580 \u0585\u0580\u0565\u0580\u0568\u0589.<\/p>\t\t\t\t\t\t\t\t<\/div>\n\t\t\t\t<\/div>\n\t\t\t\t<div class=\"elementor-element elementor-element-9452bb3 elementor-widget elementor-widget-image\" data-id=\"9452bb3\" data-element_type=\"widget\" data-e-type=\"widget\" data-widget_type=\"image.default\">\n\t\t\t\t<div class=\"elementor-widget-container\">\n\t\t\t\t\t\t\t\t\t\t\t\t\t\t\t<img decoding=\"async\" width=\"1873\" height=\"1232\" src=\"https:\/\/shatranj.art\/wp-content\/uploads\/2026\/02\/7-1.jpg\" class=\"attachment-full size-full wp-image-813\" alt=\"\" srcset=\"https:\/\/shatranj.art\/wp-content\/uploads\/2026\/02\/7-1.jpg 1873w, https:\/\/shatranj.art\/wp-content\/uploads\/2026\/02\/7-1-300x197.jpg 300w, https:\/\/shatranj.art\/wp-content\/uploads\/2026\/02\/7-1-1024x674.jpg 1024w, https:\/\/shatranj.art\/wp-content\/uploads\/2026\/02\/7-1-768x505.jpg 768w, https:\/\/shatranj.art\/wp-content\/uploads\/2026\/02\/7-1-1536x1010.jpg 1536w\" sizes=\"(max-width: 1873px) 100vw, 1873px\" \/>\t\t\t\t\t\t\t\t\t\t\t\t\t\t\t<\/div>\n\t\t\t\t<\/div>\n\t\t\t\t<div class=\"elementor-element elementor-element-cae2144 elementor-widget elementor-widget-text-editor\" data-id=\"cae2144\" data-element_type=\"widget\" data-e-type=\"widget\" data-widget_type=\"text-editor.default\">\n\t\t\t\t<div class=\"elementor-widget-container\">\n\t\t\t\t\t\t\t\t\t<h3><b>\u054d\u057f\u0561\u0574\u0562\u0578\u0582\u056c\u056b \u0577\u0561\u056d\u0574\u0561\u057f\u056b \u0561\u057d\u0578\u0581\u056b\u0561\u0581\u056b\u0561\u0575\u056b \u0570\u056b\u0574\u0576\u0561\u0564\u056b\u0580 \u0561\u0576\u0564\u0561\u0574 \u057a\u0580\u0578\u0586. \u0564\u0578\u056f\u057f. \u0531\u0570\u0574\u0565\u0569 \u0539\u0587\u0586\u056b\u056f \u0545\u0578\u0582\u0579\u0565\u057d\u0578\u0575\u056b Regence \u0574\u0578\u0564\u0565\u056c\u056b \u0577\u0561\u056d\u0574\u0561\u057f\u0561\u0575\u056b\u0576 \u0570\u0561\u057e\u0561\u0584\u0561\u056e\u0578\u0582 (\u057a\u0561\u057f\u0580\u0561\u057d\u057f\u057e\u0561\u056e \u0567 \u0562\u0578\u0584\u057d\u057e\u0578\u0582\u0564\u056b\u0581)<\/b><\/h3><p>\u054d\u057f\u0578\u0580\u0587 \u056f\u0561\u0580\u0578\u0572 \u0565\u0584 \u0563\u057f\u0576\u0565\u056c \u0577\u0561\u056d\u0574\u0561\u057f\u056b \u0570\u0561\u057e\u0561\u0584\u0561\u056e\u0578\u0582\u056b \u056c\u0578\u0582\u057d\u0561\u0576\u056f\u0561\u0580\u0568 \u0587 \u056f\u056b\u0581 \u0576\u0561\u0574\u0561\u056f\u0568\u055d \u0531. \u0534\u0578\u0572\u0561\u0576 \u0533\u0575\u0578\u0582\u0576\u057d\u0561\u057e\u056b\u0581 \u054d\u0565\u0580\u057f\u0561\u0579 \u0534\u0561\u056c\u056f\u056b\u0580\u0561\u0576\u056b\u0576\u0589 \u0533\u0575\u0578\u0582\u0576\u057d\u0561\u057e\u0568 \u0576\u0577\u0578\u0582\u0574 \u0567, \u0578\u0580 \u0577\u0561\u056d\u0574\u0561\u057f\u056b \u0570\u0561\u057e\u0561\u0584\u0561\u056e\u0578\u0582\u0576 \u0576\u057e\u056b\u0580\u0565\u056c \u0565\u0576 \u056b\u0580\u0565\u0576 \u057a\u0580\u0578\u0586. \u0545\u0578\u0582\u0579\u0565\u057d\u0578\u0575\u056b \u0568\u0576\u057f\u0561\u0576\u056b\u0584\u056b \u0561\u0576\u0564\u0561\u0574\u0576\u0565\u0580\u0568 \u0545\u0578\u0582\u0579\u0565\u057d\u0578\u0575\u056b \u0574\u0561\u0570\u056b\u0581 \u0570\u0565\u057f\u0578\u0589.<\/p>\t\t\t\t\t\t\t\t<\/div>\n\t\t\t\t<\/div>\n\t\t\t\t<div class=\"elementor-element elementor-element-60a889e elementor-widget elementor-widget-image\" data-id=\"60a889e\" data-element_type=\"widget\" data-e-type=\"widget\" data-widget_type=\"image.default\">\n\t\t\t\t<div class=\"elementor-widget-container\">\n\t\t\t\t\t\t\t\t\t\t\t\t\t\t\t<img decoding=\"async\" width=\"2560\" height=\"1920\" src=\"https:\/\/shatranj.art\/wp-content\/uploads\/2026\/03\/ISD-Kurucu-uyesi-Prof.-Dr.-Ahmet-Tevfik-Yucesoyun-asirlik-simsir-agacindan-yapilmis-Rejans-Modeli-satranc-takimi-scaled.jpg\" class=\"attachment-full size-full wp-image-1885\" alt=\"\" srcset=\"https:\/\/shatranj.art\/wp-content\/uploads\/2026\/03\/ISD-Kurucu-uyesi-Prof.-Dr.-Ahmet-Tevfik-Yucesoyun-asirlik-simsir-agacindan-yapilmis-Rejans-Modeli-satranc-takimi-scaled.jpg 2560w, https:\/\/shatranj.art\/wp-content\/uploads\/2026\/03\/ISD-Kurucu-uyesi-Prof.-Dr.-Ahmet-Tevfik-Yucesoyun-asirlik-simsir-agacindan-yapilmis-Rejans-Modeli-satranc-takimi-300x225.jpg 300w, https:\/\/shatranj.art\/wp-content\/uploads\/2026\/03\/ISD-Kurucu-uyesi-Prof.-Dr.-Ahmet-Tevfik-Yucesoyun-asirlik-simsir-agacindan-yapilmis-Rejans-Modeli-satranc-takimi-1024x768.jpg 1024w, https:\/\/shatranj.art\/wp-content\/uploads\/2026\/03\/ISD-Kurucu-uyesi-Prof.-Dr.-Ahmet-Tevfik-Yucesoyun-asirlik-simsir-agacindan-yapilmis-Rejans-Modeli-satranc-takimi-768x576.jpg 768w, https:\/\/shatranj.art\/wp-content\/uploads\/2026\/03\/ISD-Kurucu-uyesi-Prof.-Dr.-Ahmet-Tevfik-Yucesoyun-asirlik-simsir-agacindan-yapilmis-Rejans-Modeli-satranc-takimi-1536x1152.jpg 1536w, https:\/\/shatranj.art\/wp-content\/uploads\/2026\/03\/ISD-Kurucu-uyesi-Prof.-Dr.-Ahmet-Tevfik-Yucesoyun-asirlik-simsir-agacindan-yapilmis-Rejans-Modeli-satranc-takimi-2048x1536.jpg 2048w, https:\/\/shatranj.art\/wp-content\/uploads\/2026\/03\/ISD-Kurucu-uyesi-Prof.-Dr.-Ahmet-Tevfik-Yucesoyun-asirlik-simsir-agacindan-yapilmis-Rejans-Modeli-satranc-takimi-16x12.jpg 16w\" sizes=\"(max-width: 2560px) 100vw, 2560px\" \/>\t\t\t\t\t\t\t\t\t\t\t\t\t\t\t<\/div>\n\t\t\t\t<\/div>\n\t\t\t\t<div class=\"elementor-element elementor-element-0b39a21 elementor-widget elementor-widget-image\" data-id=\"0b39a21\" data-element_type=\"widget\" data-e-type=\"widget\" data-widget_type=\"image.default\">\n\t\t\t\t<div class=\"elementor-widget-container\">\n\t\t\t\t\t\t\t\t\t\t\t\t\t\t\t<img loading=\"lazy\" decoding=\"async\" width=\"1700\" height=\"2338\" src=\"https:\/\/shatranj.art\/wp-content\/uploads\/2026\/03\/dogan-gunsav-in-ahmet-tevfik-yucesoy-takimi-hk-001.jpg\" class=\"attachment-full size-full wp-image-1886\" alt=\"\" srcset=\"https:\/\/shatranj.art\/wp-content\/uploads\/2026\/03\/dogan-gunsav-in-ahmet-tevfik-yucesoy-takimi-hk-001.jpg 1700w, https:\/\/shatranj.art\/wp-content\/uploads\/2026\/03\/dogan-gunsav-in-ahmet-tevfik-yucesoy-takimi-hk-001-218x300.jpg 218w, https:\/\/shatranj.art\/wp-content\/uploads\/2026\/03\/dogan-gunsav-in-ahmet-tevfik-yucesoy-takimi-hk-001-745x1024.jpg 745w, https:\/\/shatranj.art\/wp-content\/uploads\/2026\/03\/dogan-gunsav-in-ahmet-tevfik-yucesoy-takimi-hk-001-768x1056.jpg 768w, https:\/\/shatranj.art\/wp-content\/uploads\/2026\/03\/dogan-gunsav-in-ahmet-tevfik-yucesoy-takimi-hk-001-1117x1536.jpg 1117w, https:\/\/shatranj.art\/wp-content\/uploads\/2026\/03\/dogan-gunsav-in-ahmet-tevfik-yucesoy-takimi-hk-001-1489x2048.jpg 1489w, https:\/\/shatranj.art\/wp-content\/uploads\/2026\/03\/dogan-gunsav-in-ahmet-tevfik-yucesoy-takimi-hk-001-9x12.jpg 9w\" sizes=\"(max-width: 1700px) 100vw, 1700px\" \/>\t\t\t\t\t\t\t\t\t\t\t\t\t\t\t<\/div>\n\t\t\t\t<\/div>\n\t\t\t\t\t<\/div>\n\t\t\t\t<\/div>\n\t\t\t\t<\/div>","protected":false},"excerpt":{"rendered":"<p>Aesthetics of the Enlightenment: The R\u00e9gence Legacy of Philidor and Napoleon As one of the most prestigious and iconic designs in chess history, the R\u00e9gence style takes its name from the legendary Caf\u00e9 de la R\u00e9gence in Paris. These sets embody the era when chess migrated from royal courts to the intellectual heart of Europe, [&hellip;]<\/p>\n","protected":false},"author":1,"featured_media":0,"parent":743,"menu_order":0,"comment_status":"closed","ping_status":"closed","template":"","meta":{"footnotes":""},"class_list":["post-809","page","type-page","status-publish","hentry"],"_links":{"self":[{"href":"https:\/\/shatranj.art\/hy\/wp-json\/wp\/v2\/pages\/809","targetHints":{"allow":["GET"]}}],"collection":[{"href":"https:\/\/shatranj.art\/hy\/wp-json\/wp\/v2\/pages"}],"about":[{"href":"https:\/\/shatranj.art\/hy\/wp-json\/wp\/v2\/types\/page"}],"author":[{"embeddable":true,"href":"https:\/\/shatranj.art\/hy\/wp-json\/wp\/v2\/users\/1"}],"replies":[{"embeddable":true,"href":"https:\/\/shatranj.art\/hy\/wp-json\/wp\/v2\/comments?post=809"}],"version-history":[{"count":16,"href":"https:\/\/shatranj.art\/hy\/wp-json\/wp\/v2\/pages\/809\/revisions"}],"predecessor-version":[{"id":1895,"href":"https:\/\/shatranj.art\/hy\/wp-json\/wp\/v2\/pages\/809\/revisions\/1895"}],"up":[{"embeddable":true,"href":"https:\/\/shatranj.art\/hy\/wp-json\/wp\/v2\/pages\/743"}],"wp:attachment":[{"href":"https:\/\/shatranj.art\/hy\/wp-json\/wp\/v2\/media?parent=809"}],"curies":[{"name":"wp","href":"https:\/\/api.w.org\/{rel}","templated":true}]}}