{"id":1068,"date":"2026-02-22T18:39:42","date_gmt":"2026-02-22T18:39:42","guid":{"rendered":"https:\/\/shatranj.art\/?page_id=1068"},"modified":"2026-02-24T09:00:42","modified_gmt":"2026-02-24T09:00:42","slug":"poster-29","status":"publish","type":"page","link":"https:\/\/shatranj.art\/id\/exhibit\/poster-29\/","title":{"rendered":"poster 29"},"content":{"rendered":"<div data-elementor-type=\"wp-page\" data-elementor-id=\"1068\" class=\"elementor elementor-1068\" data-elementor-post-type=\"page\">\n\t\t\t\t<div class=\"elementor-element elementor-element-cfd54a0 e-flex e-con-boxed e-con e-parent\" data-id=\"cfd54a0\" data-element_type=\"container\" data-e-type=\"container\" data-settings=\"{&quot;background_background&quot;:&quot;classic&quot;}\">\n\t\t\t\t\t<div class=\"e-con-inner\">\n\t\t<div class=\"elementor-element elementor-element-00cae2a e-con-full e-flex e-con e-child\" data-id=\"00cae2a\" data-element_type=\"container\" data-e-type=\"container\">\n\t\t<div class=\"elementor-element elementor-element-edcf7ea e-con-full e-flex e-con e-child\" data-id=\"edcf7ea\" data-element_type=\"container\" data-e-type=\"container\">\n\t\t\t\t<div class=\"elementor-element elementor-element-411efec elementor-widget elementor-widget-image\" data-id=\"411efec\" data-element_type=\"widget\" data-e-type=\"widget\" data-widget_type=\"image.default\">\n\t\t\t\t<div class=\"elementor-widget-container\">\n\t\t\t\t\t\t\t\t\t\t\t\t\t\t\t<img fetchpriority=\"high\" decoding=\"async\" width=\"800\" height=\"384\" src=\"https:\/\/shatranj.art\/wp-content\/uploads\/2026\/02\/regence-cafe-chess-set-1780-1820-1-1024x491.png\" class=\"attachment-large size-large wp-image-1073\" alt=\"\" srcset=\"https:\/\/shatranj.art\/wp-content\/uploads\/2026\/02\/regence-cafe-chess-set-1780-1820-1-1024x491.png 1024w, https:\/\/shatranj.art\/wp-content\/uploads\/2026\/02\/regence-cafe-chess-set-1780-1820-1-300x144.png 300w, https:\/\/shatranj.art\/wp-content\/uploads\/2026\/02\/regence-cafe-chess-set-1780-1820-1-768x369.png 768w, https:\/\/shatranj.art\/wp-content\/uploads\/2026\/02\/regence-cafe-chess-set-1780-1820-1-1536x737.png 1536w, https:\/\/shatranj.art\/wp-content\/uploads\/2026\/02\/regence-cafe-chess-set-1780-1820-1.png 1886w\" sizes=\"(max-width: 800px) 100vw, 800px\" \/>\t\t\t\t\t\t\t\t\t\t\t\t\t\t\t<\/div>\n\t\t\t\t<\/div>\n\t\t\t\t<div class=\"elementor-element elementor-element-6e231da elementor-widget-tablet__width-inherit elementor-widget elementor-widget-text-editor\" data-id=\"6e231da\" data-element_type=\"widget\" data-e-type=\"widget\" data-widget_type=\"text-editor.default\">\n\t\t\t\t<div class=\"elementor-widget-container\">\n\t\t\t\t\t\t\t\t\t<p><strong>\u015eAH\u00ce mengatur potongan raja \/ raja \/ syah: G\u00fcl\u015fah<\/strong><\/p><p>G\u00fcl\u015fah mewakili kebijaksanaan dari penutup kepala, kesucian dan otoritas kubah, dan mawar sebagai simbol kehidupan dan keindahan, yang harus dilindungi dari skakmat. Kubah ini terinspirasi dari bangunan ikonik seperti Hagia Sophia, Pantheon, dan MIT. Bagian kepala mencerminkan warisan intelektual penulis catur awal, seperti As-Suli dan Stamma, sementara mahkotanya menyerupai karangan bunga zaitun di Olimpiade kuno. Secara historis, bidak ini disebut raja, shah, raja, atau komandan. \u201cG\u00fcl\u201d berarti mawar dalam bahasa-bahasa Asia Tengah. \u201c\u015eah\u201d, diucapkan sebagai \u2018Shah\u2019, adalah nama catur dalam banyak bahasa. Meskipun shah awalnya merujuk pada aturan laki-laki, penggunaan metaforis atau modernnya telah menjadi netral gender.<\/p>\t\t\t\t\t\t\t\t<\/div>\n\t\t\t\t<\/div>\n\t\t\t\t<div class=\"elementor-element elementor-element-10b021d elementor-widget elementor-widget-image\" data-id=\"10b021d\" data-element_type=\"widget\" data-e-type=\"widget\" data-widget_type=\"image.default\">\n\t\t\t\t<div class=\"elementor-widget-container\">\n\t\t\t\t\t\t\t\t\t\t\t\t\t\t\t<img decoding=\"async\" width=\"188\" height=\"237\" src=\"https:\/\/shatranj.art\/wp-content\/uploads\/2026\/02\/Philipp-Stamma-Public-Domain.jpg\" class=\"attachment-large size-large wp-image-1071\" alt=\"\" \/>\t\t\t\t\t\t\t\t\t\t\t\t\t\t\t<\/div>\n\t\t\t\t<\/div>\n\t\t\t\t<\/div>\n\t\t<div class=\"elementor-element elementor-element-538608d e-con-full e-flex e-con e-child\" data-id=\"538608d\" data-element_type=\"container\" data-e-type=\"container\">\n\t\t\t\t<div class=\"elementor-element elementor-element-60ca9fa elementor-widget elementor-widget-image\" data-id=\"60ca9fa\" data-element_type=\"widget\" data-e-type=\"widget\" data-widget_type=\"image.default\">\n\t\t\t\t<div class=\"elementor-widget-container\">\n\t\t\t\t\t\t\t\t\t\t\t\t\t\t\t<img decoding=\"async\" width=\"800\" height=\"800\" src=\"https:\/\/shatranj.art\/wp-content\/uploads\/2026\/02\/shahi-gulsah-king-piece-1-1024x1024.png\" class=\"attachment-large size-large wp-image-1074\" alt=\"\" srcset=\"https:\/\/shatranj.art\/wp-content\/uploads\/2026\/02\/shahi-gulsah-king-piece-1-1024x1024.png 1024w, https:\/\/shatranj.art\/wp-content\/uploads\/2026\/02\/shahi-gulsah-king-piece-1-300x300.png 300w, https:\/\/shatranj.art\/wp-content\/uploads\/2026\/02\/shahi-gulsah-king-piece-1-150x150.png 150w, https:\/\/shatranj.art\/wp-content\/uploads\/2026\/02\/shahi-gulsah-king-piece-1-768x768.png 768w, https:\/\/shatranj.art\/wp-content\/uploads\/2026\/02\/shahi-gulsah-king-piece-1-1536x1536.png 1536w, https:\/\/shatranj.art\/wp-content\/uploads\/2026\/02\/shahi-gulsah-king-piece-1-2048x2048.png 2048w\" sizes=\"(max-width: 800px) 100vw, 800px\" \/>\t\t\t\t\t\t\t\t\t\t\t\t\t\t\t<\/div>\n\t\t\t\t<\/div>\n\t\t\t\t<div class=\"elementor-element elementor-element-aa06c95 elementor-widget-tablet__width-inherit elementor-widget elementor-widget-text-editor\" data-id=\"aa06c95\" data-element_type=\"widget\" data-e-type=\"widget\" data-widget_type=\"text-editor.default\">\n\t\t\t\t<div class=\"elementor-widget-container\">\n\t\t\t\t\t\t\t\t\t<p><strong>Deskripsi dan Warisan<\/strong><\/p><p>Bidak G\u00fcl\u015fah menampilkan desain penutup kepala yang khas yang menghormati para raksasa intelektual dalam sejarah catur. Penutup kepala ini dimodelkan setelah turban tradisional yang dikenakan oleh tokoh-tokoh seperti master abad pertengahan as-Suli dan Philipp Stamma, master abad ke-18 dan penerjemah kerajaan. Lahir di Aleppo dan aktif di pusat-pusat intelektual utama di London dan Paris, Stamma adalah tokoh multikultural yang bekerja sebagai penerjemah untuk negara Inggris dan sistem notasi catur perintisnya yang menjembatani tradisi Timur dan Barat. Desain ini mengilhami bidak ini dengan rasa kebijaksanaan yang mendalam dan otoritas ilmiah.<\/p>\t\t\t\t\t\t\t\t<\/div>\n\t\t\t\t<\/div>\n\t\t\t\t<div class=\"elementor-element elementor-element-117e242 elementor-widget elementor-widget-image\" data-id=\"117e242\" data-element_type=\"widget\" data-e-type=\"widget\" data-widget_type=\"image.default\">\n\t\t\t\t<div class=\"elementor-widget-container\">\n\t\t\t\t\t\t\t\t\t\t\t\t\t\t\t<img loading=\"lazy\" decoding=\"async\" width=\"800\" height=\"592\" src=\"https:\/\/shatranj.art\/wp-content\/uploads\/2026\/02\/olive-crown-olympos-1024x758.jpg\" class=\"attachment-large size-large wp-image-1558\" alt=\"\" srcset=\"https:\/\/shatranj.art\/wp-content\/uploads\/2026\/02\/olive-crown-olympos-1024x758.jpg 1024w, https:\/\/shatranj.art\/wp-content\/uploads\/2026\/02\/olive-crown-olympos-300x222.jpg 300w, https:\/\/shatranj.art\/wp-content\/uploads\/2026\/02\/olive-crown-olympos-768x568.jpg 768w, https:\/\/shatranj.art\/wp-content\/uploads\/2026\/02\/olive-crown-olympos-16x12.jpg 16w, https:\/\/shatranj.art\/wp-content\/uploads\/2026\/02\/olive-crown-olympos.jpg 1280w\" sizes=\"(max-width: 800px) 100vw, 800px\" \/>\t\t\t\t\t\t\t\t\t\t\t\t\t\t\t<\/div>\n\t\t\t\t<\/div>\n\t\t\t\t<div class=\"elementor-element elementor-element-07417e4 elementor-widget-tablet__width-inherit elementor-widget elementor-widget-text-editor\" data-id=\"07417e4\" data-element_type=\"widget\" data-e-type=\"widget\" data-widget_type=\"text-editor.default\">\n\t\t\t\t<div class=\"elementor-widget-container\">\n\t\t\t\t\t\t\t\t\t<p><strong>Kelopak mawar dan mahkota zaitun di Olympos<\/strong><\/p><p>Mahkota bidak raja \u015eAH\u00ce menampilkan kelopak bunga mawar yang melambangkan keindahan dan kerapuhan kehidupan-keadaan berharga yang harus dijaga dengan ketat, seperti halnya Raja yang dijaga di papan catur untuk mencegah skakmat. Desain ini lebih jauh terinspirasi oleh mahkota zaitun Olympus, yang menjembatani pengejaran kemenangan historis dengan pelestarian alam yang rapuh.<\/p>\t\t\t\t\t\t\t\t<\/div>\n\t\t\t\t<\/div>\n\t\t\t\t<\/div>\n\t\t<div class=\"elementor-element elementor-element-2d81034 e-con-full e-flex e-con e-child\" data-id=\"2d81034\" data-element_type=\"container\" data-e-type=\"container\">\n\t\t\t\t<div class=\"elementor-element elementor-element-71345be elementor-widget elementor-widget-image\" data-id=\"71345be\" data-element_type=\"widget\" data-e-type=\"widget\" data-widget_type=\"image.default\">\n\t\t\t\t<div class=\"elementor-widget-container\">\n\t\t\t\t\t\t\t\t\t\t\t\t\t\t\t<img loading=\"lazy\" decoding=\"async\" width=\"600\" height=\"800\" src=\"https:\/\/shatranj.art\/wp-content\/uploads\/2026\/02\/suli-statue.jpg\" class=\"attachment-large size-large wp-image-1075\" alt=\"\" srcset=\"https:\/\/shatranj.art\/wp-content\/uploads\/2026\/02\/suli-statue.jpg 600w, https:\/\/shatranj.art\/wp-content\/uploads\/2026\/02\/suli-statue-225x300.jpg 225w\" sizes=\"(max-width: 600px) 100vw, 600px\" \/>\t\t\t\t\t\t\t\t\t\t\t\t\t\t\t<\/div>\n\t\t\t\t<\/div>\n\t\t\t\t<div class=\"elementor-element elementor-element-1f7e824 elementor-widget-tablet__width-inherit elementor-widget elementor-widget-text-editor\" data-id=\"1f7e824\" data-element_type=\"widget\" data-e-type=\"widget\" data-widget_type=\"text-editor.default\">\n\t\t\t\t<div class=\"elementor-widget-container\">\n\t\t\t\t\t\t\t\t\t<p><strong>Warisan Pencerahan<\/strong><br \/><strong>Warisan R\u00e9gence dalam Perangkat \u015eah\u00ee<\/strong><\/p><p>\u00a0<\/p><p>Set R\u00e9gence Prancis melambangkan Pencerahan, sebuah era yang ditentukan oleh akal dan pengejaran pengetahuan. Dimainkan oleh raksasa sejarah seperti Benjamin Franklin, Napoleon Bonaparte, dan master Philidor di Caf\u00e9 de la R\u00e9gence yang terkenal, set ini menjadi standar kompetisi intelektual. Set catur \u015eah\u00ee dengan sengaja melestarikan warisan ini. Dengan mengambil inspirasi dari motif bunga Raja R\u00e9gence untuk bidak G\u00fcl\u015fah, set \u015eah\u00ee menjembatani keanggunan Eropa abad ke-18 dengan tradisi keilmuan yang mendalam di Timur, untuk menghormati para master yang mendefinisikan zaman keemasan permainan ini.<\/p>\t\t\t\t\t\t\t\t<\/div>\n\t\t\t\t<\/div>\n\t\t\t\t<\/div>\n\t\t\t\t<\/div>\n\t\t\t\t\t<\/div>\n\t\t\t\t<\/div>\n\t\t\t\t<\/div>","protected":false},"excerpt":{"rendered":"<p>\u015eAH\u00ce set monarch\/king\/shah piece: G\u00fcl\u015fah G\u00fcl\u015fah represents the wisdom of the headwrap, the sanctity and authority of the dome, and rose as a symbol of life and beauty, which must be protected from checkmate. The dome draws inspiration from iconic structures like the Hagia Sophia, the Pantheon, and MIT. The headwrap reflects the intellectual legacy [&hellip;]<\/p>\n","protected":false},"author":1,"featured_media":0,"parent":743,"menu_order":0,"comment_status":"closed","ping_status":"closed","template":"","meta":{"footnotes":""},"class_list":["post-1068","page","type-page","status-publish","hentry"],"_links":{"self":[{"href":"https:\/\/shatranj.art\/id\/wp-json\/wp\/v2\/pages\/1068","targetHints":{"allow":["GET"]}}],"collection":[{"href":"https:\/\/shatranj.art\/id\/wp-json\/wp\/v2\/pages"}],"about":[{"href":"https:\/\/shatranj.art\/id\/wp-json\/wp\/v2\/types\/page"}],"author":[{"embeddable":true,"href":"https:\/\/shatranj.art\/id\/wp-json\/wp\/v2\/users\/1"}],"replies":[{"embeddable":true,"href":"https:\/\/shatranj.art\/id\/wp-json\/wp\/v2\/comments?post=1068"}],"version-history":[{"count":10,"href":"https:\/\/shatranj.art\/id\/wp-json\/wp\/v2\/pages\/1068\/revisions"}],"predecessor-version":[{"id":1561,"href":"https:\/\/shatranj.art\/id\/wp-json\/wp\/v2\/pages\/1068\/revisions\/1561"}],"up":[{"embeddable":true,"href":"https:\/\/shatranj.art\/id\/wp-json\/wp\/v2\/pages\/743"}],"wp:attachment":[{"href":"https:\/\/shatranj.art\/id\/wp-json\/wp\/v2\/media?parent=1068"}],"curies":[{"name":"wp","href":"https:\/\/api.w.org\/{rel}","templated":true}]}}