{"id":1016,"date":"2026-02-22T16:17:45","date_gmt":"2026-02-22T16:17:45","guid":{"rendered":"https:\/\/shatranj.art\/?page_id=1016"},"modified":"2026-02-24T09:42:49","modified_gmt":"2026-02-24T09:42:49","slug":"poster-24","status":"publish","type":"page","link":"https:\/\/shatranj.art\/it\/exhibit\/poster-24\/","title":{"rendered":"poster 24"},"content":{"rendered":"<div data-elementor-type=\"wp-page\" data-elementor-id=\"1016\" class=\"elementor elementor-1016\" data-elementor-post-type=\"page\">\n\t\t\t\t<div class=\"elementor-element elementor-element-cbef851 e-flex e-con-boxed e-con e-parent\" data-id=\"cbef851\" data-element_type=\"container\" data-e-type=\"container\" data-settings=\"{&quot;background_background&quot;:&quot;classic&quot;}\">\n\t\t\t\t\t<div class=\"e-con-inner\">\n\t\t<div class=\"elementor-element elementor-element-919ca16 e-con-full e-flex e-con e-child\" data-id=\"919ca16\" data-element_type=\"container\" data-e-type=\"container\">\n\t\t\t\t<div class=\"elementor-element elementor-element-3a8b40d elementor-widget elementor-widget-image\" data-id=\"3a8b40d\" data-element_type=\"widget\" data-e-type=\"widget\" data-widget_type=\"image.default\">\n\t\t\t\t<div class=\"elementor-widget-container\">\n\t\t\t\t\t\t\t\t\t\t\t\t\t\t\t<img fetchpriority=\"high\" decoding=\"async\" width=\"800\" height=\"534\" src=\"https:\/\/shatranj.art\/wp-content\/uploads\/2026\/02\/21-1024x683.jpg\" class=\"attachment-large size-large wp-image-995\" alt=\"\" srcset=\"https:\/\/shatranj.art\/wp-content\/uploads\/2026\/02\/21-1024x683.jpg 1024w, https:\/\/shatranj.art\/wp-content\/uploads\/2026\/02\/21-300x200.jpg 300w, https:\/\/shatranj.art\/wp-content\/uploads\/2026\/02\/21-768x512.jpg 768w, https:\/\/shatranj.art\/wp-content\/uploads\/2026\/02\/21-1536x1024.jpg 1536w, https:\/\/shatranj.art\/wp-content\/uploads\/2026\/02\/21-2048x1366.jpg 2048w\" sizes=\"(max-width: 800px) 100vw, 800px\" \/>\t\t\t\t\t\t\t\t\t\t\t\t\t\t\t<\/div>\n\t\t\t\t<\/div>\n\t\t\t\t<div class=\"elementor-element elementor-element-07a7613 elementor-widget elementor-widget-text-editor\" data-id=\"07a7613\" data-element_type=\"widget\" data-e-type=\"widget\" data-widget_type=\"text-editor.default\">\n\t\t\t\t<div class=\"elementor-widget-container\">\n\t\t\t\t\t\t\t\t\t<p>Il set di scacchi \u015eAH\u00ce \u00e8 pi\u00f9 di un semplice gioco: \u00e8 un ponte tra culture, epoche e filosofie. Progettato per evocare sensazioni imperiali e regali, il set prende il nome da un termine ampiamente utilizzato nei Balcani e in molte lingue slave per indicare il gioco degli scacchi.<\/p><p>La stessa parola \u201c\u015eAH\u00ce\u201d funziona come aggettivo regale che significa \u201cspecifico dello sci\u00e0\u201d, con un peso letterario che significa forza, magnificenza e profondit\u00e0 strategica.<\/p><h3><b>Un capolavoro di evoluzione culturale<\/b><\/h3><p>Progettato da Tamer Karatekin, esperto educatore di scacchi ed ex giocatore di prima scacchiera del MIT, questo set racchiude elegantemente la storia del gioco. Ogni pezzo \u00e8 realizzato in modo da riflettere un racconto storico unico:<\/p><ul><li style=\"font-weight: 400;\" aria-level=\"1\"><b>G\u00fcl\u015fah (il Re):<\/b><span style=\"font-weight: 400;\"> Rappresenta la sacralit\u00e0 della cupola ispirata a strutture come Santa Sofia e il Pantheon e l'eredit\u00e0 intellettuale del copricapo.<\/span><\/li><li style=\"font-weight: 400;\" aria-level=\"1\"><b>Sokol (la Regina\/Vizier):<\/b><span style=\"font-weight: 400;\"> Il nome del falco, simbolo militare e ispirato al finale a cipolla e all'elmo del set di scacchi della casa austriaca, simboleggia l'autorit\u00e0 militare e la saggezza del \u201cvisir\u201d. Sokolovichi \u00e8 stata la citt\u00e0 natale del pi\u00f9 influente gran visir dell'Impero Ottomano, Sokollu Mehmet Pasha.<\/span><\/li><li style=\"font-weight: 400;\" aria-level=\"1\"><b>Bukefal (il Cavaliere):<\/b><span style=\"font-weight: 400;\"> Prende il nome dal leggendario cavallo di Alessandro Magno, simbolo dello scambio bidirezionale di cultura tra Oriente e Occidente.<\/span><\/li><li style=\"font-weight: 400;\" aria-level=\"1\"><b>Shahrukh (The Rook):<\/b><span style=\"font-weight: 400;\"> Una magnifica sintesi dell'evoluzione militare, che incorpora elementi del carro da guerra, della torre, del cannone e della nave. Il maestro di scacchi e comandante Timur diede al figlio il nome di Shahrukh, poich\u00e9 la notizia della sua nascita arriv\u00f2 durante una partita a scacchi.<\/span><\/li><li style=\"font-weight: 400;\" aria-level=\"1\"><b>Abul-Abbas (il Vescovo\/Elefante):<\/b><span style=\"font-weight: 400;\"> Rispecchia l'iconico viaggio dell'elefante donato a Carlo Magno, ripercorrendo la migrazione degli scacchi attraverso tre continenti.<\/span><\/li><li style=\"font-weight: 400;\" aria-level=\"1\"><b>R\u00e9gence-Philidor (Il pedone):<\/b><span style=\"font-weight: 400;\"> Ispirato ai caff\u00e8 illuministici di Parigi e alla famosa massima di Philidor: \u201cI pedoni sono l'anima degli scacchi\u201d.<\/span><\/li><\/ul>\t\t\t\t\t\t\t\t<\/div>\n\t\t\t\t<\/div>\n\t\t\t\t<div class=\"elementor-element elementor-element-52a94ef elementor-widget elementor-widget-text-editor\" data-id=\"52a94ef\" data-element_type=\"widget\" data-e-type=\"widget\" data-widget_type=\"text-editor.default\">\n\t\t\t\t<div class=\"elementor-widget-container\">\n\t\t\t\t\t\t\t\t\t<h3><b>Design e finalit\u00e0<\/b><\/h3><p>Il set \u015eAH\u00ce \u00e8 stato meticolosamente preparato per fungere sia da esposizione artistica che da strumento funzionale per l'uso didattico e per i tornei. La sua filosofia di design \u00e8 radicata nell'inclusione culturale e spirituale, per garantire la risonanza con i giocatori di tutto il mondo.<\/p><p><b>Un'eredit\u00e0 di sostegno:<\/b><\/p><p>La produzione di questo set \u00e8 stata resa possibile grazie al sostegno del Massachusetts Cultural Council e del programma Giovent\u00f9 dell'Unione Europea.<\/p>\t\t\t\t\t\t\t\t<\/div>\n\t\t\t\t<\/div>\n\t\t\t\t<\/div>\n\t\t\t\t\t<\/div>\n\t\t\t\t<\/div>\n\t\t\t\t<\/div>","protected":false},"excerpt":{"rendered":"<p>The \u015eAH\u00ce Chess Set is more than just a game; it is a bridge between cultures, eras, and philosophies. Designed to evoke both imperial and royal sensations, the set draws its name from a term widely used in the Balkans and many Slavic languages to refer to the game of chess. The word &#8220;\u015eAH\u00ce&#8221; itself [&hellip;]<\/p>\n","protected":false},"author":1,"featured_media":0,"parent":743,"menu_order":0,"comment_status":"closed","ping_status":"closed","template":"","meta":{"footnotes":""},"class_list":["post-1016","page","type-page","status-publish","hentry"],"_links":{"self":[{"href":"https:\/\/shatranj.art\/it\/wp-json\/wp\/v2\/pages\/1016","targetHints":{"allow":["GET"]}}],"collection":[{"href":"https:\/\/shatranj.art\/it\/wp-json\/wp\/v2\/pages"}],"about":[{"href":"https:\/\/shatranj.art\/it\/wp-json\/wp\/v2\/types\/page"}],"author":[{"embeddable":true,"href":"https:\/\/shatranj.art\/it\/wp-json\/wp\/v2\/users\/1"}],"replies":[{"embeddable":true,"href":"https:\/\/shatranj.art\/it\/wp-json\/wp\/v2\/comments?post=1016"}],"version-history":[{"count":19,"href":"https:\/\/shatranj.art\/it\/wp-json\/wp\/v2\/pages\/1016\/revisions"}],"predecessor-version":[{"id":1601,"href":"https:\/\/shatranj.art\/it\/wp-json\/wp\/v2\/pages\/1016\/revisions\/1601"}],"up":[{"embeddable":true,"href":"https:\/\/shatranj.art\/it\/wp-json\/wp\/v2\/pages\/743"}],"wp:attachment":[{"href":"https:\/\/shatranj.art\/it\/wp-json\/wp\/v2\/media?parent=1016"}],"curies":[{"name":"wp","href":"https:\/\/api.w.org\/{rel}","templated":true}]}}