{"id":1136,"date":"2026-02-22T20:20:00","date_gmt":"2026-02-22T20:20:00","guid":{"rendered":"https:\/\/shatranj.art\/?page_id=1136"},"modified":"2026-02-23T09:27:46","modified_gmt":"2026-02-23T09:27:46","slug":"poster-32","status":"publish","type":"page","link":"https:\/\/shatranj.art\/it\/exhibit\/poster-32\/","title":{"rendered":"poster 32"},"content":{"rendered":"<div data-elementor-type=\"wp-page\" data-elementor-id=\"1136\" class=\"elementor elementor-1136\" data-elementor-post-type=\"page\">\n\t\t\t\t<div class=\"elementor-element elementor-element-e6ecba5 e-flex e-con-boxed e-con e-parent\" data-id=\"e6ecba5\" data-element_type=\"container\" data-e-type=\"container\" data-settings=\"{&quot;background_background&quot;:&quot;classic&quot;}\">\n\t\t\t\t\t<div class=\"e-con-inner\">\n\t\t<div class=\"elementor-element elementor-element-0433a85 e-con-full e-flex e-con e-child\" data-id=\"0433a85\" data-element_type=\"container\" data-e-type=\"container\">\n\t\t\t\t<div class=\"elementor-element elementor-element-4888e73 elementor-widget__width-initial elementor-widget-mobile__width-initial elementor-widget elementor-widget-image\" data-id=\"4888e73\" data-element_type=\"widget\" data-e-type=\"widget\" data-widget_type=\"image.default\">\n\t\t\t\t<div class=\"elementor-widget-container\">\n\t\t\t\t\t\t\t\t\t\t\t\t\t\t\t<img fetchpriority=\"high\" decoding=\"async\" width=\"800\" height=\"600\" src=\"https:\/\/shatranj.art\/wp-content\/uploads\/2024\/05\/il_1588xN.5358651901_7asf-1-1-1024x768.jpg\" class=\"attachment-large size-large wp-image-593\" alt=\"\" srcset=\"https:\/\/shatranj.art\/wp-content\/uploads\/2024\/05\/il_1588xN.5358651901_7asf-1-1-1024x768.jpg 1024w, https:\/\/shatranj.art\/wp-content\/uploads\/2024\/05\/il_1588xN.5358651901_7asf-1-1-300x225.jpg 300w, https:\/\/shatranj.art\/wp-content\/uploads\/2024\/05\/il_1588xN.5358651901_7asf-1-1-768x576.jpg 768w, https:\/\/shatranj.art\/wp-content\/uploads\/2024\/05\/il_1588xN.5358651901_7asf-1-1-1536x1152.jpg 1536w, https:\/\/shatranj.art\/wp-content\/uploads\/2024\/05\/il_1588xN.5358651901_7asf-1-1.jpg 1588w\" sizes=\"(max-width: 800px) 100vw, 800px\" \/>\t\t\t\t\t\t\t\t\t\t\t\t\t\t\t<\/div>\n\t\t\t\t<\/div>\n\t\t\t\t<div class=\"elementor-element elementor-element-7e4018a elementor-widget__width-initial elementor-widget-mobile__width-initial elementor-widget elementor-widget-image\" data-id=\"7e4018a\" data-element_type=\"widget\" data-e-type=\"widget\" data-widget_type=\"image.default\">\n\t\t\t\t<div class=\"elementor-widget-container\">\n\t\t\t\t\t\t\t\t\t\t\t\t\t\t\t<img decoding=\"async\" width=\"599\" height=\"515\" src=\"https:\/\/shatranj.art\/wp-content\/uploads\/2026\/02\/soviet-magnetic-set-baku-design.jpeg\" class=\"attachment-large size-large wp-image-1264\" alt=\"\" srcset=\"https:\/\/shatranj.art\/wp-content\/uploads\/2026\/02\/soviet-magnetic-set-baku-design.jpeg 599w, https:\/\/shatranj.art\/wp-content\/uploads\/2026\/02\/soviet-magnetic-set-baku-design-300x258.jpeg 300w, https:\/\/shatranj.art\/wp-content\/uploads\/2026\/02\/soviet-magnetic-set-baku-design-14x12.jpeg 14w\" sizes=\"(max-width: 599px) 100vw, 599px\" \/>\t\t\t\t\t\t\t\t\t\t\t\t\t\t\t<\/div>\n\t\t\t\t<\/div>\n\t\t\t\t<div class=\"elementor-element elementor-element-0bbe733 elementor-widget__width-initial elementor-widget-mobile__width-inherit elementor-widget elementor-widget-image\" data-id=\"0bbe733\" data-element_type=\"widget\" data-e-type=\"widget\" data-widget_type=\"image.default\">\n\t\t\t\t<div class=\"elementor-widget-container\">\n\t\t\t\t\t\t\t\t\t\t\t\t\t\t\t<img decoding=\"async\" width=\"564\" height=\"407\" src=\"https:\/\/shatranj.art\/wp-content\/uploads\/2026\/02\/soviet-chess-set-1.jpg\" class=\"attachment-large size-large wp-image-1263\" alt=\"\" srcset=\"https:\/\/shatranj.art\/wp-content\/uploads\/2026\/02\/soviet-chess-set-1.jpg 564w, https:\/\/shatranj.art\/wp-content\/uploads\/2026\/02\/soviet-chess-set-1-300x216.jpg 300w, https:\/\/shatranj.art\/wp-content\/uploads\/2026\/02\/soviet-chess-set-1-18x12.jpg 18w\" sizes=\"(max-width: 564px) 100vw, 564px\" \/>\t\t\t\t\t\t\t\t\t\t\t\t\t\t\t<\/div>\n\t\t\t\t<\/div>\n\t\t\t\t<div class=\"elementor-element elementor-element-0c9e576 elementor-widget__width-initial elementor-widget-mobile__width-inherit elementor-widget elementor-widget-image\" data-id=\"0c9e576\" data-element_type=\"widget\" data-e-type=\"widget\" data-widget_type=\"image.default\">\n\t\t\t\t<div class=\"elementor-widget-container\">\n\t\t\t\t\t\t\t\t\t\t\t\t\t\t\t<img loading=\"lazy\" decoding=\"async\" width=\"683\" height=\"1024\" src=\"https:\/\/shatranj.art\/wp-content\/uploads\/2026\/02\/tamerkaratekin-yenisafak-tam-683x1024.jpg\" class=\"attachment-large size-large wp-image-1265\" alt=\"\" srcset=\"https:\/\/shatranj.art\/wp-content\/uploads\/2026\/02\/tamerkaratekin-yenisafak-tam-683x1024.jpg 683w, https:\/\/shatranj.art\/wp-content\/uploads\/2026\/02\/tamerkaratekin-yenisafak-tam-200x300.jpg 200w, https:\/\/shatranj.art\/wp-content\/uploads\/2026\/02\/tamerkaratekin-yenisafak-tam-8x12.jpg 8w, https:\/\/shatranj.art\/wp-content\/uploads\/2026\/02\/tamerkaratekin-yenisafak-tam.jpg 720w\" sizes=\"(max-width: 683px) 100vw, 683px\" \/>\t\t\t\t\t\t\t\t\t\t\t\t\t\t\t<\/div>\n\t\t\t\t<\/div>\n\t\t\t\t<\/div>\n\t\t<div class=\"elementor-element elementor-element-14728a8 e-con-full e-flex e-con e-child\" data-id=\"14728a8\" data-element_type=\"container\" data-e-type=\"container\">\n\t\t\t\t<div class=\"elementor-element elementor-element-98fcbd1 elementor-widget__width-initial elementor-widget-tablet__width-inherit elementor-widget elementor-widget-text-editor\" data-id=\"98fcbd1\" data-element_type=\"widget\" data-e-type=\"widget\" data-widget_type=\"text-editor.default\">\n\t\t\t\t<div class=\"elementor-widget-container\">\n\t\t\t\t\t\t\t\t\t<div class=\"elementor-element elementor-element-486eb829 elementor-widget__width-auto elementor-widget elementor-widget-text-editor\" data-id=\"486eb829\" data-element_type=\"widget\" data-widget_type=\"text-editor.default\"><div class=\"elementor-widget-container\"><p><b>Ponti attraverso i confini: L'eredit\u00e0 balcanica e socialista (1950-1991)<\/b><span style=\"font-weight: 400;\"> \u265f\ufe0f<\/span><\/p><p>Questa collezione di scacchi portatili rappresenta un'intersezione unica di culture balcaniche, slave, sovietiche e turche. Piuttosto che riflettere un singolo blocco politico, questi pezzi illustrano un paesaggio intellettuale diversificato in cui fiorirono progetti distinti dalle regioni non allineate della Jugoslavia al cuore dell'Unione Sovietica. Per Tamer Karatekin, campione nazionale di scacchi in Turchia nel 2000 e maestro FIDE, questi set rappresentano una mappa personale del suo percorso di crescita e delle sue tappe professionali.<\/p><ul><li style=\"font-weight: 400;\" aria-level=\"1\"><b>Il set magnetico bulgaro<\/b><span style=\"font-weight: 400;\">: Un disegno balcanico in cui Tamer ha imparato il gioco dal padre. Presenta simboli non religiosi, una caratteristica comune dei set destinati a un ampio uso regionale.<\/span><\/li><li style=\"font-weight: 400;\" aria-level=\"1\"><b>Il set di plastica sovietico in una scatola di legno ripiegabile<\/b><span style=\"font-weight: 400;\">: Un design classico e resistente che \u00e8 stato il campo di battaglia di innumerevoli partite tra Tamer e suo nonno nella loro casa estiva vicino a Silivri, a Istanbul.<\/span><\/li><li style=\"font-weight: 400;\" aria-level=\"1\"><b>Set da viaggio magnetico dal design sovietico di Baku<\/b><span style=\"font-weight: 400;\">: Uno strumento di studio di epoca sovietica che Tamer utilizzava per analizzare le partite dei maestri e affinare le proprie strategie.<\/span><\/li><li style=\"font-weight: 400;\" aria-level=\"1\"><b>Il set di design di Subotica (Macedonia, Jugoslavia)<\/b><span style=\"font-weight: 400;\">: L'iconico set jugoslavo che Tamer usava per studiare gli scacchi nella sua casa di famiglia nella Citt\u00e0 Vecchia di Istanbul. Tamer si esercitava in molte partite con suo nonno, M\u00fccahit Kor\u00e7a, imparando le complessit\u00e0 del gioco proprio attraverso questi pezzi. Kor\u00e7a \u00e8 stato per tutta la vita un educatore di fisica e lingue e uno studioso pioniere, autore di uno dei primi dizionari jugoslavo-turco e albanese-turco nei Balcani.<\/span><\/li><li style=\"font-weight: 400;\" aria-level=\"1\"><b>Set Varna 1962 \/ \u201cGambit<\/b><span style=\"font-weight: 400;\">: Originariamente ispirato alle Olimpiadi di Varna del 1962 e portato in Turchia da immigrati turchi provenienti dalla Bulgaria, questo stile specifico \u00e8 stato il set ufficiale del Campionato turco di scacchi del 2000, dove Tamer \u00e8 stato incoronato campione nazionale. Lo stesso set di design \u00e8 visibile sullo sfondo della foto di Tamer, che lo ritrae mentre gioca a scacchi in et\u00e0 molto pi\u00f9 giovane. E soprattutto, \u00e8 l'esatto design utilizzato negli incontri exhibition di Tamer del 1997, terminati in parit\u00e0 con le leggende Garry Kasparov e Anatoly Karpov.<\/span><\/li><\/ul><\/div><\/div>\t\t\t\t\t\t\t\t<\/div>\n\t\t\t\t<\/div>\n\t\t\t\t<\/div>\n\t\t\t\t\t<\/div>\n\t\t\t\t<\/div>\n\t\t\t\t<\/div>","protected":false},"excerpt":{"rendered":"<p>Bridges Across Borders: The Balkan and Socialist Legacy (1950\u20131991) \u265f\ufe0f This collection of portable chess sets represents a unique intersection of Balkan, Slavic, Soviet, and Turkish cultures. Rather than reflecting a single political bloc, these pieces illustrate a diverse intellectual landscape where distinct designs flourished from the Non-Aligned regions of Yugoslavia to the heart of [&hellip;]<\/p>\n","protected":false},"author":1,"featured_media":0,"parent":743,"menu_order":0,"comment_status":"closed","ping_status":"closed","template":"","meta":{"footnotes":""},"class_list":["post-1136","page","type-page","status-publish","hentry"],"_links":{"self":[{"href":"https:\/\/shatranj.art\/it\/wp-json\/wp\/v2\/pages\/1136","targetHints":{"allow":["GET"]}}],"collection":[{"href":"https:\/\/shatranj.art\/it\/wp-json\/wp\/v2\/pages"}],"about":[{"href":"https:\/\/shatranj.art\/it\/wp-json\/wp\/v2\/types\/page"}],"author":[{"embeddable":true,"href":"https:\/\/shatranj.art\/it\/wp-json\/wp\/v2\/users\/1"}],"replies":[{"embeddable":true,"href":"https:\/\/shatranj.art\/it\/wp-json\/wp\/v2\/comments?post=1136"}],"version-history":[{"count":16,"href":"https:\/\/shatranj.art\/it\/wp-json\/wp\/v2\/pages\/1136\/revisions"}],"predecessor-version":[{"id":1383,"href":"https:\/\/shatranj.art\/it\/wp-json\/wp\/v2\/pages\/1136\/revisions\/1383"}],"up":[{"embeddable":true,"href":"https:\/\/shatranj.art\/it\/wp-json\/wp\/v2\/pages\/743"}],"wp:attachment":[{"href":"https:\/\/shatranj.art\/it\/wp-json\/wp\/v2\/media?parent=1136"}],"curies":[{"name":"wp","href":"https:\/\/api.w.org\/{rel}","templated":true}]}}