{"id":1364,"date":"2026-02-23T08:56:53","date_gmt":"2026-02-23T08:56:53","guid":{"rendered":"https:\/\/shatranj.art\/?page_id=1364"},"modified":"2026-02-23T09:04:02","modified_gmt":"2026-02-23T09:04:02","slug":"poster-34","status":"publish","type":"page","link":"https:\/\/shatranj.art\/it\/exhibit\/poster-34\/","title":{"rendered":"poster 34"},"content":{"rendered":"<div data-elementor-type=\"wp-page\" data-elementor-id=\"1364\" class=\"elementor elementor-1364\" data-elementor-post-type=\"page\">\n\t\t\t\t<div class=\"elementor-element elementor-element-43154ab e-flex e-con-boxed e-con e-parent\" data-id=\"43154ab\" data-element_type=\"container\" data-e-type=\"container\" data-settings=\"{&quot;background_background&quot;:&quot;classic&quot;}\">\n\t\t\t\t\t<div class=\"e-con-inner\">\n\t\t<div class=\"elementor-element elementor-element-204d594 e-con-full e-flex e-con e-child\" data-id=\"204d594\" data-element_type=\"container\" data-e-type=\"container\">\n\t\t\t\t<div class=\"elementor-element elementor-element-f48eba5 elementor-widget elementor-widget-image\" data-id=\"f48eba5\" data-element_type=\"widget\" data-e-type=\"widget\" data-widget_type=\"image.default\">\n\t\t\t\t<div class=\"elementor-widget-container\">\n\t\t\t\t\t\t\t\t\t\t\t\t\t\t\t<img fetchpriority=\"high\" decoding=\"async\" width=\"800\" height=\"600\" src=\"https:\/\/shatranj.art\/wp-content\/uploads\/2026\/02\/Chigorins-chess-set-1-1024x768.jpg\" class=\"attachment-large size-large wp-image-1367\" alt=\"\" srcset=\"https:\/\/shatranj.art\/wp-content\/uploads\/2026\/02\/Chigorins-chess-set-1-1024x768.jpg 1024w, https:\/\/shatranj.art\/wp-content\/uploads\/2026\/02\/Chigorins-chess-set-1-300x225.jpg 300w, https:\/\/shatranj.art\/wp-content\/uploads\/2026\/02\/Chigorins-chess-set-1-768x576.jpg 768w, https:\/\/shatranj.art\/wp-content\/uploads\/2026\/02\/Chigorins-chess-set-1-1536x1152.jpg 1536w, https:\/\/shatranj.art\/wp-content\/uploads\/2026\/02\/Chigorins-chess-set-1-2048x1536.jpg 2048w, https:\/\/shatranj.art\/wp-content\/uploads\/2026\/02\/Chigorins-chess-set-1-16x12.jpg 16w\" sizes=\"(max-width: 800px) 100vw, 800px\" \/>\t\t\t\t\t\t\t\t\t\t\t\t\t\t\t<\/div>\n\t\t\t\t<\/div>\n\t\t\t\t<div class=\"elementor-element elementor-element-63cf570 elementor-widget-tablet__width-inherit elementor-widget elementor-widget-text-editor\" data-id=\"63cf570\" data-element_type=\"widget\" data-e-type=\"widget\" data-widget_type=\"text-editor.default\">\n\t\t\t\t<div class=\"elementor-widget-container\">\n\t\t\t\t\t\t\t\t\t<h3><b>Set di scacchi in memoria di Mikhail Chigorin<\/b><\/h3><p><b>Basato sul ritratto di Chigorin, sul set antico e sull'articolo di Orhan G\u00fcnsav del 1999.<\/b><\/p><p><span style=\"font-weight: 400;\">Questa mostra presenta uno storico set di scacchi russo insieme a una fotografia originale del leggendario maestro russo Mikhail Chigorin (1850-1908). L'articolo del 1999 di Orhan G\u00fcnsav, ex procuratore capo di Istanbul e presidente per 20 anni della Federazione scacchistica turca, racconta la drammatica storia di come questa scacchiera sia arrivata in Turchia.<\/span><\/p><p>\u00a0<\/p><p><b>La storia del set:<\/b><span style=\"font-weight: 400;\"> L'articolo racconta il pesante tributo emotivo che gli scacchi ebbero su Chigorin, in particolare dopo una straziante sconfitta con Steinitz nel 1892. In un momento di disperazione, Chigorin bruci\u00f2 i suoi set di scacchi nel suo giardino. Si salv\u00f2 solo un set speciale: un regalo dello zar russo.<\/span><\/p><p>\u00a0<\/p><p><span style=\"font-weight: 400;\">La storia del set specifico in mostra continua con Selim Palavan, il primo campione di scacchi della Turchia. La famiglia di Palavan, turchi di Kazan che vivevano in Russia, sopravvisse indenne alla rivoluzione. Nel 1912 ricevettero in dono una fotografia storica di Chigorin e un set di scacchi commissionato dallo zar in sua memoria. Durante la Seconda Guerra Mondiale, quando la guerra raggiunse Odesa, la famiglia si trasfer\u00ec in Romania e infine arriv\u00f2 a Istanbul nel 1943, portando con s\u00e9 lo storico set.<\/span><\/p><p>\u00a0<\/p><p><span style=\"font-weight: 400;\">Anni dopo, Selim Palavan svilupp\u00f2 un profondo legame con H. Serta\u00e7 Dalk\u0131ran. Traducendo direttamente dall'articolo di Orhan G\u00fcnsav, descrive come il set sia passato di mano:<\/span><\/p><p>\u00a0<\/p><p><i><span style=\"font-weight: 400;\">\u201cPer il suo stile di gioco e per il suo impegno a favore degli scacchi nel nostro Paese, Palavan considerava Dalk\u0131ran il \u2018Chigorin della Turchia\u2019. Nel suo testamento, ha donato a Dalk\u0131ran lo storico set di scacchi che lo zar aveva realizzato in memoria di Chigorin, insieme alla vecchia fotografia gialla\u201d.\u201d<\/span><\/i><\/p><p>\u00a0<\/p><p><span style=\"font-weight: 400;\">Oggi, Dalk\u0131ran conserva meticolosamente questo set accanto a quello personale di Atat\u00fcrk.<\/span><span style=\"font-weight: 400;\"><br \/><\/span><\/p>\t\t\t\t\t\t\t\t<\/div>\n\t\t\t\t<\/div>\n\t\t<div class=\"elementor-element elementor-element-05ac656 e-con-full e-flex e-con e-child\" data-id=\"05ac656\" data-element_type=\"container\" data-e-type=\"container\">\n\t\t\t\t<div class=\"elementor-element elementor-element-fce2756 elementor-widget__width-initial elementor-widget-mobile__width-inherit elementor-widget elementor-widget-image\" data-id=\"fce2756\" data-element_type=\"widget\" data-e-type=\"widget\" data-widget_type=\"image.default\">\n\t\t\t\t<div class=\"elementor-widget-container\">\n\t\t\t\t\t\t\t\t\t\t\t\t\t\t\t<img decoding=\"async\" width=\"745\" height=\"1024\" src=\"https:\/\/shatranj.art\/wp-content\/uploads\/2026\/02\/Eski-Istanbul-Cumuhuriyet-Bassavcisi-ve-TSF-1954un-20-yil-Baklani-KurtuOrhan-Gunsav-Radikal-Gaz.yazi-Bekir-Sami-Bey-oglu-Kursun-askerler-baslikli-yazisi-Palavan-Rus-Cari-1-745x1024.jpg\" class=\"attachment-large size-large wp-image-1368\" alt=\"\" srcset=\"https:\/\/shatranj.art\/wp-content\/uploads\/2026\/02\/Eski-Istanbul-Cumuhuriyet-Bassavcisi-ve-TSF-1954un-20-yil-Baklani-KurtuOrhan-Gunsav-Radikal-Gaz.yazi-Bekir-Sami-Bey-oglu-Kursun-askerler-baslikli-yazisi-Palavan-Rus-Cari-1-745x1024.jpg 745w, https:\/\/shatranj.art\/wp-content\/uploads\/2026\/02\/Eski-Istanbul-Cumuhuriyet-Bassavcisi-ve-TSF-1954un-20-yil-Baklani-KurtuOrhan-Gunsav-Radikal-Gaz.yazi-Bekir-Sami-Bey-oglu-Kursun-askerler-baslikli-yazisi-Palavan-Rus-Cari-1-218x300.jpg 218w, https:\/\/shatranj.art\/wp-content\/uploads\/2026\/02\/Eski-Istanbul-Cumuhuriyet-Bassavcisi-ve-TSF-1954un-20-yil-Baklani-KurtuOrhan-Gunsav-Radikal-Gaz.yazi-Bekir-Sami-Bey-oglu-Kursun-askerler-baslikli-yazisi-Palavan-Rus-Cari-1-768x1056.jpg 768w, https:\/\/shatranj.art\/wp-content\/uploads\/2026\/02\/Eski-Istanbul-Cumuhuriyet-Bassavcisi-ve-TSF-1954un-20-yil-Baklani-KurtuOrhan-Gunsav-Radikal-Gaz.yazi-Bekir-Sami-Bey-oglu-Kursun-askerler-baslikli-yazisi-Palavan-Rus-Cari-1-1117x1536.jpg 1117w, https:\/\/shatranj.art\/wp-content\/uploads\/2026\/02\/Eski-Istanbul-Cumuhuriyet-Bassavcisi-ve-TSF-1954un-20-yil-Baklani-KurtuOrhan-Gunsav-Radikal-Gaz.yazi-Bekir-Sami-Bey-oglu-Kursun-askerler-baslikli-yazisi-Palavan-Rus-Cari-1-1489x2048.jpg 1489w, https:\/\/shatranj.art\/wp-content\/uploads\/2026\/02\/Eski-Istanbul-Cumuhuriyet-Bassavcisi-ve-TSF-1954un-20-yil-Baklani-KurtuOrhan-Gunsav-Radikal-Gaz.yazi-Bekir-Sami-Bey-oglu-Kursun-askerler-baslikli-yazisi-Palavan-Rus-Cari-1-9x12.jpg 9w, https:\/\/shatranj.art\/wp-content\/uploads\/2026\/02\/Eski-Istanbul-Cumuhuriyet-Bassavcisi-ve-TSF-1954un-20-yil-Baklani-KurtuOrhan-Gunsav-Radikal-Gaz.yazi-Bekir-Sami-Bey-oglu-Kursun-askerler-baslikli-yazisi-Palavan-Rus-Cari-1.jpg 1700w\" sizes=\"(max-width: 745px) 100vw, 745px\" \/>\t\t\t\t\t\t\t\t\t\t\t\t\t\t\t<\/div>\n\t\t\t\t<\/div>\n\t\t\t\t<div class=\"elementor-element elementor-element-bb1df7a elementor-widget__width-initial elementor-widget-mobile__width-inherit elementor-widget elementor-widget-image\" data-id=\"bb1df7a\" data-element_type=\"widget\" data-e-type=\"widget\" data-widget_type=\"image.default\">\n\t\t\t\t<div class=\"elementor-widget-container\">\n\t\t\t\t\t\t\t\t\t\t\t\t\t\t\t<img decoding=\"async\" width=\"530\" height=\"800\" src=\"https:\/\/shatranj.art\/wp-content\/uploads\/2026\/02\/chigorin-with-his-chess-set.jpg\" class=\"attachment-large size-large wp-image-1369\" alt=\"\" srcset=\"https:\/\/shatranj.art\/wp-content\/uploads\/2026\/02\/chigorin-with-his-chess-set.jpg 530w, https:\/\/shatranj.art\/wp-content\/uploads\/2026\/02\/chigorin-with-his-chess-set-199x300.jpg 199w, https:\/\/shatranj.art\/wp-content\/uploads\/2026\/02\/chigorin-with-his-chess-set-8x12.jpg 8w\" sizes=\"(max-width: 530px) 100vw, 530px\" \/>\t\t\t\t\t\t\t\t\t\t\t\t\t\t\t<\/div>\n\t\t\t\t<\/div>\n\t\t\t\t<\/div>\n\t\t\t\t<\/div>\n\t\t\t\t\t<\/div>\n\t\t\t\t<\/div>\n\t\t\t\t<\/div>","protected":false},"excerpt":{"rendered":"<p>Mikhail Chigorin\u2019s Memorial Chess Set Based on the Chigorin portrait, the antique set, and the 1999 article by Orhan G\u00fcnsav. This display features a historic Russian chess set alongside an original photograph of the legendary Russian chess master, Mikhail Chigorin (1850\u20131908). The accompanying 1999 article by Orhan G\u00fcnsav former Istanbul Chief Public Prosecutor and 20-year [&hellip;]<\/p>\n","protected":false},"author":1,"featured_media":0,"parent":743,"menu_order":0,"comment_status":"closed","ping_status":"closed","template":"","meta":{"footnotes":""},"class_list":["post-1364","page","type-page","status-publish","hentry"],"_links":{"self":[{"href":"https:\/\/shatranj.art\/it\/wp-json\/wp\/v2\/pages\/1364","targetHints":{"allow":["GET"]}}],"collection":[{"href":"https:\/\/shatranj.art\/it\/wp-json\/wp\/v2\/pages"}],"about":[{"href":"https:\/\/shatranj.art\/it\/wp-json\/wp\/v2\/types\/page"}],"author":[{"embeddable":true,"href":"https:\/\/shatranj.art\/it\/wp-json\/wp\/v2\/users\/1"}],"replies":[{"embeddable":true,"href":"https:\/\/shatranj.art\/it\/wp-json\/wp\/v2\/comments?post=1364"}],"version-history":[{"count":4,"href":"https:\/\/shatranj.art\/it\/wp-json\/wp\/v2\/pages\/1364\/revisions"}],"predecessor-version":[{"id":1372,"href":"https:\/\/shatranj.art\/it\/wp-json\/wp\/v2\/pages\/1364\/revisions\/1372"}],"up":[{"embeddable":true,"href":"https:\/\/shatranj.art\/it\/wp-json\/wp\/v2\/pages\/743"}],"wp:attachment":[{"href":"https:\/\/shatranj.art\/it\/wp-json\/wp\/v2\/media?parent=1364"}],"curies":[{"name":"wp","href":"https:\/\/api.w.org\/{rel}","templated":true}]}}