{"id":1543,"date":"2026-02-24T08:36:27","date_gmt":"2026-02-24T08:36:27","guid":{"rendered":"https:\/\/shatranj.art\/?page_id=1543"},"modified":"2026-02-24T08:53:53","modified_gmt":"2026-02-24T08:53:53","slug":"poster-41","status":"publish","type":"page","link":"https:\/\/shatranj.art\/it\/exhibit\/poster-41\/","title":{"rendered":"poster-41"},"content":{"rendered":"<div data-elementor-type=\"wp-page\" data-elementor-id=\"1543\" class=\"elementor elementor-1543\" data-elementor-post-type=\"page\">\n\t\t\t\t<div class=\"elementor-element elementor-element-7a8daa7 e-flex e-con-boxed e-con e-parent\" data-id=\"7a8daa7\" data-element_type=\"container\" data-e-type=\"container\" data-settings=\"{&quot;background_background&quot;:&quot;classic&quot;}\">\n\t\t\t\t\t<div class=\"e-con-inner\">\n\t\t<div class=\"elementor-element elementor-element-26be55b e-con-full e-flex e-con e-child\" data-id=\"26be55b\" data-element_type=\"container\" data-e-type=\"container\">\n\t\t\t\t<div class=\"elementor-element elementor-element-3278af1 elementor-widget elementor-widget-image\" data-id=\"3278af1\" data-element_type=\"widget\" data-e-type=\"widget\" data-widget_type=\"image.default\">\n\t\t\t\t<div class=\"elementor-widget-container\">\n\t\t\t\t\t\t\t\t\t\t\t\t\t\t\t<img fetchpriority=\"high\" decoding=\"async\" width=\"1280\" height=\"960\" src=\"https:\/\/shatranj.art\/wp-content\/uploads\/2026\/02\/Sahi_Cannon_at_Fort_Nelson_UK.jpg\" class=\"attachment-full size-full wp-image-1545\" alt=\"\" srcset=\"https:\/\/shatranj.art\/wp-content\/uploads\/2026\/02\/Sahi_Cannon_at_Fort_Nelson_UK.jpg 1280w, https:\/\/shatranj.art\/wp-content\/uploads\/2026\/02\/Sahi_Cannon_at_Fort_Nelson_UK-300x225.jpg 300w, https:\/\/shatranj.art\/wp-content\/uploads\/2026\/02\/Sahi_Cannon_at_Fort_Nelson_UK-1024x768.jpg 1024w, https:\/\/shatranj.art\/wp-content\/uploads\/2026\/02\/Sahi_Cannon_at_Fort_Nelson_UK-768x576.jpg 768w, https:\/\/shatranj.art\/wp-content\/uploads\/2026\/02\/Sahi_Cannon_at_Fort_Nelson_UK-16x12.jpg 16w\" sizes=\"(max-width: 1280px) 100vw, 1280px\" \/>\t\t\t\t\t\t\t\t\t\t\t\t\t\t\t<\/div>\n\t\t\t\t<\/div>\n\t\t\t\t<div class=\"elementor-element elementor-element-6723efb elementor-widget elementor-widget-text-editor\" data-id=\"6723efb\" data-element_type=\"widget\" data-e-type=\"widget\" data-widget_type=\"text-editor.default\">\n\t\t\t\t<div class=\"elementor-widget-container\">\n\t\t\t\t\t\t\t\t\t<h3><b>Le origini della parola \u015eAH\u00ce e il suo legame con l'evoluzione degli scacchi\u00a0<\/b><\/h3><p>SHAH (\u015eAH) \u00e8 un termine usato in molte lingue slave per indicare gli scacchi. Il termine tedesco \u201cschach\u201d, il francese \u201c\u00e9checs\u201d e l'inglese \u201cchess\u201d derivano tutti foneticamente dalla parola \u201cshah\u201d. Il termine \u201c\u015eAH\u00ce\u201d come aggettivo significa reale o specifico dello shah. Viene anche usato nei testi letterari per indicare forza e magnificenza.<\/p><p>\u00a0<\/p><p>Il cannone \u015eAH\u00ce, progettato dall'ingegnere ungherese Orban, ha avuto un ruolo fondamentale nello sfondare le massicce mura e le torri di Costantinopoli durante l'assedio del 1453 guidato dal sultano Fatih Mehmed, simboleggiando un cambiamento rivoluzionario nella guerra d'assedio.<\/p><p>\u00a0<\/p><p>Tre secoli dopo la conquista di Istanbul, durante l'operazione dei Dardanelli nel 1807, un altro cannone \u015eAH\u00ce vecchio di secoli fu sparato contro le navi britanniche, causando notevoli perdite. Il sultano ottomano Abd\u00fclaziz regal\u00f2 questo cannone alla regina Vittoria nel 1866. La foto del cannone \u015eAH\u00ce qui sopra proviene da Fort Nelson, nel Regno Unito.<\/p><p>\u00a0<\/p><p>Il nome \u015eAH\u00ce simboleggia l'evoluzione del pezzo torre in diverse lingue, da carro da guerra a torre, da cannone a nave, riflettendo l'evoluzione degli scacchi.<\/p><p>\u00a0<\/p><p>Il set di scacchi \u015eAH\u00ce \u00e8 stato progettato da Tamer Karatekin, ex primo giocatore della squadra di scacchi del Massachusetts Institute of Technology ed esperto educatore di scacchi. Rappresenta elegantemente la storia e l'evoluzione degli scacchi ed \u00e8 stato realizzato sia per uso didattico che per i tornei. \u00c8 stato progettato per essere culturalmente e spiritualmente inclusivo. La produzione \u00e8 stata sostenuta dalle sovvenzioni del Massachusetts Cultural Council e del programma Erasmus+ Youth dell'Unione Europea.<\/p><p>\u00a0<\/p><p>Per saperne di pi\u00f9 sulla storia del design di \u015eAH\u00ce, visitate il sito:\u00a0 \u00a0<a href=\"http:\/\/www.shahimasterset.com\/\">www.shahimasterset.com<\/a><\/p><p>Inoltre, date un'occhiata ai nostri progetti correlati:<br \/>Programma di studi sull'intelligenza artificiale basato sugli scacchi: <a href=\"http:\/\/www.shatranj.ai\/\">shatranj.ai<\/a><\/p><p>Mostra storica sui giochi mentali: <a href=\"https:\/\/shatranj.art\/it\/\">shatranj.art<\/a><\/p>\t\t\t\t\t\t\t\t<\/div>\n\t\t\t\t<\/div>\n\t\t\t\t<div class=\"elementor-element elementor-element-7946825 elementor-widget elementor-widget-image\" data-id=\"7946825\" data-element_type=\"widget\" data-e-type=\"widget\" data-widget_type=\"image.default\">\n\t\t\t\t<div class=\"elementor-widget-container\">\n\t\t\t\t\t\t\t\t\t\t\t\t\t\t\t<img decoding=\"async\" width=\"559\" height=\"397\" src=\"https:\/\/shatranj.art\/wp-content\/uploads\/2026\/02\/shahi-engish-brochure-A6-page1.png\" class=\"attachment-full size-full wp-image-1548\" alt=\"\" srcset=\"https:\/\/shatranj.art\/wp-content\/uploads\/2026\/02\/shahi-engish-brochure-A6-page1.png 559w, https:\/\/shatranj.art\/wp-content\/uploads\/2026\/02\/shahi-engish-brochure-A6-page1-300x213.png 300w, https:\/\/shatranj.art\/wp-content\/uploads\/2026\/02\/shahi-engish-brochure-A6-page1-18x12.png 18w\" sizes=\"(max-width: 559px) 100vw, 559px\" \/>\t\t\t\t\t\t\t\t\t\t\t\t\t\t\t<\/div>\n\t\t\t\t<\/div>\n\t\t\t\t<\/div>\n\t\t\t\t\t<\/div>\n\t\t\t\t<\/div>\n\t\t\t\t<\/div>","protected":false},"excerpt":{"rendered":"<p>The origins of the \u015eAH\u00ce\u00a0 word and its connection to the evolution of chess\u00a0 SHAH (\u015eAH) is a term used in many Slavic languages for chess. The German word &#8220;schach,&#8221; French &#8220;\u00e9checs,&#8221; and English &#8220;chess&#8221; are all phonetically derived from the word &#8220;shah.&#8221; The term &#8220;\u015eAH\u00ce&#8221; as an adjective means royal or specific to the [&hellip;]<\/p>\n","protected":false},"author":1,"featured_media":0,"parent":743,"menu_order":0,"comment_status":"closed","ping_status":"closed","template":"","meta":{"footnotes":""},"class_list":["post-1543","page","type-page","status-publish","hentry"],"_links":{"self":[{"href":"https:\/\/shatranj.art\/it\/wp-json\/wp\/v2\/pages\/1543","targetHints":{"allow":["GET"]}}],"collection":[{"href":"https:\/\/shatranj.art\/it\/wp-json\/wp\/v2\/pages"}],"about":[{"href":"https:\/\/shatranj.art\/it\/wp-json\/wp\/v2\/types\/page"}],"author":[{"embeddable":true,"href":"https:\/\/shatranj.art\/it\/wp-json\/wp\/v2\/users\/1"}],"replies":[{"embeddable":true,"href":"https:\/\/shatranj.art\/it\/wp-json\/wp\/v2\/comments?post=1543"}],"version-history":[{"count":10,"href":"https:\/\/shatranj.art\/it\/wp-json\/wp\/v2\/pages\/1543\/revisions"}],"predecessor-version":[{"id":1557,"href":"https:\/\/shatranj.art\/it\/wp-json\/wp\/v2\/pages\/1543\/revisions\/1557"}],"up":[{"embeddable":true,"href":"https:\/\/shatranj.art\/it\/wp-json\/wp\/v2\/pages\/743"}],"wp:attachment":[{"href":"https:\/\/shatranj.art\/it\/wp-json\/wp\/v2\/media?parent=1543"}],"curies":[{"name":"wp","href":"https:\/\/api.w.org\/{rel}","templated":true}]}}