{"id":756,"date":"2026-02-21T09:44:01","date_gmt":"2026-02-21T09:44:01","guid":{"rendered":"https:\/\/shatranj.art\/?page_id=756"},"modified":"2026-03-02T06:56:13","modified_gmt":"2026-03-02T06:56:13","slug":"poster-1","status":"publish","type":"page","link":"https:\/\/shatranj.art\/it\/exhibit\/poster-1\/","title":{"rendered":"poster 1"},"content":{"rendered":"<div data-elementor-type=\"wp-page\" data-elementor-id=\"756\" class=\"elementor elementor-756\" data-elementor-post-type=\"page\">\n\t\t\t\t<div class=\"elementor-element elementor-element-5b2de3e e-flex e-con-boxed e-con e-parent\" data-id=\"5b2de3e\" data-element_type=\"container\" data-e-type=\"container\" data-settings=\"{&quot;background_background&quot;:&quot;classic&quot;}\">\n\t\t\t\t\t<div class=\"e-con-inner\">\n\t\t\t\t<div class=\"elementor-element elementor-element-2eb0d79 elementor-widget__width-initial elementor-widget elementor-widget-heading\" data-id=\"2eb0d79\" data-element_type=\"widget\" data-e-type=\"widget\" data-widget_type=\"heading.default\">\n\t\t\t\t<div class=\"elementor-widget-container\">\n\t\t\t\t\t<h1 class=\"elementor-heading-title elementor-size-default\">Evoluzione dei pezzi degli scacchi spagnoli dagli scacchi storici (acedrex) agli scacchi moderni (ajedrez)<\/h1>\t\t\t\t<\/div>\n\t\t\t\t<\/div>\n\t\t\t\t<div class=\"elementor-element elementor-element-c101d50 elementor-widget elementor-widget-image\" data-id=\"c101d50\" data-element_type=\"widget\" data-e-type=\"widget\" data-widget_type=\"image.default\">\n\t\t\t\t<div class=\"elementor-widget-container\">\n\t\t\t\t\t\t\t\t\t\t\t\t\t\t\t<img fetchpriority=\"high\" decoding=\"async\" width=\"543\" height=\"755\" src=\"https:\/\/shatranj.art\/wp-content\/uploads\/2026\/02\/f82v-Grant-Acedrex.jpg\" class=\"attachment-full size-full wp-image-840\" alt=\"\" srcset=\"https:\/\/shatranj.art\/wp-content\/uploads\/2026\/02\/f82v-Grant-Acedrex.jpg 543w, https:\/\/shatranj.art\/wp-content\/uploads\/2026\/02\/f82v-Grant-Acedrex-216x300.jpg 216w\" sizes=\"(max-width: 543px) 100vw, 543px\" \/>\t\t\t\t\t\t\t\t\t\t\t\t\t\t\t<\/div>\n\t\t\t\t<\/div>\n\t\t\t\t<div class=\"elementor-element elementor-element-51d15d1 elementor-widget elementor-widget-text-editor\" data-id=\"51d15d1\" data-element_type=\"widget\" data-e-type=\"widget\" data-widget_type=\"text-editor.default\">\n\t\t\t\t<div class=\"elementor-widget-container\">\n\t\t\t\t\t\t\t\t\t<h3 data-path-to-node=\"2\"><b data-path-to-node=\"2\" data-index-in-node=\"0\">1. Il passaggio linguistico: Da X a J<\/b><\/h3><p data-path-to-node=\"3\">La differenza tra Acedrex e Ajedrez illustra l'evoluzione fonetica della lingua spagnola che ha cercato di adattare il nome originale arabo del gioco:<\/p><ul data-path-to-node=\"4\"><li><p data-path-to-node=\"4,0,0\"><b data-path-to-node=\"4,0,0\" data-index-in-node=\"0\">A<\/b><strong>cedrex (XIII secolo):\u00a0<\/strong>Questa \u00e8 l'ortografia principale utilizzata nel trattato di Re Alfonso X del 1283, <i data-path-to-node=\"4,0,0\" data-index-in-node=\"97\">Libro del Acedrex<\/i>. In questo periodo, la \u201cc\u201d (prima della \u201ce\u201d) e la \u201cx\u201d sono state utilizzate per catturare foneticamente il suono \u201csh\u201d, ereditato dall'arabo. <i data-path-to-node=\"4,0,0\" data-index-in-node=\"234\">Shatranj<\/i>.<\/p><\/li><li><p data-path-to-node=\"4,1,0\"><b data-path-to-node=\"4,1,0\" data-index-in-node=\"0\">Ajedrez (XV secolo):<\/b> Con l'evoluzione della lingua, il suono \u201csh\u201d si \u00e8 trasformato nella moderna \u201cj\u201d gutturale (il suono \"j\"). <i data-path-to-node=\"4,1,0\" data-index-in-node=\"112\">jota<\/i>). Quando Luis Ram\u00edrez de Lucena pubblic\u00f2 la sua opera fondamentale nel 1497, l'ortografia era gi\u00e0 passata alla forma moderna.<\/p><\/li><\/ul>\t\t\t\t\t\t\t\t<\/div>\n\t\t\t\t<\/div>\n\t\t\t\t<div class=\"elementor-element elementor-element-868b6ed elementor-widget elementor-widget-image\" data-id=\"868b6ed\" data-element_type=\"widget\" data-e-type=\"widget\" data-widget_type=\"image.default\">\n\t\t\t\t<div class=\"elementor-widget-container\">\n\t\t\t\t\t\t\t\t\t\t\t\t\t\t\t<img decoding=\"async\" width=\"2560\" height=\"2560\" src=\"https:\/\/shatranj.art\/wp-content\/uploads\/2026\/02\/elephant-move-board-scaled.jpg\" class=\"attachment-full size-full wp-image-839\" alt=\"\" srcset=\"https:\/\/shatranj.art\/wp-content\/uploads\/2026\/02\/elephant-move-board-scaled.jpg 2560w, https:\/\/shatranj.art\/wp-content\/uploads\/2026\/02\/elephant-move-board-300x300.jpg 300w, https:\/\/shatranj.art\/wp-content\/uploads\/2026\/02\/elephant-move-board-1024x1024.jpg 1024w, https:\/\/shatranj.art\/wp-content\/uploads\/2026\/02\/elephant-move-board-150x150.jpg 150w, https:\/\/shatranj.art\/wp-content\/uploads\/2026\/02\/elephant-move-board-768x768.jpg 768w, https:\/\/shatranj.art\/wp-content\/uploads\/2026\/02\/elephant-move-board-1536x1536.jpg 1536w, https:\/\/shatranj.art\/wp-content\/uploads\/2026\/02\/elephant-move-board-2048x2048.jpg 2048w\" sizes=\"(max-width: 2560px) 100vw, 2560px\" \/>\t\t\t\t\t\t\t\t\t\t\t\t\t\t\t<\/div>\n\t\t\t\t<\/div>\n\t\t\t\t<div class=\"elementor-element elementor-element-0a642b0 elementor-widget elementor-widget-text-editor\" data-id=\"0a642b0\" data-element_type=\"widget\" data-e-type=\"widget\" data-widget_type=\"text-editor.default\">\n\t\t\t\t<div class=\"elementor-widget-container\">\n\t\t\t\t\t\t\t\t\t<br><h3 data-path-to-node=\"0\"><b data-path-to-node=\"0\" data-index-in-node=\"0\">2. Il cambio meccanico: \u201cEl Viejo\u201d contro \u201cDe la Dama\u201d.\u201d<\/b><\/h3>\n<p data-path-to-node=\"1\">Mentre il nome fonetico cambiava, le regole stavano subendo una rivoluzionaria espansione di potere che alterava completamente il ritmo di gioco. Questa transizione \u00e8 meglio definita dai due sistemi descritti nell'opera di Lucena del 1497:<\/p>\n\n<ul data-path-to-node=\"2\">\n \t<li>\n<p data-path-to-node=\"2,0,0\"><b data-path-to-node=\"2,0,0\" data-index-in-node=\"0\">El Viejo (Il Vecchio Cammino):<\/b> Questo rappresenta le regole tradizionali medievali dell'Acedrex, dove il gioco era una lenta lotta posizionale. In questo sistema, il pezzo che oggi chiamiamo Dama era l'Alferza (il consigliere del Re), che si limitava a muoversi di una sola casella in diagonale. Contemporaneamente, l'Alfil tradizionale si limitava a saltare esattamente due caselle in diagonale, saltando sopra altri pezzi.<\/p>\n<\/li>\n \t<li>\n<p data-path-to-node=\"2,1,0\"><b data-path-to-node=\"2,1,0\" data-index-in-node=\"0\">De la Dama (La via moderna):<\/b> Questo \u201cnuovo\u201d stile di gioco trasform\u00f2 gli scacchi in un incontro \u201cveloce, tattico ed esplosivo\u201d. Con queste regole, l'Alferza fu sostituita dalla \u201cDama\u201d, che ottenne un raggio d'azione illimitato in tutte le direzioni. Anche l'Alfil moderno si evolse in un cursore diagonale illimitato, adottando il potente movimento un tempo riservato a pezzi sperimentali come il Coccodrillo.<\/p>\n<\/li>\n<\/ul>\t\t\t\t\t\t\t\t<\/div>\n\t\t\t\t<\/div>\n\t\t\t\t<div class=\"elementor-element elementor-element-b676e1c elementor-widget elementor-widget-text-editor\" data-id=\"b676e1c\" data-element_type=\"widget\" data-e-type=\"widget\" data-widget_type=\"text-editor.default\">\n\t\t\t\t<div class=\"elementor-widget-container\">\n\t\t\t\t\t\t\t\t\t<h3 data-path-to-node=\"0\"><b data-path-to-node=\"0\" data-index-in-node=\"0\">La transizione da coccodrillo a elefante<\/b><\/h3>\t\t\t\t\t\t\t\t<\/div>\n\t\t\t\t<\/div>\n\t\t\t\t<div class=\"elementor-element elementor-element-2320411 elementor-widget elementor-widget-image\" data-id=\"2320411\" data-element_type=\"widget\" data-e-type=\"widget\" data-widget_type=\"image.default\">\n\t\t\t\t<div class=\"elementor-widget-container\">\n\t\t\t\t\t\t\t\t\t\t\t\t\t\t\t<img decoding=\"async\" width=\"640\" height=\"640\" src=\"https:\/\/shatranj.art\/wp-content\/uploads\/2026\/02\/cathedral-crocodile.jpg\" class=\"attachment-full size-full wp-image-864\" alt=\"\" srcset=\"https:\/\/shatranj.art\/wp-content\/uploads\/2026\/02\/cathedral-crocodile.jpg 640w, https:\/\/shatranj.art\/wp-content\/uploads\/2026\/02\/cathedral-crocodile-300x300.jpg 300w, https:\/\/shatranj.art\/wp-content\/uploads\/2026\/02\/cathedral-crocodile-150x150.jpg 150w\" sizes=\"(max-width: 640px) 100vw, 640px\" \/>\t\t\t\t\t\t\t\t\t\t\t\t\t\t\t<\/div>\n\t\t\t\t<\/div>\n\t\t\t\t<div class=\"elementor-element elementor-element-9760248 elementor-widget elementor-widget-image\" data-id=\"9760248\" data-element_type=\"widget\" data-e-type=\"widget\" data-widget_type=\"image.default\">\n\t\t\t\t<div class=\"elementor-widget-container\">\n\t\t\t\t\t\t\t\t\t\t\t\t\t\t\t<img loading=\"lazy\" decoding=\"async\" width=\"426\" height=\"640\" src=\"https:\/\/shatranj.art\/wp-content\/uploads\/2026\/02\/wooden-crocodile-seville-with-elephant-tusk.jpg\" class=\"attachment-full size-full wp-image-860\" alt=\"\" srcset=\"https:\/\/shatranj.art\/wp-content\/uploads\/2026\/02\/wooden-crocodile-seville-with-elephant-tusk.jpg 426w, https:\/\/shatranj.art\/wp-content\/uploads\/2026\/02\/wooden-crocodile-seville-with-elephant-tusk-200x300.jpg 200w\" sizes=\"(max-width: 426px) 100vw, 426px\" \/>\t\t\t\t\t\t\t\t\t\t\t\t\t\t\t<\/div>\n\t\t\t\t<\/div>\n\t\t\t\t<div class=\"elementor-element elementor-element-12b9be7 elementor-widget elementor-widget-text-editor\" data-id=\"12b9be7\" data-element_type=\"widget\" data-e-type=\"widget\" data-widget_type=\"text-editor.default\">\n\t\t\t\t<div class=\"elementor-widget-container\">\n\t\t\t\t\t\t\t\t\t<br><p data-path-to-node=\"0\">Il passaggio della mossa \u201cdiagonale illimitata\u201d al nome di \u201cAlfil\u201d nella letteratura spagnola segna un passaggio cruciale dallo \u201cShatranj\u201d medievale agli scacchi moderni. Mentre il \u201cLibro de los Juegos\u201d di Re Alfonso X (1283) introdusse per la prima volta la mossa della diagonale illimitata attraverso un pezzo specifico chiamato Coccodrillo (<i data-path-to-node=\"0\" data-index-in-node=\"298\">Cocodrilo<\/i>), il nome \u201cAlfil\u201d fu riapplicato a questo movimento nel gioco standard 8\u00d78 solo alla fine del XV secolo.<\/p>\n\n<h3 data-path-to-node=\"1\"><b data-path-to-node=\"1\" data-index-in-node=\"0\">1. Il \u201ccoccodrillo\u201d nel libro di Alfonso (1283)<\/b><\/h3>\n<p data-path-to-node=\"2\">Nel \u201cLibro dei giochi\" di Alfonso X<i data-path-to-node=\"2\" data-index-in-node=\"15\">\u201c<\/i>, L'Alfil standard era ancora il tradizionale pezzo medievale che saltava esattamente due caselle in diagonale. Tuttavia, Alfonso includeva una variante allargata 12\u00d712 chiamata \u201cGrande Acedrex\".<b data-path-to-node=\"2\" data-index-in-node=\"199\">\u201c<\/b> (Grandi Scacchi), che presentava un nuovo pezzo chiamato \u201cCoccodrillo\u201d (<i data-path-to-node=\"2\" data-index-in-node=\"278\">Cocodrilo<\/i>).<\/p>\n\n<ul data-path-to-node=\"3\">\n \t<li>\n<p data-path-to-node=\"3,0,0\"><b data-path-to-node=\"3,0,0\" data-index-in-node=\"0\">Il Movimento:<\/b> Il Coccodrillo si muoveva esattamente come il pezzo moderno: scivolava a qualsiasi distanza lungo diagonali non ostruite.<\/p>\n<\/li>\n \t<li>\n<p data-path-to-node=\"3,1,0\"><b data-path-to-node=\"3,1,0\" data-index-in-node=\"0\">L'ispirazione:<\/b> Gli storici collegano questo nome a un famoso dono diplomatico: un coccodrillo vivo inviato dal Sultano d'Egitto ad Alfonso X nel 1260, come parte di una proposta di matrimonio per la figlia del re. Un modello in legno a grandezza naturale di questo coccodrillo, noto come \u201cLagarto<i data-path-to-node=\"3,1,0\" data-index-in-node=\"198\">\u201c<\/i>, ancora oggi appeso nella Cattedrale di Siviglia.<\/p>\n<\/li>\n<\/ul>\n<h3 data-path-to-node=\"4\"><b data-path-to-node=\"4\" data-index-in-node=\"0\">2. Il passaggio ad \u201cAlfil\u201d nel XV secolo<\/b><\/h3>\n<p data-path-to-node=\"5\">Il nome \u201cAlfil\u201d \u00e8 stato ufficialmente utilizzato per il movimento diagonale illimitato nel gioco standard 8\u00d78 a seguito della \u201cRiforma di Valencia\u201d intorno al 1475.<\/p>\n\n<ul data-path-to-node=\"6\">\n \t<li>\n<p data-path-to-node=\"6,0,0\"><b data-path-to-node=\"6,0,0\" data-index-in-node=\"0\">Scachs d'amor (1475 circa):<\/b> Questa poesia valenciana \u00e8 la prima opera letteraria a descrivere le moderne regole degli scacchi. Il poema attribuisce esplicitamente a questo pezzo un \u201cruolo pi\u00f9 dinamico\u201d, muovendo il maggior numero di caselle possibile in diagonale. Nel poema, questi pezzi sono gi\u00e0 chiamati \u201cAlfil\u201d (in valenciano\/catalano), il che dimostra che il nome \u00e8 stato trasferito dal vecchio \u201csaltatore\u201d al nuovo \u201ccursore\u201d durante questo periodo.<\/p>\n<\/li>\n \t<li>\n<p data-path-to-node=\"6,1,0\"><b data-path-to-node=\"6,1,0\" data-index-in-node=\"0\">Libre dels jochs partits dels schacs (1495):<\/b> Scritto da Francesc Vicent, questo libro perduto \u00e8 considerato il primo trattato sugli scacchi moderni. Si ritiene che abbia standardizzato il nome \u201cAlfil\u201d per il nuovo movimento nella penisola iberica.<\/p>\n<\/li>\n<\/ul>\n<h3 data-path-to-node=\"7\"><b data-path-to-node=\"7\" data-index-in-node=\"0\">3. Prima apparizione nella letteratura castigliana (spagnola)<\/b><\/h3>\n<p data-path-to-node=\"8\">Se si cerca specificamente la letteratura castigliana (spagnola) piuttosto che valenciana, il primo uso definitivo di \u201cAlfil\u201d per la mossa moderna si trova in:<\/p>\n\n<ul data-path-to-node=\"9\">\n \t<li>\n<p data-path-to-node=\"9,0,0\"><b data-path-to-node=\"9,0,0\" data-index-in-node=\"0\">Repetici\u00f3n de Amores y Arte de Ajedrez (1497):<\/b> Scritto da Luis Ram\u00edrez de Lucena, \u00e8 il pi\u00f9 antico libro stampato sugli scacchi moderni in castigliano.<\/p>\n<\/li>\n \t<li>\n<p data-path-to-node=\"9,1,0\">Lucena si riferisce al pezzo come Alfil (o Arfil) e distingue tra le \u201cnuove\u201d regole (de la dama) e le \u201cvecchie\u201d regole (el viejo). Conferma che il \u201cnuovo Alfil\u201d ora attraversa la diagonale, assorbendo di fatto il movimento originariamente assegnato al \u201cCoccodrillo\u201d di Alfonso.<\/p>\n<\/li>\n<\/ul>\t\t\t\t\t\t\t\t<\/div>\n\t\t\t\t<\/div>\n\t\t\t\t<div class=\"elementor-element elementor-element-ab774ba elementor-widget elementor-widget-text-editor\" data-id=\"ab774ba\" data-element_type=\"widget\" data-e-type=\"widget\" data-widget_type=\"text-editor.default\">\n\t\t\t\t<div class=\"elementor-widget-container\">\n\t\t\t\t\t\t\t\t\t<h3 data-path-to-node=\"0\"><b data-path-to-node=\"0\" data-index-in-node=\"0\">Da Alferza a Dama (signora) e Reina (regina)<\/b><\/h3>\t\t\t\t\t\t\t\t<\/div>\n\t\t\t\t<\/div>\n\t\t\t\t<div class=\"elementor-element elementor-element-d8494e7 elementor-widget elementor-widget-image\" data-id=\"d8494e7\" data-element_type=\"widget\" data-e-type=\"widget\" data-widget_type=\"image.default\">\n\t\t\t\t<div class=\"elementor-widget-container\">\n\t\t\t\t\t\t\t\t\t\t\t\t\t\t\t<img loading=\"lazy\" decoding=\"async\" width=\"960\" height=\"1109\" src=\"https:\/\/shatranj.art\/wp-content\/uploads\/2026\/02\/Spanish_-_Chess_Piece_of_a_Queen_-_Walters_71145_-_Three_Quarter.jpg\" class=\"attachment-full size-full wp-image-845\" alt=\"\" srcset=\"https:\/\/shatranj.art\/wp-content\/uploads\/2026\/02\/Spanish_-_Chess_Piece_of_a_Queen_-_Walters_71145_-_Three_Quarter.jpg 960w, https:\/\/shatranj.art\/wp-content\/uploads\/2026\/02\/Spanish_-_Chess_Piece_of_a_Queen_-_Walters_71145_-_Three_Quarter-260x300.jpg 260w, https:\/\/shatranj.art\/wp-content\/uploads\/2026\/02\/Spanish_-_Chess_Piece_of_a_Queen_-_Walters_71145_-_Three_Quarter-886x1024.jpg 886w, https:\/\/shatranj.art\/wp-content\/uploads\/2026\/02\/Spanish_-_Chess_Piece_of_a_Queen_-_Walters_71145_-_Three_Quarter-768x887.jpg 768w\" sizes=\"(max-width: 960px) 100vw, 960px\" \/>\t\t\t\t\t\t\t\t\t\t\t\t\t\t\t<\/div>\n\t\t\t\t<\/div>\n\t\t\t\t<div class=\"elementor-element elementor-element-1bedad7 elementor-widget elementor-widget-text-editor\" data-id=\"1bedad7\" data-element_type=\"widget\" data-e-type=\"widget\" data-widget_type=\"text-editor.default\">\n\t\t\t\t<div class=\"elementor-widget-container\">\n\t\t\t\t\t\t\t\t\t<br><p data-path-to-node=\"0\">Sebbene oggi si usino entrambi i termini, la scelta tra \u201cdama\u201d e \u201creina\u201d nella letteratura scacchistica spagnola segna il passaggio dal gioco medievale agli scacchi moderni e riflette uno sforzo di lunga data per evitare la confusione linguistica.<\/p>\n\n<h3 data-path-to-node=\"1\"><b data-path-to-node=\"1\" data-index-in-node=\"0\">1. La prima apparizione letteraria: La \u201cReina\u201d medievale\u201d<\/b><\/h3>\n<p data-path-to-node=\"2\">In senso letterario generale, il termine \u201creina\u201d (regina) \u00e8 apparso nella poesia scacchistica spagnola molto prima che diventasse il nome standardizzato del pezzo sulla scacchiera.<\/p>\n\n<ul data-path-to-node=\"3\">\n \t<li>\n<p data-path-to-node=\"3,0,0\"><b data-path-to-node=\"3,0,0\" data-index-in-node=\"0\"><span class=\"citation-89\">XI secolo (Shegal):<\/span><\/b><span class=\"citation-89\"> Il rabbino spagnolo \u201c<\/span><span class=\"citation-89\">Abraham ibn Ezra\u201d<\/span><span class=\"citation-89\"> scrisse un poema alla fine dell'XI secolo che citava il pezzo come \u201c<\/span><span class=\"citation-89\">Shegal\u201d<\/span><span class=\"citation-89 citation-end-89\"> (termine ebraico per indicare la regina).<\/span><\/p>\n\n<div class=\"source-inline-chip-container ng-star-inserted\"><\/div><\/li>\n \t<li>\n<p data-path-to-node=\"3,1,0\"><b data-path-to-node=\"3,1,0\" data-index-in-node=\"0\">Romanticismo medievale:<\/b><span class=\"citation-88\"> Sotto l'influenza dei trattati morali di Jacobus de Cessolis, l'opera \u00e8 stata spesso definita come \u2019<\/span><span class=\"citation-88\">regina\u201d<\/span><span class=\"citation-88\"> in latino e \u201c<\/span><span class=\"citation-88\">reina<\/span><b data-path-to-node=\"3,1,0\" data-index-in-node=\"134\"><span class=\"citation-88\">\u201c<\/span><\/b><span class=\"citation-88\"> nelle prime lingue romanze, anche se si muoveva ancora con il debole movimento diagonale di un quadrato del \u201c<\/span><span class=\"citation-88\">Alferza<\/span><b data-path-to-node=\"3,1,0\" data-index-in-node=\"246\"><span class=\"citation-88\">\u201c<\/span><\/b><span class=\"citation-88 citation-end-88\">.<\/span><\/p>\n\n<div class=\"source-inline-chip-container ng-star-inserted\"><\/div><\/li>\n<\/ul>\n<h3 data-path-to-node=\"4\"><b data-path-to-node=\"4\" data-index-in-node=\"0\">2. I primi trattati moderni: La \u201cDama\u201d come standard<\/b><\/h3>\n<p data-path-to-node=\"5\">Quando alla fine del XV secolo le regole cambiarono per creare il potente pezzo \u201cillimitato\u201d che conosciamo oggi, il termine preferito nei trattati spagnoli era in realt\u00e0 \u201cDama\u201d, non Reina.<\/p>\n\n<ul data-path-to-node=\"6\">\n \t<li>\n<p data-path-to-node=\"6,0,0\"><b data-path-to-node=\"6,0,0\" data-index-in-node=\"0\"><span class=\"citation-87 citation-end-87\">Libre dels jochs partits dels schacs (1495):<\/span><\/b><span class=\"citation-86 citation-end-86\"> Scritto da Francesc Vicent a Valencia, \u00e8 considerato il primo libro stampato sugli scacchi moderni.<\/span> Si \u00e8 concentrato sulla \u201cDama<b data-path-to-node=\"6,0,0\" data-index-in-node=\"162\">\u201c<\/b> (Lady) ed \u00e8 accreditato per aver standardizzato le \u201cnuove\u201d regole di movimento.<\/p>\n<p data-path-to-node=\"6,1,0\"><b data-path-to-node=\"6,1,0\" data-index-in-node=\"0\"><span class=\"citation-85 citation-end-85\">Repetici\u00f3n de Amores y Arte de Ajedrez (1497):<\/span><\/b><span class=\"citation-84\"> Luis Ram\u00edrez de Lucena us\u00f2 esplicitamente il termine \u201cDama\u201c per definire il gioco moderno (de la dama). Raramente us\u00f2 il termine \u201cReina\u201d perch\u00e9 il gioco era spesso chiamato \u201cScacchi della Signora\u201d (spesso associato alla regina Isabella I di Castiglia).<\/span><\/p>\n<\/li>\n<\/ul>\n<h3 data-path-to-node=\"7\"><b data-path-to-node=\"7\" data-index-in-node=\"0\">3. Quando \u201cReina\u201d divenne un'alternativa frequente<\/b><\/h3>\n<p data-path-to-node=\"8\">Il passaggio a \u201cReina\u201d nella letteratura scacchistica spagnola tradizionale inizi\u00f2 a verificarsi pi\u00f9 frequentemente nel XVI secolo, quando il gioco super\u00f2 il periodo iniziale di \u201criforma\u201d.<\/p>\n\n<ul data-path-to-node=\"9\">\n \t<li>\n<p data-path-to-node=\"9,0,0\"><b data-path-to-node=\"9,0,0\" data-index-in-node=\"0\">Ruy L\u00f3pez de Segura (1561):<\/b> Nella sua opera fondamentale, \u201cLibro de la Invenci\u00f3n Liberal y Arte del Juego del Axedrez\u201d, Ruy L\u00f3pez ha utilizzato entrambi i termini, anche se \u201cDama\" \u00e8 un'espressione che non ha nulla a che vedere con il termine \"Dama\".<b data-path-to-node=\"9,0,0\" data-index-in-node=\"148\">\u201c<\/b> \u00e8 rimasto tecnicamente dominante nelle descrizioni strategiche.<\/p>\n<\/li>\n \t<li>\n<p id=\"p-rc_22a1b7b1123caa87-52\" data-path-to-node=\"9,1,0\"><b data-path-to-node=\"9,1,0\" data-index-in-node=\"0\">Il conflitto \u201cR\u201d:<\/b> Il motivo principale per cui \u201cReina\u201d non ha mai sostituito completamente \u201cDama\u201d nella letteratura tecnica sugli scacchi \u00e8 la notazione scacchistica. Nella notazione spagnola, \u201cRey\u201d (Re) utilizza la lettera \u201cR\u201c. Per evitare confusione, alla Regina viene assegnata la lettera \u201cD\u201c per \u201cDama\u201d.<\/p>\n<\/li>\n<\/ul>\t\t\t\t\t\t\t\t<\/div>\n\t\t\t\t<\/div>\n\t\t\t\t\t<\/div>\n\t\t\t\t<\/div>\n\t\t\t\t<\/div>","protected":false},"excerpt":{"rendered":"<p>Spanish chess piece evolution from historical chess (acedrex) toward modern chess (ajedrez) 1. The Linguistic Shift: From X to J The difference between Acedrex and Ajedrez illustrates the phonetic evolution of the Spanish language as it sought to adapt the original Arabic name for the game: Acedrex (The 13th Century):\u00a0This is the primary spelling used [&hellip;]<\/p>\n","protected":false},"author":1,"featured_media":0,"parent":743,"menu_order":0,"comment_status":"closed","ping_status":"closed","template":"","meta":{"footnotes":""},"class_list":["post-756","page","type-page","status-publish","hentry"],"_links":{"self":[{"href":"https:\/\/shatranj.art\/it\/wp-json\/wp\/v2\/pages\/756","targetHints":{"allow":["GET"]}}],"collection":[{"href":"https:\/\/shatranj.art\/it\/wp-json\/wp\/v2\/pages"}],"about":[{"href":"https:\/\/shatranj.art\/it\/wp-json\/wp\/v2\/types\/page"}],"author":[{"embeddable":true,"href":"https:\/\/shatranj.art\/it\/wp-json\/wp\/v2\/users\/1"}],"replies":[{"embeddable":true,"href":"https:\/\/shatranj.art\/it\/wp-json\/wp\/v2\/comments?post=756"}],"version-history":[{"count":53,"href":"https:\/\/shatranj.art\/it\/wp-json\/wp\/v2\/pages\/756\/revisions"}],"predecessor-version":[{"id":1883,"href":"https:\/\/shatranj.art\/it\/wp-json\/wp\/v2\/pages\/756\/revisions\/1883"}],"up":[{"embeddable":true,"href":"https:\/\/shatranj.art\/it\/wp-json\/wp\/v2\/pages\/743"}],"wp:attachment":[{"href":"https:\/\/shatranj.art\/it\/wp-json\/wp\/v2\/media?parent=756"}],"curies":[{"name":"wp","href":"https:\/\/api.w.org\/{rel}","templated":true}]}}